{"id":969,"date":"2024-07-01T07:46:09","date_gmt":"2024-07-01T07:46:09","guid":{"rendered":"https:\/\/careymoa.virtualservers.es\/?post_type=product&#038;p=969"},"modified":"2024-07-25T14:27:10","modified_gmt":"2024-07-25T14:27:10","slug":"senal-obra-direccional-80-cm","status":"publish","type":"product","link":"https:\/\/careymoa.virtualservers.es\/index.php\/producto\/senal-obra-direccional-80-cm\/","title":{"rendered":"Se\u00f1al Obra. Direccional de 80 cm + poste 1.5m. Panel direccional rojo-blanco."},"content":{"rendered":"<div class=\"flex flex-grow flex-col max-w-full\">\n<div class=\"min-h-[20px] text-message flex flex-col items-start whitespace-pre-wrap break-words [.text-message+&amp;]:mt-5 juice:w-full juice:items-end overflow-x-auto gap-2\" dir=\"auto\" data-message-author-role=\"assistant\" data-message-id=\"c2012ffb-5066-4022-bc65-ed3ef52bac32\">\n<div class=\"flex w-full flex-col gap-1 juice:empty:hidden juice:first:pt-[3px]\">\n<div class=\"markdown prose w-full break-words dark:prose-invert light\">\n<p>La se\u00f1al direccional TB-1 es una se\u00f1al de balizamiento esencial para advertir a los conductores sobre peligros en zonas de obras. Dise\u00f1ada para resaltar la presencia de l\u00edmites de obras, esta se\u00f1al proporciona una gu\u00eda clara sobre las ordenaciones de la circulaci\u00f3n en el \u00e1rea espec\u00edfica. Fabricada con materiales de alta calidad, la TB-1 es resistente a las condiciones clim\u00e1ticas adversas y a los impactos, garantizando su visibilidad y durabilidad. Su implementaci\u00f3n es crucial para la seguridad vial, ayudando a prevenir accidentes y facilitando una navegaci\u00f3n segura alrededor de las \u00e1reas en construcci\u00f3n. Con un dise\u00f1o conforme a las normativas de tr\u00e1fico, la se\u00f1al TB-1 asegura una comunicaci\u00f3n efectiva de los peligros y las restricciones presentes en el lugar.<\/p>\n<p>&nbsp;<\/p>\n<\/div>\n<\/div>\n<\/div>\n<\/div>\n<div class=\"mt-1 flex gap-3 empty:hidden juice:-ml-3\">\n<div class=\"items-center justify-start rounded-xl p-1 flex\">\n<div class=\"flex items-center\">\n<div class=\"flex items-center pb-0.5 juice:pb-0\">\n<div class=\"[&amp;_svg]:h-full [&amp;_svg]:w-full icon-md h-4 w-4\"><\/div>\n<\/div>\n<\/div>\n<\/div>\n<\/div>\n","protected":false},"excerpt":{"rendered":"<p>La se\u00f1al direccional TB-1 es una se\u00f1al de balizamiento de advertencia de peligro para los conductores que circulan por zonas en obras. Su objetivo es destacar la presencia de los l\u00edmites de las obras y las ordenaciones de la circulaci\u00f3n del lugar concreto.<\/p>\n<ul>\n<li><strong>Material<\/strong>\u00a0: Acero galvanizado<\/li>\n<li><strong>Color<\/strong> : Blanco con franjas rojas<\/li>\n<li><strong>Dimensiones<\/strong>: 80 x 40 cm<\/li>\n<\/ul>\n","protected":false},"featured_media":970,"comment_status":"open","ping_status":"closed","template":"","meta":[],"product_cat":[44],"product_tag":[],"class_list":{"0":"post-969","1":"product","2":"type-product","3":"status-publish","4":"has-post-thumbnail","6":"product_cat-senalizacion-y-balizamiento","8":"first","9":"instock","10":"shipping-taxable","11":"product-type-simple"},"yoast_head":"<!-- This site is optimized with the Yoast SEO plugin v22.6 - https:\/\/yoast.com\/wordpress\/plugins\/seo\/ -->\n<title>Se\u00f1al de Obra Direccional - Careymoa Alquiler de Maquinaria<\/title>\n<meta name=\"description\" content=\"La se\u00f1al direccional TB-1 es una se\u00f1al de balizamiento de advertencia de peligro para los conductores que circulan por zonas en obras.\" \/>\n<meta name=\"robots\" content=\"index, follow, max-snippet:-1, max-image-preview:large, max-video-preview:-1\" \/>\n<link rel=\"canonical\" href=\"https:\/\/careymoa.virtualservers.es\/index.php\/producto\/senal-obra-direccional-80-cm\/\" \/>\n<meta property=\"og:locale\" content=\"es_ES\" \/>\n<meta property=\"og:type\" content=\"article\" \/>\n<meta property=\"og:title\" content=\"Se\u00f1al de Obra Direccional - Careymoa Alquiler de Maquinaria\" \/>\n<meta property=\"og:description\" content=\"La se\u00f1al direccional TB-1 es una se\u00f1al de balizamiento de advertencia de peligro para los conductores que circulan por zonas en obras.\" \/>\n<meta property=\"og:url\" content=\"https:\/\/careymoa.virtualservers.es\/index.php\/producto\/senal-obra-direccional-80-cm\/\" \/>\n<meta property=\"og:site_name\" content=\"Careymoa\" \/>\n<meta property=\"article:modified_time\" content=\"2024-07-25T14:27:10+00:00\" \/>\n<meta property=\"og:image\" content=\"https:\/\/careymoa.virtualservers.es\/wp-content\/uploads\/2024\/07\/senal-direccional-TB-1.webp\" \/>\n\t<meta property=\"og:image:width\" content=\"800\" \/>\n\t<meta property=\"og:image:height\" content=\"800\" \/>\n\t<meta property=\"og:image:type\" content=\"image\/webp\" \/>\n<meta name=\"twitter:card\" content=\"summary_large_image\" \/>\n<meta name=\"twitter:label1\" content=\"Tiempo de lectura\" \/>\n\t<meta name=\"twitter:data1\" content=\"1 minuto\" \/>\n<script type=\"application\/ld+json\" class=\"yoast-schema-graph\">{\"@context\":\"https:\/\/schema.org\",\"@graph\":[{\"@type\":\"WebPage\",\"@id\":\"https:\/\/careymoa.virtualservers.es\/index.php\/producto\/senal-obra-direccional-80-cm\/\",\"url\":\"https:\/\/careymoa.virtualservers.es\/index.php\/producto\/senal-obra-direccional-80-cm\/\",\"name\":\"Se\u00f1al de Obra Direccional - Careymoa Alquiler de Maquinaria\",\"isPartOf\":{\"@id\":\"https:\/\/careymoa.virtualservers.es\/#website\"},\"primaryImageOfPage\":{\"@id\":\"https:\/\/careymoa.virtualservers.es\/index.php\/producto\/senal-obra-direccional-80-cm\/#primaryimage\"},\"image\":{\"@id\":\"https:\/\/careymoa.virtualservers.es\/index.php\/producto\/senal-obra-direccional-80-cm\/#primaryimage\"},\"thumbnailUrl\":\"https:\/\/careymoa.virtualservers.es\/wp-content\/uploads\/2024\/07\/senal-direccional-TB-1.webp\",\"datePublished\":\"2024-07-01T07:46:09+00:00\",\"dateModified\":\"2024-07-25T14:27:10+00:00\",\"description\":\"La se\u00f1al direccional TB-1 es una se\u00f1al de balizamiento de advertencia de peligro para los conductores que circulan por zonas en obras.\",\"breadcrumb\":{\"@id\":\"https:\/\/careymoa.virtualservers.es\/index.php\/producto\/senal-obra-direccional-80-cm\/#breadcrumb\"},\"inLanguage\":\"es\",\"potentialAction\":[{\"@type\":\"ReadAction\",\"target\":[\"https:\/\/careymoa.virtualservers.es\/index.php\/producto\/senal-obra-direccional-80-cm\/\"]}]},{\"@type\":\"ImageObject\",\"inLanguage\":\"es\",\"@id\":\"https:\/\/careymoa.virtualservers.es\/index.php\/producto\/senal-obra-direccional-80-cm\/#primaryimage\",\"url\":\"https:\/\/careymoa.virtualservers.es\/wp-content\/uploads\/2024\/07\/senal-direccional-TB-1.webp\",\"contentUrl\":\"https:\/\/careymoa.virtualservers.es\/wp-content\/uploads\/2024\/07\/senal-direccional-TB-1.webp\",\"width\":800,\"height\":800},{\"@type\":\"BreadcrumbList\",\"@id\":\"https:\/\/careymoa.virtualservers.es\/index.php\/producto\/senal-obra-direccional-80-cm\/#breadcrumb\",\"itemListElement\":[{\"@type\":\"ListItem\",\"position\":1,\"name\":\"Portada\",\"item\":\"https:\/\/careymoa.virtualservers.es\/\"},{\"@type\":\"ListItem\",\"position\":2,\"name\":\"Tienda\",\"item\":\"https:\/\/careymoa.virtualservers.es\/index.php\/tienda\/\"},{\"@type\":\"ListItem\",\"position\":3,\"name\":\"Se\u00f1al Obra. Direccional de 80 cm + poste 1.5m. Panel direccional rojo-blanco.\"}]},{\"@type\":\"WebSite\",\"@id\":\"https:\/\/careymoa.virtualservers.es\/#website\",\"url\":\"https:\/\/careymoa.virtualservers.es\/\",\"name\":\"Careymoa\",\"description\":\"Empresa de alquiler de maquinaria \",\"publisher\":{\"@id\":\"https:\/\/careymoa.virtualservers.es\/#organization\"},\"potentialAction\":[{\"@type\":\"SearchAction\",\"target\":{\"@type\":\"EntryPoint\",\"urlTemplate\":\"https:\/\/careymoa.virtualservers.es\/?s={search_term_string}\"},\"query-input\":\"required name=search_term_string\"}],\"inLanguage\":\"es\"},{\"@type\":\"Organization\",\"@id\":\"https:\/\/careymoa.virtualservers.es\/#organization\",\"name\":\"Careymoa\",\"url\":\"https:\/\/careymoa.virtualservers.es\/\",\"logo\":{\"@type\":\"ImageObject\",\"inLanguage\":\"es\",\"@id\":\"https:\/\/careymoa.virtualservers.es\/#\/schema\/logo\/image\/\",\"url\":\"https:\/\/careymoa.virtualservers.es\/wp-content\/uploads\/2024\/05\/cropped-image002.png\",\"contentUrl\":\"https:\/\/careymoa.virtualservers.es\/wp-content\/uploads\/2024\/05\/cropped-image002.png\",\"width\":374,\"height\":148,\"caption\":\"Careymoa\"},\"image\":{\"@id\":\"https:\/\/careymoa.virtualservers.es\/#\/schema\/logo\/image\/\"}}]}<\/script>\n<!-- \/ Yoast SEO plugin. -->","yoast_head_json":{"title":"Se\u00f1al de Obra Direccional - Careymoa Alquiler de Maquinaria","description":"La se\u00f1al direccional TB-1 es una se\u00f1al de balizamiento de advertencia de peligro para los conductores que circulan por zonas en obras.","robots":{"index":"index","follow":"follow","max-snippet":"max-snippet:-1","max-image-preview":"max-image-preview:large","max-video-preview":"max-video-preview:-1"},"canonical":"https:\/\/careymoa.virtualservers.es\/index.php\/producto\/senal-obra-direccional-80-cm\/","og_locale":"es_ES","og_type":"article","og_title":"Se\u00f1al de Obra Direccional - Careymoa Alquiler de Maquinaria","og_description":"La se\u00f1al direccional TB-1 es una se\u00f1al de balizamiento de advertencia de peligro para los conductores que circulan por zonas en obras.","og_url":"https:\/\/careymoa.virtualservers.es\/index.php\/producto\/senal-obra-direccional-80-cm\/","og_site_name":"Careymoa","article_modified_time":"2024-07-25T14:27:10+00:00","og_image":[{"width":800,"height":800,"url":"https:\/\/careymoa.virtualservers.es\/wp-content\/uploads\/2024\/07\/senal-direccional-TB-1.webp","type":"image\/webp"}],"twitter_card":"summary_large_image","twitter_misc":{"Tiempo de lectura":"1 minuto"},"schema":{"@context":"https:\/\/schema.org","@graph":[{"@type":"WebPage","@id":"https:\/\/careymoa.virtualservers.es\/index.php\/producto\/senal-obra-direccional-80-cm\/","url":"https:\/\/careymoa.virtualservers.es\/index.php\/producto\/senal-obra-direccional-80-cm\/","name":"Se\u00f1al de Obra Direccional - Careymoa Alquiler de Maquinaria","isPartOf":{"@id":"https:\/\/careymoa.virtualservers.es\/#website"},"primaryImageOfPage":{"@id":"https:\/\/careymoa.virtualservers.es\/index.php\/producto\/senal-obra-direccional-80-cm\/#primaryimage"},"image":{"@id":"https:\/\/careymoa.virtualservers.es\/index.php\/producto\/senal-obra-direccional-80-cm\/#primaryimage"},"thumbnailUrl":"https:\/\/careymoa.virtualservers.es\/wp-content\/uploads\/2024\/07\/senal-direccional-TB-1.webp","datePublished":"2024-07-01T07:46:09+00:00","dateModified":"2024-07-25T14:27:10+00:00","description":"La se\u00f1al direccional TB-1 es una se\u00f1al de balizamiento de advertencia de peligro para los conductores que circulan por zonas en obras.","breadcrumb":{"@id":"https:\/\/careymoa.virtualservers.es\/index.php\/producto\/senal-obra-direccional-80-cm\/#breadcrumb"},"inLanguage":"es","potentialAction":[{"@type":"ReadAction","target":["https:\/\/careymoa.virtualservers.es\/index.php\/producto\/senal-obra-direccional-80-cm\/"]}]},{"@type":"ImageObject","inLanguage":"es","@id":"https:\/\/careymoa.virtualservers.es\/index.php\/producto\/senal-obra-direccional-80-cm\/#primaryimage","url":"https:\/\/careymoa.virtualservers.es\/wp-content\/uploads\/2024\/07\/senal-direccional-TB-1.webp","contentUrl":"https:\/\/careymoa.virtualservers.es\/wp-content\/uploads\/2024\/07\/senal-direccional-TB-1.webp","width":800,"height":800},{"@type":"BreadcrumbList","@id":"https:\/\/careymoa.virtualservers.es\/index.php\/producto\/senal-obra-direccional-80-cm\/#breadcrumb","itemListElement":[{"@type":"ListItem","position":1,"name":"Portada","item":"https:\/\/careymoa.virtualservers.es\/"},{"@type":"ListItem","position":2,"name":"Tienda","item":"https:\/\/careymoa.virtualservers.es\/index.php\/tienda\/"},{"@type":"ListItem","position":3,"name":"Se\u00f1al Obra. Direccional de 80 cm + poste 1.5m. Panel direccional rojo-blanco."}]},{"@type":"WebSite","@id":"https:\/\/careymoa.virtualservers.es\/#website","url":"https:\/\/careymoa.virtualservers.es\/","name":"Careymoa","description":"Empresa de alquiler de maquinaria ","publisher":{"@id":"https:\/\/careymoa.virtualservers.es\/#organization"},"potentialAction":[{"@type":"SearchAction","target":{"@type":"EntryPoint","urlTemplate":"https:\/\/careymoa.virtualservers.es\/?s={search_term_string}"},"query-input":"required name=search_term_string"}],"inLanguage":"es"},{"@type":"Organization","@id":"https:\/\/careymoa.virtualservers.es\/#organization","name":"Careymoa","url":"https:\/\/careymoa.virtualservers.es\/","logo":{"@type":"ImageObject","inLanguage":"es","@id":"https:\/\/careymoa.virtualservers.es\/#\/schema\/logo\/image\/","url":"https:\/\/careymoa.virtualservers.es\/wp-content\/uploads\/2024\/05\/cropped-image002.png","contentUrl":"https:\/\/careymoa.virtualservers.es\/wp-content\/uploads\/2024\/05\/cropped-image002.png","width":374,"height":148,"caption":"Careymoa"},"image":{"@id":"https:\/\/careymoa.virtualservers.es\/#\/schema\/logo\/image\/"}}]}},"_links":{"self":[{"href":"https:\/\/careymoa.virtualservers.es\/index.php\/wp-json\/wp\/v2\/product\/969","targetHints":{"allow":["GET"]}}],"collection":[{"href":"https:\/\/careymoa.virtualservers.es\/index.php\/wp-json\/wp\/v2\/product"}],"about":[{"href":"https:\/\/careymoa.virtualservers.es\/index.php\/wp-json\/wp\/v2\/types\/product"}],"replies":[{"embeddable":true,"href":"https:\/\/careymoa.virtualservers.es\/index.php\/wp-json\/wp\/v2\/comments?post=969"}],"wp:featuredmedia":[{"embeddable":true,"href":"https:\/\/careymoa.virtualservers.es\/index.php\/wp-json\/wp\/v2\/media\/970"}],"wp:attachment":[{"href":"https:\/\/careymoa.virtualservers.es\/index.php\/wp-json\/wp\/v2\/media?parent=969"}],"wp:term":[{"taxonomy":"product_cat","embeddable":true,"href":"https:\/\/careymoa.virtualservers.es\/index.php\/wp-json\/wp\/v2\/product_cat?post=969"},{"taxonomy":"product_tag","embeddable":true,"href":"https:\/\/careymoa.virtualservers.es\/index.php\/wp-json\/wp\/v2\/product_tag?post=969"}],"curies":[{"name":"wp","href":"https:\/\/api.w.org\/{rel}","templated":true}]}}