{"id":962,"date":"2024-07-01T07:33:58","date_gmt":"2024-07-01T07:33:58","guid":{"rendered":"https:\/\/careymoa.virtualservers.es\/?post_type=product&#038;p=962"},"modified":"2024-07-25T14:29:23","modified_gmt":"2024-07-25T14:29:23","slug":"cartel-informativo-amarillo-calzada-cortada-por-obra","status":"publish","type":"product","link":"https:\/\/careymoa.virtualservers.es\/index.php\/producto\/cartel-informativo-amarillo-calzada-cortada-por-obra\/","title":{"rendered":"Cartel informativo amarillo. \u00abCalzada cortada por obra\u00bb."},"content":{"rendered":"<div class=\"flex flex-grow flex-col max-w-full\">\n<div class=\"min-h-[20px] text-message flex flex-col items-start whitespace-pre-wrap break-words [.text-message+&amp;]:mt-5 juice:w-full juice:items-end overflow-x-auto gap-2\" dir=\"auto\" data-message-author-role=\"assistant\" data-message-id=\"d6ccb181-f9c7-48b6-8b62-565b9e552068\">\n<div class=\"flex w-full flex-col gap-1 juice:empty:hidden juice:first:pt-[3px]\">\n<div class=\"markdown prose w-full break-words dark:prose-invert dark\">\n<div class=\"flex flex-grow flex-col max-w-full\">\n<div class=\"min-h-[20px] text-message flex flex-col items-start whitespace-pre-wrap break-words [.text-message+&amp;]:mt-5 juice:w-full juice:items-end overflow-x-auto gap-2\" dir=\"auto\" data-message-author-role=\"assistant\" data-message-id=\"71bd59d3-8fe2-4206-abff-8b5274fc686b\">\n<div class=\"flex w-full flex-col gap-1 juice:empty:hidden juice:first:pt-[3px]\">\n<div class=\"markdown prose w-full break-words dark:prose-invert dark\">\n<p>La se\u00f1al de tr\u00e1fico T-427 es una opci\u00f3n efectiva para comunicar claramente el cierre de calles debido a obras en curso. Con un dise\u00f1o cuadrado distintivo que combina fondo amarillo y texto explicativo, esta se\u00f1al est\u00e1 disponible en una variedad de materiales, asegurando su adaptabilidad a diferentes entornos de se\u00f1alizaci\u00f3n vial. Incluye versiones en aluminio para una opci\u00f3n econ\u00f3mica, polipropileno con ollaos para f\u00e1cil sujeci\u00f3n, as\u00ed como alternativas en tela o pl\u00e1stico para montaje en tr\u00edpodes plegables (tr\u00edpodes no incluidos). Estas caracter\u00edsticas garantizan alta visibilidad y funcionalidad, proporcionando una soluci\u00f3n robusta para gestionar la seguridad vial en \u00e1reas con trabajos en curso.<\/p>\n<\/div>\n<\/div>\n<\/div>\n<\/div>\n<\/div>\n<\/div>\n<\/div>\n<\/div>\n","protected":false},"excerpt":{"rendered":"<div class=\"flex flex-grow flex-col max-w-full\">\n<div class=\"min-h-[20px] text-message flex flex-col items-start whitespace-pre-wrap break-words [.text-message+&amp;]:mt-5 juice:w-full juice:items-end overflow-x-auto gap-2\" dir=\"auto\" data-message-author-role=\"assistant\" data-message-id=\"d7e098f7-a9f4-4ec8-8120-9bcb18cdd478\">\n<div class=\"flex w-full flex-col gap-1 juice:empty:hidden juice:first:pt-[3px]\">\n<div class=\"markdown prose w-full break-words dark:prose-invert dark\">\n<p>La se\u00f1al T-427 informa claramente sobre el cierre de calles por obras. Disponible en varios materiales, incluye opciones para montaje en tr\u00edpodes plegables, asegurando visibilidad en diferentes entornos viales.<\/p>\n<\/div>\n<\/div>\n<\/div>\n<\/div>\n<div class=\"mt-1 flex gap-3 empty:hidden juice:-ml-3\">\n<div class=\"items-center justify-start rounded-xl p-1 flex\">\n<div class=\"flex items-center\">\n<p>&nbsp;<\/p>\n<div class=\"flex\"><\/div>\n<div class=\"flex items-center pb-0.5 juice:pb-0\">\n<div class=\"[&amp;_svg]:h-full [&amp;_svg]:w-full icon-md h-4 w-4\"><\/div>\n<\/div>\n<\/div>\n<\/div>\n<\/div>\n","protected":false},"featured_media":966,"comment_status":"open","ping_status":"closed","template":"","meta":[],"product_cat":[44],"product_tag":[],"class_list":{"0":"post-962","1":"product","2":"type-product","3":"status-publish","4":"has-post-thumbnail","6":"product_cat-senalizacion-y-balizamiento","8":"first","9":"instock","10":"shipping-taxable","11":"product-type-simple"},"yoast_head":"<!-- This site is optimized with the Yoast SEO plugin v22.6 - https:\/\/yoast.com\/wordpress\/plugins\/seo\/ -->\n<title>Cartel informativo amarillo. &quot;Calzada cortada por obra&quot;. - Careymoa<\/title>\n<meta name=\"description\" content=\"La se\u00f1al T-427 informa claramente sobre el cierre de calles por obras. Disponible en varios materiales, incluye opciones para montaje en tr\u00edpodes plegables.\" \/>\n<meta name=\"robots\" content=\"index, follow, max-snippet:-1, max-image-preview:large, max-video-preview:-1\" \/>\n<link rel=\"canonical\" href=\"https:\/\/careymoa.virtualservers.es\/index.php\/producto\/cartel-informativo-amarillo-calzada-cortada-por-obra\/\" \/>\n<meta property=\"og:locale\" content=\"es_ES\" \/>\n<meta property=\"og:type\" content=\"article\" \/>\n<meta property=\"og:title\" content=\"Cartel informativo amarillo. &quot;Calzada cortada por obra&quot;. - Careymoa\" \/>\n<meta property=\"og:description\" content=\"La se\u00f1al T-427 informa claramente sobre el cierre de calles por obras. Disponible en varios materiales, incluye opciones para montaje en tr\u00edpodes plegables.\" \/>\n<meta property=\"og:url\" content=\"https:\/\/careymoa.virtualservers.es\/index.php\/producto\/cartel-informativo-amarillo-calzada-cortada-por-obra\/\" \/>\n<meta property=\"og:site_name\" content=\"Careymoa\" \/>\n<meta property=\"article:modified_time\" content=\"2024-07-25T14:29:23+00:00\" \/>\n<meta property=\"og:image\" content=\"https:\/\/careymoa.virtualservers.es\/wp-content\/uploads\/2024\/07\/Senal-calle-cortada-por-obras-1.jpg\" \/>\n\t<meta property=\"og:image:width\" content=\"894\" \/>\n\t<meta property=\"og:image:height\" content=\"827\" \/>\n\t<meta property=\"og:image:type\" content=\"image\/jpeg\" \/>\n<meta name=\"twitter:card\" content=\"summary_large_image\" \/>\n<meta name=\"twitter:label1\" content=\"Tiempo de lectura\" \/>\n\t<meta name=\"twitter:data1\" content=\"1 minuto\" \/>\n<script type=\"application\/ld+json\" class=\"yoast-schema-graph\">{\"@context\":\"https:\/\/schema.org\",\"@graph\":[{\"@type\":\"WebPage\",\"@id\":\"https:\/\/careymoa.virtualservers.es\/index.php\/producto\/cartel-informativo-amarillo-calzada-cortada-por-obra\/\",\"url\":\"https:\/\/careymoa.virtualservers.es\/index.php\/producto\/cartel-informativo-amarillo-calzada-cortada-por-obra\/\",\"name\":\"Cartel informativo amarillo. \\\"Calzada cortada por obra\\\". - Careymoa\",\"isPartOf\":{\"@id\":\"https:\/\/careymoa.virtualservers.es\/#website\"},\"primaryImageOfPage\":{\"@id\":\"https:\/\/careymoa.virtualservers.es\/index.php\/producto\/cartel-informativo-amarillo-calzada-cortada-por-obra\/#primaryimage\"},\"image\":{\"@id\":\"https:\/\/careymoa.virtualservers.es\/index.php\/producto\/cartel-informativo-amarillo-calzada-cortada-por-obra\/#primaryimage\"},\"thumbnailUrl\":\"https:\/\/careymoa.virtualservers.es\/wp-content\/uploads\/2024\/07\/Senal-calle-cortada-por-obras-1.jpg\",\"datePublished\":\"2024-07-01T07:33:58+00:00\",\"dateModified\":\"2024-07-25T14:29:23+00:00\",\"description\":\"La se\u00f1al T-427 informa claramente sobre el cierre de calles por obras. Disponible en varios materiales, incluye opciones para montaje en tr\u00edpodes plegables.\",\"breadcrumb\":{\"@id\":\"https:\/\/careymoa.virtualservers.es\/index.php\/producto\/cartel-informativo-amarillo-calzada-cortada-por-obra\/#breadcrumb\"},\"inLanguage\":\"es\",\"potentialAction\":[{\"@type\":\"ReadAction\",\"target\":[\"https:\/\/careymoa.virtualservers.es\/index.php\/producto\/cartel-informativo-amarillo-calzada-cortada-por-obra\/\"]}]},{\"@type\":\"ImageObject\",\"inLanguage\":\"es\",\"@id\":\"https:\/\/careymoa.virtualservers.es\/index.php\/producto\/cartel-informativo-amarillo-calzada-cortada-por-obra\/#primaryimage\",\"url\":\"https:\/\/careymoa.virtualservers.es\/wp-content\/uploads\/2024\/07\/Senal-calle-cortada-por-obras-1.jpg\",\"contentUrl\":\"https:\/\/careymoa.virtualservers.es\/wp-content\/uploads\/2024\/07\/Senal-calle-cortada-por-obras-1.jpg\",\"width\":894,\"height\":827},{\"@type\":\"BreadcrumbList\",\"@id\":\"https:\/\/careymoa.virtualservers.es\/index.php\/producto\/cartel-informativo-amarillo-calzada-cortada-por-obra\/#breadcrumb\",\"itemListElement\":[{\"@type\":\"ListItem\",\"position\":1,\"name\":\"Portada\",\"item\":\"https:\/\/careymoa.virtualservers.es\/\"},{\"@type\":\"ListItem\",\"position\":2,\"name\":\"Tienda\",\"item\":\"https:\/\/careymoa.virtualservers.es\/index.php\/tienda\/\"},{\"@type\":\"ListItem\",\"position\":3,\"name\":\"Cartel informativo amarillo. \u00abCalzada cortada por obra\u00bb.\"}]},{\"@type\":\"WebSite\",\"@id\":\"https:\/\/careymoa.virtualservers.es\/#website\",\"url\":\"https:\/\/careymoa.virtualservers.es\/\",\"name\":\"Careymoa\",\"description\":\"Empresa de alquiler de maquinaria \",\"publisher\":{\"@id\":\"https:\/\/careymoa.virtualservers.es\/#organization\"},\"potentialAction\":[{\"@type\":\"SearchAction\",\"target\":{\"@type\":\"EntryPoint\",\"urlTemplate\":\"https:\/\/careymoa.virtualservers.es\/?s={search_term_string}\"},\"query-input\":\"required name=search_term_string\"}],\"inLanguage\":\"es\"},{\"@type\":\"Organization\",\"@id\":\"https:\/\/careymoa.virtualservers.es\/#organization\",\"name\":\"Careymoa\",\"url\":\"https:\/\/careymoa.virtualservers.es\/\",\"logo\":{\"@type\":\"ImageObject\",\"inLanguage\":\"es\",\"@id\":\"https:\/\/careymoa.virtualservers.es\/#\/schema\/logo\/image\/\",\"url\":\"https:\/\/careymoa.virtualservers.es\/wp-content\/uploads\/2024\/05\/cropped-image002.png\",\"contentUrl\":\"https:\/\/careymoa.virtualservers.es\/wp-content\/uploads\/2024\/05\/cropped-image002.png\",\"width\":374,\"height\":148,\"caption\":\"Careymoa\"},\"image\":{\"@id\":\"https:\/\/careymoa.virtualservers.es\/#\/schema\/logo\/image\/\"}}]}<\/script>\n<!-- \/ Yoast SEO plugin. -->","yoast_head_json":{"title":"Cartel informativo amarillo. \"Calzada cortada por obra\". - Careymoa","description":"La se\u00f1al T-427 informa claramente sobre el cierre de calles por obras. Disponible en varios materiales, incluye opciones para montaje en tr\u00edpodes plegables.","robots":{"index":"index","follow":"follow","max-snippet":"max-snippet:-1","max-image-preview":"max-image-preview:large","max-video-preview":"max-video-preview:-1"},"canonical":"https:\/\/careymoa.virtualservers.es\/index.php\/producto\/cartel-informativo-amarillo-calzada-cortada-por-obra\/","og_locale":"es_ES","og_type":"article","og_title":"Cartel informativo amarillo. \"Calzada cortada por obra\". - Careymoa","og_description":"La se\u00f1al T-427 informa claramente sobre el cierre de calles por obras. Disponible en varios materiales, incluye opciones para montaje en tr\u00edpodes plegables.","og_url":"https:\/\/careymoa.virtualservers.es\/index.php\/producto\/cartel-informativo-amarillo-calzada-cortada-por-obra\/","og_site_name":"Careymoa","article_modified_time":"2024-07-25T14:29:23+00:00","og_image":[{"width":894,"height":827,"url":"https:\/\/careymoa.virtualservers.es\/wp-content\/uploads\/2024\/07\/Senal-calle-cortada-por-obras-1.jpg","type":"image\/jpeg"}],"twitter_card":"summary_large_image","twitter_misc":{"Tiempo de lectura":"1 minuto"},"schema":{"@context":"https:\/\/schema.org","@graph":[{"@type":"WebPage","@id":"https:\/\/careymoa.virtualservers.es\/index.php\/producto\/cartel-informativo-amarillo-calzada-cortada-por-obra\/","url":"https:\/\/careymoa.virtualservers.es\/index.php\/producto\/cartel-informativo-amarillo-calzada-cortada-por-obra\/","name":"Cartel informativo amarillo. \"Calzada cortada por obra\". - Careymoa","isPartOf":{"@id":"https:\/\/careymoa.virtualservers.es\/#website"},"primaryImageOfPage":{"@id":"https:\/\/careymoa.virtualservers.es\/index.php\/producto\/cartel-informativo-amarillo-calzada-cortada-por-obra\/#primaryimage"},"image":{"@id":"https:\/\/careymoa.virtualservers.es\/index.php\/producto\/cartel-informativo-amarillo-calzada-cortada-por-obra\/#primaryimage"},"thumbnailUrl":"https:\/\/careymoa.virtualservers.es\/wp-content\/uploads\/2024\/07\/Senal-calle-cortada-por-obras-1.jpg","datePublished":"2024-07-01T07:33:58+00:00","dateModified":"2024-07-25T14:29:23+00:00","description":"La se\u00f1al T-427 informa claramente sobre el cierre de calles por obras. Disponible en varios materiales, incluye opciones para montaje en tr\u00edpodes plegables.","breadcrumb":{"@id":"https:\/\/careymoa.virtualservers.es\/index.php\/producto\/cartel-informativo-amarillo-calzada-cortada-por-obra\/#breadcrumb"},"inLanguage":"es","potentialAction":[{"@type":"ReadAction","target":["https:\/\/careymoa.virtualservers.es\/index.php\/producto\/cartel-informativo-amarillo-calzada-cortada-por-obra\/"]}]},{"@type":"ImageObject","inLanguage":"es","@id":"https:\/\/careymoa.virtualservers.es\/index.php\/producto\/cartel-informativo-amarillo-calzada-cortada-por-obra\/#primaryimage","url":"https:\/\/careymoa.virtualservers.es\/wp-content\/uploads\/2024\/07\/Senal-calle-cortada-por-obras-1.jpg","contentUrl":"https:\/\/careymoa.virtualservers.es\/wp-content\/uploads\/2024\/07\/Senal-calle-cortada-por-obras-1.jpg","width":894,"height":827},{"@type":"BreadcrumbList","@id":"https:\/\/careymoa.virtualservers.es\/index.php\/producto\/cartel-informativo-amarillo-calzada-cortada-por-obra\/#breadcrumb","itemListElement":[{"@type":"ListItem","position":1,"name":"Portada","item":"https:\/\/careymoa.virtualservers.es\/"},{"@type":"ListItem","position":2,"name":"Tienda","item":"https:\/\/careymoa.virtualservers.es\/index.php\/tienda\/"},{"@type":"ListItem","position":3,"name":"Cartel informativo amarillo. \u00abCalzada cortada por obra\u00bb."}]},{"@type":"WebSite","@id":"https:\/\/careymoa.virtualservers.es\/#website","url":"https:\/\/careymoa.virtualservers.es\/","name":"Careymoa","description":"Empresa de alquiler de maquinaria ","publisher":{"@id":"https:\/\/careymoa.virtualservers.es\/#organization"},"potentialAction":[{"@type":"SearchAction","target":{"@type":"EntryPoint","urlTemplate":"https:\/\/careymoa.virtualservers.es\/?s={search_term_string}"},"query-input":"required name=search_term_string"}],"inLanguage":"es"},{"@type":"Organization","@id":"https:\/\/careymoa.virtualservers.es\/#organization","name":"Careymoa","url":"https:\/\/careymoa.virtualservers.es\/","logo":{"@type":"ImageObject","inLanguage":"es","@id":"https:\/\/careymoa.virtualservers.es\/#\/schema\/logo\/image\/","url":"https:\/\/careymoa.virtualservers.es\/wp-content\/uploads\/2024\/05\/cropped-image002.png","contentUrl":"https:\/\/careymoa.virtualservers.es\/wp-content\/uploads\/2024\/05\/cropped-image002.png","width":374,"height":148,"caption":"Careymoa"},"image":{"@id":"https:\/\/careymoa.virtualservers.es\/#\/schema\/logo\/image\/"}}]}},"_links":{"self":[{"href":"https:\/\/careymoa.virtualservers.es\/index.php\/wp-json\/wp\/v2\/product\/962","targetHints":{"allow":["GET"]}}],"collection":[{"href":"https:\/\/careymoa.virtualservers.es\/index.php\/wp-json\/wp\/v2\/product"}],"about":[{"href":"https:\/\/careymoa.virtualservers.es\/index.php\/wp-json\/wp\/v2\/types\/product"}],"replies":[{"embeddable":true,"href":"https:\/\/careymoa.virtualservers.es\/index.php\/wp-json\/wp\/v2\/comments?post=962"}],"wp:featuredmedia":[{"embeddable":true,"href":"https:\/\/careymoa.virtualservers.es\/index.php\/wp-json\/wp\/v2\/media\/966"}],"wp:attachment":[{"href":"https:\/\/careymoa.virtualservers.es\/index.php\/wp-json\/wp\/v2\/media?parent=962"}],"wp:term":[{"taxonomy":"product_cat","embeddable":true,"href":"https:\/\/careymoa.virtualservers.es\/index.php\/wp-json\/wp\/v2\/product_cat?post=962"},{"taxonomy":"product_tag","embeddable":true,"href":"https:\/\/careymoa.virtualservers.es\/index.php\/wp-json\/wp\/v2\/product_tag?post=962"}],"curies":[{"name":"wp","href":"https:\/\/api.w.org\/{rel}","templated":true}]}}