{"id":952,"date":"2024-07-01T07:23:06","date_gmt":"2024-07-01T07:23:06","guid":{"rendered":"https:\/\/careymoa.virtualservers.es\/?post_type=product&#038;p=952"},"modified":"2024-07-25T14:47:17","modified_gmt":"2024-07-25T14:47:17","slug":"senal-obra-tp-50-tripode-otros-peligros-70-cm","status":"publish","type":"product","link":"https:\/\/careymoa.virtualservers.es\/index.php\/producto\/senal-obra-tp-50-tripode-otros-peligros-70-cm\/","title":{"rendered":"Se\u00f1al Obra TP-50 + tr\u00edpode. Otros peligros. 70 cm"},"content":{"rendered":"<p>La se\u00f1al de tr\u00e1fico de acero TP-50 de \u00abOtros peligros\u00bb est\u00e1 dise\u00f1ada para alertar a los conductores sobre situaciones imprevistas en la v\u00eda, especialmente en tramos en obras. Fabricada con acero de alta calidad, esta se\u00f1al garantiza durabilidad y resistencia a condiciones clim\u00e1ticas adversas. Su dise\u00f1o cumple con las normativas de homologaci\u00f3n vigentes, asegurando su eficacia y conformidad con los est\u00e1ndares de seguridad vial. La se\u00f1al TP-50 es esencial para advertir a los usuarios de la carretera sobre posibles peligros, contribuyendo a la prevenci\u00f3n de accidentes y mejorando la seguridad en zonas de construcci\u00f3n.<\/p>\n","protected":false},"excerpt":{"rendered":"<p>Se\u00f1al de tr\u00e1fico de acero TP-50 de otros peligros para ser utilizadas en tramos en obras.<\/p>\n<p>Esta se\u00f1al nos indica la proximidad de un peligro distinto de los advertidos por otras se\u00f1ales<\/p>\n<ul>\n<li><strong>Materiales<\/strong>: Acero lacado al horno. Preparada con agujeros para atornillar.<\/li>\n<li><strong>Medidas<\/strong>: 70 cm<\/li>\n<\/ul>\n","protected":false},"featured_media":958,"comment_status":"open","ping_status":"closed","template":"","meta":[],"product_cat":[44],"product_tag":[],"class_list":{"0":"post-952","1":"product","2":"type-product","3":"status-publish","4":"has-post-thumbnail","6":"product_cat-senalizacion-y-balizamiento","8":"first","9":"instock","10":"shipping-taxable","11":"product-type-simple"},"yoast_head":"<!-- This site is optimized with the Yoast SEO plugin v22.6 - https:\/\/yoast.com\/wordpress\/plugins\/seo\/ -->\n<title>Se\u00f1al Obra Peligro TP-50 - Careymoa Alquiler de Maquinaria<\/title>\n<meta name=\"description\" content=\"Se\u00f1al Obra Peligro. Se\u00f1al de tr\u00e1fico de acero TP-50 de otros peligros para ser utilizadas en tramos en obras y construcciones.\" \/>\n<meta name=\"robots\" content=\"index, follow, max-snippet:-1, max-image-preview:large, max-video-preview:-1\" \/>\n<link rel=\"canonical\" href=\"https:\/\/careymoa.virtualservers.es\/index.php\/producto\/senal-obra-tp-50-tripode-otros-peligros-70-cm\/\" \/>\n<meta property=\"og:locale\" content=\"es_ES\" \/>\n<meta property=\"og:type\" content=\"article\" \/>\n<meta property=\"og:title\" content=\"Se\u00f1al Obra Peligro TP-50 - Careymoa Alquiler de Maquinaria\" \/>\n<meta property=\"og:description\" content=\"Se\u00f1al Obra Peligro. Se\u00f1al de tr\u00e1fico de acero TP-50 de otros peligros para ser utilizadas en tramos en obras y construcciones.\" \/>\n<meta property=\"og:url\" content=\"https:\/\/careymoa.virtualservers.es\/index.php\/producto\/senal-obra-tp-50-tripode-otros-peligros-70-cm\/\" \/>\n<meta property=\"og:site_name\" content=\"Careymoa\" \/>\n<meta property=\"article:modified_time\" content=\"2024-07-25T14:47:17+00:00\" \/>\n<meta property=\"og:image\" content=\"https:\/\/careymoa.virtualservers.es\/wp-content\/uploads\/2024\/07\/senal-obra-tp-50.webp\" \/>\n\t<meta property=\"og:image:width\" content=\"800\" \/>\n\t<meta property=\"og:image:height\" content=\"800\" \/>\n\t<meta property=\"og:image:type\" content=\"image\/webp\" \/>\n<meta name=\"twitter:card\" content=\"summary_large_image\" \/>\n<meta name=\"twitter:label1\" content=\"Tiempo de lectura\" \/>\n\t<meta name=\"twitter:data1\" content=\"1 minuto\" \/>\n<script type=\"application\/ld+json\" class=\"yoast-schema-graph\">{\"@context\":\"https:\/\/schema.org\",\"@graph\":[{\"@type\":\"WebPage\",\"@id\":\"https:\/\/careymoa.virtualservers.es\/index.php\/producto\/senal-obra-tp-50-tripode-otros-peligros-70-cm\/\",\"url\":\"https:\/\/careymoa.virtualservers.es\/index.php\/producto\/senal-obra-tp-50-tripode-otros-peligros-70-cm\/\",\"name\":\"Se\u00f1al Obra Peligro TP-50 - Careymoa Alquiler de Maquinaria\",\"isPartOf\":{\"@id\":\"https:\/\/careymoa.virtualservers.es\/#website\"},\"primaryImageOfPage\":{\"@id\":\"https:\/\/careymoa.virtualservers.es\/index.php\/producto\/senal-obra-tp-50-tripode-otros-peligros-70-cm\/#primaryimage\"},\"image\":{\"@id\":\"https:\/\/careymoa.virtualservers.es\/index.php\/producto\/senal-obra-tp-50-tripode-otros-peligros-70-cm\/#primaryimage\"},\"thumbnailUrl\":\"https:\/\/careymoa.virtualservers.es\/wp-content\/uploads\/2024\/07\/senal-obra-tp-50.webp\",\"datePublished\":\"2024-07-01T07:23:06+00:00\",\"dateModified\":\"2024-07-25T14:47:17+00:00\",\"description\":\"Se\u00f1al Obra Peligro. Se\u00f1al de tr\u00e1fico de acero TP-50 de otros peligros para ser utilizadas en tramos en obras y construcciones.\",\"breadcrumb\":{\"@id\":\"https:\/\/careymoa.virtualservers.es\/index.php\/producto\/senal-obra-tp-50-tripode-otros-peligros-70-cm\/#breadcrumb\"},\"inLanguage\":\"es\",\"potentialAction\":[{\"@type\":\"ReadAction\",\"target\":[\"https:\/\/careymoa.virtualservers.es\/index.php\/producto\/senal-obra-tp-50-tripode-otros-peligros-70-cm\/\"]}]},{\"@type\":\"ImageObject\",\"inLanguage\":\"es\",\"@id\":\"https:\/\/careymoa.virtualservers.es\/index.php\/producto\/senal-obra-tp-50-tripode-otros-peligros-70-cm\/#primaryimage\",\"url\":\"https:\/\/careymoa.virtualservers.es\/wp-content\/uploads\/2024\/07\/senal-obra-tp-50.webp\",\"contentUrl\":\"https:\/\/careymoa.virtualservers.es\/wp-content\/uploads\/2024\/07\/senal-obra-tp-50.webp\",\"width\":800,\"height\":800},{\"@type\":\"BreadcrumbList\",\"@id\":\"https:\/\/careymoa.virtualservers.es\/index.php\/producto\/senal-obra-tp-50-tripode-otros-peligros-70-cm\/#breadcrumb\",\"itemListElement\":[{\"@type\":\"ListItem\",\"position\":1,\"name\":\"Portada\",\"item\":\"https:\/\/careymoa.virtualservers.es\/\"},{\"@type\":\"ListItem\",\"position\":2,\"name\":\"Tienda\",\"item\":\"https:\/\/careymoa.virtualservers.es\/index.php\/tienda\/\"},{\"@type\":\"ListItem\",\"position\":3,\"name\":\"Se\u00f1al Obra TP-50 + tr\u00edpode. Otros peligros. 70 cm\"}]},{\"@type\":\"WebSite\",\"@id\":\"https:\/\/careymoa.virtualservers.es\/#website\",\"url\":\"https:\/\/careymoa.virtualservers.es\/\",\"name\":\"Careymoa\",\"description\":\"Empresa de alquiler de maquinaria \",\"publisher\":{\"@id\":\"https:\/\/careymoa.virtualservers.es\/#organization\"},\"potentialAction\":[{\"@type\":\"SearchAction\",\"target\":{\"@type\":\"EntryPoint\",\"urlTemplate\":\"https:\/\/careymoa.virtualservers.es\/?s={search_term_string}\"},\"query-input\":\"required name=search_term_string\"}],\"inLanguage\":\"es\"},{\"@type\":\"Organization\",\"@id\":\"https:\/\/careymoa.virtualservers.es\/#organization\",\"name\":\"Careymoa\",\"url\":\"https:\/\/careymoa.virtualservers.es\/\",\"logo\":{\"@type\":\"ImageObject\",\"inLanguage\":\"es\",\"@id\":\"https:\/\/careymoa.virtualservers.es\/#\/schema\/logo\/image\/\",\"url\":\"https:\/\/careymoa.virtualservers.es\/wp-content\/uploads\/2024\/05\/cropped-image002.png\",\"contentUrl\":\"https:\/\/careymoa.virtualservers.es\/wp-content\/uploads\/2024\/05\/cropped-image002.png\",\"width\":374,\"height\":148,\"caption\":\"Careymoa\"},\"image\":{\"@id\":\"https:\/\/careymoa.virtualservers.es\/#\/schema\/logo\/image\/\"}}]}<\/script>\n<!-- \/ Yoast SEO plugin. -->","yoast_head_json":{"title":"Se\u00f1al Obra Peligro TP-50 - Careymoa Alquiler de Maquinaria","description":"Se\u00f1al Obra Peligro. Se\u00f1al de tr\u00e1fico de acero TP-50 de otros peligros para ser utilizadas en tramos en obras y construcciones.","robots":{"index":"index","follow":"follow","max-snippet":"max-snippet:-1","max-image-preview":"max-image-preview:large","max-video-preview":"max-video-preview:-1"},"canonical":"https:\/\/careymoa.virtualservers.es\/index.php\/producto\/senal-obra-tp-50-tripode-otros-peligros-70-cm\/","og_locale":"es_ES","og_type":"article","og_title":"Se\u00f1al Obra Peligro TP-50 - Careymoa Alquiler de Maquinaria","og_description":"Se\u00f1al Obra Peligro. Se\u00f1al de tr\u00e1fico de acero TP-50 de otros peligros para ser utilizadas en tramos en obras y construcciones.","og_url":"https:\/\/careymoa.virtualservers.es\/index.php\/producto\/senal-obra-tp-50-tripode-otros-peligros-70-cm\/","og_site_name":"Careymoa","article_modified_time":"2024-07-25T14:47:17+00:00","og_image":[{"width":800,"height":800,"url":"https:\/\/careymoa.virtualservers.es\/wp-content\/uploads\/2024\/07\/senal-obra-tp-50.webp","type":"image\/webp"}],"twitter_card":"summary_large_image","twitter_misc":{"Tiempo de lectura":"1 minuto"},"schema":{"@context":"https:\/\/schema.org","@graph":[{"@type":"WebPage","@id":"https:\/\/careymoa.virtualservers.es\/index.php\/producto\/senal-obra-tp-50-tripode-otros-peligros-70-cm\/","url":"https:\/\/careymoa.virtualservers.es\/index.php\/producto\/senal-obra-tp-50-tripode-otros-peligros-70-cm\/","name":"Se\u00f1al Obra Peligro TP-50 - Careymoa Alquiler de Maquinaria","isPartOf":{"@id":"https:\/\/careymoa.virtualservers.es\/#website"},"primaryImageOfPage":{"@id":"https:\/\/careymoa.virtualservers.es\/index.php\/producto\/senal-obra-tp-50-tripode-otros-peligros-70-cm\/#primaryimage"},"image":{"@id":"https:\/\/careymoa.virtualservers.es\/index.php\/producto\/senal-obra-tp-50-tripode-otros-peligros-70-cm\/#primaryimage"},"thumbnailUrl":"https:\/\/careymoa.virtualservers.es\/wp-content\/uploads\/2024\/07\/senal-obra-tp-50.webp","datePublished":"2024-07-01T07:23:06+00:00","dateModified":"2024-07-25T14:47:17+00:00","description":"Se\u00f1al Obra Peligro. Se\u00f1al de tr\u00e1fico de acero TP-50 de otros peligros para ser utilizadas en tramos en obras y construcciones.","breadcrumb":{"@id":"https:\/\/careymoa.virtualservers.es\/index.php\/producto\/senal-obra-tp-50-tripode-otros-peligros-70-cm\/#breadcrumb"},"inLanguage":"es","potentialAction":[{"@type":"ReadAction","target":["https:\/\/careymoa.virtualservers.es\/index.php\/producto\/senal-obra-tp-50-tripode-otros-peligros-70-cm\/"]}]},{"@type":"ImageObject","inLanguage":"es","@id":"https:\/\/careymoa.virtualservers.es\/index.php\/producto\/senal-obra-tp-50-tripode-otros-peligros-70-cm\/#primaryimage","url":"https:\/\/careymoa.virtualservers.es\/wp-content\/uploads\/2024\/07\/senal-obra-tp-50.webp","contentUrl":"https:\/\/careymoa.virtualservers.es\/wp-content\/uploads\/2024\/07\/senal-obra-tp-50.webp","width":800,"height":800},{"@type":"BreadcrumbList","@id":"https:\/\/careymoa.virtualservers.es\/index.php\/producto\/senal-obra-tp-50-tripode-otros-peligros-70-cm\/#breadcrumb","itemListElement":[{"@type":"ListItem","position":1,"name":"Portada","item":"https:\/\/careymoa.virtualservers.es\/"},{"@type":"ListItem","position":2,"name":"Tienda","item":"https:\/\/careymoa.virtualservers.es\/index.php\/tienda\/"},{"@type":"ListItem","position":3,"name":"Se\u00f1al Obra TP-50 + tr\u00edpode. Otros peligros. 70 cm"}]},{"@type":"WebSite","@id":"https:\/\/careymoa.virtualservers.es\/#website","url":"https:\/\/careymoa.virtualservers.es\/","name":"Careymoa","description":"Empresa de alquiler de maquinaria ","publisher":{"@id":"https:\/\/careymoa.virtualservers.es\/#organization"},"potentialAction":[{"@type":"SearchAction","target":{"@type":"EntryPoint","urlTemplate":"https:\/\/careymoa.virtualservers.es\/?s={search_term_string}"},"query-input":"required name=search_term_string"}],"inLanguage":"es"},{"@type":"Organization","@id":"https:\/\/careymoa.virtualservers.es\/#organization","name":"Careymoa","url":"https:\/\/careymoa.virtualservers.es\/","logo":{"@type":"ImageObject","inLanguage":"es","@id":"https:\/\/careymoa.virtualservers.es\/#\/schema\/logo\/image\/","url":"https:\/\/careymoa.virtualservers.es\/wp-content\/uploads\/2024\/05\/cropped-image002.png","contentUrl":"https:\/\/careymoa.virtualservers.es\/wp-content\/uploads\/2024\/05\/cropped-image002.png","width":374,"height":148,"caption":"Careymoa"},"image":{"@id":"https:\/\/careymoa.virtualservers.es\/#\/schema\/logo\/image\/"}}]}},"_links":{"self":[{"href":"https:\/\/careymoa.virtualservers.es\/index.php\/wp-json\/wp\/v2\/product\/952","targetHints":{"allow":["GET"]}}],"collection":[{"href":"https:\/\/careymoa.virtualservers.es\/index.php\/wp-json\/wp\/v2\/product"}],"about":[{"href":"https:\/\/careymoa.virtualservers.es\/index.php\/wp-json\/wp\/v2\/types\/product"}],"replies":[{"embeddable":true,"href":"https:\/\/careymoa.virtualservers.es\/index.php\/wp-json\/wp\/v2\/comments?post=952"}],"wp:featuredmedia":[{"embeddable":true,"href":"https:\/\/careymoa.virtualservers.es\/index.php\/wp-json\/wp\/v2\/media\/958"}],"wp:attachment":[{"href":"https:\/\/careymoa.virtualservers.es\/index.php\/wp-json\/wp\/v2\/media?parent=952"}],"wp:term":[{"taxonomy":"product_cat","embeddable":true,"href":"https:\/\/careymoa.virtualservers.es\/index.php\/wp-json\/wp\/v2\/product_cat?post=952"},{"taxonomy":"product_tag","embeddable":true,"href":"https:\/\/careymoa.virtualservers.es\/index.php\/wp-json\/wp\/v2\/product_tag?post=952"}],"curies":[{"name":"wp","href":"https:\/\/api.w.org\/{rel}","templated":true}]}}