{"id":950,"date":"2024-07-01T07:17:25","date_gmt":"2024-07-01T07:17:25","guid":{"rendered":"https:\/\/careymoa.virtualservers.es\/?post_type=product&#038;p=950"},"modified":"2024-07-25T14:51:31","modified_gmt":"2024-07-25T14:51:31","slug":"cascada-luminosa-5-focos-sincronizables","status":"publish","type":"product","link":"https:\/\/careymoa.virtualservers.es\/index.php\/producto\/cascada-luminosa-5-focos-sincronizables\/","title":{"rendered":"Cascada luminosa 5 focos sincronizables + 5 soportes sarjentos + 5 bases"},"content":{"rendered":"<div class=\"flex flex-grow flex-col max-w-full\">\n<div class=\"min-h-[20px] text-message flex flex-col items-start whitespace-pre-wrap break-words [.text-message+&amp;]:mt-5 juice:w-full juice:items-end overflow-x-auto gap-2\" dir=\"auto\" data-message-author-role=\"assistant\" data-message-id=\"c5512d0a-dce0-4dfb-9dab-ff8d3bbf1035\">\n<div class=\"flex w-full flex-col gap-1 juice:empty:hidden juice:first:pt-[3px]\">\n<div class=\"markdown prose w-full break-words dark:prose-invert dark\">\n<p>El conjunto de 5 balizas luminosas LED (Cascada luminosa 5 focos sincronizables)\u00a0 en cascada sincronizadas por onda de radio, sin necesidad de cables, es ideal para proyectos que requieren se\u00f1alizaci\u00f3n visible y confiable. Incluye 5 focos destellantes LED (1 maestro y 4 esclavos), cada uno con una carcasa de polipropileno anti-impacto color \u00e1mbar, y 5 balizas de obra con chevron a dos caras blanco\/rojo. Las bases pesadas universales de 28 kg aseguran estabilidad, mientras que la lente de 200 mm proporciona una intensidad lum\u00ednica de 110 candelas y una frecuencia de 60 destellos por minuto. Cascada luminosa 5 focos sincronizables, resistente al agua y a los rayos UVA durante 3 a\u00f1os, este sistema es ampliable en n\u00famero de focos sincronizables, adapt\u00e1ndose a diversas necesidades de se\u00f1alizaci\u00f3n en construcci\u00f3n y mantenimiento vial.<\/p>\n<\/div>\n<\/div>\n<\/div>\n<\/div>\n<p>Especificaciones t\u00e9cnicas:<\/p>\n<ul>\n<li>5 focos\u00a0destellantes\u00a0LED en CASCADA\u00a0(1 master + 4 esclavos).<\/li>\n<li>5 balizas de obra con chevron a 2 caras blanco\/rojo.<\/li>\n<li>5 bases pesadas universales de 28kg.<\/li>\n<li>Carcasa en PP anti -impacto color naranja.<\/li>\n<li>Di\u00e1metro lente: 200mm.<\/li>\n<li>Ampliable\u00a0n\u00famero de focos sincronizables.<\/li>\n<li>Intensidad lum\u00ednica\u00a0110 Cd.<\/li>\n<li>Frecuencia destello: 60 destellos\/min.<\/li>\n<li>Resistencia a los rayos UVA\u00a03 a\u00f1os.<\/li>\n<li>Resistencia al agua.<\/li>\n<\/ul>\n","protected":false},"excerpt":{"rendered":"<div class=\"flex flex-grow flex-col max-w-full\">\n<div class=\"min-h-[20px] text-message flex flex-col items-start whitespace-pre-wrap break-words [.text-message+&amp;]:mt-5 juice:w-full juice:items-end overflow-x-auto gap-2\" dir=\"auto\" data-message-author-role=\"assistant\" data-message-id=\"b1c2c586-a251-4ac0-a708-d39e70769fc5\">\n<div class=\"flex w-full flex-col gap-1 juice:empty:hidden juice:first:pt-[3px]\">\n<div class=\"markdown prose w-full break-words dark:prose-invert dark\">\n<p>El conjunto de 5 balizas LED en cascada sincronizadas por onda de radio incluye focos destellantes con carcasa de polipropileno color \u00e1mbar, bases de 28 kg, y chevron a dos caras. Con lente de 200 mm, 110 candelas, y 60 destellos\/minuto, son resistentes al agua y rayos UVA por 3 a\u00f1os. Ampliables y perfectas para construcci\u00f3n y mantenimiento vial.<\/p>\n<\/div>\n<\/div>\n<\/div>\n<\/div>\n<div class=\"mt-1 flex gap-3 empty:hidden juice:-ml-3\">\n<div class=\"items-center justify-start rounded-xl p-1 flex\">\n<div class=\"flex items-center\">\n<p>&nbsp;<\/p>\n<div class=\"flex\"><\/div>\n<div class=\"flex items-center pb-0.5 juice:pb-0\">\n<div class=\"[&amp;_svg]:h-full [&amp;_svg]:w-full icon-md h-4 w-4\"><\/div>\n<\/div>\n<\/div>\n<\/div>\n<\/div>\n","protected":false},"featured_media":989,"comment_status":"open","ping_status":"closed","template":"","meta":[],"product_cat":[44],"product_tag":[],"class_list":{"0":"post-950","1":"product","2":"type-product","3":"status-publish","4":"has-post-thumbnail","6":"product_cat-senalizacion-y-balizamiento","8":"first","9":"instock","10":"shipping-taxable","11":"product-type-simple"},"yoast_head":"<!-- This site is optimized with the Yoast SEO plugin v22.6 - https:\/\/yoast.com\/wordpress\/plugins\/seo\/ -->\n<title>Cascada Luminosa 5 focos Sincronizables - Careymoa Alquiler<\/title>\n<meta name=\"description\" content=\"Cascada luminosa 5 focos sincronizables. El conjunto de 5 balizas LED en cascada sincronizadas por onda de radio incluye focos destellantes\" \/>\n<meta name=\"robots\" content=\"index, follow, max-snippet:-1, max-image-preview:large, max-video-preview:-1\" \/>\n<link rel=\"canonical\" href=\"https:\/\/careymoa.virtualservers.es\/index.php\/producto\/cascada-luminosa-5-focos-sincronizables\/\" \/>\n<meta property=\"og:locale\" content=\"es_ES\" \/>\n<meta property=\"og:type\" content=\"article\" \/>\n<meta property=\"og:title\" content=\"Cascada Luminosa 5 focos Sincronizables - Careymoa Alquiler\" \/>\n<meta property=\"og:description\" content=\"Cascada luminosa 5 focos sincronizables. El conjunto de 5 balizas LED en cascada sincronizadas por onda de radio incluye focos destellantes\" \/>\n<meta property=\"og:url\" content=\"https:\/\/careymoa.virtualservers.es\/index.php\/producto\/cascada-luminosa-5-focos-sincronizables\/\" \/>\n<meta property=\"og:site_name\" content=\"Careymoa\" \/>\n<meta property=\"article:modified_time\" content=\"2024-07-25T14:51:31+00:00\" \/>\n<meta property=\"og:image\" content=\"https:\/\/careymoa.virtualservers.es\/wp-content\/uploads\/2024\/07\/Cascada-LED-senal-confor-2-Photoroom.png\" \/>\n\t<meta property=\"og:image:width\" content=\"366\" \/>\n\t<meta property=\"og:image:height\" content=\"476\" \/>\n\t<meta property=\"og:image:type\" content=\"image\/png\" \/>\n<meta name=\"twitter:card\" content=\"summary_large_image\" \/>\n<meta name=\"twitter:label1\" content=\"Tiempo de lectura\" \/>\n\t<meta name=\"twitter:data1\" content=\"2 minutos\" \/>\n<script type=\"application\/ld+json\" class=\"yoast-schema-graph\">{\"@context\":\"https:\/\/schema.org\",\"@graph\":[{\"@type\":\"WebPage\",\"@id\":\"https:\/\/careymoa.virtualservers.es\/index.php\/producto\/cascada-luminosa-5-focos-sincronizables\/\",\"url\":\"https:\/\/careymoa.virtualservers.es\/index.php\/producto\/cascada-luminosa-5-focos-sincronizables\/\",\"name\":\"Cascada Luminosa 5 focos Sincronizables - Careymoa Alquiler\",\"isPartOf\":{\"@id\":\"https:\/\/careymoa.virtualservers.es\/#website\"},\"primaryImageOfPage\":{\"@id\":\"https:\/\/careymoa.virtualservers.es\/index.php\/producto\/cascada-luminosa-5-focos-sincronizables\/#primaryimage\"},\"image\":{\"@id\":\"https:\/\/careymoa.virtualservers.es\/index.php\/producto\/cascada-luminosa-5-focos-sincronizables\/#primaryimage\"},\"thumbnailUrl\":\"https:\/\/careymoa.virtualservers.es\/wp-content\/uploads\/2024\/07\/Cascada-LED-senal-confor-2-Photoroom.png\",\"datePublished\":\"2024-07-01T07:17:25+00:00\",\"dateModified\":\"2024-07-25T14:51:31+00:00\",\"description\":\"Cascada luminosa 5 focos sincronizables. El conjunto de 5 balizas LED en cascada sincronizadas por onda de radio incluye focos destellantes\",\"breadcrumb\":{\"@id\":\"https:\/\/careymoa.virtualservers.es\/index.php\/producto\/cascada-luminosa-5-focos-sincronizables\/#breadcrumb\"},\"inLanguage\":\"es\",\"potentialAction\":[{\"@type\":\"ReadAction\",\"target\":[\"https:\/\/careymoa.virtualservers.es\/index.php\/producto\/cascada-luminosa-5-focos-sincronizables\/\"]}]},{\"@type\":\"ImageObject\",\"inLanguage\":\"es\",\"@id\":\"https:\/\/careymoa.virtualservers.es\/index.php\/producto\/cascada-luminosa-5-focos-sincronizables\/#primaryimage\",\"url\":\"https:\/\/careymoa.virtualservers.es\/wp-content\/uploads\/2024\/07\/Cascada-LED-senal-confor-2-Photoroom.png\",\"contentUrl\":\"https:\/\/careymoa.virtualservers.es\/wp-content\/uploads\/2024\/07\/Cascada-LED-senal-confor-2-Photoroom.png\",\"width\":366,\"height\":476},{\"@type\":\"BreadcrumbList\",\"@id\":\"https:\/\/careymoa.virtualservers.es\/index.php\/producto\/cascada-luminosa-5-focos-sincronizables\/#breadcrumb\",\"itemListElement\":[{\"@type\":\"ListItem\",\"position\":1,\"name\":\"Portada\",\"item\":\"https:\/\/careymoa.virtualservers.es\/\"},{\"@type\":\"ListItem\",\"position\":2,\"name\":\"Tienda\",\"item\":\"https:\/\/careymoa.virtualservers.es\/index.php\/tienda\/\"},{\"@type\":\"ListItem\",\"position\":3,\"name\":\"Cascada luminosa 5 focos sincronizables + 5 soportes sarjentos + 5 bases\"}]},{\"@type\":\"WebSite\",\"@id\":\"https:\/\/careymoa.virtualservers.es\/#website\",\"url\":\"https:\/\/careymoa.virtualservers.es\/\",\"name\":\"Careymoa\",\"description\":\"Empresa de alquiler de maquinaria \",\"publisher\":{\"@id\":\"https:\/\/careymoa.virtualservers.es\/#organization\"},\"potentialAction\":[{\"@type\":\"SearchAction\",\"target\":{\"@type\":\"EntryPoint\",\"urlTemplate\":\"https:\/\/careymoa.virtualservers.es\/?s={search_term_string}\"},\"query-input\":\"required name=search_term_string\"}],\"inLanguage\":\"es\"},{\"@type\":\"Organization\",\"@id\":\"https:\/\/careymoa.virtualservers.es\/#organization\",\"name\":\"Careymoa\",\"url\":\"https:\/\/careymoa.virtualservers.es\/\",\"logo\":{\"@type\":\"ImageObject\",\"inLanguage\":\"es\",\"@id\":\"https:\/\/careymoa.virtualservers.es\/#\/schema\/logo\/image\/\",\"url\":\"https:\/\/careymoa.virtualservers.es\/wp-content\/uploads\/2024\/05\/cropped-image002.png\",\"contentUrl\":\"https:\/\/careymoa.virtualservers.es\/wp-content\/uploads\/2024\/05\/cropped-image002.png\",\"width\":374,\"height\":148,\"caption\":\"Careymoa\"},\"image\":{\"@id\":\"https:\/\/careymoa.virtualservers.es\/#\/schema\/logo\/image\/\"}}]}<\/script>\n<!-- \/ Yoast SEO plugin. -->","yoast_head_json":{"title":"Cascada Luminosa 5 focos Sincronizables - Careymoa Alquiler","description":"Cascada luminosa 5 focos sincronizables. El conjunto de 5 balizas LED en cascada sincronizadas por onda de radio incluye focos destellantes","robots":{"index":"index","follow":"follow","max-snippet":"max-snippet:-1","max-image-preview":"max-image-preview:large","max-video-preview":"max-video-preview:-1"},"canonical":"https:\/\/careymoa.virtualservers.es\/index.php\/producto\/cascada-luminosa-5-focos-sincronizables\/","og_locale":"es_ES","og_type":"article","og_title":"Cascada Luminosa 5 focos Sincronizables - Careymoa Alquiler","og_description":"Cascada luminosa 5 focos sincronizables. El conjunto de 5 balizas LED en cascada sincronizadas por onda de radio incluye focos destellantes","og_url":"https:\/\/careymoa.virtualservers.es\/index.php\/producto\/cascada-luminosa-5-focos-sincronizables\/","og_site_name":"Careymoa","article_modified_time":"2024-07-25T14:51:31+00:00","og_image":[{"width":366,"height":476,"url":"https:\/\/careymoa.virtualservers.es\/wp-content\/uploads\/2024\/07\/Cascada-LED-senal-confor-2-Photoroom.png","type":"image\/png"}],"twitter_card":"summary_large_image","twitter_misc":{"Tiempo de lectura":"2 minutos"},"schema":{"@context":"https:\/\/schema.org","@graph":[{"@type":"WebPage","@id":"https:\/\/careymoa.virtualservers.es\/index.php\/producto\/cascada-luminosa-5-focos-sincronizables\/","url":"https:\/\/careymoa.virtualservers.es\/index.php\/producto\/cascada-luminosa-5-focos-sincronizables\/","name":"Cascada Luminosa 5 focos Sincronizables - Careymoa Alquiler","isPartOf":{"@id":"https:\/\/careymoa.virtualservers.es\/#website"},"primaryImageOfPage":{"@id":"https:\/\/careymoa.virtualservers.es\/index.php\/producto\/cascada-luminosa-5-focos-sincronizables\/#primaryimage"},"image":{"@id":"https:\/\/careymoa.virtualservers.es\/index.php\/producto\/cascada-luminosa-5-focos-sincronizables\/#primaryimage"},"thumbnailUrl":"https:\/\/careymoa.virtualservers.es\/wp-content\/uploads\/2024\/07\/Cascada-LED-senal-confor-2-Photoroom.png","datePublished":"2024-07-01T07:17:25+00:00","dateModified":"2024-07-25T14:51:31+00:00","description":"Cascada luminosa 5 focos sincronizables. El conjunto de 5 balizas LED en cascada sincronizadas por onda de radio incluye focos destellantes","breadcrumb":{"@id":"https:\/\/careymoa.virtualservers.es\/index.php\/producto\/cascada-luminosa-5-focos-sincronizables\/#breadcrumb"},"inLanguage":"es","potentialAction":[{"@type":"ReadAction","target":["https:\/\/careymoa.virtualservers.es\/index.php\/producto\/cascada-luminosa-5-focos-sincronizables\/"]}]},{"@type":"ImageObject","inLanguage":"es","@id":"https:\/\/careymoa.virtualservers.es\/index.php\/producto\/cascada-luminosa-5-focos-sincronizables\/#primaryimage","url":"https:\/\/careymoa.virtualservers.es\/wp-content\/uploads\/2024\/07\/Cascada-LED-senal-confor-2-Photoroom.png","contentUrl":"https:\/\/careymoa.virtualservers.es\/wp-content\/uploads\/2024\/07\/Cascada-LED-senal-confor-2-Photoroom.png","width":366,"height":476},{"@type":"BreadcrumbList","@id":"https:\/\/careymoa.virtualservers.es\/index.php\/producto\/cascada-luminosa-5-focos-sincronizables\/#breadcrumb","itemListElement":[{"@type":"ListItem","position":1,"name":"Portada","item":"https:\/\/careymoa.virtualservers.es\/"},{"@type":"ListItem","position":2,"name":"Tienda","item":"https:\/\/careymoa.virtualservers.es\/index.php\/tienda\/"},{"@type":"ListItem","position":3,"name":"Cascada luminosa 5 focos sincronizables + 5 soportes sarjentos + 5 bases"}]},{"@type":"WebSite","@id":"https:\/\/careymoa.virtualservers.es\/#website","url":"https:\/\/careymoa.virtualservers.es\/","name":"Careymoa","description":"Empresa de alquiler de maquinaria ","publisher":{"@id":"https:\/\/careymoa.virtualservers.es\/#organization"},"potentialAction":[{"@type":"SearchAction","target":{"@type":"EntryPoint","urlTemplate":"https:\/\/careymoa.virtualservers.es\/?s={search_term_string}"},"query-input":"required name=search_term_string"}],"inLanguage":"es"},{"@type":"Organization","@id":"https:\/\/careymoa.virtualservers.es\/#organization","name":"Careymoa","url":"https:\/\/careymoa.virtualservers.es\/","logo":{"@type":"ImageObject","inLanguage":"es","@id":"https:\/\/careymoa.virtualservers.es\/#\/schema\/logo\/image\/","url":"https:\/\/careymoa.virtualservers.es\/wp-content\/uploads\/2024\/05\/cropped-image002.png","contentUrl":"https:\/\/careymoa.virtualservers.es\/wp-content\/uploads\/2024\/05\/cropped-image002.png","width":374,"height":148,"caption":"Careymoa"},"image":{"@id":"https:\/\/careymoa.virtualservers.es\/#\/schema\/logo\/image\/"}}]}},"_links":{"self":[{"href":"https:\/\/careymoa.virtualservers.es\/index.php\/wp-json\/wp\/v2\/product\/950","targetHints":{"allow":["GET"]}}],"collection":[{"href":"https:\/\/careymoa.virtualservers.es\/index.php\/wp-json\/wp\/v2\/product"}],"about":[{"href":"https:\/\/careymoa.virtualservers.es\/index.php\/wp-json\/wp\/v2\/types\/product"}],"replies":[{"embeddable":true,"href":"https:\/\/careymoa.virtualservers.es\/index.php\/wp-json\/wp\/v2\/comments?post=950"}],"wp:featuredmedia":[{"embeddable":true,"href":"https:\/\/careymoa.virtualservers.es\/index.php\/wp-json\/wp\/v2\/media\/989"}],"wp:attachment":[{"href":"https:\/\/careymoa.virtualservers.es\/index.php\/wp-json\/wp\/v2\/media?parent=950"}],"wp:term":[{"taxonomy":"product_cat","embeddable":true,"href":"https:\/\/careymoa.virtualservers.es\/index.php\/wp-json\/wp\/v2\/product_cat?post=950"},{"taxonomy":"product_tag","embeddable":true,"href":"https:\/\/careymoa.virtualservers.es\/index.php\/wp-json\/wp\/v2\/product_tag?post=950"}],"curies":[{"name":"wp","href":"https:\/\/api.w.org\/{rel}","templated":true}]}}