{"id":935,"date":"2024-06-28T11:43:59","date_gmt":"2024-06-28T11:43:59","guid":{"rendered":"https:\/\/careymoa.virtualservers.es\/?post_type=product&#038;p=935"},"modified":"2024-06-28T11:49:57","modified_gmt":"2024-06-28T11:49:57","slug":"senal-obra-tp-18-tripode-precaucion-obras-70-cm","status":"publish","type":"product","link":"https:\/\/careymoa.virtualservers.es\/index.php\/producto\/senal-obra-tp-18-tripode-precaucion-obras-70-cm\/","title":{"rendered":"Se\u00f1al Obra TP-18 + tr\u00edpode. Precauci\u00f3n Obras. 70 cm"},"content":{"rendered":"<p>Se\u00f1al de tr\u00e1fico de acero modelo TP-18 dise\u00f1ada espec\u00edficamente para se\u00f1alar puntos de la calzada en tramos en obras viales. Estas se\u00f1ales cumplen con los est\u00e1ndares de homologaci\u00f3n requeridos, asegurando su legalidad y eficacia en la regulaci\u00f3n del tr\u00e1fico. Son fundamentales para mejorar la seguridad vial al proporcionar una advertencia clara y visible a conductores, peatones y trabajadores en \u00e1reas de construcci\u00f3n y mantenimiento de carreteras.<\/p>\n<ul>\n<li><strong>Materiales<\/strong>: Acero lacado al horno, pictograma en vinilo. Preparada con agujeros para atornillar.<\/li>\n<li><strong>Medidas<\/strong>: 70 cm , 90 cm, 135\u00a0 cm<\/li>\n<li><strong>Modalidades<\/strong>:\n<ul>\n<li style=\"list-style-type: none;\">\n<ul>\n<li>Econ\u00f3mica: No incluye tornillos.<\/li>\n<li>MOPU homologada sin reflectante.<\/li>\n<li>MOPU homologada con reflectante Nivel I, II, III.<\/li>\n<\/ul>\n<\/li>\n<\/ul>\n<\/li>\n<\/ul>\n","protected":false},"excerpt":{"rendered":"<p>Se\u00f1al de tr\u00e1fico de acero TP-18 para obras viales, homologada y crucial para la seguridad al advertir claramente a conductores y peatones en zonas de construcci\u00f3n de carreteras.<\/p>\n","protected":false},"featured_media":937,"comment_status":"open","ping_status":"closed","template":"","meta":[],"product_cat":[44],"product_tag":[],"class_list":{"0":"post-935","1":"product","2":"type-product","3":"status-publish","4":"has-post-thumbnail","6":"product_cat-senalizacion-y-balizamiento","8":"first","9":"instock","10":"shipping-taxable","11":"product-type-simple"},"yoast_head":"<!-- This site is optimized with the Yoast SEO plugin v22.6 - https:\/\/yoast.com\/wordpress\/plugins\/seo\/ -->\n<title>Se\u00f1al Obra TP-18 + tr\u00edpode. Precauci\u00f3n Obras. 70 cm - Careymoa<\/title>\n<meta name=\"description\" content=\"Se\u00f1al de tr\u00e1fico de acero TP-18 para obras viales, homologada y crucial para la seguridad al advertir claramente a conductores y peatones en zonas de construcci\u00f3n de carreteras.\" \/>\n<meta name=\"robots\" content=\"index, follow, max-snippet:-1, max-image-preview:large, max-video-preview:-1\" \/>\n<link rel=\"canonical\" href=\"https:\/\/careymoa.virtualservers.es\/index.php\/producto\/senal-obra-tp-18-tripode-precaucion-obras-70-cm\/\" \/>\n<meta property=\"og:locale\" content=\"es_ES\" \/>\n<meta property=\"og:type\" content=\"article\" \/>\n<meta property=\"og:title\" content=\"Se\u00f1al Obra TP-18 + tr\u00edpode. Precauci\u00f3n Obras. 70 cm - Careymoa\" \/>\n<meta property=\"og:description\" content=\"Se\u00f1al de tr\u00e1fico de acero TP-18 para obras viales, homologada y crucial para la seguridad al advertir claramente a conductores y peatones en zonas de construcci\u00f3n de carreteras.\" \/>\n<meta property=\"og:url\" content=\"https:\/\/careymoa.virtualservers.es\/index.php\/producto\/senal-obra-tp-18-tripode-precaucion-obras-70-cm\/\" \/>\n<meta property=\"og:site_name\" content=\"Careymoa\" \/>\n<meta property=\"article:modified_time\" content=\"2024-06-28T11:49:57+00:00\" \/>\n<meta property=\"og:image\" content=\"https:\/\/careymoa.virtualservers.es\/wp-content\/uploads\/2024\/06\/senales-de-trafico-obras-TP-18.webp\" \/>\n\t<meta property=\"og:image:width\" content=\"800\" \/>\n\t<meta property=\"og:image:height\" content=\"800\" \/>\n\t<meta property=\"og:image:type\" content=\"image\/webp\" \/>\n<meta name=\"twitter:card\" content=\"summary_large_image\" \/>\n<meta name=\"twitter:label1\" content=\"Tiempo de lectura\" \/>\n\t<meta name=\"twitter:data1\" content=\"1 minuto\" \/>\n<script type=\"application\/ld+json\" class=\"yoast-schema-graph\">{\"@context\":\"https:\/\/schema.org\",\"@graph\":[{\"@type\":\"WebPage\",\"@id\":\"https:\/\/careymoa.virtualservers.es\/index.php\/producto\/senal-obra-tp-18-tripode-precaucion-obras-70-cm\/\",\"url\":\"https:\/\/careymoa.virtualservers.es\/index.php\/producto\/senal-obra-tp-18-tripode-precaucion-obras-70-cm\/\",\"name\":\"Se\u00f1al Obra TP-18 + tr\u00edpode. Precauci\u00f3n Obras. 70 cm - Careymoa\",\"isPartOf\":{\"@id\":\"https:\/\/careymoa.virtualservers.es\/#website\"},\"primaryImageOfPage\":{\"@id\":\"https:\/\/careymoa.virtualservers.es\/index.php\/producto\/senal-obra-tp-18-tripode-precaucion-obras-70-cm\/#primaryimage\"},\"image\":{\"@id\":\"https:\/\/careymoa.virtualservers.es\/index.php\/producto\/senal-obra-tp-18-tripode-precaucion-obras-70-cm\/#primaryimage\"},\"thumbnailUrl\":\"https:\/\/careymoa.virtualservers.es\/wp-content\/uploads\/2024\/06\/senales-de-trafico-obras-TP-18.webp\",\"datePublished\":\"2024-06-28T11:43:59+00:00\",\"dateModified\":\"2024-06-28T11:49:57+00:00\",\"description\":\"Se\u00f1al de tr\u00e1fico de acero TP-18 para obras viales, homologada y crucial para la seguridad al advertir claramente a conductores y peatones en zonas de construcci\u00f3n de carreteras.\",\"breadcrumb\":{\"@id\":\"https:\/\/careymoa.virtualservers.es\/index.php\/producto\/senal-obra-tp-18-tripode-precaucion-obras-70-cm\/#breadcrumb\"},\"inLanguage\":\"es\",\"potentialAction\":[{\"@type\":\"ReadAction\",\"target\":[\"https:\/\/careymoa.virtualservers.es\/index.php\/producto\/senal-obra-tp-18-tripode-precaucion-obras-70-cm\/\"]}]},{\"@type\":\"ImageObject\",\"inLanguage\":\"es\",\"@id\":\"https:\/\/careymoa.virtualservers.es\/index.php\/producto\/senal-obra-tp-18-tripode-precaucion-obras-70-cm\/#primaryimage\",\"url\":\"https:\/\/careymoa.virtualservers.es\/wp-content\/uploads\/2024\/06\/senales-de-trafico-obras-TP-18.webp\",\"contentUrl\":\"https:\/\/careymoa.virtualservers.es\/wp-content\/uploads\/2024\/06\/senales-de-trafico-obras-TP-18.webp\",\"width\":800,\"height\":800},{\"@type\":\"BreadcrumbList\",\"@id\":\"https:\/\/careymoa.virtualservers.es\/index.php\/producto\/senal-obra-tp-18-tripode-precaucion-obras-70-cm\/#breadcrumb\",\"itemListElement\":[{\"@type\":\"ListItem\",\"position\":1,\"name\":\"Portada\",\"item\":\"https:\/\/careymoa.virtualservers.es\/\"},{\"@type\":\"ListItem\",\"position\":2,\"name\":\"Tienda\",\"item\":\"https:\/\/careymoa.virtualservers.es\/index.php\/tienda\/\"},{\"@type\":\"ListItem\",\"position\":3,\"name\":\"Se\u00f1al Obra TP-18 + tr\u00edpode. Precauci\u00f3n Obras. 70 cm\"}]},{\"@type\":\"WebSite\",\"@id\":\"https:\/\/careymoa.virtualservers.es\/#website\",\"url\":\"https:\/\/careymoa.virtualservers.es\/\",\"name\":\"Careymoa\",\"description\":\"Empresa de alquiler de maquinaria \",\"publisher\":{\"@id\":\"https:\/\/careymoa.virtualservers.es\/#organization\"},\"potentialAction\":[{\"@type\":\"SearchAction\",\"target\":{\"@type\":\"EntryPoint\",\"urlTemplate\":\"https:\/\/careymoa.virtualservers.es\/?s={search_term_string}\"},\"query-input\":\"required name=search_term_string\"}],\"inLanguage\":\"es\"},{\"@type\":\"Organization\",\"@id\":\"https:\/\/careymoa.virtualservers.es\/#organization\",\"name\":\"Careymoa\",\"url\":\"https:\/\/careymoa.virtualservers.es\/\",\"logo\":{\"@type\":\"ImageObject\",\"inLanguage\":\"es\",\"@id\":\"https:\/\/careymoa.virtualservers.es\/#\/schema\/logo\/image\/\",\"url\":\"https:\/\/careymoa.virtualservers.es\/wp-content\/uploads\/2024\/05\/cropped-image002.png\",\"contentUrl\":\"https:\/\/careymoa.virtualservers.es\/wp-content\/uploads\/2024\/05\/cropped-image002.png\",\"width\":374,\"height\":148,\"caption\":\"Careymoa\"},\"image\":{\"@id\":\"https:\/\/careymoa.virtualservers.es\/#\/schema\/logo\/image\/\"}}]}<\/script>\n<!-- \/ Yoast SEO plugin. -->","yoast_head_json":{"title":"Se\u00f1al Obra TP-18 + tr\u00edpode. Precauci\u00f3n Obras. 70 cm - Careymoa","description":"Se\u00f1al de tr\u00e1fico de acero TP-18 para obras viales, homologada y crucial para la seguridad al advertir claramente a conductores y peatones en zonas de construcci\u00f3n de carreteras.","robots":{"index":"index","follow":"follow","max-snippet":"max-snippet:-1","max-image-preview":"max-image-preview:large","max-video-preview":"max-video-preview:-1"},"canonical":"https:\/\/careymoa.virtualservers.es\/index.php\/producto\/senal-obra-tp-18-tripode-precaucion-obras-70-cm\/","og_locale":"es_ES","og_type":"article","og_title":"Se\u00f1al Obra TP-18 + tr\u00edpode. Precauci\u00f3n Obras. 70 cm - Careymoa","og_description":"Se\u00f1al de tr\u00e1fico de acero TP-18 para obras viales, homologada y crucial para la seguridad al advertir claramente a conductores y peatones en zonas de construcci\u00f3n de carreteras.","og_url":"https:\/\/careymoa.virtualservers.es\/index.php\/producto\/senal-obra-tp-18-tripode-precaucion-obras-70-cm\/","og_site_name":"Careymoa","article_modified_time":"2024-06-28T11:49:57+00:00","og_image":[{"width":800,"height":800,"url":"https:\/\/careymoa.virtualservers.es\/wp-content\/uploads\/2024\/06\/senales-de-trafico-obras-TP-18.webp","type":"image\/webp"}],"twitter_card":"summary_large_image","twitter_misc":{"Tiempo de lectura":"1 minuto"},"schema":{"@context":"https:\/\/schema.org","@graph":[{"@type":"WebPage","@id":"https:\/\/careymoa.virtualservers.es\/index.php\/producto\/senal-obra-tp-18-tripode-precaucion-obras-70-cm\/","url":"https:\/\/careymoa.virtualservers.es\/index.php\/producto\/senal-obra-tp-18-tripode-precaucion-obras-70-cm\/","name":"Se\u00f1al Obra TP-18 + tr\u00edpode. Precauci\u00f3n Obras. 70 cm - Careymoa","isPartOf":{"@id":"https:\/\/careymoa.virtualservers.es\/#website"},"primaryImageOfPage":{"@id":"https:\/\/careymoa.virtualservers.es\/index.php\/producto\/senal-obra-tp-18-tripode-precaucion-obras-70-cm\/#primaryimage"},"image":{"@id":"https:\/\/careymoa.virtualservers.es\/index.php\/producto\/senal-obra-tp-18-tripode-precaucion-obras-70-cm\/#primaryimage"},"thumbnailUrl":"https:\/\/careymoa.virtualservers.es\/wp-content\/uploads\/2024\/06\/senales-de-trafico-obras-TP-18.webp","datePublished":"2024-06-28T11:43:59+00:00","dateModified":"2024-06-28T11:49:57+00:00","description":"Se\u00f1al de tr\u00e1fico de acero TP-18 para obras viales, homologada y crucial para la seguridad al advertir claramente a conductores y peatones en zonas de construcci\u00f3n de carreteras.","breadcrumb":{"@id":"https:\/\/careymoa.virtualservers.es\/index.php\/producto\/senal-obra-tp-18-tripode-precaucion-obras-70-cm\/#breadcrumb"},"inLanguage":"es","potentialAction":[{"@type":"ReadAction","target":["https:\/\/careymoa.virtualservers.es\/index.php\/producto\/senal-obra-tp-18-tripode-precaucion-obras-70-cm\/"]}]},{"@type":"ImageObject","inLanguage":"es","@id":"https:\/\/careymoa.virtualservers.es\/index.php\/producto\/senal-obra-tp-18-tripode-precaucion-obras-70-cm\/#primaryimage","url":"https:\/\/careymoa.virtualservers.es\/wp-content\/uploads\/2024\/06\/senales-de-trafico-obras-TP-18.webp","contentUrl":"https:\/\/careymoa.virtualservers.es\/wp-content\/uploads\/2024\/06\/senales-de-trafico-obras-TP-18.webp","width":800,"height":800},{"@type":"BreadcrumbList","@id":"https:\/\/careymoa.virtualservers.es\/index.php\/producto\/senal-obra-tp-18-tripode-precaucion-obras-70-cm\/#breadcrumb","itemListElement":[{"@type":"ListItem","position":1,"name":"Portada","item":"https:\/\/careymoa.virtualservers.es\/"},{"@type":"ListItem","position":2,"name":"Tienda","item":"https:\/\/careymoa.virtualservers.es\/index.php\/tienda\/"},{"@type":"ListItem","position":3,"name":"Se\u00f1al Obra TP-18 + tr\u00edpode. Precauci\u00f3n Obras. 70 cm"}]},{"@type":"WebSite","@id":"https:\/\/careymoa.virtualservers.es\/#website","url":"https:\/\/careymoa.virtualservers.es\/","name":"Careymoa","description":"Empresa de alquiler de maquinaria ","publisher":{"@id":"https:\/\/careymoa.virtualservers.es\/#organization"},"potentialAction":[{"@type":"SearchAction","target":{"@type":"EntryPoint","urlTemplate":"https:\/\/careymoa.virtualservers.es\/?s={search_term_string}"},"query-input":"required name=search_term_string"}],"inLanguage":"es"},{"@type":"Organization","@id":"https:\/\/careymoa.virtualservers.es\/#organization","name":"Careymoa","url":"https:\/\/careymoa.virtualservers.es\/","logo":{"@type":"ImageObject","inLanguage":"es","@id":"https:\/\/careymoa.virtualservers.es\/#\/schema\/logo\/image\/","url":"https:\/\/careymoa.virtualservers.es\/wp-content\/uploads\/2024\/05\/cropped-image002.png","contentUrl":"https:\/\/careymoa.virtualservers.es\/wp-content\/uploads\/2024\/05\/cropped-image002.png","width":374,"height":148,"caption":"Careymoa"},"image":{"@id":"https:\/\/careymoa.virtualservers.es\/#\/schema\/logo\/image\/"}}]}},"_links":{"self":[{"href":"https:\/\/careymoa.virtualservers.es\/index.php\/wp-json\/wp\/v2\/product\/935","targetHints":{"allow":["GET"]}}],"collection":[{"href":"https:\/\/careymoa.virtualservers.es\/index.php\/wp-json\/wp\/v2\/product"}],"about":[{"href":"https:\/\/careymoa.virtualservers.es\/index.php\/wp-json\/wp\/v2\/types\/product"}],"replies":[{"embeddable":true,"href":"https:\/\/careymoa.virtualservers.es\/index.php\/wp-json\/wp\/v2\/comments?post=935"}],"wp:featuredmedia":[{"embeddable":true,"href":"https:\/\/careymoa.virtualservers.es\/index.php\/wp-json\/wp\/v2\/media\/937"}],"wp:attachment":[{"href":"https:\/\/careymoa.virtualservers.es\/index.php\/wp-json\/wp\/v2\/media?parent=935"}],"wp:term":[{"taxonomy":"product_cat","embeddable":true,"href":"https:\/\/careymoa.virtualservers.es\/index.php\/wp-json\/wp\/v2\/product_cat?post=935"},{"taxonomy":"product_tag","embeddable":true,"href":"https:\/\/careymoa.virtualservers.es\/index.php\/wp-json\/wp\/v2\/product_tag?post=935"}],"curies":[{"name":"wp","href":"https:\/\/api.w.org\/{rel}","templated":true}]}}