{"id":922,"date":"2024-06-28T11:44:55","date_gmt":"2024-06-28T11:44:55","guid":{"rendered":"https:\/\/careymoa.virtualservers.es\/?post_type=product&#038;p=922"},"modified":"2024-06-28T11:56:32","modified_gmt":"2024-06-28T11:56:32","slug":"contenedor-plastico-1200x1200x760-con-tapa","status":"publish","type":"product","link":"https:\/\/careymoa.virtualservers.es\/index.php\/producto\/contenedor-plastico-1200x1200x760-con-tapa\/","title":{"rendered":"Contenedor pl\u00e1stico 1200x1200x760 con tapa"},"content":{"rendered":"<div class=\"flex flex-grow flex-col max-w-full\">\n<div class=\"min-h-[20px] text-message flex flex-col items-start whitespace-pre-wrap break-words [.text-message+&amp;]:mt-5 juice:w-full juice:items-end overflow-x-auto gap-2\" dir=\"auto\" data-message-author-role=\"assistant\" data-message-id=\"35819e89-b771-44bf-a011-055348d896a2\">\n<div class=\"flex w-full flex-col gap-1 juice:empty:hidden juice:first:pt-[3px]\">\n<div class=\"markdown prose w-full break-words dark:prose-invert dark\">\n<p>El contenedor ranurado est\u00e1 fabricado en polietileno de alta densidad, resistente a los rayos UV para proporcionar una alta resistencia contra impactos, apilado y variaciones de temperatura. Es estable en cuanto a sus dimensiones y peso, fabricado con materiales no t\u00f3xicos y apto para contacto alimentario. Puede ser manejado f\u00e1cilmente con transpaletas, carretillas elevadoras y volteadores. Tiene una capacidad de 780 litros y se entrega en un plazo de 10 d\u00edas h\u00e1biles, con dimensiones de 760 mm de alto, 1200 mm de fondo y 1200 mm de ancho.<\/p>\n<\/div>\n<\/div>\n<\/div>\n<\/div>\n","protected":false},"excerpt":{"rendered":"<div class=\"flex flex-grow flex-col max-w-full\">\n<div class=\"min-h-[20px] text-message flex flex-col items-start whitespace-pre-wrap break-words [.text-message+&amp;]:mt-5 juice:w-full juice:items-end overflow-x-auto gap-2\" dir=\"auto\" data-message-author-role=\"assistant\" data-message-id=\"cf8c8153-9ec0-4548-804d-2c79d1628731\">\n<div class=\"flex w-full flex-col gap-1 juice:empty:hidden juice:first:pt-[3px]\">\n<div class=\"markdown prose w-full break-words dark:prose-invert dark\">\n<p>El contenedor ranurado de polietileno de alta densidad es resistente a UV, impactos y cambios de temperatura. Seguro para contacto alimentario y f\u00e1cil de manejar con transpaletas y carretillas elevadoras. Capacidad: 780 litros. Entrega en 10 d\u00edas h\u00e1biles.<\/p>\n<\/div>\n<\/div>\n<\/div>\n<\/div>\n","protected":false},"featured_media":946,"comment_status":"open","ping_status":"closed","template":"","meta":[],"product_cat":[32],"product_tag":[],"class_list":{"0":"post-922","1":"product","2":"type-product","3":"status-publish","4":"has-post-thumbnail","6":"product_cat-medios-auxiliares","8":"first","9":"instock","10":"shipping-taxable","11":"product-type-simple"},"yoast_head":"<!-- This site is optimized with the Yoast SEO plugin v22.6 - https:\/\/yoast.com\/wordpress\/plugins\/seo\/ -->\n<title>Contenedor pl\u00e1stico 1200x1200x760 con tapa - Careymoa<\/title>\n<meta name=\"description\" content=\"El contenedor ranurado de polietileno de alta densidad es resistente a UV, impactos y cambios de temperatura. Seguro para contacto alimentario y f\u00e1cil de manejar con transpaletas y carretillas elevadoras. Capacidad: 780 litros. Entrega en 10 d\u00edas h\u00e1biles.\" \/>\n<meta name=\"robots\" content=\"index, follow, max-snippet:-1, max-image-preview:large, max-video-preview:-1\" \/>\n<link rel=\"canonical\" href=\"https:\/\/careymoa.virtualservers.es\/index.php\/producto\/contenedor-plastico-1200x1200x760-con-tapa\/\" \/>\n<meta property=\"og:locale\" content=\"es_ES\" \/>\n<meta property=\"og:type\" content=\"article\" \/>\n<meta property=\"og:title\" content=\"Contenedor pl\u00e1stico 1200x1200x760 con tapa - Careymoa\" \/>\n<meta property=\"og:description\" content=\"El contenedor ranurado de polietileno de alta densidad es resistente a UV, impactos y cambios de temperatura. Seguro para contacto alimentario y f\u00e1cil de manejar con transpaletas y carretillas elevadoras. Capacidad: 780 litros. Entrega en 10 d\u00edas h\u00e1biles.\" \/>\n<meta property=\"og:url\" content=\"https:\/\/careymoa.virtualservers.es\/index.php\/producto\/contenedor-plastico-1200x1200x760-con-tapa\/\" \/>\n<meta property=\"og:site_name\" content=\"Careymoa\" \/>\n<meta property=\"article:modified_time\" content=\"2024-06-28T11:56:32+00:00\" \/>\n<meta property=\"og:image\" content=\"https:\/\/careymoa.virtualservers.es\/wp-content\/uploads\/2024\/06\/20150326130030-852.png\" \/>\n\t<meta property=\"og:image:width\" content=\"540\" \/>\n\t<meta property=\"og:image:height\" content=\"400\" \/>\n\t<meta property=\"og:image:type\" content=\"image\/png\" \/>\n<meta name=\"twitter:card\" content=\"summary_large_image\" \/>\n<meta name=\"twitter:label1\" content=\"Tiempo de lectura\" \/>\n\t<meta name=\"twitter:data1\" content=\"1 minuto\" \/>\n<script type=\"application\/ld+json\" class=\"yoast-schema-graph\">{\"@context\":\"https:\/\/schema.org\",\"@graph\":[{\"@type\":\"WebPage\",\"@id\":\"https:\/\/careymoa.virtualservers.es\/index.php\/producto\/contenedor-plastico-1200x1200x760-con-tapa\/\",\"url\":\"https:\/\/careymoa.virtualservers.es\/index.php\/producto\/contenedor-plastico-1200x1200x760-con-tapa\/\",\"name\":\"Contenedor pl\u00e1stico 1200x1200x760 con tapa - Careymoa\",\"isPartOf\":{\"@id\":\"https:\/\/careymoa.virtualservers.es\/#website\"},\"primaryImageOfPage\":{\"@id\":\"https:\/\/careymoa.virtualservers.es\/index.php\/producto\/contenedor-plastico-1200x1200x760-con-tapa\/#primaryimage\"},\"image\":{\"@id\":\"https:\/\/careymoa.virtualservers.es\/index.php\/producto\/contenedor-plastico-1200x1200x760-con-tapa\/#primaryimage\"},\"thumbnailUrl\":\"https:\/\/careymoa.virtualservers.es\/wp-content\/uploads\/2024\/06\/20150326130030-852.png\",\"datePublished\":\"2024-06-28T11:44:55+00:00\",\"dateModified\":\"2024-06-28T11:56:32+00:00\",\"description\":\"El contenedor ranurado de polietileno de alta densidad es resistente a UV, impactos y cambios de temperatura. Seguro para contacto alimentario y f\u00e1cil de manejar con transpaletas y carretillas elevadoras. Capacidad: 780 litros. Entrega en 10 d\u00edas h\u00e1biles.\",\"breadcrumb\":{\"@id\":\"https:\/\/careymoa.virtualservers.es\/index.php\/producto\/contenedor-plastico-1200x1200x760-con-tapa\/#breadcrumb\"},\"inLanguage\":\"es\",\"potentialAction\":[{\"@type\":\"ReadAction\",\"target\":[\"https:\/\/careymoa.virtualservers.es\/index.php\/producto\/contenedor-plastico-1200x1200x760-con-tapa\/\"]}]},{\"@type\":\"ImageObject\",\"inLanguage\":\"es\",\"@id\":\"https:\/\/careymoa.virtualservers.es\/index.php\/producto\/contenedor-plastico-1200x1200x760-con-tapa\/#primaryimage\",\"url\":\"https:\/\/careymoa.virtualservers.es\/wp-content\/uploads\/2024\/06\/20150326130030-852.png\",\"contentUrl\":\"https:\/\/careymoa.virtualservers.es\/wp-content\/uploads\/2024\/06\/20150326130030-852.png\",\"width\":540,\"height\":400},{\"@type\":\"BreadcrumbList\",\"@id\":\"https:\/\/careymoa.virtualservers.es\/index.php\/producto\/contenedor-plastico-1200x1200x760-con-tapa\/#breadcrumb\",\"itemListElement\":[{\"@type\":\"ListItem\",\"position\":1,\"name\":\"Portada\",\"item\":\"https:\/\/careymoa.virtualservers.es\/\"},{\"@type\":\"ListItem\",\"position\":2,\"name\":\"Tienda\",\"item\":\"https:\/\/careymoa.virtualservers.es\/index.php\/tienda\/\"},{\"@type\":\"ListItem\",\"position\":3,\"name\":\"Contenedor pl\u00e1stico 1200x1200x760 con tapa\"}]},{\"@type\":\"WebSite\",\"@id\":\"https:\/\/careymoa.virtualservers.es\/#website\",\"url\":\"https:\/\/careymoa.virtualservers.es\/\",\"name\":\"Careymoa\",\"description\":\"Empresa de alquiler de maquinaria \",\"publisher\":{\"@id\":\"https:\/\/careymoa.virtualservers.es\/#organization\"},\"potentialAction\":[{\"@type\":\"SearchAction\",\"target\":{\"@type\":\"EntryPoint\",\"urlTemplate\":\"https:\/\/careymoa.virtualservers.es\/?s={search_term_string}\"},\"query-input\":\"required name=search_term_string\"}],\"inLanguage\":\"es\"},{\"@type\":\"Organization\",\"@id\":\"https:\/\/careymoa.virtualservers.es\/#organization\",\"name\":\"Careymoa\",\"url\":\"https:\/\/careymoa.virtualservers.es\/\",\"logo\":{\"@type\":\"ImageObject\",\"inLanguage\":\"es\",\"@id\":\"https:\/\/careymoa.virtualservers.es\/#\/schema\/logo\/image\/\",\"url\":\"https:\/\/careymoa.virtualservers.es\/wp-content\/uploads\/2024\/05\/cropped-image002.png\",\"contentUrl\":\"https:\/\/careymoa.virtualservers.es\/wp-content\/uploads\/2024\/05\/cropped-image002.png\",\"width\":374,\"height\":148,\"caption\":\"Careymoa\"},\"image\":{\"@id\":\"https:\/\/careymoa.virtualservers.es\/#\/schema\/logo\/image\/\"}}]}<\/script>\n<!-- \/ Yoast SEO plugin. -->","yoast_head_json":{"title":"Contenedor pl\u00e1stico 1200x1200x760 con tapa - Careymoa","description":"El contenedor ranurado de polietileno de alta densidad es resistente a UV, impactos y cambios de temperatura. Seguro para contacto alimentario y f\u00e1cil de manejar con transpaletas y carretillas elevadoras. Capacidad: 780 litros. Entrega en 10 d\u00edas h\u00e1biles.","robots":{"index":"index","follow":"follow","max-snippet":"max-snippet:-1","max-image-preview":"max-image-preview:large","max-video-preview":"max-video-preview:-1"},"canonical":"https:\/\/careymoa.virtualservers.es\/index.php\/producto\/contenedor-plastico-1200x1200x760-con-tapa\/","og_locale":"es_ES","og_type":"article","og_title":"Contenedor pl\u00e1stico 1200x1200x760 con tapa - Careymoa","og_description":"El contenedor ranurado de polietileno de alta densidad es resistente a UV, impactos y cambios de temperatura. Seguro para contacto alimentario y f\u00e1cil de manejar con transpaletas y carretillas elevadoras. Capacidad: 780 litros. Entrega en 10 d\u00edas h\u00e1biles.","og_url":"https:\/\/careymoa.virtualservers.es\/index.php\/producto\/contenedor-plastico-1200x1200x760-con-tapa\/","og_site_name":"Careymoa","article_modified_time":"2024-06-28T11:56:32+00:00","og_image":[{"width":540,"height":400,"url":"https:\/\/careymoa.virtualservers.es\/wp-content\/uploads\/2024\/06\/20150326130030-852.png","type":"image\/png"}],"twitter_card":"summary_large_image","twitter_misc":{"Tiempo de lectura":"1 minuto"},"schema":{"@context":"https:\/\/schema.org","@graph":[{"@type":"WebPage","@id":"https:\/\/careymoa.virtualservers.es\/index.php\/producto\/contenedor-plastico-1200x1200x760-con-tapa\/","url":"https:\/\/careymoa.virtualservers.es\/index.php\/producto\/contenedor-plastico-1200x1200x760-con-tapa\/","name":"Contenedor pl\u00e1stico 1200x1200x760 con tapa - Careymoa","isPartOf":{"@id":"https:\/\/careymoa.virtualservers.es\/#website"},"primaryImageOfPage":{"@id":"https:\/\/careymoa.virtualservers.es\/index.php\/producto\/contenedor-plastico-1200x1200x760-con-tapa\/#primaryimage"},"image":{"@id":"https:\/\/careymoa.virtualservers.es\/index.php\/producto\/contenedor-plastico-1200x1200x760-con-tapa\/#primaryimage"},"thumbnailUrl":"https:\/\/careymoa.virtualservers.es\/wp-content\/uploads\/2024\/06\/20150326130030-852.png","datePublished":"2024-06-28T11:44:55+00:00","dateModified":"2024-06-28T11:56:32+00:00","description":"El contenedor ranurado de polietileno de alta densidad es resistente a UV, impactos y cambios de temperatura. Seguro para contacto alimentario y f\u00e1cil de manejar con transpaletas y carretillas elevadoras. Capacidad: 780 litros. Entrega en 10 d\u00edas h\u00e1biles.","breadcrumb":{"@id":"https:\/\/careymoa.virtualservers.es\/index.php\/producto\/contenedor-plastico-1200x1200x760-con-tapa\/#breadcrumb"},"inLanguage":"es","potentialAction":[{"@type":"ReadAction","target":["https:\/\/careymoa.virtualservers.es\/index.php\/producto\/contenedor-plastico-1200x1200x760-con-tapa\/"]}]},{"@type":"ImageObject","inLanguage":"es","@id":"https:\/\/careymoa.virtualservers.es\/index.php\/producto\/contenedor-plastico-1200x1200x760-con-tapa\/#primaryimage","url":"https:\/\/careymoa.virtualservers.es\/wp-content\/uploads\/2024\/06\/20150326130030-852.png","contentUrl":"https:\/\/careymoa.virtualservers.es\/wp-content\/uploads\/2024\/06\/20150326130030-852.png","width":540,"height":400},{"@type":"BreadcrumbList","@id":"https:\/\/careymoa.virtualservers.es\/index.php\/producto\/contenedor-plastico-1200x1200x760-con-tapa\/#breadcrumb","itemListElement":[{"@type":"ListItem","position":1,"name":"Portada","item":"https:\/\/careymoa.virtualservers.es\/"},{"@type":"ListItem","position":2,"name":"Tienda","item":"https:\/\/careymoa.virtualservers.es\/index.php\/tienda\/"},{"@type":"ListItem","position":3,"name":"Contenedor pl\u00e1stico 1200x1200x760 con tapa"}]},{"@type":"WebSite","@id":"https:\/\/careymoa.virtualservers.es\/#website","url":"https:\/\/careymoa.virtualservers.es\/","name":"Careymoa","description":"Empresa de alquiler de maquinaria ","publisher":{"@id":"https:\/\/careymoa.virtualservers.es\/#organization"},"potentialAction":[{"@type":"SearchAction","target":{"@type":"EntryPoint","urlTemplate":"https:\/\/careymoa.virtualservers.es\/?s={search_term_string}"},"query-input":"required name=search_term_string"}],"inLanguage":"es"},{"@type":"Organization","@id":"https:\/\/careymoa.virtualservers.es\/#organization","name":"Careymoa","url":"https:\/\/careymoa.virtualservers.es\/","logo":{"@type":"ImageObject","inLanguage":"es","@id":"https:\/\/careymoa.virtualservers.es\/#\/schema\/logo\/image\/","url":"https:\/\/careymoa.virtualservers.es\/wp-content\/uploads\/2024\/05\/cropped-image002.png","contentUrl":"https:\/\/careymoa.virtualservers.es\/wp-content\/uploads\/2024\/05\/cropped-image002.png","width":374,"height":148,"caption":"Careymoa"},"image":{"@id":"https:\/\/careymoa.virtualservers.es\/#\/schema\/logo\/image\/"}}]}},"_links":{"self":[{"href":"https:\/\/careymoa.virtualservers.es\/index.php\/wp-json\/wp\/v2\/product\/922","targetHints":{"allow":["GET"]}}],"collection":[{"href":"https:\/\/careymoa.virtualservers.es\/index.php\/wp-json\/wp\/v2\/product"}],"about":[{"href":"https:\/\/careymoa.virtualservers.es\/index.php\/wp-json\/wp\/v2\/types\/product"}],"replies":[{"embeddable":true,"href":"https:\/\/careymoa.virtualservers.es\/index.php\/wp-json\/wp\/v2\/comments?post=922"}],"wp:featuredmedia":[{"embeddable":true,"href":"https:\/\/careymoa.virtualservers.es\/index.php\/wp-json\/wp\/v2\/media\/946"}],"wp:attachment":[{"href":"https:\/\/careymoa.virtualservers.es\/index.php\/wp-json\/wp\/v2\/media?parent=922"}],"wp:term":[{"taxonomy":"product_cat","embeddable":true,"href":"https:\/\/careymoa.virtualservers.es\/index.php\/wp-json\/wp\/v2\/product_cat?post=922"},{"taxonomy":"product_tag","embeddable":true,"href":"https:\/\/careymoa.virtualservers.es\/index.php\/wp-json\/wp\/v2\/product_tag?post=922"}],"curies":[{"name":"wp","href":"https:\/\/api.w.org\/{rel}","templated":true}]}}