{"id":916,"date":"2024-06-28T11:29:23","date_gmt":"2024-06-28T11:29:23","guid":{"rendered":"https:\/\/careymoa.virtualservers.es\/?post_type=product&#038;p=916"},"modified":"2024-06-28T11:30:09","modified_gmt":"2024-06-28T11:30:09","slug":"new-jersey-de-80-cm-blanca","status":"publish","type":"product","link":"https:\/\/careymoa.virtualservers.es\/index.php\/producto\/new-jersey-de-80-cm-blanca\/","title":{"rendered":"New jersey de 80 cm Blanca"},"content":{"rendered":"<p>Barrera vial de pl\u00e1stico de 80 cm blanca: Dise\u00f1ada para ser utilizada en desv\u00edos, \u00e1reas de trabajo, eventos viales y para delimitar la superficie de rodamiento. Su objetivo es asegurar que conductores, peatones y trabajadores puedan circular de manera segura y fluida. La cantidad y ubicaci\u00f3n de estas barreras dependen del tipo de v\u00eda y del proyecto en ejecuci\u00f3n, asegurando as\u00ed la protecci\u00f3n adecuada en entornos viales din\u00e1micos y cambiantes.<\/p>\n","protected":false},"excerpt":{"rendered":"<p>Barrera vial de pl\u00e1stico de 80 cm blanca para desv\u00edos, \u00e1reas de trabajo y eventos viales, asegurando la seguridad y fluidez de conductores y peatones. Su colocaci\u00f3n var\u00eda seg\u00fan el tipo de v\u00eda y proyecto en curso.<\/p>\n","protected":false},"featured_media":917,"comment_status":"open","ping_status":"closed","template":"","meta":[],"product_cat":[44],"product_tag":[],"class_list":{"0":"post-916","1":"product","2":"type-product","3":"status-publish","4":"has-post-thumbnail","6":"product_cat-senalizacion-y-balizamiento","8":"first","9":"instock","10":"shipping-taxable","11":"product-type-simple"},"yoast_head":"<!-- This site is optimized with the Yoast SEO plugin v22.6 - https:\/\/yoast.com\/wordpress\/plugins\/seo\/ -->\n<title>New jersey de 80 cm Blanca - Careymoa<\/title>\n<meta name=\"description\" content=\"Barrera vial de pl\u00e1stico de 80 cm blanca para desv\u00edos, \u00e1reas de trabajo y eventos viales, asegurando la seguridad y fluidez de conductores y peatones. Su colocaci\u00f3n var\u00eda seg\u00fan el tipo de v\u00eda y proyecto en curso.\" \/>\n<meta name=\"robots\" content=\"index, follow, max-snippet:-1, max-image-preview:large, max-video-preview:-1\" \/>\n<link rel=\"canonical\" href=\"https:\/\/careymoa.virtualservers.es\/index.php\/producto\/new-jersey-de-80-cm-blanca\/\" \/>\n<meta property=\"og:locale\" content=\"es_ES\" \/>\n<meta property=\"og:type\" content=\"article\" \/>\n<meta property=\"og:title\" content=\"New jersey de 80 cm Blanca - Careymoa\" \/>\n<meta property=\"og:description\" content=\"Barrera vial de pl\u00e1stico de 80 cm blanca para desv\u00edos, \u00e1reas de trabajo y eventos viales, asegurando la seguridad y fluidez de conductores y peatones. Su colocaci\u00f3n var\u00eda seg\u00fan el tipo de v\u00eda y proyecto en curso.\" \/>\n<meta property=\"og:url\" content=\"https:\/\/careymoa.virtualservers.es\/index.php\/producto\/new-jersey-de-80-cm-blanca\/\" \/>\n<meta property=\"og:site_name\" content=\"Careymoa\" \/>\n<meta property=\"article:modified_time\" content=\"2024-06-28T11:30:09+00:00\" \/>\n<meta property=\"og:image\" content=\"https:\/\/careymoa.virtualservers.es\/wp-content\/uploads\/2024\/06\/barrera-new-jersey-80-cms-blanca.jpg\" \/>\n\t<meta property=\"og:image:width\" content=\"1000\" \/>\n\t<meta property=\"og:image:height\" content=\"1000\" \/>\n\t<meta property=\"og:image:type\" content=\"image\/jpeg\" \/>\n<meta name=\"twitter:card\" content=\"summary_large_image\" \/>\n<meta name=\"twitter:label1\" content=\"Tiempo de lectura\" \/>\n\t<meta name=\"twitter:data1\" content=\"1 minuto\" \/>\n<script type=\"application\/ld+json\" class=\"yoast-schema-graph\">{\"@context\":\"https:\/\/schema.org\",\"@graph\":[{\"@type\":\"WebPage\",\"@id\":\"https:\/\/careymoa.virtualservers.es\/index.php\/producto\/new-jersey-de-80-cm-blanca\/\",\"url\":\"https:\/\/careymoa.virtualservers.es\/index.php\/producto\/new-jersey-de-80-cm-blanca\/\",\"name\":\"New jersey de 80 cm Blanca - Careymoa\",\"isPartOf\":{\"@id\":\"https:\/\/careymoa.virtualservers.es\/#website\"},\"primaryImageOfPage\":{\"@id\":\"https:\/\/careymoa.virtualservers.es\/index.php\/producto\/new-jersey-de-80-cm-blanca\/#primaryimage\"},\"image\":{\"@id\":\"https:\/\/careymoa.virtualservers.es\/index.php\/producto\/new-jersey-de-80-cm-blanca\/#primaryimage\"},\"thumbnailUrl\":\"https:\/\/careymoa.virtualservers.es\/wp-content\/uploads\/2024\/06\/barrera-new-jersey-80-cms-blanca.jpg\",\"datePublished\":\"2024-06-28T11:29:23+00:00\",\"dateModified\":\"2024-06-28T11:30:09+00:00\",\"description\":\"Barrera vial de pl\u00e1stico de 80 cm blanca para desv\u00edos, \u00e1reas de trabajo y eventos viales, asegurando la seguridad y fluidez de conductores y peatones. Su colocaci\u00f3n var\u00eda seg\u00fan el tipo de v\u00eda y proyecto en curso.\",\"breadcrumb\":{\"@id\":\"https:\/\/careymoa.virtualservers.es\/index.php\/producto\/new-jersey-de-80-cm-blanca\/#breadcrumb\"},\"inLanguage\":\"es\",\"potentialAction\":[{\"@type\":\"ReadAction\",\"target\":[\"https:\/\/careymoa.virtualservers.es\/index.php\/producto\/new-jersey-de-80-cm-blanca\/\"]}]},{\"@type\":\"ImageObject\",\"inLanguage\":\"es\",\"@id\":\"https:\/\/careymoa.virtualservers.es\/index.php\/producto\/new-jersey-de-80-cm-blanca\/#primaryimage\",\"url\":\"https:\/\/careymoa.virtualservers.es\/wp-content\/uploads\/2024\/06\/barrera-new-jersey-80-cms-blanca.jpg\",\"contentUrl\":\"https:\/\/careymoa.virtualservers.es\/wp-content\/uploads\/2024\/06\/barrera-new-jersey-80-cms-blanca.jpg\",\"width\":1000,\"height\":1000},{\"@type\":\"BreadcrumbList\",\"@id\":\"https:\/\/careymoa.virtualservers.es\/index.php\/producto\/new-jersey-de-80-cm-blanca\/#breadcrumb\",\"itemListElement\":[{\"@type\":\"ListItem\",\"position\":1,\"name\":\"Portada\",\"item\":\"https:\/\/careymoa.virtualservers.es\/\"},{\"@type\":\"ListItem\",\"position\":2,\"name\":\"Tienda\",\"item\":\"https:\/\/careymoa.virtualservers.es\/index.php\/tienda\/\"},{\"@type\":\"ListItem\",\"position\":3,\"name\":\"New jersey de 80 cm Blanca\"}]},{\"@type\":\"WebSite\",\"@id\":\"https:\/\/careymoa.virtualservers.es\/#website\",\"url\":\"https:\/\/careymoa.virtualservers.es\/\",\"name\":\"Careymoa\",\"description\":\"Empresa de alquiler de maquinaria \",\"publisher\":{\"@id\":\"https:\/\/careymoa.virtualservers.es\/#organization\"},\"potentialAction\":[{\"@type\":\"SearchAction\",\"target\":{\"@type\":\"EntryPoint\",\"urlTemplate\":\"https:\/\/careymoa.virtualservers.es\/?s={search_term_string}\"},\"query-input\":\"required name=search_term_string\"}],\"inLanguage\":\"es\"},{\"@type\":\"Organization\",\"@id\":\"https:\/\/careymoa.virtualservers.es\/#organization\",\"name\":\"Careymoa\",\"url\":\"https:\/\/careymoa.virtualservers.es\/\",\"logo\":{\"@type\":\"ImageObject\",\"inLanguage\":\"es\",\"@id\":\"https:\/\/careymoa.virtualservers.es\/#\/schema\/logo\/image\/\",\"url\":\"https:\/\/careymoa.virtualservers.es\/wp-content\/uploads\/2024\/05\/cropped-image002.png\",\"contentUrl\":\"https:\/\/careymoa.virtualservers.es\/wp-content\/uploads\/2024\/05\/cropped-image002.png\",\"width\":374,\"height\":148,\"caption\":\"Careymoa\"},\"image\":{\"@id\":\"https:\/\/careymoa.virtualservers.es\/#\/schema\/logo\/image\/\"}}]}<\/script>\n<!-- \/ Yoast SEO plugin. -->","yoast_head_json":{"title":"New jersey de 80 cm Blanca - Careymoa","description":"Barrera vial de pl\u00e1stico de 80 cm blanca para desv\u00edos, \u00e1reas de trabajo y eventos viales, asegurando la seguridad y fluidez de conductores y peatones. Su colocaci\u00f3n var\u00eda seg\u00fan el tipo de v\u00eda y proyecto en curso.","robots":{"index":"index","follow":"follow","max-snippet":"max-snippet:-1","max-image-preview":"max-image-preview:large","max-video-preview":"max-video-preview:-1"},"canonical":"https:\/\/careymoa.virtualservers.es\/index.php\/producto\/new-jersey-de-80-cm-blanca\/","og_locale":"es_ES","og_type":"article","og_title":"New jersey de 80 cm Blanca - Careymoa","og_description":"Barrera vial de pl\u00e1stico de 80 cm blanca para desv\u00edos, \u00e1reas de trabajo y eventos viales, asegurando la seguridad y fluidez de conductores y peatones. Su colocaci\u00f3n var\u00eda seg\u00fan el tipo de v\u00eda y proyecto en curso.","og_url":"https:\/\/careymoa.virtualservers.es\/index.php\/producto\/new-jersey-de-80-cm-blanca\/","og_site_name":"Careymoa","article_modified_time":"2024-06-28T11:30:09+00:00","og_image":[{"width":1000,"height":1000,"url":"https:\/\/careymoa.virtualservers.es\/wp-content\/uploads\/2024\/06\/barrera-new-jersey-80-cms-blanca.jpg","type":"image\/jpeg"}],"twitter_card":"summary_large_image","twitter_misc":{"Tiempo de lectura":"1 minuto"},"schema":{"@context":"https:\/\/schema.org","@graph":[{"@type":"WebPage","@id":"https:\/\/careymoa.virtualservers.es\/index.php\/producto\/new-jersey-de-80-cm-blanca\/","url":"https:\/\/careymoa.virtualservers.es\/index.php\/producto\/new-jersey-de-80-cm-blanca\/","name":"New jersey de 80 cm Blanca - Careymoa","isPartOf":{"@id":"https:\/\/careymoa.virtualservers.es\/#website"},"primaryImageOfPage":{"@id":"https:\/\/careymoa.virtualservers.es\/index.php\/producto\/new-jersey-de-80-cm-blanca\/#primaryimage"},"image":{"@id":"https:\/\/careymoa.virtualservers.es\/index.php\/producto\/new-jersey-de-80-cm-blanca\/#primaryimage"},"thumbnailUrl":"https:\/\/careymoa.virtualservers.es\/wp-content\/uploads\/2024\/06\/barrera-new-jersey-80-cms-blanca.jpg","datePublished":"2024-06-28T11:29:23+00:00","dateModified":"2024-06-28T11:30:09+00:00","description":"Barrera vial de pl\u00e1stico de 80 cm blanca para desv\u00edos, \u00e1reas de trabajo y eventos viales, asegurando la seguridad y fluidez de conductores y peatones. Su colocaci\u00f3n var\u00eda seg\u00fan el tipo de v\u00eda y proyecto en curso.","breadcrumb":{"@id":"https:\/\/careymoa.virtualservers.es\/index.php\/producto\/new-jersey-de-80-cm-blanca\/#breadcrumb"},"inLanguage":"es","potentialAction":[{"@type":"ReadAction","target":["https:\/\/careymoa.virtualservers.es\/index.php\/producto\/new-jersey-de-80-cm-blanca\/"]}]},{"@type":"ImageObject","inLanguage":"es","@id":"https:\/\/careymoa.virtualservers.es\/index.php\/producto\/new-jersey-de-80-cm-blanca\/#primaryimage","url":"https:\/\/careymoa.virtualservers.es\/wp-content\/uploads\/2024\/06\/barrera-new-jersey-80-cms-blanca.jpg","contentUrl":"https:\/\/careymoa.virtualservers.es\/wp-content\/uploads\/2024\/06\/barrera-new-jersey-80-cms-blanca.jpg","width":1000,"height":1000},{"@type":"BreadcrumbList","@id":"https:\/\/careymoa.virtualservers.es\/index.php\/producto\/new-jersey-de-80-cm-blanca\/#breadcrumb","itemListElement":[{"@type":"ListItem","position":1,"name":"Portada","item":"https:\/\/careymoa.virtualservers.es\/"},{"@type":"ListItem","position":2,"name":"Tienda","item":"https:\/\/careymoa.virtualservers.es\/index.php\/tienda\/"},{"@type":"ListItem","position":3,"name":"New jersey de 80 cm Blanca"}]},{"@type":"WebSite","@id":"https:\/\/careymoa.virtualservers.es\/#website","url":"https:\/\/careymoa.virtualservers.es\/","name":"Careymoa","description":"Empresa de alquiler de maquinaria ","publisher":{"@id":"https:\/\/careymoa.virtualservers.es\/#organization"},"potentialAction":[{"@type":"SearchAction","target":{"@type":"EntryPoint","urlTemplate":"https:\/\/careymoa.virtualservers.es\/?s={search_term_string}"},"query-input":"required name=search_term_string"}],"inLanguage":"es"},{"@type":"Organization","@id":"https:\/\/careymoa.virtualservers.es\/#organization","name":"Careymoa","url":"https:\/\/careymoa.virtualservers.es\/","logo":{"@type":"ImageObject","inLanguage":"es","@id":"https:\/\/careymoa.virtualservers.es\/#\/schema\/logo\/image\/","url":"https:\/\/careymoa.virtualservers.es\/wp-content\/uploads\/2024\/05\/cropped-image002.png","contentUrl":"https:\/\/careymoa.virtualservers.es\/wp-content\/uploads\/2024\/05\/cropped-image002.png","width":374,"height":148,"caption":"Careymoa"},"image":{"@id":"https:\/\/careymoa.virtualservers.es\/#\/schema\/logo\/image\/"}}]}},"_links":{"self":[{"href":"https:\/\/careymoa.virtualservers.es\/index.php\/wp-json\/wp\/v2\/product\/916","targetHints":{"allow":["GET"]}}],"collection":[{"href":"https:\/\/careymoa.virtualservers.es\/index.php\/wp-json\/wp\/v2\/product"}],"about":[{"href":"https:\/\/careymoa.virtualservers.es\/index.php\/wp-json\/wp\/v2\/types\/product"}],"replies":[{"embeddable":true,"href":"https:\/\/careymoa.virtualservers.es\/index.php\/wp-json\/wp\/v2\/comments?post=916"}],"wp:featuredmedia":[{"embeddable":true,"href":"https:\/\/careymoa.virtualservers.es\/index.php\/wp-json\/wp\/v2\/media\/917"}],"wp:attachment":[{"href":"https:\/\/careymoa.virtualservers.es\/index.php\/wp-json\/wp\/v2\/media?parent=916"}],"wp:term":[{"taxonomy":"product_cat","embeddable":true,"href":"https:\/\/careymoa.virtualservers.es\/index.php\/wp-json\/wp\/v2\/product_cat?post=916"},{"taxonomy":"product_tag","embeddable":true,"href":"https:\/\/careymoa.virtualservers.es\/index.php\/wp-json\/wp\/v2\/product_tag?post=916"}],"curies":[{"name":"wp","href":"https:\/\/api.w.org\/{rel}","templated":true}]}}