{"id":896,"date":"2024-06-28T11:13:48","date_gmt":"2024-06-28T11:13:48","guid":{"rendered":"https:\/\/careymoa.virtualservers.es\/?post_type=product&#038;p=896"},"modified":"2024-07-01T09:56:10","modified_gmt":"2024-07-01T09:56:10","slug":"senal-obra-tr-301-poste-y-cruceta-velocidad-maxima-20-km-h","status":"publish","type":"product","link":"https:\/\/careymoa.virtualservers.es\/index.php\/producto\/senal-obra-tr-301-poste-y-cruceta-velocidad-maxima-20-km-h\/","title":{"rendered":"Se\u00f1al obra TR-301 + poste y cruceta. Velocidad m\u00e1xima 20 km\/h."},"content":{"rendered":"<p>Se\u00f1al met\u00e1lica homologada galvanizada, con reflectancia nivel 1 y dimensiones de 60 cm. Incluye un poste de 1,5 metros con tubo de 80 x 40 mm y cruceta para un montaje sencillo con la torniller\u00eda proporcionada. El soporte est\u00e1ndar asegura una instalaci\u00f3n precisa y segura para se\u00f1ales de tr\u00e1fico, con un pie de cruceta dise\u00f1ado para tubos de 80 x 40 mm, garantizando robustez y durabilidad.<\/p>\n","protected":false},"excerpt":{"rendered":"<div class=\"flex flex-grow flex-col max-w-full\">\n<div class=\"min-h-[20px] text-message flex flex-col items-start whitespace-pre-wrap break-words [.text-message+&amp;]:mt-5 juice:w-full juice:items-end overflow-x-auto gap-2\" dir=\"auto\" data-message-author-role=\"assistant\" data-message-id=\"94d86e02-c464-43f1-8e9a-c7a60ea764e2\">\n<div class=\"flex w-full flex-col gap-1 juice:empty:hidden juice:first:pt-[3px]\">\n<div class=\"markdown prose w-full break-words dark:prose-invert dark\">\n<p>Se\u00f1al met\u00e1lica homologada de 60 cm, galvanizada con reflectancia nivel 1. Incluye poste de 1,5 metros (80 x 40 mm) y cruceta para montaje sencillo. Soporte est\u00e1ndar robusto para instalaci\u00f3n segura de se\u00f1ales de tr\u00e1fico.<\/p>\n<\/div>\n<\/div>\n<\/div>\n<\/div>\n","protected":false},"featured_media":996,"comment_status":"open","ping_status":"closed","template":"","meta":[],"product_cat":[44],"product_tag":[],"class_list":{"0":"post-896","1":"product","2":"type-product","3":"status-publish","4":"has-post-thumbnail","6":"product_cat-senalizacion-y-balizamiento","8":"first","9":"instock","10":"shipping-taxable","11":"product-type-simple"},"yoast_head":"<!-- This site is optimized with the Yoast SEO plugin v22.6 - https:\/\/yoast.com\/wordpress\/plugins\/seo\/ -->\n<title>Se\u00f1al obra TR-301 + poste y cruceta. Velocidad m\u00e1xima 20 km\/h. - Careymoa<\/title>\n<meta name=\"description\" content=\"Se\u00f1al met\u00e1lica homologada de 60 cm, galvanizada con reflectancia nivel 1. Incluye poste de 1,5 metros (80 x 40 mm) y cruceta para montaje sencillo. Soporte est\u00e1ndar robusto para instalaci\u00f3n segura de se\u00f1ales de tr\u00e1fico.\" \/>\n<meta name=\"robots\" content=\"index, follow, max-snippet:-1, max-image-preview:large, max-video-preview:-1\" \/>\n<link rel=\"canonical\" href=\"https:\/\/careymoa.virtualservers.es\/index.php\/producto\/senal-obra-tr-301-poste-y-cruceta-velocidad-maxima-20-km-h\/\" \/>\n<meta property=\"og:locale\" content=\"es_ES\" \/>\n<meta property=\"og:type\" content=\"article\" \/>\n<meta property=\"og:title\" content=\"Se\u00f1al obra TR-301 + poste y cruceta. Velocidad m\u00e1xima 20 km\/h. - Careymoa\" \/>\n<meta property=\"og:description\" content=\"Se\u00f1al met\u00e1lica homologada de 60 cm, galvanizada con reflectancia nivel 1. Incluye poste de 1,5 metros (80 x 40 mm) y cruceta para montaje sencillo. Soporte est\u00e1ndar robusto para instalaci\u00f3n segura de se\u00f1ales de tr\u00e1fico.\" \/>\n<meta property=\"og:url\" content=\"https:\/\/careymoa.virtualservers.es\/index.php\/producto\/senal-obra-tr-301-poste-y-cruceta-velocidad-maxima-20-km-h\/\" \/>\n<meta property=\"og:site_name\" content=\"Careymoa\" \/>\n<meta property=\"article:modified_time\" content=\"2024-07-01T09:56:10+00:00\" \/>\n<meta property=\"og:image\" content=\"https:\/\/careymoa.virtualservers.es\/wp-content\/uploads\/2024\/06\/tr301-20.jpg\" \/>\n\t<meta property=\"og:image:width\" content=\"258\" \/>\n\t<meta property=\"og:image:height\" content=\"328\" \/>\n\t<meta property=\"og:image:type\" content=\"image\/jpeg\" \/>\n<meta name=\"twitter:card\" content=\"summary_large_image\" \/>\n<meta name=\"twitter:label1\" content=\"Tiempo de lectura\" \/>\n\t<meta name=\"twitter:data1\" content=\"1 minuto\" \/>\n<script type=\"application\/ld+json\" class=\"yoast-schema-graph\">{\"@context\":\"https:\/\/schema.org\",\"@graph\":[{\"@type\":\"WebPage\",\"@id\":\"https:\/\/careymoa.virtualservers.es\/index.php\/producto\/senal-obra-tr-301-poste-y-cruceta-velocidad-maxima-20-km-h\/\",\"url\":\"https:\/\/careymoa.virtualservers.es\/index.php\/producto\/senal-obra-tr-301-poste-y-cruceta-velocidad-maxima-20-km-h\/\",\"name\":\"Se\u00f1al obra TR-301 + poste y cruceta. Velocidad m\u00e1xima 20 km\/h. - Careymoa\",\"isPartOf\":{\"@id\":\"https:\/\/careymoa.virtualservers.es\/#website\"},\"primaryImageOfPage\":{\"@id\":\"https:\/\/careymoa.virtualservers.es\/index.php\/producto\/senal-obra-tr-301-poste-y-cruceta-velocidad-maxima-20-km-h\/#primaryimage\"},\"image\":{\"@id\":\"https:\/\/careymoa.virtualservers.es\/index.php\/producto\/senal-obra-tr-301-poste-y-cruceta-velocidad-maxima-20-km-h\/#primaryimage\"},\"thumbnailUrl\":\"https:\/\/careymoa.virtualservers.es\/wp-content\/uploads\/2024\/06\/tr301-20.jpg\",\"datePublished\":\"2024-06-28T11:13:48+00:00\",\"dateModified\":\"2024-07-01T09:56:10+00:00\",\"description\":\"Se\u00f1al met\u00e1lica homologada de 60 cm, galvanizada con reflectancia nivel 1. Incluye poste de 1,5 metros (80 x 40 mm) y cruceta para montaje sencillo. Soporte est\u00e1ndar robusto para instalaci\u00f3n segura de se\u00f1ales de tr\u00e1fico.\",\"breadcrumb\":{\"@id\":\"https:\/\/careymoa.virtualservers.es\/index.php\/producto\/senal-obra-tr-301-poste-y-cruceta-velocidad-maxima-20-km-h\/#breadcrumb\"},\"inLanguage\":\"es\",\"potentialAction\":[{\"@type\":\"ReadAction\",\"target\":[\"https:\/\/careymoa.virtualservers.es\/index.php\/producto\/senal-obra-tr-301-poste-y-cruceta-velocidad-maxima-20-km-h\/\"]}]},{\"@type\":\"ImageObject\",\"inLanguage\":\"es\",\"@id\":\"https:\/\/careymoa.virtualservers.es\/index.php\/producto\/senal-obra-tr-301-poste-y-cruceta-velocidad-maxima-20-km-h\/#primaryimage\",\"url\":\"https:\/\/careymoa.virtualservers.es\/wp-content\/uploads\/2024\/06\/tr301-20.jpg\",\"contentUrl\":\"https:\/\/careymoa.virtualservers.es\/wp-content\/uploads\/2024\/06\/tr301-20.jpg\",\"width\":258,\"height\":328},{\"@type\":\"BreadcrumbList\",\"@id\":\"https:\/\/careymoa.virtualservers.es\/index.php\/producto\/senal-obra-tr-301-poste-y-cruceta-velocidad-maxima-20-km-h\/#breadcrumb\",\"itemListElement\":[{\"@type\":\"ListItem\",\"position\":1,\"name\":\"Portada\",\"item\":\"https:\/\/careymoa.virtualservers.es\/\"},{\"@type\":\"ListItem\",\"position\":2,\"name\":\"Tienda\",\"item\":\"https:\/\/careymoa.virtualservers.es\/index.php\/tienda\/\"},{\"@type\":\"ListItem\",\"position\":3,\"name\":\"Se\u00f1al obra TR-301 + poste y cruceta. Velocidad m\u00e1xima 20 km\/h.\"}]},{\"@type\":\"WebSite\",\"@id\":\"https:\/\/careymoa.virtualservers.es\/#website\",\"url\":\"https:\/\/careymoa.virtualservers.es\/\",\"name\":\"Careymoa\",\"description\":\"Empresa de alquiler de maquinaria \",\"publisher\":{\"@id\":\"https:\/\/careymoa.virtualservers.es\/#organization\"},\"potentialAction\":[{\"@type\":\"SearchAction\",\"target\":{\"@type\":\"EntryPoint\",\"urlTemplate\":\"https:\/\/careymoa.virtualservers.es\/?s={search_term_string}\"},\"query-input\":\"required name=search_term_string\"}],\"inLanguage\":\"es\"},{\"@type\":\"Organization\",\"@id\":\"https:\/\/careymoa.virtualservers.es\/#organization\",\"name\":\"Careymoa\",\"url\":\"https:\/\/careymoa.virtualservers.es\/\",\"logo\":{\"@type\":\"ImageObject\",\"inLanguage\":\"es\",\"@id\":\"https:\/\/careymoa.virtualservers.es\/#\/schema\/logo\/image\/\",\"url\":\"https:\/\/careymoa.virtualservers.es\/wp-content\/uploads\/2024\/05\/cropped-image002.png\",\"contentUrl\":\"https:\/\/careymoa.virtualservers.es\/wp-content\/uploads\/2024\/05\/cropped-image002.png\",\"width\":374,\"height\":148,\"caption\":\"Careymoa\"},\"image\":{\"@id\":\"https:\/\/careymoa.virtualservers.es\/#\/schema\/logo\/image\/\"}}]}<\/script>\n<!-- \/ Yoast SEO plugin. -->","yoast_head_json":{"title":"Se\u00f1al obra TR-301 + poste y cruceta. Velocidad m\u00e1xima 20 km\/h. - Careymoa","description":"Se\u00f1al met\u00e1lica homologada de 60 cm, galvanizada con reflectancia nivel 1. Incluye poste de 1,5 metros (80 x 40 mm) y cruceta para montaje sencillo. Soporte est\u00e1ndar robusto para instalaci\u00f3n segura de se\u00f1ales de tr\u00e1fico.","robots":{"index":"index","follow":"follow","max-snippet":"max-snippet:-1","max-image-preview":"max-image-preview:large","max-video-preview":"max-video-preview:-1"},"canonical":"https:\/\/careymoa.virtualservers.es\/index.php\/producto\/senal-obra-tr-301-poste-y-cruceta-velocidad-maxima-20-km-h\/","og_locale":"es_ES","og_type":"article","og_title":"Se\u00f1al obra TR-301 + poste y cruceta. Velocidad m\u00e1xima 20 km\/h. - Careymoa","og_description":"Se\u00f1al met\u00e1lica homologada de 60 cm, galvanizada con reflectancia nivel 1. Incluye poste de 1,5 metros (80 x 40 mm) y cruceta para montaje sencillo. Soporte est\u00e1ndar robusto para instalaci\u00f3n segura de se\u00f1ales de tr\u00e1fico.","og_url":"https:\/\/careymoa.virtualservers.es\/index.php\/producto\/senal-obra-tr-301-poste-y-cruceta-velocidad-maxima-20-km-h\/","og_site_name":"Careymoa","article_modified_time":"2024-07-01T09:56:10+00:00","og_image":[{"width":258,"height":328,"url":"https:\/\/careymoa.virtualservers.es\/wp-content\/uploads\/2024\/06\/tr301-20.jpg","type":"image\/jpeg"}],"twitter_card":"summary_large_image","twitter_misc":{"Tiempo de lectura":"1 minuto"},"schema":{"@context":"https:\/\/schema.org","@graph":[{"@type":"WebPage","@id":"https:\/\/careymoa.virtualservers.es\/index.php\/producto\/senal-obra-tr-301-poste-y-cruceta-velocidad-maxima-20-km-h\/","url":"https:\/\/careymoa.virtualservers.es\/index.php\/producto\/senal-obra-tr-301-poste-y-cruceta-velocidad-maxima-20-km-h\/","name":"Se\u00f1al obra TR-301 + poste y cruceta. Velocidad m\u00e1xima 20 km\/h. - Careymoa","isPartOf":{"@id":"https:\/\/careymoa.virtualservers.es\/#website"},"primaryImageOfPage":{"@id":"https:\/\/careymoa.virtualservers.es\/index.php\/producto\/senal-obra-tr-301-poste-y-cruceta-velocidad-maxima-20-km-h\/#primaryimage"},"image":{"@id":"https:\/\/careymoa.virtualservers.es\/index.php\/producto\/senal-obra-tr-301-poste-y-cruceta-velocidad-maxima-20-km-h\/#primaryimage"},"thumbnailUrl":"https:\/\/careymoa.virtualservers.es\/wp-content\/uploads\/2024\/06\/tr301-20.jpg","datePublished":"2024-06-28T11:13:48+00:00","dateModified":"2024-07-01T09:56:10+00:00","description":"Se\u00f1al met\u00e1lica homologada de 60 cm, galvanizada con reflectancia nivel 1. Incluye poste de 1,5 metros (80 x 40 mm) y cruceta para montaje sencillo. Soporte est\u00e1ndar robusto para instalaci\u00f3n segura de se\u00f1ales de tr\u00e1fico.","breadcrumb":{"@id":"https:\/\/careymoa.virtualservers.es\/index.php\/producto\/senal-obra-tr-301-poste-y-cruceta-velocidad-maxima-20-km-h\/#breadcrumb"},"inLanguage":"es","potentialAction":[{"@type":"ReadAction","target":["https:\/\/careymoa.virtualservers.es\/index.php\/producto\/senal-obra-tr-301-poste-y-cruceta-velocidad-maxima-20-km-h\/"]}]},{"@type":"ImageObject","inLanguage":"es","@id":"https:\/\/careymoa.virtualservers.es\/index.php\/producto\/senal-obra-tr-301-poste-y-cruceta-velocidad-maxima-20-km-h\/#primaryimage","url":"https:\/\/careymoa.virtualservers.es\/wp-content\/uploads\/2024\/06\/tr301-20.jpg","contentUrl":"https:\/\/careymoa.virtualservers.es\/wp-content\/uploads\/2024\/06\/tr301-20.jpg","width":258,"height":328},{"@type":"BreadcrumbList","@id":"https:\/\/careymoa.virtualservers.es\/index.php\/producto\/senal-obra-tr-301-poste-y-cruceta-velocidad-maxima-20-km-h\/#breadcrumb","itemListElement":[{"@type":"ListItem","position":1,"name":"Portada","item":"https:\/\/careymoa.virtualservers.es\/"},{"@type":"ListItem","position":2,"name":"Tienda","item":"https:\/\/careymoa.virtualservers.es\/index.php\/tienda\/"},{"@type":"ListItem","position":3,"name":"Se\u00f1al obra TR-301 + poste y cruceta. Velocidad m\u00e1xima 20 km\/h."}]},{"@type":"WebSite","@id":"https:\/\/careymoa.virtualservers.es\/#website","url":"https:\/\/careymoa.virtualservers.es\/","name":"Careymoa","description":"Empresa de alquiler de maquinaria ","publisher":{"@id":"https:\/\/careymoa.virtualservers.es\/#organization"},"potentialAction":[{"@type":"SearchAction","target":{"@type":"EntryPoint","urlTemplate":"https:\/\/careymoa.virtualservers.es\/?s={search_term_string}"},"query-input":"required name=search_term_string"}],"inLanguage":"es"},{"@type":"Organization","@id":"https:\/\/careymoa.virtualservers.es\/#organization","name":"Careymoa","url":"https:\/\/careymoa.virtualservers.es\/","logo":{"@type":"ImageObject","inLanguage":"es","@id":"https:\/\/careymoa.virtualservers.es\/#\/schema\/logo\/image\/","url":"https:\/\/careymoa.virtualservers.es\/wp-content\/uploads\/2024\/05\/cropped-image002.png","contentUrl":"https:\/\/careymoa.virtualservers.es\/wp-content\/uploads\/2024\/05\/cropped-image002.png","width":374,"height":148,"caption":"Careymoa"},"image":{"@id":"https:\/\/careymoa.virtualservers.es\/#\/schema\/logo\/image\/"}}]}},"_links":{"self":[{"href":"https:\/\/careymoa.virtualservers.es\/index.php\/wp-json\/wp\/v2\/product\/896","targetHints":{"allow":["GET"]}}],"collection":[{"href":"https:\/\/careymoa.virtualservers.es\/index.php\/wp-json\/wp\/v2\/product"}],"about":[{"href":"https:\/\/careymoa.virtualservers.es\/index.php\/wp-json\/wp\/v2\/types\/product"}],"replies":[{"embeddable":true,"href":"https:\/\/careymoa.virtualservers.es\/index.php\/wp-json\/wp\/v2\/comments?post=896"}],"wp:featuredmedia":[{"embeddable":true,"href":"https:\/\/careymoa.virtualservers.es\/index.php\/wp-json\/wp\/v2\/media\/996"}],"wp:attachment":[{"href":"https:\/\/careymoa.virtualservers.es\/index.php\/wp-json\/wp\/v2\/media?parent=896"}],"wp:term":[{"taxonomy":"product_cat","embeddable":true,"href":"https:\/\/careymoa.virtualservers.es\/index.php\/wp-json\/wp\/v2\/product_cat?post=896"},{"taxonomy":"product_tag","embeddable":true,"href":"https:\/\/careymoa.virtualservers.es\/index.php\/wp-json\/wp\/v2\/product_tag?post=896"}],"curies":[{"name":"wp","href":"https:\/\/api.w.org\/{rel}","templated":true}]}}