{"id":890,"date":"2024-06-28T11:07:13","date_gmt":"2024-06-28T11:07:13","guid":{"rendered":"https:\/\/careymoa.virtualservers.es\/?post_type=product&#038;p=890"},"modified":"2024-07-01T09:42:02","modified_gmt":"2024-07-01T09:42:02","slug":"senal-obra-tr-301-tripode-velocidad-maxima-20-km-h","status":"publish","type":"product","link":"https:\/\/careymoa.virtualservers.es\/index.php\/producto\/senal-obra-tr-301-tripode-velocidad-maxima-20-km-h\/","title":{"rendered":"Se\u00f1al obra TR-301 + tr\u00edpode. Velocidad m\u00e1xima 20 km\/h."},"content":{"rendered":"<div class=\"flex flex-grow flex-col max-w-full\">\n<div class=\"min-h-[20px] text-message flex flex-col items-start whitespace-pre-wrap break-words [.text-message+&amp;]:mt-5 juice:w-full juice:items-end overflow-x-auto gap-2\" dir=\"auto\" data-message-author-role=\"assistant\" data-message-id=\"cb837bbb-af58-45de-839a-7d4619ea7187\">\n<div class=\"flex w-full flex-col gap-1 juice:empty:hidden juice:first:pt-[3px]\">\n<div class=\"markdown prose w-full break-words dark:prose-invert dark\">\n<p>Descubre nuestras se\u00f1ales de tr\u00e1fico R-301, dise\u00f1adas para indicar una velocidad m\u00e1xima de 20 km\/h y disponibles en diferentes modalidades homologadas por el MOPU. Fabricadas en acero lacado al horno con pictograma en vinilo, est\u00e1n equipadas con agujeros para facilitar su instalaci\u00f3n con tornillos. Ofrecemos opciones econ\u00f3micas sin tornillos y versiones homologadas con reflectante en diferentes niveles (I, II, III) para una visibilidad \u00f3ptima. Disponibles en medidas de 50 cm (econ\u00f3mica), 60 cm, 90 cm y 120 cm, estas se\u00f1ales se complementan con una variedad de accesorios como postes, tr\u00edpodes, abrazaderas, bases de caucho, placas adicionales y torniller\u00eda para adaptarse a diversas necesidades de se\u00f1alizaci\u00f3n vial.<\/p>\n<\/div>\n<\/div>\n<\/div>\n<\/div>\n","protected":false},"excerpt":{"rendered":"<div class=\"flex flex-grow flex-col max-w-full\">\n<div class=\"min-h-[20px] text-message flex flex-col items-start whitespace-pre-wrap break-words [.text-message+&amp;]:mt-5 juice:w-full juice:items-end overflow-x-auto gap-2\" dir=\"auto\" data-message-author-role=\"assistant\" data-message-id=\"66815770-666e-4db7-ab8a-bb9987587d73\">\n<div class=\"flex w-full flex-col gap-1 juice:empty:hidden juice:first:pt-[3px]\">\n<div class=\"markdown prose w-full break-words dark:prose-invert dark\">\n<p>Descubre nuestras se\u00f1ales R-301 homologadas por el MOPU para 20 km\/h, en acero lacado al horno. Disponibles en medidas de 50 cm a 120 cm, con opciones econ\u00f3micas y reflectantes. Incluyen agujeros para instalaci\u00f3n y accesorios adicionales como postes y tr\u00edpodes.<\/p>\n<\/div>\n<\/div>\n<\/div>\n<\/div>\n","protected":false},"featured_media":991,"comment_status":"open","ping_status":"closed","template":"","meta":[],"product_cat":[44],"product_tag":[],"class_list":{"0":"post-890","1":"product","2":"type-product","3":"status-publish","4":"has-post-thumbnail","6":"product_cat-senalizacion-y-balizamiento","8":"first","9":"instock","10":"shipping-taxable","11":"product-type-simple"},"yoast_head":"<!-- This site is optimized with the Yoast SEO plugin v22.6 - https:\/\/yoast.com\/wordpress\/plugins\/seo\/ -->\n<title>Se\u00f1al obra TR-301 + tr\u00edpode. Velocidad m\u00e1xima 20 km\/h. - Careymoa<\/title>\n<meta name=\"description\" content=\"Descubre nuestras se\u00f1ales R-301 homologadas por el MOPU para 20 km\/h, en acero lacado al horno. Disponibles en medidas de 50 cm a 120 cm, con opciones econ\u00f3micas y reflectantes. Incluyen agujeros para instalaci\u00f3n y accesorios adicionales como postes y tr\u00edpodes.\" \/>\n<meta name=\"robots\" content=\"index, follow, max-snippet:-1, max-image-preview:large, max-video-preview:-1\" \/>\n<link rel=\"canonical\" href=\"https:\/\/careymoa.virtualservers.es\/index.php\/producto\/senal-obra-tr-301-tripode-velocidad-maxima-20-km-h\/\" \/>\n<meta property=\"og:locale\" content=\"es_ES\" \/>\n<meta property=\"og:type\" content=\"article\" \/>\n<meta property=\"og:title\" content=\"Se\u00f1al obra TR-301 + tr\u00edpode. Velocidad m\u00e1xima 20 km\/h. - Careymoa\" \/>\n<meta property=\"og:description\" content=\"Descubre nuestras se\u00f1ales R-301 homologadas por el MOPU para 20 km\/h, en acero lacado al horno. Disponibles en medidas de 50 cm a 120 cm, con opciones econ\u00f3micas y reflectantes. Incluyen agujeros para instalaci\u00f3n y accesorios adicionales como postes y tr\u00edpodes.\" \/>\n<meta property=\"og:url\" content=\"https:\/\/careymoa.virtualservers.es\/index.php\/producto\/senal-obra-tr-301-tripode-velocidad-maxima-20-km-h\/\" \/>\n<meta property=\"og:site_name\" content=\"Careymoa\" \/>\n<meta property=\"article:modified_time\" content=\"2024-07-01T09:42:02+00:00\" \/>\n<meta property=\"og:image\" content=\"https:\/\/careymoa.virtualservers.es\/wp-content\/uploads\/2024\/06\/tr-301-20.webp\" \/>\n\t<meta property=\"og:image:width\" content=\"768\" \/>\n\t<meta property=\"og:image:height\" content=\"1024\" \/>\n\t<meta property=\"og:image:type\" content=\"image\/webp\" \/>\n<meta name=\"twitter:card\" content=\"summary_large_image\" \/>\n<meta name=\"twitter:label1\" content=\"Tiempo de lectura\" \/>\n\t<meta name=\"twitter:data1\" content=\"1 minuto\" \/>\n<script type=\"application\/ld+json\" class=\"yoast-schema-graph\">{\"@context\":\"https:\/\/schema.org\",\"@graph\":[{\"@type\":\"WebPage\",\"@id\":\"https:\/\/careymoa.virtualservers.es\/index.php\/producto\/senal-obra-tr-301-tripode-velocidad-maxima-20-km-h\/\",\"url\":\"https:\/\/careymoa.virtualservers.es\/index.php\/producto\/senal-obra-tr-301-tripode-velocidad-maxima-20-km-h\/\",\"name\":\"Se\u00f1al obra TR-301 + tr\u00edpode. Velocidad m\u00e1xima 20 km\/h. - Careymoa\",\"isPartOf\":{\"@id\":\"https:\/\/careymoa.virtualservers.es\/#website\"},\"primaryImageOfPage\":{\"@id\":\"https:\/\/careymoa.virtualservers.es\/index.php\/producto\/senal-obra-tr-301-tripode-velocidad-maxima-20-km-h\/#primaryimage\"},\"image\":{\"@id\":\"https:\/\/careymoa.virtualservers.es\/index.php\/producto\/senal-obra-tr-301-tripode-velocidad-maxima-20-km-h\/#primaryimage\"},\"thumbnailUrl\":\"https:\/\/careymoa.virtualservers.es\/wp-content\/uploads\/2024\/06\/tr-301-20.webp\",\"datePublished\":\"2024-06-28T11:07:13+00:00\",\"dateModified\":\"2024-07-01T09:42:02+00:00\",\"description\":\"Descubre nuestras se\u00f1ales R-301 homologadas por el MOPU para 20 km\/h, en acero lacado al horno. Disponibles en medidas de 50 cm a 120 cm, con opciones econ\u00f3micas y reflectantes. Incluyen agujeros para instalaci\u00f3n y accesorios adicionales como postes y tr\u00edpodes.\",\"breadcrumb\":{\"@id\":\"https:\/\/careymoa.virtualservers.es\/index.php\/producto\/senal-obra-tr-301-tripode-velocidad-maxima-20-km-h\/#breadcrumb\"},\"inLanguage\":\"es\",\"potentialAction\":[{\"@type\":\"ReadAction\",\"target\":[\"https:\/\/careymoa.virtualservers.es\/index.php\/producto\/senal-obra-tr-301-tripode-velocidad-maxima-20-km-h\/\"]}]},{\"@type\":\"ImageObject\",\"inLanguage\":\"es\",\"@id\":\"https:\/\/careymoa.virtualservers.es\/index.php\/producto\/senal-obra-tr-301-tripode-velocidad-maxima-20-km-h\/#primaryimage\",\"url\":\"https:\/\/careymoa.virtualservers.es\/wp-content\/uploads\/2024\/06\/tr-301-20.webp\",\"contentUrl\":\"https:\/\/careymoa.virtualservers.es\/wp-content\/uploads\/2024\/06\/tr-301-20.webp\",\"width\":768,\"height\":1024},{\"@type\":\"BreadcrumbList\",\"@id\":\"https:\/\/careymoa.virtualservers.es\/index.php\/producto\/senal-obra-tr-301-tripode-velocidad-maxima-20-km-h\/#breadcrumb\",\"itemListElement\":[{\"@type\":\"ListItem\",\"position\":1,\"name\":\"Portada\",\"item\":\"https:\/\/careymoa.virtualservers.es\/\"},{\"@type\":\"ListItem\",\"position\":2,\"name\":\"Tienda\",\"item\":\"https:\/\/careymoa.virtualservers.es\/index.php\/tienda\/\"},{\"@type\":\"ListItem\",\"position\":3,\"name\":\"Se\u00f1al obra TR-301 + tr\u00edpode. Velocidad m\u00e1xima 20 km\/h.\"}]},{\"@type\":\"WebSite\",\"@id\":\"https:\/\/careymoa.virtualservers.es\/#website\",\"url\":\"https:\/\/careymoa.virtualservers.es\/\",\"name\":\"Careymoa\",\"description\":\"Empresa de alquiler de maquinaria \",\"publisher\":{\"@id\":\"https:\/\/careymoa.virtualservers.es\/#organization\"},\"potentialAction\":[{\"@type\":\"SearchAction\",\"target\":{\"@type\":\"EntryPoint\",\"urlTemplate\":\"https:\/\/careymoa.virtualservers.es\/?s={search_term_string}\"},\"query-input\":\"required name=search_term_string\"}],\"inLanguage\":\"es\"},{\"@type\":\"Organization\",\"@id\":\"https:\/\/careymoa.virtualservers.es\/#organization\",\"name\":\"Careymoa\",\"url\":\"https:\/\/careymoa.virtualservers.es\/\",\"logo\":{\"@type\":\"ImageObject\",\"inLanguage\":\"es\",\"@id\":\"https:\/\/careymoa.virtualservers.es\/#\/schema\/logo\/image\/\",\"url\":\"https:\/\/careymoa.virtualservers.es\/wp-content\/uploads\/2024\/05\/cropped-image002.png\",\"contentUrl\":\"https:\/\/careymoa.virtualservers.es\/wp-content\/uploads\/2024\/05\/cropped-image002.png\",\"width\":374,\"height\":148,\"caption\":\"Careymoa\"},\"image\":{\"@id\":\"https:\/\/careymoa.virtualservers.es\/#\/schema\/logo\/image\/\"}}]}<\/script>\n<!-- \/ Yoast SEO plugin. -->","yoast_head_json":{"title":"Se\u00f1al obra TR-301 + tr\u00edpode. Velocidad m\u00e1xima 20 km\/h. - Careymoa","description":"Descubre nuestras se\u00f1ales R-301 homologadas por el MOPU para 20 km\/h, en acero lacado al horno. Disponibles en medidas de 50 cm a 120 cm, con opciones econ\u00f3micas y reflectantes. Incluyen agujeros para instalaci\u00f3n y accesorios adicionales como postes y tr\u00edpodes.","robots":{"index":"index","follow":"follow","max-snippet":"max-snippet:-1","max-image-preview":"max-image-preview:large","max-video-preview":"max-video-preview:-1"},"canonical":"https:\/\/careymoa.virtualservers.es\/index.php\/producto\/senal-obra-tr-301-tripode-velocidad-maxima-20-km-h\/","og_locale":"es_ES","og_type":"article","og_title":"Se\u00f1al obra TR-301 + tr\u00edpode. Velocidad m\u00e1xima 20 km\/h. - Careymoa","og_description":"Descubre nuestras se\u00f1ales R-301 homologadas por el MOPU para 20 km\/h, en acero lacado al horno. Disponibles en medidas de 50 cm a 120 cm, con opciones econ\u00f3micas y reflectantes. Incluyen agujeros para instalaci\u00f3n y accesorios adicionales como postes y tr\u00edpodes.","og_url":"https:\/\/careymoa.virtualservers.es\/index.php\/producto\/senal-obra-tr-301-tripode-velocidad-maxima-20-km-h\/","og_site_name":"Careymoa","article_modified_time":"2024-07-01T09:42:02+00:00","og_image":[{"width":768,"height":1024,"url":"https:\/\/careymoa.virtualservers.es\/wp-content\/uploads\/2024\/06\/tr-301-20.webp","type":"image\/webp"}],"twitter_card":"summary_large_image","twitter_misc":{"Tiempo de lectura":"1 minuto"},"schema":{"@context":"https:\/\/schema.org","@graph":[{"@type":"WebPage","@id":"https:\/\/careymoa.virtualservers.es\/index.php\/producto\/senal-obra-tr-301-tripode-velocidad-maxima-20-km-h\/","url":"https:\/\/careymoa.virtualservers.es\/index.php\/producto\/senal-obra-tr-301-tripode-velocidad-maxima-20-km-h\/","name":"Se\u00f1al obra TR-301 + tr\u00edpode. Velocidad m\u00e1xima 20 km\/h. - Careymoa","isPartOf":{"@id":"https:\/\/careymoa.virtualservers.es\/#website"},"primaryImageOfPage":{"@id":"https:\/\/careymoa.virtualservers.es\/index.php\/producto\/senal-obra-tr-301-tripode-velocidad-maxima-20-km-h\/#primaryimage"},"image":{"@id":"https:\/\/careymoa.virtualservers.es\/index.php\/producto\/senal-obra-tr-301-tripode-velocidad-maxima-20-km-h\/#primaryimage"},"thumbnailUrl":"https:\/\/careymoa.virtualservers.es\/wp-content\/uploads\/2024\/06\/tr-301-20.webp","datePublished":"2024-06-28T11:07:13+00:00","dateModified":"2024-07-01T09:42:02+00:00","description":"Descubre nuestras se\u00f1ales R-301 homologadas por el MOPU para 20 km\/h, en acero lacado al horno. Disponibles en medidas de 50 cm a 120 cm, con opciones econ\u00f3micas y reflectantes. Incluyen agujeros para instalaci\u00f3n y accesorios adicionales como postes y tr\u00edpodes.","breadcrumb":{"@id":"https:\/\/careymoa.virtualservers.es\/index.php\/producto\/senal-obra-tr-301-tripode-velocidad-maxima-20-km-h\/#breadcrumb"},"inLanguage":"es","potentialAction":[{"@type":"ReadAction","target":["https:\/\/careymoa.virtualservers.es\/index.php\/producto\/senal-obra-tr-301-tripode-velocidad-maxima-20-km-h\/"]}]},{"@type":"ImageObject","inLanguage":"es","@id":"https:\/\/careymoa.virtualservers.es\/index.php\/producto\/senal-obra-tr-301-tripode-velocidad-maxima-20-km-h\/#primaryimage","url":"https:\/\/careymoa.virtualservers.es\/wp-content\/uploads\/2024\/06\/tr-301-20.webp","contentUrl":"https:\/\/careymoa.virtualservers.es\/wp-content\/uploads\/2024\/06\/tr-301-20.webp","width":768,"height":1024},{"@type":"BreadcrumbList","@id":"https:\/\/careymoa.virtualservers.es\/index.php\/producto\/senal-obra-tr-301-tripode-velocidad-maxima-20-km-h\/#breadcrumb","itemListElement":[{"@type":"ListItem","position":1,"name":"Portada","item":"https:\/\/careymoa.virtualservers.es\/"},{"@type":"ListItem","position":2,"name":"Tienda","item":"https:\/\/careymoa.virtualservers.es\/index.php\/tienda\/"},{"@type":"ListItem","position":3,"name":"Se\u00f1al obra TR-301 + tr\u00edpode. Velocidad m\u00e1xima 20 km\/h."}]},{"@type":"WebSite","@id":"https:\/\/careymoa.virtualservers.es\/#website","url":"https:\/\/careymoa.virtualservers.es\/","name":"Careymoa","description":"Empresa de alquiler de maquinaria ","publisher":{"@id":"https:\/\/careymoa.virtualservers.es\/#organization"},"potentialAction":[{"@type":"SearchAction","target":{"@type":"EntryPoint","urlTemplate":"https:\/\/careymoa.virtualservers.es\/?s={search_term_string}"},"query-input":"required name=search_term_string"}],"inLanguage":"es"},{"@type":"Organization","@id":"https:\/\/careymoa.virtualservers.es\/#organization","name":"Careymoa","url":"https:\/\/careymoa.virtualservers.es\/","logo":{"@type":"ImageObject","inLanguage":"es","@id":"https:\/\/careymoa.virtualservers.es\/#\/schema\/logo\/image\/","url":"https:\/\/careymoa.virtualservers.es\/wp-content\/uploads\/2024\/05\/cropped-image002.png","contentUrl":"https:\/\/careymoa.virtualservers.es\/wp-content\/uploads\/2024\/05\/cropped-image002.png","width":374,"height":148,"caption":"Careymoa"},"image":{"@id":"https:\/\/careymoa.virtualservers.es\/#\/schema\/logo\/image\/"}}]}},"_links":{"self":[{"href":"https:\/\/careymoa.virtualservers.es\/index.php\/wp-json\/wp\/v2\/product\/890","targetHints":{"allow":["GET"]}}],"collection":[{"href":"https:\/\/careymoa.virtualservers.es\/index.php\/wp-json\/wp\/v2\/product"}],"about":[{"href":"https:\/\/careymoa.virtualservers.es\/index.php\/wp-json\/wp\/v2\/types\/product"}],"replies":[{"embeddable":true,"href":"https:\/\/careymoa.virtualservers.es\/index.php\/wp-json\/wp\/v2\/comments?post=890"}],"wp:featuredmedia":[{"embeddable":true,"href":"https:\/\/careymoa.virtualservers.es\/index.php\/wp-json\/wp\/v2\/media\/991"}],"wp:attachment":[{"href":"https:\/\/careymoa.virtualservers.es\/index.php\/wp-json\/wp\/v2\/media?parent=890"}],"wp:term":[{"taxonomy":"product_cat","embeddable":true,"href":"https:\/\/careymoa.virtualservers.es\/index.php\/wp-json\/wp\/v2\/product_cat?post=890"},{"taxonomy":"product_tag","embeddable":true,"href":"https:\/\/careymoa.virtualservers.es\/index.php\/wp-json\/wp\/v2\/product_tag?post=890"}],"curies":[{"name":"wp","href":"https:\/\/api.w.org\/{rel}","templated":true}]}}