{"id":866,"date":"2024-06-28T10:43:20","date_gmt":"2024-06-28T10:43:20","guid":{"rendered":"https:\/\/careymoa.virtualservers.es\/?post_type=product&#038;p=866"},"modified":"2024-06-28T10:47:05","modified_gmt":"2024-06-28T10:47:05","slug":"pie-de-caucho-para-vallado","status":"publish","type":"product","link":"https:\/\/careymoa.virtualservers.es\/index.php\/producto\/pie-de-caucho-para-vallado\/","title":{"rendered":"Pie de caucho para vallado"},"content":{"rendered":"<p>Base de caucho dise\u00f1ada para vallas de obra, caracterizada por su doble perforaci\u00f3n para tubos, lo que permite una instalaci\u00f3n sencilla y r\u00e1pida. Su material duradero es ideal para entornos de construcci\u00f3n. Adem\u00e1s, su dise\u00f1o robusto asegura estabilidad y resistencia en diversas condiciones. F\u00e1cil de apilar y almacenar, es una soluci\u00f3n pr\u00e1ctica y eficiente para gestionar cerramientos temporales en proyectos de construcci\u00f3n.<\/p>\n","protected":false},"excerpt":{"rendered":"<div class=\"flex-shrink-0 flex flex-col relative items-end\">\n<div>\n<div class=\"pt-0.5 juice:pt-0\">\n<div class=\"gizmo-bot-avatar flex h-6 w-6 items-center justify-center overflow-hidden rounded-full juice:h-8 juice:w-8\">\n<div class=\"relative p-1 rounded-sm flex items-center justify-center bg-token-main-surface-primary text-token-text-primary h-8 w-8\">Base de caucho para vallas de obra con doble perforaci\u00f3n para tubos, f\u00e1cil de instalar y apilar. Ofrece durabilidad, estabilidad y es una opci\u00f3n ideal para entornos de construcci\u00f3n.<\/div>\n<\/div>\n<\/div>\n<\/div>\n<\/div>\n","protected":false},"featured_media":851,"comment_status":"open","ping_status":"closed","template":"","meta":[],"product_cat":[44,32],"product_tag":[48],"class_list":{"0":"post-866","1":"product","2":"type-product","3":"status-publish","4":"has-post-thumbnail","6":"product_cat-senalizacion-y-balizamiento","7":"product_cat-medios-auxiliares","8":"product_tag-pie-de-caucho-para-vallado","10":"first","11":"instock","12":"shipping-taxable","13":"product-type-simple"},"yoast_head":"<!-- This site is optimized with the Yoast SEO plugin v22.6 - https:\/\/yoast.com\/wordpress\/plugins\/seo\/ -->\n<title>Pie de caucho para vallado - Careymoa<\/title>\n<meta name=\"description\" content=\"Base de caucho para vallas de obra con doble perforaci\u00f3n para tubos, f\u00e1cil de instalar y apilar. Ofrece durabilidad, estabilidad y es una opci\u00f3n ideal para entornos de construcci\u00f3n.\" \/>\n<meta name=\"robots\" content=\"index, follow, max-snippet:-1, max-image-preview:large, max-video-preview:-1\" \/>\n<link rel=\"canonical\" href=\"https:\/\/careymoa.virtualservers.es\/index.php\/producto\/pie-de-caucho-para-vallado\/\" \/>\n<meta property=\"og:locale\" content=\"es_ES\" \/>\n<meta property=\"og:type\" content=\"article\" \/>\n<meta property=\"og:title\" content=\"Pie de caucho para vallado - Careymoa\" \/>\n<meta property=\"og:description\" content=\"Base de caucho para vallas de obra con doble perforaci\u00f3n para tubos, f\u00e1cil de instalar y apilar. Ofrece durabilidad, estabilidad y es una opci\u00f3n ideal para entornos de construcci\u00f3n.\" \/>\n<meta property=\"og:url\" content=\"https:\/\/careymoa.virtualservers.es\/index.php\/producto\/pie-de-caucho-para-vallado\/\" \/>\n<meta property=\"og:site_name\" content=\"Careymoa\" \/>\n<meta property=\"article:modified_time\" content=\"2024-06-28T10:47:05+00:00\" \/>\n<meta property=\"og:image\" content=\"https:\/\/careymoa.virtualservers.es\/wp-content\/uploads\/2024\/06\/base-de-caucho-para-valla-jg-senalizacion.png\" \/>\n\t<meta property=\"og:image:width\" content=\"800\" \/>\n\t<meta property=\"og:image:height\" content=\"800\" \/>\n\t<meta property=\"og:image:type\" content=\"image\/png\" \/>\n<meta name=\"twitter:card\" content=\"summary_large_image\" \/>\n<meta name=\"twitter:label1\" content=\"Tiempo de lectura\" \/>\n\t<meta name=\"twitter:data1\" content=\"1 minuto\" \/>\n<script type=\"application\/ld+json\" class=\"yoast-schema-graph\">{\"@context\":\"https:\/\/schema.org\",\"@graph\":[{\"@type\":\"WebPage\",\"@id\":\"https:\/\/careymoa.virtualservers.es\/index.php\/producto\/pie-de-caucho-para-vallado\/\",\"url\":\"https:\/\/careymoa.virtualservers.es\/index.php\/producto\/pie-de-caucho-para-vallado\/\",\"name\":\"Pie de caucho para vallado - Careymoa\",\"isPartOf\":{\"@id\":\"https:\/\/careymoa.virtualservers.es\/#website\"},\"primaryImageOfPage\":{\"@id\":\"https:\/\/careymoa.virtualservers.es\/index.php\/producto\/pie-de-caucho-para-vallado\/#primaryimage\"},\"image\":{\"@id\":\"https:\/\/careymoa.virtualservers.es\/index.php\/producto\/pie-de-caucho-para-vallado\/#primaryimage\"},\"thumbnailUrl\":\"https:\/\/careymoa.virtualservers.es\/wp-content\/uploads\/2024\/06\/base-de-caucho-para-valla-jg-senalizacion.png\",\"datePublished\":\"2024-06-28T10:43:20+00:00\",\"dateModified\":\"2024-06-28T10:47:05+00:00\",\"description\":\"Base de caucho para vallas de obra con doble perforaci\u00f3n para tubos, f\u00e1cil de instalar y apilar. Ofrece durabilidad, estabilidad y es una opci\u00f3n ideal para entornos de construcci\u00f3n.\",\"breadcrumb\":{\"@id\":\"https:\/\/careymoa.virtualservers.es\/index.php\/producto\/pie-de-caucho-para-vallado\/#breadcrumb\"},\"inLanguage\":\"es\",\"potentialAction\":[{\"@type\":\"ReadAction\",\"target\":[\"https:\/\/careymoa.virtualservers.es\/index.php\/producto\/pie-de-caucho-para-vallado\/\"]}]},{\"@type\":\"ImageObject\",\"inLanguage\":\"es\",\"@id\":\"https:\/\/careymoa.virtualservers.es\/index.php\/producto\/pie-de-caucho-para-vallado\/#primaryimage\",\"url\":\"https:\/\/careymoa.virtualservers.es\/wp-content\/uploads\/2024\/06\/base-de-caucho-para-valla-jg-senalizacion.png\",\"contentUrl\":\"https:\/\/careymoa.virtualservers.es\/wp-content\/uploads\/2024\/06\/base-de-caucho-para-valla-jg-senalizacion.png\",\"width\":800,\"height\":800},{\"@type\":\"BreadcrumbList\",\"@id\":\"https:\/\/careymoa.virtualservers.es\/index.php\/producto\/pie-de-caucho-para-vallado\/#breadcrumb\",\"itemListElement\":[{\"@type\":\"ListItem\",\"position\":1,\"name\":\"Portada\",\"item\":\"https:\/\/careymoa.virtualservers.es\/\"},{\"@type\":\"ListItem\",\"position\":2,\"name\":\"Tienda\",\"item\":\"https:\/\/careymoa.virtualservers.es\/index.php\/tienda\/\"},{\"@type\":\"ListItem\",\"position\":3,\"name\":\"Pie de caucho para vallado\"}]},{\"@type\":\"WebSite\",\"@id\":\"https:\/\/careymoa.virtualservers.es\/#website\",\"url\":\"https:\/\/careymoa.virtualservers.es\/\",\"name\":\"Careymoa\",\"description\":\"Empresa de alquiler de maquinaria \",\"publisher\":{\"@id\":\"https:\/\/careymoa.virtualservers.es\/#organization\"},\"potentialAction\":[{\"@type\":\"SearchAction\",\"target\":{\"@type\":\"EntryPoint\",\"urlTemplate\":\"https:\/\/careymoa.virtualservers.es\/?s={search_term_string}\"},\"query-input\":\"required name=search_term_string\"}],\"inLanguage\":\"es\"},{\"@type\":\"Organization\",\"@id\":\"https:\/\/careymoa.virtualservers.es\/#organization\",\"name\":\"Careymoa\",\"url\":\"https:\/\/careymoa.virtualservers.es\/\",\"logo\":{\"@type\":\"ImageObject\",\"inLanguage\":\"es\",\"@id\":\"https:\/\/careymoa.virtualservers.es\/#\/schema\/logo\/image\/\",\"url\":\"https:\/\/careymoa.virtualservers.es\/wp-content\/uploads\/2024\/05\/cropped-image002.png\",\"contentUrl\":\"https:\/\/careymoa.virtualservers.es\/wp-content\/uploads\/2024\/05\/cropped-image002.png\",\"width\":374,\"height\":148,\"caption\":\"Careymoa\"},\"image\":{\"@id\":\"https:\/\/careymoa.virtualservers.es\/#\/schema\/logo\/image\/\"}}]}<\/script>\n<!-- \/ Yoast SEO plugin. -->","yoast_head_json":{"title":"Pie de caucho para vallado - Careymoa","description":"Base de caucho para vallas de obra con doble perforaci\u00f3n para tubos, f\u00e1cil de instalar y apilar. Ofrece durabilidad, estabilidad y es una opci\u00f3n ideal para entornos de construcci\u00f3n.","robots":{"index":"index","follow":"follow","max-snippet":"max-snippet:-1","max-image-preview":"max-image-preview:large","max-video-preview":"max-video-preview:-1"},"canonical":"https:\/\/careymoa.virtualservers.es\/index.php\/producto\/pie-de-caucho-para-vallado\/","og_locale":"es_ES","og_type":"article","og_title":"Pie de caucho para vallado - Careymoa","og_description":"Base de caucho para vallas de obra con doble perforaci\u00f3n para tubos, f\u00e1cil de instalar y apilar. Ofrece durabilidad, estabilidad y es una opci\u00f3n ideal para entornos de construcci\u00f3n.","og_url":"https:\/\/careymoa.virtualservers.es\/index.php\/producto\/pie-de-caucho-para-vallado\/","og_site_name":"Careymoa","article_modified_time":"2024-06-28T10:47:05+00:00","og_image":[{"width":800,"height":800,"url":"https:\/\/careymoa.virtualservers.es\/wp-content\/uploads\/2024\/06\/base-de-caucho-para-valla-jg-senalizacion.png","type":"image\/png"}],"twitter_card":"summary_large_image","twitter_misc":{"Tiempo de lectura":"1 minuto"},"schema":{"@context":"https:\/\/schema.org","@graph":[{"@type":"WebPage","@id":"https:\/\/careymoa.virtualservers.es\/index.php\/producto\/pie-de-caucho-para-vallado\/","url":"https:\/\/careymoa.virtualservers.es\/index.php\/producto\/pie-de-caucho-para-vallado\/","name":"Pie de caucho para vallado - Careymoa","isPartOf":{"@id":"https:\/\/careymoa.virtualservers.es\/#website"},"primaryImageOfPage":{"@id":"https:\/\/careymoa.virtualservers.es\/index.php\/producto\/pie-de-caucho-para-vallado\/#primaryimage"},"image":{"@id":"https:\/\/careymoa.virtualservers.es\/index.php\/producto\/pie-de-caucho-para-vallado\/#primaryimage"},"thumbnailUrl":"https:\/\/careymoa.virtualservers.es\/wp-content\/uploads\/2024\/06\/base-de-caucho-para-valla-jg-senalizacion.png","datePublished":"2024-06-28T10:43:20+00:00","dateModified":"2024-06-28T10:47:05+00:00","description":"Base de caucho para vallas de obra con doble perforaci\u00f3n para tubos, f\u00e1cil de instalar y apilar. Ofrece durabilidad, estabilidad y es una opci\u00f3n ideal para entornos de construcci\u00f3n.","breadcrumb":{"@id":"https:\/\/careymoa.virtualservers.es\/index.php\/producto\/pie-de-caucho-para-vallado\/#breadcrumb"},"inLanguage":"es","potentialAction":[{"@type":"ReadAction","target":["https:\/\/careymoa.virtualservers.es\/index.php\/producto\/pie-de-caucho-para-vallado\/"]}]},{"@type":"ImageObject","inLanguage":"es","@id":"https:\/\/careymoa.virtualservers.es\/index.php\/producto\/pie-de-caucho-para-vallado\/#primaryimage","url":"https:\/\/careymoa.virtualservers.es\/wp-content\/uploads\/2024\/06\/base-de-caucho-para-valla-jg-senalizacion.png","contentUrl":"https:\/\/careymoa.virtualservers.es\/wp-content\/uploads\/2024\/06\/base-de-caucho-para-valla-jg-senalizacion.png","width":800,"height":800},{"@type":"BreadcrumbList","@id":"https:\/\/careymoa.virtualservers.es\/index.php\/producto\/pie-de-caucho-para-vallado\/#breadcrumb","itemListElement":[{"@type":"ListItem","position":1,"name":"Portada","item":"https:\/\/careymoa.virtualservers.es\/"},{"@type":"ListItem","position":2,"name":"Tienda","item":"https:\/\/careymoa.virtualservers.es\/index.php\/tienda\/"},{"@type":"ListItem","position":3,"name":"Pie de caucho para vallado"}]},{"@type":"WebSite","@id":"https:\/\/careymoa.virtualservers.es\/#website","url":"https:\/\/careymoa.virtualservers.es\/","name":"Careymoa","description":"Empresa de alquiler de maquinaria ","publisher":{"@id":"https:\/\/careymoa.virtualservers.es\/#organization"},"potentialAction":[{"@type":"SearchAction","target":{"@type":"EntryPoint","urlTemplate":"https:\/\/careymoa.virtualservers.es\/?s={search_term_string}"},"query-input":"required name=search_term_string"}],"inLanguage":"es"},{"@type":"Organization","@id":"https:\/\/careymoa.virtualservers.es\/#organization","name":"Careymoa","url":"https:\/\/careymoa.virtualservers.es\/","logo":{"@type":"ImageObject","inLanguage":"es","@id":"https:\/\/careymoa.virtualservers.es\/#\/schema\/logo\/image\/","url":"https:\/\/careymoa.virtualservers.es\/wp-content\/uploads\/2024\/05\/cropped-image002.png","contentUrl":"https:\/\/careymoa.virtualservers.es\/wp-content\/uploads\/2024\/05\/cropped-image002.png","width":374,"height":148,"caption":"Careymoa"},"image":{"@id":"https:\/\/careymoa.virtualservers.es\/#\/schema\/logo\/image\/"}}]}},"_links":{"self":[{"href":"https:\/\/careymoa.virtualservers.es\/index.php\/wp-json\/wp\/v2\/product\/866","targetHints":{"allow":["GET"]}}],"collection":[{"href":"https:\/\/careymoa.virtualservers.es\/index.php\/wp-json\/wp\/v2\/product"}],"about":[{"href":"https:\/\/careymoa.virtualservers.es\/index.php\/wp-json\/wp\/v2\/types\/product"}],"replies":[{"embeddable":true,"href":"https:\/\/careymoa.virtualservers.es\/index.php\/wp-json\/wp\/v2\/comments?post=866"}],"wp:featuredmedia":[{"embeddable":true,"href":"https:\/\/careymoa.virtualservers.es\/index.php\/wp-json\/wp\/v2\/media\/851"}],"wp:attachment":[{"href":"https:\/\/careymoa.virtualservers.es\/index.php\/wp-json\/wp\/v2\/media?parent=866"}],"wp:term":[{"taxonomy":"product_cat","embeddable":true,"href":"https:\/\/careymoa.virtualservers.es\/index.php\/wp-json\/wp\/v2\/product_cat?post=866"},{"taxonomy":"product_tag","embeddable":true,"href":"https:\/\/careymoa.virtualservers.es\/index.php\/wp-json\/wp\/v2\/product_tag?post=866"}],"curies":[{"name":"wp","href":"https:\/\/api.w.org\/{rel}","templated":true}]}}