{"id":865,"date":"2024-06-28T10:43:45","date_gmt":"2024-06-28T10:43:45","guid":{"rendered":"https:\/\/careymoa.virtualservers.es\/?post_type=product&#038;p=865"},"modified":"2024-06-28T10:43:45","modified_gmt":"2024-06-28T10:43:45","slug":"tripode-tubular-para-senal-60-70-cm","status":"publish","type":"product","link":"https:\/\/careymoa.virtualservers.es\/index.php\/producto\/tripode-tubular-para-senal-60-70-cm\/","title":{"rendered":"Tr\u00edpode tubular para se\u00f1al 60\/70 cm"},"content":{"rendered":"<div class=\"flex flex-grow flex-col max-w-full\">\n<div class=\"min-h-[20px] text-message flex flex-col items-start whitespace-pre-wrap break-words [.text-message+&amp;]:mt-5 juice:w-full juice:items-end overflow-x-auto gap-2\" dir=\"auto\" data-message-author-role=\"assistant\" data-message-id=\"30805e12-f65e-4722-87af-a2635eba5db5\">\n<div class=\"flex w-full flex-col gap-1 juice:empty:hidden juice:first:pt-[3px]\">\n<div class=\"markdown prose w-full break-words dark:prose-invert dark\">\n<p>Descubre nuestros tr\u00edpodes para se\u00f1ales de tr\u00e1fico, robustos y confiables para cualquier entorno. Con una estructura tubular de acero lacada en rojo de 30 mm de di\u00e1metro, ofrecen compatibilidad con se\u00f1ales circulares de 50 y 60 cm, triangulares de 70 y 90 cm, y rectangulares de 60\u00d760 cm. Con dimensiones de 65 x 85 cm y un peso ligero de 1,6 kg, estos tr\u00edpodes garantizan una instalaci\u00f3n sencilla y segura. Perfectos para se\u00f1alizaci\u00f3n temporal en diversas condiciones, destacan por su tratamiento de superficie en lacado rojo, asegurando durabilidad y visibilidad \u00f3ptima.<\/p>\n<\/div>\n<\/div>\n<\/div>\n<\/div>\n","protected":false},"excerpt":{"rendered":"<div class=\"flex flex-grow flex-col max-w-full\">\n<div class=\"min-h-[20px] text-message flex flex-col items-start whitespace-pre-wrap break-words [.text-message+&amp;]:mt-5 juice:w-full juice:items-end overflow-x-auto gap-2\" dir=\"auto\" data-message-author-role=\"assistant\" data-message-id=\"42f38078-2ab1-4565-8cce-444e15a42c3c\">\n<div class=\"flex w-full flex-col gap-1 juice:empty:hidden juice:first:pt-[3px]\">\n<div class=\"markdown prose w-full break-words dark:prose-invert dark\">\n<p>Descubre nuestros tr\u00edpodes para se\u00f1ales de tr\u00e1fico en acero lacado rojo, compatibles con se\u00f1ales circulares, triangulares y rectangulares. Robustos y ligeros, ideales para se\u00f1alizaci\u00f3n temporal con excelente visibilidad y durabilidad.<\/p>\n<\/div>\n<\/div>\n<\/div>\n<\/div>\n<div class=\"mt-1 flex gap-3 empty:hidden juice:-ml-3\">\n<div class=\"items-center justify-start rounded-xl p-1 flex\">\n<div class=\"flex items-center\">\n<div class=\"flex items-center pb-0.5 juice:pb-0\">\n<div class=\"[&amp;_svg]:h-full [&amp;_svg]:w-full icon-md h-4 w-4\"><\/div>\n<\/div>\n<\/div>\n<\/div>\n<\/div>\n","protected":false},"featured_media":869,"comment_status":"open","ping_status":"closed","template":"","meta":[],"product_cat":[44],"product_tag":[],"class_list":{"0":"post-865","1":"product","2":"type-product","3":"status-publish","4":"has-post-thumbnail","6":"product_cat-senalizacion-y-balizamiento","8":"first","9":"instock","10":"shipping-taxable","11":"product-type-simple"},"yoast_head":"<!-- This site is optimized with the Yoast SEO plugin v22.6 - https:\/\/yoast.com\/wordpress\/plugins\/seo\/ -->\n<title>Tr\u00edpode tubular para se\u00f1al 60\/70 cm - Careymoa<\/title>\n<meta name=\"description\" content=\"Descubre nuestros tr\u00edpodes para se\u00f1ales de tr\u00e1fico en acero lacado rojo, compatibles con se\u00f1ales circulares, triangulares y rectangulares. Robustos y ligeros, ideales para se\u00f1alizaci\u00f3n temporal con excelente visibilidad y durabilidad.\" \/>\n<meta name=\"robots\" content=\"index, follow, max-snippet:-1, max-image-preview:large, max-video-preview:-1\" \/>\n<link rel=\"canonical\" href=\"https:\/\/careymoa.virtualservers.es\/index.php\/producto\/tripode-tubular-para-senal-60-70-cm\/\" \/>\n<meta property=\"og:locale\" content=\"es_ES\" \/>\n<meta property=\"og:type\" content=\"article\" \/>\n<meta property=\"og:title\" content=\"Tr\u00edpode tubular para se\u00f1al 60\/70 cm - Careymoa\" \/>\n<meta property=\"og:description\" content=\"Descubre nuestros tr\u00edpodes para se\u00f1ales de tr\u00e1fico en acero lacado rojo, compatibles con se\u00f1ales circulares, triangulares y rectangulares. Robustos y ligeros, ideales para se\u00f1alizaci\u00f3n temporal con excelente visibilidad y durabilidad.\" \/>\n<meta property=\"og:url\" content=\"https:\/\/careymoa.virtualservers.es\/index.php\/producto\/tripode-tubular-para-senal-60-70-cm\/\" \/>\n<meta property=\"og:site_name\" content=\"Careymoa\" \/>\n<meta property=\"og:image\" content=\"https:\/\/careymoa.virtualservers.es\/wp-content\/uploads\/2024\/06\/tripode-de-acero-lacado-en-rojo-650x850mm.jpg\" \/>\n\t<meta property=\"og:image:width\" content=\"690\" \/>\n\t<meta property=\"og:image:height\" content=\"690\" \/>\n\t<meta property=\"og:image:type\" content=\"image\/jpeg\" \/>\n<meta name=\"twitter:card\" content=\"summary_large_image\" \/>\n<meta name=\"twitter:label1\" content=\"Tiempo de lectura\" \/>\n\t<meta name=\"twitter:data1\" content=\"1 minuto\" \/>\n<script type=\"application\/ld+json\" class=\"yoast-schema-graph\">{\"@context\":\"https:\/\/schema.org\",\"@graph\":[{\"@type\":\"WebPage\",\"@id\":\"https:\/\/careymoa.virtualservers.es\/index.php\/producto\/tripode-tubular-para-senal-60-70-cm\/\",\"url\":\"https:\/\/careymoa.virtualservers.es\/index.php\/producto\/tripode-tubular-para-senal-60-70-cm\/\",\"name\":\"Tr\u00edpode tubular para se\u00f1al 60\/70 cm - Careymoa\",\"isPartOf\":{\"@id\":\"https:\/\/careymoa.virtualservers.es\/#website\"},\"primaryImageOfPage\":{\"@id\":\"https:\/\/careymoa.virtualservers.es\/index.php\/producto\/tripode-tubular-para-senal-60-70-cm\/#primaryimage\"},\"image\":{\"@id\":\"https:\/\/careymoa.virtualservers.es\/index.php\/producto\/tripode-tubular-para-senal-60-70-cm\/#primaryimage\"},\"thumbnailUrl\":\"https:\/\/careymoa.virtualservers.es\/wp-content\/uploads\/2024\/06\/tripode-de-acero-lacado-en-rojo-650x850mm.jpg\",\"datePublished\":\"2024-06-28T10:43:45+00:00\",\"dateModified\":\"2024-06-28T10:43:45+00:00\",\"description\":\"Descubre nuestros tr\u00edpodes para se\u00f1ales de tr\u00e1fico en acero lacado rojo, compatibles con se\u00f1ales circulares, triangulares y rectangulares. Robustos y ligeros, ideales para se\u00f1alizaci\u00f3n temporal con excelente visibilidad y durabilidad.\",\"breadcrumb\":{\"@id\":\"https:\/\/careymoa.virtualservers.es\/index.php\/producto\/tripode-tubular-para-senal-60-70-cm\/#breadcrumb\"},\"inLanguage\":\"es\",\"potentialAction\":[{\"@type\":\"ReadAction\",\"target\":[\"https:\/\/careymoa.virtualservers.es\/index.php\/producto\/tripode-tubular-para-senal-60-70-cm\/\"]}]},{\"@type\":\"ImageObject\",\"inLanguage\":\"es\",\"@id\":\"https:\/\/careymoa.virtualservers.es\/index.php\/producto\/tripode-tubular-para-senal-60-70-cm\/#primaryimage\",\"url\":\"https:\/\/careymoa.virtualservers.es\/wp-content\/uploads\/2024\/06\/tripode-de-acero-lacado-en-rojo-650x850mm.jpg\",\"contentUrl\":\"https:\/\/careymoa.virtualservers.es\/wp-content\/uploads\/2024\/06\/tripode-de-acero-lacado-en-rojo-650x850mm.jpg\",\"width\":690,\"height\":690},{\"@type\":\"BreadcrumbList\",\"@id\":\"https:\/\/careymoa.virtualservers.es\/index.php\/producto\/tripode-tubular-para-senal-60-70-cm\/#breadcrumb\",\"itemListElement\":[{\"@type\":\"ListItem\",\"position\":1,\"name\":\"Portada\",\"item\":\"https:\/\/careymoa.virtualservers.es\/\"},{\"@type\":\"ListItem\",\"position\":2,\"name\":\"Tienda\",\"item\":\"https:\/\/careymoa.virtualservers.es\/index.php\/tienda\/\"},{\"@type\":\"ListItem\",\"position\":3,\"name\":\"Tr\u00edpode tubular para se\u00f1al 60\/70 cm\"}]},{\"@type\":\"WebSite\",\"@id\":\"https:\/\/careymoa.virtualservers.es\/#website\",\"url\":\"https:\/\/careymoa.virtualservers.es\/\",\"name\":\"Careymoa\",\"description\":\"Empresa de alquiler de maquinaria \",\"publisher\":{\"@id\":\"https:\/\/careymoa.virtualservers.es\/#organization\"},\"potentialAction\":[{\"@type\":\"SearchAction\",\"target\":{\"@type\":\"EntryPoint\",\"urlTemplate\":\"https:\/\/careymoa.virtualservers.es\/?s={search_term_string}\"},\"query-input\":\"required name=search_term_string\"}],\"inLanguage\":\"es\"},{\"@type\":\"Organization\",\"@id\":\"https:\/\/careymoa.virtualservers.es\/#organization\",\"name\":\"Careymoa\",\"url\":\"https:\/\/careymoa.virtualservers.es\/\",\"logo\":{\"@type\":\"ImageObject\",\"inLanguage\":\"es\",\"@id\":\"https:\/\/careymoa.virtualservers.es\/#\/schema\/logo\/image\/\",\"url\":\"https:\/\/careymoa.virtualservers.es\/wp-content\/uploads\/2024\/05\/cropped-image002.png\",\"contentUrl\":\"https:\/\/careymoa.virtualservers.es\/wp-content\/uploads\/2024\/05\/cropped-image002.png\",\"width\":374,\"height\":148,\"caption\":\"Careymoa\"},\"image\":{\"@id\":\"https:\/\/careymoa.virtualservers.es\/#\/schema\/logo\/image\/\"}}]}<\/script>\n<!-- \/ Yoast SEO plugin. -->","yoast_head_json":{"title":"Tr\u00edpode tubular para se\u00f1al 60\/70 cm - Careymoa","description":"Descubre nuestros tr\u00edpodes para se\u00f1ales de tr\u00e1fico en acero lacado rojo, compatibles con se\u00f1ales circulares, triangulares y rectangulares. Robustos y ligeros, ideales para se\u00f1alizaci\u00f3n temporal con excelente visibilidad y durabilidad.","robots":{"index":"index","follow":"follow","max-snippet":"max-snippet:-1","max-image-preview":"max-image-preview:large","max-video-preview":"max-video-preview:-1"},"canonical":"https:\/\/careymoa.virtualservers.es\/index.php\/producto\/tripode-tubular-para-senal-60-70-cm\/","og_locale":"es_ES","og_type":"article","og_title":"Tr\u00edpode tubular para se\u00f1al 60\/70 cm - Careymoa","og_description":"Descubre nuestros tr\u00edpodes para se\u00f1ales de tr\u00e1fico en acero lacado rojo, compatibles con se\u00f1ales circulares, triangulares y rectangulares. Robustos y ligeros, ideales para se\u00f1alizaci\u00f3n temporal con excelente visibilidad y durabilidad.","og_url":"https:\/\/careymoa.virtualservers.es\/index.php\/producto\/tripode-tubular-para-senal-60-70-cm\/","og_site_name":"Careymoa","og_image":[{"width":690,"height":690,"url":"https:\/\/careymoa.virtualservers.es\/wp-content\/uploads\/2024\/06\/tripode-de-acero-lacado-en-rojo-650x850mm.jpg","type":"image\/jpeg"}],"twitter_card":"summary_large_image","twitter_misc":{"Tiempo de lectura":"1 minuto"},"schema":{"@context":"https:\/\/schema.org","@graph":[{"@type":"WebPage","@id":"https:\/\/careymoa.virtualservers.es\/index.php\/producto\/tripode-tubular-para-senal-60-70-cm\/","url":"https:\/\/careymoa.virtualservers.es\/index.php\/producto\/tripode-tubular-para-senal-60-70-cm\/","name":"Tr\u00edpode tubular para se\u00f1al 60\/70 cm - Careymoa","isPartOf":{"@id":"https:\/\/careymoa.virtualservers.es\/#website"},"primaryImageOfPage":{"@id":"https:\/\/careymoa.virtualservers.es\/index.php\/producto\/tripode-tubular-para-senal-60-70-cm\/#primaryimage"},"image":{"@id":"https:\/\/careymoa.virtualservers.es\/index.php\/producto\/tripode-tubular-para-senal-60-70-cm\/#primaryimage"},"thumbnailUrl":"https:\/\/careymoa.virtualservers.es\/wp-content\/uploads\/2024\/06\/tripode-de-acero-lacado-en-rojo-650x850mm.jpg","datePublished":"2024-06-28T10:43:45+00:00","dateModified":"2024-06-28T10:43:45+00:00","description":"Descubre nuestros tr\u00edpodes para se\u00f1ales de tr\u00e1fico en acero lacado rojo, compatibles con se\u00f1ales circulares, triangulares y rectangulares. Robustos y ligeros, ideales para se\u00f1alizaci\u00f3n temporal con excelente visibilidad y durabilidad.","breadcrumb":{"@id":"https:\/\/careymoa.virtualservers.es\/index.php\/producto\/tripode-tubular-para-senal-60-70-cm\/#breadcrumb"},"inLanguage":"es","potentialAction":[{"@type":"ReadAction","target":["https:\/\/careymoa.virtualservers.es\/index.php\/producto\/tripode-tubular-para-senal-60-70-cm\/"]}]},{"@type":"ImageObject","inLanguage":"es","@id":"https:\/\/careymoa.virtualservers.es\/index.php\/producto\/tripode-tubular-para-senal-60-70-cm\/#primaryimage","url":"https:\/\/careymoa.virtualservers.es\/wp-content\/uploads\/2024\/06\/tripode-de-acero-lacado-en-rojo-650x850mm.jpg","contentUrl":"https:\/\/careymoa.virtualservers.es\/wp-content\/uploads\/2024\/06\/tripode-de-acero-lacado-en-rojo-650x850mm.jpg","width":690,"height":690},{"@type":"BreadcrumbList","@id":"https:\/\/careymoa.virtualservers.es\/index.php\/producto\/tripode-tubular-para-senal-60-70-cm\/#breadcrumb","itemListElement":[{"@type":"ListItem","position":1,"name":"Portada","item":"https:\/\/careymoa.virtualservers.es\/"},{"@type":"ListItem","position":2,"name":"Tienda","item":"https:\/\/careymoa.virtualservers.es\/index.php\/tienda\/"},{"@type":"ListItem","position":3,"name":"Tr\u00edpode tubular para se\u00f1al 60\/70 cm"}]},{"@type":"WebSite","@id":"https:\/\/careymoa.virtualservers.es\/#website","url":"https:\/\/careymoa.virtualservers.es\/","name":"Careymoa","description":"Empresa de alquiler de maquinaria ","publisher":{"@id":"https:\/\/careymoa.virtualservers.es\/#organization"},"potentialAction":[{"@type":"SearchAction","target":{"@type":"EntryPoint","urlTemplate":"https:\/\/careymoa.virtualservers.es\/?s={search_term_string}"},"query-input":"required name=search_term_string"}],"inLanguage":"es"},{"@type":"Organization","@id":"https:\/\/careymoa.virtualservers.es\/#organization","name":"Careymoa","url":"https:\/\/careymoa.virtualservers.es\/","logo":{"@type":"ImageObject","inLanguage":"es","@id":"https:\/\/careymoa.virtualservers.es\/#\/schema\/logo\/image\/","url":"https:\/\/careymoa.virtualservers.es\/wp-content\/uploads\/2024\/05\/cropped-image002.png","contentUrl":"https:\/\/careymoa.virtualservers.es\/wp-content\/uploads\/2024\/05\/cropped-image002.png","width":374,"height":148,"caption":"Careymoa"},"image":{"@id":"https:\/\/careymoa.virtualservers.es\/#\/schema\/logo\/image\/"}}]}},"_links":{"self":[{"href":"https:\/\/careymoa.virtualservers.es\/index.php\/wp-json\/wp\/v2\/product\/865","targetHints":{"allow":["GET"]}}],"collection":[{"href":"https:\/\/careymoa.virtualservers.es\/index.php\/wp-json\/wp\/v2\/product"}],"about":[{"href":"https:\/\/careymoa.virtualservers.es\/index.php\/wp-json\/wp\/v2\/types\/product"}],"replies":[{"embeddable":true,"href":"https:\/\/careymoa.virtualservers.es\/index.php\/wp-json\/wp\/v2\/comments?post=865"}],"wp:featuredmedia":[{"embeddable":true,"href":"https:\/\/careymoa.virtualservers.es\/index.php\/wp-json\/wp\/v2\/media\/869"}],"wp:attachment":[{"href":"https:\/\/careymoa.virtualservers.es\/index.php\/wp-json\/wp\/v2\/media?parent=865"}],"wp:term":[{"taxonomy":"product_cat","embeddable":true,"href":"https:\/\/careymoa.virtualservers.es\/index.php\/wp-json\/wp\/v2\/product_cat?post=865"},{"taxonomy":"product_tag","embeddable":true,"href":"https:\/\/careymoa.virtualservers.es\/index.php\/wp-json\/wp\/v2\/product_tag?post=865"}],"curies":[{"name":"wp","href":"https:\/\/api.w.org\/{rel}","templated":true}]}}