{"id":847,"date":"2024-06-28T10:30:39","date_gmt":"2024-06-28T10:30:39","guid":{"rendered":"https:\/\/careymoa.virtualservers.es\/?post_type=product&#038;p=847"},"modified":"2024-06-28T10:30:39","modified_gmt":"2024-06-28T10:30:39","slug":"senal-obra-tp-31-tripode-peligro-retencion","status":"publish","type":"product","link":"https:\/\/careymoa.virtualservers.es\/index.php\/producto\/senal-obra-tp-31-tripode-peligro-retencion\/","title":{"rendered":"Se\u00f1al obra tp-31 + tr\u00edpode. Peligro retenci\u00f3n."},"content":{"rendered":"<p>Se\u00f1ales de tr\u00e1fico TP-31 de congesti\u00f3n de acero, ideales para tramos en obras.<\/p>\n<ul>\n<li><strong>Materiales:<\/strong> Acero lacado al horno con pictograma de vinilo, preparada con agujeros para tornillos.<\/li>\n<li><strong>Medidas:<\/strong> 70 cm, 90 cm, 135 cm.<\/li>\n<li><strong>Modalidades:<\/strong>\n<ul>\n<li><strong>Econ\u00f3mica:<\/strong> Sin tornillos.<\/li>\n<li><strong>MOPU homologada:<\/strong> Sin reflectante.<\/li>\n<li><strong>MOPU homologada:<\/strong> Reflectante Nivel I, II, III.<\/li>\n<\/ul>\n<\/li>\n<li><strong>Complementos disponibles:<\/strong> Postes, tr\u00edpodes, abrazaderas, bases de caucho, placas adicionales, torniller\u00eda.<\/li>\n<\/ul>\n<p>&nbsp;<\/p>\n","protected":false},"excerpt":{"rendered":"<div class=\"flex flex-grow flex-col max-w-full\">\n<div class=\"min-h-[20px] text-message flex flex-col items-start whitespace-pre-wrap break-words [.text-message+&amp;]:mt-5 juice:w-full juice:items-end overflow-x-auto gap-2\" dir=\"auto\" data-message-author-role=\"assistant\" data-message-id=\"f588a0a8-0a00-4a61-a52b-6f7d2f21211a\">\n<div class=\"flex w-full flex-col gap-1 juice:empty:hidden juice:first:pt-[3px]\">\n<div class=\"markdown prose w-full break-words dark:prose-invert dark\">\n<p>Se\u00f1ales de tr\u00e1fico TP-31 de congesti\u00f3n en acero, para obras. Homologadas MOPU o econ\u00f3micas, varias medidas. Fabricadas con agujeros para montaje, opciones sin tornillos y con reflectante.<\/p>\n<\/div>\n<\/div>\n<\/div>\n<\/div>\n","protected":false},"featured_media":853,"comment_status":"open","ping_status":"closed","template":"","meta":[],"product_cat":[44],"product_tag":[],"class_list":{"0":"post-847","1":"product","2":"type-product","3":"status-publish","4":"has-post-thumbnail","6":"product_cat-senalizacion-y-balizamiento","8":"first","9":"instock","10":"shipping-taxable","11":"product-type-simple"},"yoast_head":"<!-- This site is optimized with the Yoast SEO plugin v22.6 - https:\/\/yoast.com\/wordpress\/plugins\/seo\/ -->\n<title>Se\u00f1al obra tp-31 + tr\u00edpode. Peligro retenci\u00f3n. - Careymoa<\/title>\n<meta name=\"description\" content=\"Se\u00f1ales de tr\u00e1fico TP-31 de congesti\u00f3n en acero, para obras. Homologadas MOPU o econ\u00f3micas, varias medidas. Fabricadas con agujeros para montaje, opciones sin tornillos y con reflectante.\" \/>\n<meta name=\"robots\" content=\"index, follow, max-snippet:-1, max-image-preview:large, max-video-preview:-1\" \/>\n<link rel=\"canonical\" href=\"https:\/\/careymoa.virtualservers.es\/index.php\/producto\/senal-obra-tp-31-tripode-peligro-retencion\/\" \/>\n<meta property=\"og:locale\" content=\"es_ES\" \/>\n<meta property=\"og:type\" content=\"article\" \/>\n<meta property=\"og:title\" content=\"Se\u00f1al obra tp-31 + tr\u00edpode. Peligro retenci\u00f3n. - Careymoa\" \/>\n<meta property=\"og:description\" content=\"Se\u00f1ales de tr\u00e1fico TP-31 de congesti\u00f3n en acero, para obras. Homologadas MOPU o econ\u00f3micas, varias medidas. Fabricadas con agujeros para montaje, opciones sin tornillos y con reflectante.\" \/>\n<meta property=\"og:url\" content=\"https:\/\/careymoa.virtualservers.es\/index.php\/producto\/senal-obra-tp-31-tripode-peligro-retencion\/\" \/>\n<meta property=\"og:site_name\" content=\"Careymoa\" \/>\n<meta property=\"og:image\" content=\"https:\/\/careymoa.virtualservers.es\/wp-content\/uploads\/2024\/06\/senales-de-peligro-trafico-TP-31.webp\" \/>\n\t<meta property=\"og:image:width\" content=\"800\" \/>\n\t<meta property=\"og:image:height\" content=\"800\" \/>\n\t<meta property=\"og:image:type\" content=\"image\/webp\" \/>\n<meta name=\"twitter:card\" content=\"summary_large_image\" \/>\n<meta name=\"twitter:label1\" content=\"Tiempo de lectura\" \/>\n\t<meta name=\"twitter:data1\" content=\"1 minuto\" \/>\n<script type=\"application\/ld+json\" class=\"yoast-schema-graph\">{\"@context\":\"https:\/\/schema.org\",\"@graph\":[{\"@type\":\"WebPage\",\"@id\":\"https:\/\/careymoa.virtualservers.es\/index.php\/producto\/senal-obra-tp-31-tripode-peligro-retencion\/\",\"url\":\"https:\/\/careymoa.virtualservers.es\/index.php\/producto\/senal-obra-tp-31-tripode-peligro-retencion\/\",\"name\":\"Se\u00f1al obra tp-31 + tr\u00edpode. Peligro retenci\u00f3n. - Careymoa\",\"isPartOf\":{\"@id\":\"https:\/\/careymoa.virtualservers.es\/#website\"},\"primaryImageOfPage\":{\"@id\":\"https:\/\/careymoa.virtualservers.es\/index.php\/producto\/senal-obra-tp-31-tripode-peligro-retencion\/#primaryimage\"},\"image\":{\"@id\":\"https:\/\/careymoa.virtualservers.es\/index.php\/producto\/senal-obra-tp-31-tripode-peligro-retencion\/#primaryimage\"},\"thumbnailUrl\":\"https:\/\/careymoa.virtualservers.es\/wp-content\/uploads\/2024\/06\/senales-de-peligro-trafico-TP-31.webp\",\"datePublished\":\"2024-06-28T10:30:39+00:00\",\"dateModified\":\"2024-06-28T10:30:39+00:00\",\"description\":\"Se\u00f1ales de tr\u00e1fico TP-31 de congesti\u00f3n en acero, para obras. Homologadas MOPU o econ\u00f3micas, varias medidas. Fabricadas con agujeros para montaje, opciones sin tornillos y con reflectante.\",\"breadcrumb\":{\"@id\":\"https:\/\/careymoa.virtualservers.es\/index.php\/producto\/senal-obra-tp-31-tripode-peligro-retencion\/#breadcrumb\"},\"inLanguage\":\"es\",\"potentialAction\":[{\"@type\":\"ReadAction\",\"target\":[\"https:\/\/careymoa.virtualservers.es\/index.php\/producto\/senal-obra-tp-31-tripode-peligro-retencion\/\"]}]},{\"@type\":\"ImageObject\",\"inLanguage\":\"es\",\"@id\":\"https:\/\/careymoa.virtualservers.es\/index.php\/producto\/senal-obra-tp-31-tripode-peligro-retencion\/#primaryimage\",\"url\":\"https:\/\/careymoa.virtualservers.es\/wp-content\/uploads\/2024\/06\/senales-de-peligro-trafico-TP-31.webp\",\"contentUrl\":\"https:\/\/careymoa.virtualservers.es\/wp-content\/uploads\/2024\/06\/senales-de-peligro-trafico-TP-31.webp\",\"width\":800,\"height\":800},{\"@type\":\"BreadcrumbList\",\"@id\":\"https:\/\/careymoa.virtualservers.es\/index.php\/producto\/senal-obra-tp-31-tripode-peligro-retencion\/#breadcrumb\",\"itemListElement\":[{\"@type\":\"ListItem\",\"position\":1,\"name\":\"Portada\",\"item\":\"https:\/\/careymoa.virtualservers.es\/\"},{\"@type\":\"ListItem\",\"position\":2,\"name\":\"Tienda\",\"item\":\"https:\/\/careymoa.virtualservers.es\/index.php\/tienda\/\"},{\"@type\":\"ListItem\",\"position\":3,\"name\":\"Se\u00f1al obra tp-31 + tr\u00edpode. Peligro retenci\u00f3n.\"}]},{\"@type\":\"WebSite\",\"@id\":\"https:\/\/careymoa.virtualservers.es\/#website\",\"url\":\"https:\/\/careymoa.virtualservers.es\/\",\"name\":\"Careymoa\",\"description\":\"Empresa de alquiler de maquinaria \",\"publisher\":{\"@id\":\"https:\/\/careymoa.virtualservers.es\/#organization\"},\"potentialAction\":[{\"@type\":\"SearchAction\",\"target\":{\"@type\":\"EntryPoint\",\"urlTemplate\":\"https:\/\/careymoa.virtualservers.es\/?s={search_term_string}\"},\"query-input\":\"required name=search_term_string\"}],\"inLanguage\":\"es\"},{\"@type\":\"Organization\",\"@id\":\"https:\/\/careymoa.virtualservers.es\/#organization\",\"name\":\"Careymoa\",\"url\":\"https:\/\/careymoa.virtualservers.es\/\",\"logo\":{\"@type\":\"ImageObject\",\"inLanguage\":\"es\",\"@id\":\"https:\/\/careymoa.virtualservers.es\/#\/schema\/logo\/image\/\",\"url\":\"https:\/\/careymoa.virtualservers.es\/wp-content\/uploads\/2024\/05\/cropped-image002.png\",\"contentUrl\":\"https:\/\/careymoa.virtualservers.es\/wp-content\/uploads\/2024\/05\/cropped-image002.png\",\"width\":374,\"height\":148,\"caption\":\"Careymoa\"},\"image\":{\"@id\":\"https:\/\/careymoa.virtualservers.es\/#\/schema\/logo\/image\/\"}}]}<\/script>\n<!-- \/ Yoast SEO plugin. -->","yoast_head_json":{"title":"Se\u00f1al obra tp-31 + tr\u00edpode. Peligro retenci\u00f3n. - Careymoa","description":"Se\u00f1ales de tr\u00e1fico TP-31 de congesti\u00f3n en acero, para obras. Homologadas MOPU o econ\u00f3micas, varias medidas. Fabricadas con agujeros para montaje, opciones sin tornillos y con reflectante.","robots":{"index":"index","follow":"follow","max-snippet":"max-snippet:-1","max-image-preview":"max-image-preview:large","max-video-preview":"max-video-preview:-1"},"canonical":"https:\/\/careymoa.virtualservers.es\/index.php\/producto\/senal-obra-tp-31-tripode-peligro-retencion\/","og_locale":"es_ES","og_type":"article","og_title":"Se\u00f1al obra tp-31 + tr\u00edpode. Peligro retenci\u00f3n. - Careymoa","og_description":"Se\u00f1ales de tr\u00e1fico TP-31 de congesti\u00f3n en acero, para obras. Homologadas MOPU o econ\u00f3micas, varias medidas. Fabricadas con agujeros para montaje, opciones sin tornillos y con reflectante.","og_url":"https:\/\/careymoa.virtualservers.es\/index.php\/producto\/senal-obra-tp-31-tripode-peligro-retencion\/","og_site_name":"Careymoa","og_image":[{"width":800,"height":800,"url":"https:\/\/careymoa.virtualservers.es\/wp-content\/uploads\/2024\/06\/senales-de-peligro-trafico-TP-31.webp","type":"image\/webp"}],"twitter_card":"summary_large_image","twitter_misc":{"Tiempo de lectura":"1 minuto"},"schema":{"@context":"https:\/\/schema.org","@graph":[{"@type":"WebPage","@id":"https:\/\/careymoa.virtualservers.es\/index.php\/producto\/senal-obra-tp-31-tripode-peligro-retencion\/","url":"https:\/\/careymoa.virtualservers.es\/index.php\/producto\/senal-obra-tp-31-tripode-peligro-retencion\/","name":"Se\u00f1al obra tp-31 + tr\u00edpode. Peligro retenci\u00f3n. - Careymoa","isPartOf":{"@id":"https:\/\/careymoa.virtualservers.es\/#website"},"primaryImageOfPage":{"@id":"https:\/\/careymoa.virtualservers.es\/index.php\/producto\/senal-obra-tp-31-tripode-peligro-retencion\/#primaryimage"},"image":{"@id":"https:\/\/careymoa.virtualservers.es\/index.php\/producto\/senal-obra-tp-31-tripode-peligro-retencion\/#primaryimage"},"thumbnailUrl":"https:\/\/careymoa.virtualservers.es\/wp-content\/uploads\/2024\/06\/senales-de-peligro-trafico-TP-31.webp","datePublished":"2024-06-28T10:30:39+00:00","dateModified":"2024-06-28T10:30:39+00:00","description":"Se\u00f1ales de tr\u00e1fico TP-31 de congesti\u00f3n en acero, para obras. Homologadas MOPU o econ\u00f3micas, varias medidas. Fabricadas con agujeros para montaje, opciones sin tornillos y con reflectante.","breadcrumb":{"@id":"https:\/\/careymoa.virtualservers.es\/index.php\/producto\/senal-obra-tp-31-tripode-peligro-retencion\/#breadcrumb"},"inLanguage":"es","potentialAction":[{"@type":"ReadAction","target":["https:\/\/careymoa.virtualservers.es\/index.php\/producto\/senal-obra-tp-31-tripode-peligro-retencion\/"]}]},{"@type":"ImageObject","inLanguage":"es","@id":"https:\/\/careymoa.virtualservers.es\/index.php\/producto\/senal-obra-tp-31-tripode-peligro-retencion\/#primaryimage","url":"https:\/\/careymoa.virtualservers.es\/wp-content\/uploads\/2024\/06\/senales-de-peligro-trafico-TP-31.webp","contentUrl":"https:\/\/careymoa.virtualservers.es\/wp-content\/uploads\/2024\/06\/senales-de-peligro-trafico-TP-31.webp","width":800,"height":800},{"@type":"BreadcrumbList","@id":"https:\/\/careymoa.virtualservers.es\/index.php\/producto\/senal-obra-tp-31-tripode-peligro-retencion\/#breadcrumb","itemListElement":[{"@type":"ListItem","position":1,"name":"Portada","item":"https:\/\/careymoa.virtualservers.es\/"},{"@type":"ListItem","position":2,"name":"Tienda","item":"https:\/\/careymoa.virtualservers.es\/index.php\/tienda\/"},{"@type":"ListItem","position":3,"name":"Se\u00f1al obra tp-31 + tr\u00edpode. Peligro retenci\u00f3n."}]},{"@type":"WebSite","@id":"https:\/\/careymoa.virtualservers.es\/#website","url":"https:\/\/careymoa.virtualservers.es\/","name":"Careymoa","description":"Empresa de alquiler de maquinaria ","publisher":{"@id":"https:\/\/careymoa.virtualservers.es\/#organization"},"potentialAction":[{"@type":"SearchAction","target":{"@type":"EntryPoint","urlTemplate":"https:\/\/careymoa.virtualservers.es\/?s={search_term_string}"},"query-input":"required name=search_term_string"}],"inLanguage":"es"},{"@type":"Organization","@id":"https:\/\/careymoa.virtualservers.es\/#organization","name":"Careymoa","url":"https:\/\/careymoa.virtualservers.es\/","logo":{"@type":"ImageObject","inLanguage":"es","@id":"https:\/\/careymoa.virtualservers.es\/#\/schema\/logo\/image\/","url":"https:\/\/careymoa.virtualservers.es\/wp-content\/uploads\/2024\/05\/cropped-image002.png","contentUrl":"https:\/\/careymoa.virtualservers.es\/wp-content\/uploads\/2024\/05\/cropped-image002.png","width":374,"height":148,"caption":"Careymoa"},"image":{"@id":"https:\/\/careymoa.virtualservers.es\/#\/schema\/logo\/image\/"}}]}},"_links":{"self":[{"href":"https:\/\/careymoa.virtualservers.es\/index.php\/wp-json\/wp\/v2\/product\/847","targetHints":{"allow":["GET"]}}],"collection":[{"href":"https:\/\/careymoa.virtualservers.es\/index.php\/wp-json\/wp\/v2\/product"}],"about":[{"href":"https:\/\/careymoa.virtualservers.es\/index.php\/wp-json\/wp\/v2\/types\/product"}],"replies":[{"embeddable":true,"href":"https:\/\/careymoa.virtualservers.es\/index.php\/wp-json\/wp\/v2\/comments?post=847"}],"wp:featuredmedia":[{"embeddable":true,"href":"https:\/\/careymoa.virtualservers.es\/index.php\/wp-json\/wp\/v2\/media\/853"}],"wp:attachment":[{"href":"https:\/\/careymoa.virtualservers.es\/index.php\/wp-json\/wp\/v2\/media?parent=847"}],"wp:term":[{"taxonomy":"product_cat","embeddable":true,"href":"https:\/\/careymoa.virtualservers.es\/index.php\/wp-json\/wp\/v2\/product_cat?post=847"},{"taxonomy":"product_tag","embeddable":true,"href":"https:\/\/careymoa.virtualservers.es\/index.php\/wp-json\/wp\/v2\/product_tag?post=847"}],"curies":[{"name":"wp","href":"https:\/\/api.w.org\/{rel}","templated":true}]}}