{"id":841,"date":"2024-06-28T10:23:37","date_gmt":"2024-06-28T10:23:37","guid":{"rendered":"https:\/\/careymoa.virtualservers.es\/?post_type=product&#038;p=841"},"modified":"2024-06-28T10:26:42","modified_gmt":"2024-06-28T10:26:42","slug":"valla-metalica-electrosoldada-de-pie-de-caucho-300x200","status":"publish","type":"product","link":"https:\/\/careymoa.virtualservers.es\/index.php\/producto\/valla-metalica-electrosoldada-de-pie-de-caucho-300x200\/","title":{"rendered":"Valla met\u00e1lica electrosoldada de pie de caucho 3,00&#215;2,00"},"content":{"rendered":"<p>Paneles met\u00e1licos electrosoldados de 2 m. de alto por 3 m. de ancho, fabricados con alambres de dureza media. Ofrecen una excelente resistencia, lo que los hace perfectos para \u00e1reas que requieren un alto nivel de protecci\u00f3n, as\u00ed como para la construcci\u00f3n de jaulas y cercas. Son f\u00e1ciles de manejar e instalar, y se est\u00e1n utilizando cada vez m\u00e1s para cerramientos debido a su rigidez, durabilidad y acabado.<\/p>\n","protected":false},"excerpt":{"rendered":"<p>Paneles met\u00e1licos electrosoldados, de alambres duros, ideales para \u00e1reas de alta protecci\u00f3n, jaulas y cercas, por su resistencia y durabilidad. F\u00e1ciles de manejar e instalar, son cada vez m\u00e1s usados en cerramientos.<\/p>\n","protected":false},"featured_media":850,"comment_status":"open","ping_status":"closed","template":"","meta":[],"product_cat":[44],"product_tag":[],"class_list":{"0":"post-841","1":"product","2":"type-product","3":"status-publish","4":"has-post-thumbnail","6":"product_cat-senalizacion-y-balizamiento","8":"first","9":"instock","10":"shipping-taxable","11":"product-type-simple"},"yoast_head":"<!-- This site is optimized with the Yoast SEO plugin v22.6 - https:\/\/yoast.com\/wordpress\/plugins\/seo\/ -->\n<title>Valla met\u00e1lica electrosoldada de pie de caucho 3,00x2,00 - Careymoa<\/title>\n<meta name=\"robots\" content=\"index, follow, max-snippet:-1, max-image-preview:large, max-video-preview:-1\" \/>\n<link rel=\"canonical\" href=\"https:\/\/careymoa.virtualservers.es\/index.php\/producto\/valla-metalica-electrosoldada-de-pie-de-caucho-300x200\/\" \/>\n<meta property=\"og:locale\" content=\"es_ES\" \/>\n<meta property=\"og:type\" content=\"article\" \/>\n<meta property=\"og:title\" content=\"Valla met\u00e1lica electrosoldada de pie de caucho 3,00x2,00 - Careymoa\" \/>\n<meta property=\"og:description\" content=\"Paneles met\u00e1licos electrosoldados, de alambres duros, ideales para \u00e1reas de alta protecci\u00f3n, jaulas y cercas, por su resistencia y durabilidad. F\u00e1ciles de manejar e instalar, son cada vez m\u00e1s usados en cerramientos.\" \/>\n<meta property=\"og:url\" content=\"https:\/\/careymoa.virtualservers.es\/index.php\/producto\/valla-metalica-electrosoldada-de-pie-de-caucho-300x200\/\" \/>\n<meta property=\"og:site_name\" content=\"Careymoa\" \/>\n<meta property=\"article:modified_time\" content=\"2024-06-28T10:26:42+00:00\" \/>\n<meta property=\"og:image\" content=\"https:\/\/careymoa.virtualservers.es\/wp-content\/uploads\/2024\/06\/panel-malla-electrosoldada-galvanizada.png\" \/>\n\t<meta property=\"og:image:width\" content=\"800\" \/>\n\t<meta property=\"og:image:height\" content=\"800\" \/>\n\t<meta property=\"og:image:type\" content=\"image\/png\" \/>\n<meta name=\"twitter:card\" content=\"summary_large_image\" \/>\n<meta name=\"twitter:label1\" content=\"Tiempo de lectura\" \/>\n\t<meta name=\"twitter:data1\" content=\"1 minuto\" \/>\n<script type=\"application\/ld+json\" class=\"yoast-schema-graph\">{\"@context\":\"https:\/\/schema.org\",\"@graph\":[{\"@type\":\"WebPage\",\"@id\":\"https:\/\/careymoa.virtualservers.es\/index.php\/producto\/valla-metalica-electrosoldada-de-pie-de-caucho-300x200\/\",\"url\":\"https:\/\/careymoa.virtualservers.es\/index.php\/producto\/valla-metalica-electrosoldada-de-pie-de-caucho-300x200\/\",\"name\":\"Valla met\u00e1lica electrosoldada de pie de caucho 3,00x2,00 - Careymoa\",\"isPartOf\":{\"@id\":\"https:\/\/careymoa.virtualservers.es\/#website\"},\"primaryImageOfPage\":{\"@id\":\"https:\/\/careymoa.virtualservers.es\/index.php\/producto\/valla-metalica-electrosoldada-de-pie-de-caucho-300x200\/#primaryimage\"},\"image\":{\"@id\":\"https:\/\/careymoa.virtualservers.es\/index.php\/producto\/valla-metalica-electrosoldada-de-pie-de-caucho-300x200\/#primaryimage\"},\"thumbnailUrl\":\"https:\/\/careymoa.virtualservers.es\/wp-content\/uploads\/2024\/06\/panel-malla-electrosoldada-galvanizada.png\",\"datePublished\":\"2024-06-28T10:23:37+00:00\",\"dateModified\":\"2024-06-28T10:26:42+00:00\",\"breadcrumb\":{\"@id\":\"https:\/\/careymoa.virtualservers.es\/index.php\/producto\/valla-metalica-electrosoldada-de-pie-de-caucho-300x200\/#breadcrumb\"},\"inLanguage\":\"es\",\"potentialAction\":[{\"@type\":\"ReadAction\",\"target\":[\"https:\/\/careymoa.virtualservers.es\/index.php\/producto\/valla-metalica-electrosoldada-de-pie-de-caucho-300x200\/\"]}]},{\"@type\":\"ImageObject\",\"inLanguage\":\"es\",\"@id\":\"https:\/\/careymoa.virtualservers.es\/index.php\/producto\/valla-metalica-electrosoldada-de-pie-de-caucho-300x200\/#primaryimage\",\"url\":\"https:\/\/careymoa.virtualservers.es\/wp-content\/uploads\/2024\/06\/panel-malla-electrosoldada-galvanizada.png\",\"contentUrl\":\"https:\/\/careymoa.virtualservers.es\/wp-content\/uploads\/2024\/06\/panel-malla-electrosoldada-galvanizada.png\",\"width\":800,\"height\":800},{\"@type\":\"BreadcrumbList\",\"@id\":\"https:\/\/careymoa.virtualservers.es\/index.php\/producto\/valla-metalica-electrosoldada-de-pie-de-caucho-300x200\/#breadcrumb\",\"itemListElement\":[{\"@type\":\"ListItem\",\"position\":1,\"name\":\"Portada\",\"item\":\"https:\/\/careymoa.virtualservers.es\/\"},{\"@type\":\"ListItem\",\"position\":2,\"name\":\"Tienda\",\"item\":\"https:\/\/careymoa.virtualservers.es\/index.php\/tienda\/\"},{\"@type\":\"ListItem\",\"position\":3,\"name\":\"Valla met\u00e1lica electrosoldada de pie de caucho 3,00&#215;2,00\"}]},{\"@type\":\"WebSite\",\"@id\":\"https:\/\/careymoa.virtualservers.es\/#website\",\"url\":\"https:\/\/careymoa.virtualservers.es\/\",\"name\":\"Careymoa\",\"description\":\"Empresa de alquiler de maquinaria \",\"publisher\":{\"@id\":\"https:\/\/careymoa.virtualservers.es\/#organization\"},\"potentialAction\":[{\"@type\":\"SearchAction\",\"target\":{\"@type\":\"EntryPoint\",\"urlTemplate\":\"https:\/\/careymoa.virtualservers.es\/?s={search_term_string}\"},\"query-input\":\"required name=search_term_string\"}],\"inLanguage\":\"es\"},{\"@type\":\"Organization\",\"@id\":\"https:\/\/careymoa.virtualservers.es\/#organization\",\"name\":\"Careymoa\",\"url\":\"https:\/\/careymoa.virtualservers.es\/\",\"logo\":{\"@type\":\"ImageObject\",\"inLanguage\":\"es\",\"@id\":\"https:\/\/careymoa.virtualservers.es\/#\/schema\/logo\/image\/\",\"url\":\"https:\/\/careymoa.virtualservers.es\/wp-content\/uploads\/2024\/05\/cropped-image002.png\",\"contentUrl\":\"https:\/\/careymoa.virtualservers.es\/wp-content\/uploads\/2024\/05\/cropped-image002.png\",\"width\":374,\"height\":148,\"caption\":\"Careymoa\"},\"image\":{\"@id\":\"https:\/\/careymoa.virtualservers.es\/#\/schema\/logo\/image\/\"}}]}<\/script>\n<!-- \/ Yoast SEO plugin. -->","yoast_head_json":{"title":"Valla met\u00e1lica electrosoldada de pie de caucho 3,00x2,00 - Careymoa","robots":{"index":"index","follow":"follow","max-snippet":"max-snippet:-1","max-image-preview":"max-image-preview:large","max-video-preview":"max-video-preview:-1"},"canonical":"https:\/\/careymoa.virtualservers.es\/index.php\/producto\/valla-metalica-electrosoldada-de-pie-de-caucho-300x200\/","og_locale":"es_ES","og_type":"article","og_title":"Valla met\u00e1lica electrosoldada de pie de caucho 3,00x2,00 - Careymoa","og_description":"Paneles met\u00e1licos electrosoldados, de alambres duros, ideales para \u00e1reas de alta protecci\u00f3n, jaulas y cercas, por su resistencia y durabilidad. F\u00e1ciles de manejar e instalar, son cada vez m\u00e1s usados en cerramientos.","og_url":"https:\/\/careymoa.virtualservers.es\/index.php\/producto\/valla-metalica-electrosoldada-de-pie-de-caucho-300x200\/","og_site_name":"Careymoa","article_modified_time":"2024-06-28T10:26:42+00:00","og_image":[{"width":800,"height":800,"url":"https:\/\/careymoa.virtualservers.es\/wp-content\/uploads\/2024\/06\/panel-malla-electrosoldada-galvanizada.png","type":"image\/png"}],"twitter_card":"summary_large_image","twitter_misc":{"Tiempo de lectura":"1 minuto"},"schema":{"@context":"https:\/\/schema.org","@graph":[{"@type":"WebPage","@id":"https:\/\/careymoa.virtualservers.es\/index.php\/producto\/valla-metalica-electrosoldada-de-pie-de-caucho-300x200\/","url":"https:\/\/careymoa.virtualservers.es\/index.php\/producto\/valla-metalica-electrosoldada-de-pie-de-caucho-300x200\/","name":"Valla met\u00e1lica electrosoldada de pie de caucho 3,00x2,00 - Careymoa","isPartOf":{"@id":"https:\/\/careymoa.virtualservers.es\/#website"},"primaryImageOfPage":{"@id":"https:\/\/careymoa.virtualservers.es\/index.php\/producto\/valla-metalica-electrosoldada-de-pie-de-caucho-300x200\/#primaryimage"},"image":{"@id":"https:\/\/careymoa.virtualservers.es\/index.php\/producto\/valla-metalica-electrosoldada-de-pie-de-caucho-300x200\/#primaryimage"},"thumbnailUrl":"https:\/\/careymoa.virtualservers.es\/wp-content\/uploads\/2024\/06\/panel-malla-electrosoldada-galvanizada.png","datePublished":"2024-06-28T10:23:37+00:00","dateModified":"2024-06-28T10:26:42+00:00","breadcrumb":{"@id":"https:\/\/careymoa.virtualservers.es\/index.php\/producto\/valla-metalica-electrosoldada-de-pie-de-caucho-300x200\/#breadcrumb"},"inLanguage":"es","potentialAction":[{"@type":"ReadAction","target":["https:\/\/careymoa.virtualservers.es\/index.php\/producto\/valla-metalica-electrosoldada-de-pie-de-caucho-300x200\/"]}]},{"@type":"ImageObject","inLanguage":"es","@id":"https:\/\/careymoa.virtualservers.es\/index.php\/producto\/valla-metalica-electrosoldada-de-pie-de-caucho-300x200\/#primaryimage","url":"https:\/\/careymoa.virtualservers.es\/wp-content\/uploads\/2024\/06\/panel-malla-electrosoldada-galvanizada.png","contentUrl":"https:\/\/careymoa.virtualservers.es\/wp-content\/uploads\/2024\/06\/panel-malla-electrosoldada-galvanizada.png","width":800,"height":800},{"@type":"BreadcrumbList","@id":"https:\/\/careymoa.virtualservers.es\/index.php\/producto\/valla-metalica-electrosoldada-de-pie-de-caucho-300x200\/#breadcrumb","itemListElement":[{"@type":"ListItem","position":1,"name":"Portada","item":"https:\/\/careymoa.virtualservers.es\/"},{"@type":"ListItem","position":2,"name":"Tienda","item":"https:\/\/careymoa.virtualservers.es\/index.php\/tienda\/"},{"@type":"ListItem","position":3,"name":"Valla met\u00e1lica electrosoldada de pie de caucho 3,00&#215;2,00"}]},{"@type":"WebSite","@id":"https:\/\/careymoa.virtualservers.es\/#website","url":"https:\/\/careymoa.virtualservers.es\/","name":"Careymoa","description":"Empresa de alquiler de maquinaria ","publisher":{"@id":"https:\/\/careymoa.virtualservers.es\/#organization"},"potentialAction":[{"@type":"SearchAction","target":{"@type":"EntryPoint","urlTemplate":"https:\/\/careymoa.virtualservers.es\/?s={search_term_string}"},"query-input":"required name=search_term_string"}],"inLanguage":"es"},{"@type":"Organization","@id":"https:\/\/careymoa.virtualservers.es\/#organization","name":"Careymoa","url":"https:\/\/careymoa.virtualservers.es\/","logo":{"@type":"ImageObject","inLanguage":"es","@id":"https:\/\/careymoa.virtualservers.es\/#\/schema\/logo\/image\/","url":"https:\/\/careymoa.virtualservers.es\/wp-content\/uploads\/2024\/05\/cropped-image002.png","contentUrl":"https:\/\/careymoa.virtualservers.es\/wp-content\/uploads\/2024\/05\/cropped-image002.png","width":374,"height":148,"caption":"Careymoa"},"image":{"@id":"https:\/\/careymoa.virtualservers.es\/#\/schema\/logo\/image\/"}}]}},"_links":{"self":[{"href":"https:\/\/careymoa.virtualservers.es\/index.php\/wp-json\/wp\/v2\/product\/841","targetHints":{"allow":["GET"]}}],"collection":[{"href":"https:\/\/careymoa.virtualservers.es\/index.php\/wp-json\/wp\/v2\/product"}],"about":[{"href":"https:\/\/careymoa.virtualservers.es\/index.php\/wp-json\/wp\/v2\/types\/product"}],"replies":[{"embeddable":true,"href":"https:\/\/careymoa.virtualservers.es\/index.php\/wp-json\/wp\/v2\/comments?post=841"}],"wp:featuredmedia":[{"embeddable":true,"href":"https:\/\/careymoa.virtualservers.es\/index.php\/wp-json\/wp\/v2\/media\/850"}],"wp:attachment":[{"href":"https:\/\/careymoa.virtualservers.es\/index.php\/wp-json\/wp\/v2\/media?parent=841"}],"wp:term":[{"taxonomy":"product_cat","embeddable":true,"href":"https:\/\/careymoa.virtualservers.es\/index.php\/wp-json\/wp\/v2\/product_cat?post=841"},{"taxonomy":"product_tag","embeddable":true,"href":"https:\/\/careymoa.virtualservers.es\/index.php\/wp-json\/wp\/v2\/product_tag?post=841"}],"curies":[{"name":"wp","href":"https:\/\/api.w.org\/{rel}","templated":true}]}}