{"id":840,"date":"2024-06-28T10:16:04","date_gmt":"2024-06-28T10:16:04","guid":{"rendered":"https:\/\/careymoa.virtualservers.es\/?post_type=product&#038;p=840"},"modified":"2024-06-28T10:16:04","modified_gmt":"2024-06-28T10:16:04","slug":"protecion-de-pozos-de-registro","status":"publish","type":"product","link":"https:\/\/careymoa.virtualservers.es\/index.php\/producto\/protecion-de-pozos-de-registro\/","title":{"rendered":"Proteci\u00f3n de pozos de registro"},"content":{"rendered":"<p>Nuestros sistemas de protecci\u00f3n colectiva y se\u00f1alizaci\u00f3n para huecos de pozos de registro garantizan una protecci\u00f3n efectiva y se\u00f1alizaci\u00f3n clara del riesgo. Evitan la ca\u00edda de tierras y otros objetos al interior del pozo, ofreciendo opciones personalizables que mejoran el aspecto general de la obra. Complementados con elementos de se\u00f1alizaci\u00f3n, estos sistemas reducen significativamente los costes asociados a la reposici\u00f3n de elementos improvisados, se\u00f1alizaci\u00f3n temporal o vallados. Adem\u00e1s, contribuyen a la reducci\u00f3n de accidentes, horas de limpieza, robo de tapas definitivas y evitan incidentes con veh\u00edculos.<\/p>\n","protected":false},"excerpt":{"rendered":"<div class=\"flex flex-grow flex-col max-w-full\">\n<div class=\"min-h-[20px] text-message flex flex-col items-start whitespace-pre-wrap break-words [.text-message+&amp;]:mt-5 juice:w-full juice:items-end overflow-x-auto gap-2\" dir=\"auto\" data-message-author-role=\"assistant\" data-message-id=\"7244af2a-29a0-4df3-b5d8-1bf9bc9ea6dd\">\n<div class=\"flex w-full flex-col gap-1 juice:empty:hidden juice:first:pt-[3px]\">\n<div class=\"markdown prose w-full break-words dark:prose-invert dark\">\n<p>Nuestros sistemas protegen y se\u00f1alizan huecos de pozos de registro, evitando ca\u00eddas y mejorando la seguridad con opciones personalizables. Reducen costos de reposici\u00f3n, accidentes, limpieza y robo de tapas definitivas, evitando incidentes con veh\u00edculos.<\/p>\n<\/div>\n<\/div>\n<\/div>\n<\/div>\n","protected":false},"featured_media":843,"comment_status":"open","ping_status":"closed","template":"","meta":[],"product_cat":[44],"product_tag":[],"class_list":{"0":"post-840","1":"product","2":"type-product","3":"status-publish","4":"has-post-thumbnail","6":"product_cat-senalizacion-y-balizamiento","8":"first","9":"instock","10":"shipping-taxable","11":"product-type-simple"},"yoast_head":"<!-- This site is optimized with the Yoast SEO plugin v22.6 - https:\/\/yoast.com\/wordpress\/plugins\/seo\/ -->\n<title>Proteci\u00f3n de pozos de registro - Careymoa<\/title>\n<meta name=\"description\" content=\"Nuestros sistemas protegen y se\u00f1alizan huecos de pozos de registro, evitando ca\u00eddas y mejorando la seguridad con opciones personalizables. Reducen costos de reposici\u00f3n, accidentes, limpieza y robo de tapas definitivas, evitando incidentes con veh\u00edculos.\" \/>\n<meta name=\"robots\" content=\"index, follow, max-snippet:-1, max-image-preview:large, max-video-preview:-1\" \/>\n<link rel=\"canonical\" href=\"https:\/\/careymoa.virtualservers.es\/index.php\/producto\/protecion-de-pozos-de-registro\/\" \/>\n<meta property=\"og:locale\" content=\"es_ES\" \/>\n<meta property=\"og:type\" content=\"article\" \/>\n<meta property=\"og:title\" content=\"Proteci\u00f3n de pozos de registro - Careymoa\" \/>\n<meta property=\"og:description\" content=\"Nuestros sistemas protegen y se\u00f1alizan huecos de pozos de registro, evitando ca\u00eddas y mejorando la seguridad con opciones personalizables. Reducen costos de reposici\u00f3n, accidentes, limpieza y robo de tapas definitivas, evitando incidentes con veh\u00edculos.\" \/>\n<meta property=\"og:url\" content=\"https:\/\/careymoa.virtualservers.es\/index.php\/producto\/protecion-de-pozos-de-registro\/\" \/>\n<meta property=\"og:site_name\" content=\"Careymoa\" \/>\n<meta property=\"og:image\" content=\"https:\/\/careymoa.virtualservers.es\/wp-content\/uploads\/2024\/06\/a0727-004a_600x_crop_center.webp\" \/>\n\t<meta property=\"og:image:width\" content=\"600\" \/>\n\t<meta property=\"og:image:height\" content=\"600\" \/>\n\t<meta property=\"og:image:type\" content=\"image\/webp\" \/>\n<meta name=\"twitter:card\" content=\"summary_large_image\" \/>\n<meta name=\"twitter:label1\" content=\"Tiempo de lectura\" \/>\n\t<meta name=\"twitter:data1\" content=\"1 minuto\" \/>\n<script type=\"application\/ld+json\" class=\"yoast-schema-graph\">{\"@context\":\"https:\/\/schema.org\",\"@graph\":[{\"@type\":\"WebPage\",\"@id\":\"https:\/\/careymoa.virtualservers.es\/index.php\/producto\/protecion-de-pozos-de-registro\/\",\"url\":\"https:\/\/careymoa.virtualservers.es\/index.php\/producto\/protecion-de-pozos-de-registro\/\",\"name\":\"Proteci\u00f3n de pozos de registro - Careymoa\",\"isPartOf\":{\"@id\":\"https:\/\/careymoa.virtualservers.es\/#website\"},\"primaryImageOfPage\":{\"@id\":\"https:\/\/careymoa.virtualservers.es\/index.php\/producto\/protecion-de-pozos-de-registro\/#primaryimage\"},\"image\":{\"@id\":\"https:\/\/careymoa.virtualservers.es\/index.php\/producto\/protecion-de-pozos-de-registro\/#primaryimage\"},\"thumbnailUrl\":\"https:\/\/careymoa.virtualservers.es\/wp-content\/uploads\/2024\/06\/a0727-004a_600x_crop_center.webp\",\"datePublished\":\"2024-06-28T10:16:04+00:00\",\"dateModified\":\"2024-06-28T10:16:04+00:00\",\"description\":\"Nuestros sistemas protegen y se\u00f1alizan huecos de pozos de registro, evitando ca\u00eddas y mejorando la seguridad con opciones personalizables. Reducen costos de reposici\u00f3n, accidentes, limpieza y robo de tapas definitivas, evitando incidentes con veh\u00edculos.\",\"breadcrumb\":{\"@id\":\"https:\/\/careymoa.virtualservers.es\/index.php\/producto\/protecion-de-pozos-de-registro\/#breadcrumb\"},\"inLanguage\":\"es\",\"potentialAction\":[{\"@type\":\"ReadAction\",\"target\":[\"https:\/\/careymoa.virtualservers.es\/index.php\/producto\/protecion-de-pozos-de-registro\/\"]}]},{\"@type\":\"ImageObject\",\"inLanguage\":\"es\",\"@id\":\"https:\/\/careymoa.virtualservers.es\/index.php\/producto\/protecion-de-pozos-de-registro\/#primaryimage\",\"url\":\"https:\/\/careymoa.virtualservers.es\/wp-content\/uploads\/2024\/06\/a0727-004a_600x_crop_center.webp\",\"contentUrl\":\"https:\/\/careymoa.virtualservers.es\/wp-content\/uploads\/2024\/06\/a0727-004a_600x_crop_center.webp\",\"width\":600,\"height\":600},{\"@type\":\"BreadcrumbList\",\"@id\":\"https:\/\/careymoa.virtualservers.es\/index.php\/producto\/protecion-de-pozos-de-registro\/#breadcrumb\",\"itemListElement\":[{\"@type\":\"ListItem\",\"position\":1,\"name\":\"Portada\",\"item\":\"https:\/\/careymoa.virtualservers.es\/\"},{\"@type\":\"ListItem\",\"position\":2,\"name\":\"Tienda\",\"item\":\"https:\/\/careymoa.virtualservers.es\/index.php\/tienda\/\"},{\"@type\":\"ListItem\",\"position\":3,\"name\":\"Proteci\u00f3n de pozos de registro\"}]},{\"@type\":\"WebSite\",\"@id\":\"https:\/\/careymoa.virtualservers.es\/#website\",\"url\":\"https:\/\/careymoa.virtualservers.es\/\",\"name\":\"Careymoa\",\"description\":\"Empresa de alquiler de maquinaria \",\"publisher\":{\"@id\":\"https:\/\/careymoa.virtualservers.es\/#organization\"},\"potentialAction\":[{\"@type\":\"SearchAction\",\"target\":{\"@type\":\"EntryPoint\",\"urlTemplate\":\"https:\/\/careymoa.virtualservers.es\/?s={search_term_string}\"},\"query-input\":\"required name=search_term_string\"}],\"inLanguage\":\"es\"},{\"@type\":\"Organization\",\"@id\":\"https:\/\/careymoa.virtualservers.es\/#organization\",\"name\":\"Careymoa\",\"url\":\"https:\/\/careymoa.virtualservers.es\/\",\"logo\":{\"@type\":\"ImageObject\",\"inLanguage\":\"es\",\"@id\":\"https:\/\/careymoa.virtualservers.es\/#\/schema\/logo\/image\/\",\"url\":\"https:\/\/careymoa.virtualservers.es\/wp-content\/uploads\/2024\/05\/cropped-image002.png\",\"contentUrl\":\"https:\/\/careymoa.virtualservers.es\/wp-content\/uploads\/2024\/05\/cropped-image002.png\",\"width\":374,\"height\":148,\"caption\":\"Careymoa\"},\"image\":{\"@id\":\"https:\/\/careymoa.virtualservers.es\/#\/schema\/logo\/image\/\"}}]}<\/script>\n<!-- \/ Yoast SEO plugin. -->","yoast_head_json":{"title":"Proteci\u00f3n de pozos de registro - Careymoa","description":"Nuestros sistemas protegen y se\u00f1alizan huecos de pozos de registro, evitando ca\u00eddas y mejorando la seguridad con opciones personalizables. Reducen costos de reposici\u00f3n, accidentes, limpieza y robo de tapas definitivas, evitando incidentes con veh\u00edculos.","robots":{"index":"index","follow":"follow","max-snippet":"max-snippet:-1","max-image-preview":"max-image-preview:large","max-video-preview":"max-video-preview:-1"},"canonical":"https:\/\/careymoa.virtualservers.es\/index.php\/producto\/protecion-de-pozos-de-registro\/","og_locale":"es_ES","og_type":"article","og_title":"Proteci\u00f3n de pozos de registro - Careymoa","og_description":"Nuestros sistemas protegen y se\u00f1alizan huecos de pozos de registro, evitando ca\u00eddas y mejorando la seguridad con opciones personalizables. Reducen costos de reposici\u00f3n, accidentes, limpieza y robo de tapas definitivas, evitando incidentes con veh\u00edculos.","og_url":"https:\/\/careymoa.virtualservers.es\/index.php\/producto\/protecion-de-pozos-de-registro\/","og_site_name":"Careymoa","og_image":[{"width":600,"height":600,"url":"https:\/\/careymoa.virtualservers.es\/wp-content\/uploads\/2024\/06\/a0727-004a_600x_crop_center.webp","type":"image\/webp"}],"twitter_card":"summary_large_image","twitter_misc":{"Tiempo de lectura":"1 minuto"},"schema":{"@context":"https:\/\/schema.org","@graph":[{"@type":"WebPage","@id":"https:\/\/careymoa.virtualservers.es\/index.php\/producto\/protecion-de-pozos-de-registro\/","url":"https:\/\/careymoa.virtualservers.es\/index.php\/producto\/protecion-de-pozos-de-registro\/","name":"Proteci\u00f3n de pozos de registro - Careymoa","isPartOf":{"@id":"https:\/\/careymoa.virtualservers.es\/#website"},"primaryImageOfPage":{"@id":"https:\/\/careymoa.virtualservers.es\/index.php\/producto\/protecion-de-pozos-de-registro\/#primaryimage"},"image":{"@id":"https:\/\/careymoa.virtualservers.es\/index.php\/producto\/protecion-de-pozos-de-registro\/#primaryimage"},"thumbnailUrl":"https:\/\/careymoa.virtualservers.es\/wp-content\/uploads\/2024\/06\/a0727-004a_600x_crop_center.webp","datePublished":"2024-06-28T10:16:04+00:00","dateModified":"2024-06-28T10:16:04+00:00","description":"Nuestros sistemas protegen y se\u00f1alizan huecos de pozos de registro, evitando ca\u00eddas y mejorando la seguridad con opciones personalizables. Reducen costos de reposici\u00f3n, accidentes, limpieza y robo de tapas definitivas, evitando incidentes con veh\u00edculos.","breadcrumb":{"@id":"https:\/\/careymoa.virtualservers.es\/index.php\/producto\/protecion-de-pozos-de-registro\/#breadcrumb"},"inLanguage":"es","potentialAction":[{"@type":"ReadAction","target":["https:\/\/careymoa.virtualservers.es\/index.php\/producto\/protecion-de-pozos-de-registro\/"]}]},{"@type":"ImageObject","inLanguage":"es","@id":"https:\/\/careymoa.virtualservers.es\/index.php\/producto\/protecion-de-pozos-de-registro\/#primaryimage","url":"https:\/\/careymoa.virtualservers.es\/wp-content\/uploads\/2024\/06\/a0727-004a_600x_crop_center.webp","contentUrl":"https:\/\/careymoa.virtualservers.es\/wp-content\/uploads\/2024\/06\/a0727-004a_600x_crop_center.webp","width":600,"height":600},{"@type":"BreadcrumbList","@id":"https:\/\/careymoa.virtualservers.es\/index.php\/producto\/protecion-de-pozos-de-registro\/#breadcrumb","itemListElement":[{"@type":"ListItem","position":1,"name":"Portada","item":"https:\/\/careymoa.virtualservers.es\/"},{"@type":"ListItem","position":2,"name":"Tienda","item":"https:\/\/careymoa.virtualservers.es\/index.php\/tienda\/"},{"@type":"ListItem","position":3,"name":"Proteci\u00f3n de pozos de registro"}]},{"@type":"WebSite","@id":"https:\/\/careymoa.virtualservers.es\/#website","url":"https:\/\/careymoa.virtualservers.es\/","name":"Careymoa","description":"Empresa de alquiler de maquinaria ","publisher":{"@id":"https:\/\/careymoa.virtualservers.es\/#organization"},"potentialAction":[{"@type":"SearchAction","target":{"@type":"EntryPoint","urlTemplate":"https:\/\/careymoa.virtualservers.es\/?s={search_term_string}"},"query-input":"required name=search_term_string"}],"inLanguage":"es"},{"@type":"Organization","@id":"https:\/\/careymoa.virtualservers.es\/#organization","name":"Careymoa","url":"https:\/\/careymoa.virtualservers.es\/","logo":{"@type":"ImageObject","inLanguage":"es","@id":"https:\/\/careymoa.virtualservers.es\/#\/schema\/logo\/image\/","url":"https:\/\/careymoa.virtualservers.es\/wp-content\/uploads\/2024\/05\/cropped-image002.png","contentUrl":"https:\/\/careymoa.virtualservers.es\/wp-content\/uploads\/2024\/05\/cropped-image002.png","width":374,"height":148,"caption":"Careymoa"},"image":{"@id":"https:\/\/careymoa.virtualservers.es\/#\/schema\/logo\/image\/"}}]}},"_links":{"self":[{"href":"https:\/\/careymoa.virtualservers.es\/index.php\/wp-json\/wp\/v2\/product\/840","targetHints":{"allow":["GET"]}}],"collection":[{"href":"https:\/\/careymoa.virtualservers.es\/index.php\/wp-json\/wp\/v2\/product"}],"about":[{"href":"https:\/\/careymoa.virtualservers.es\/index.php\/wp-json\/wp\/v2\/types\/product"}],"replies":[{"embeddable":true,"href":"https:\/\/careymoa.virtualservers.es\/index.php\/wp-json\/wp\/v2\/comments?post=840"}],"wp:featuredmedia":[{"embeddable":true,"href":"https:\/\/careymoa.virtualservers.es\/index.php\/wp-json\/wp\/v2\/media\/843"}],"wp:attachment":[{"href":"https:\/\/careymoa.virtualservers.es\/index.php\/wp-json\/wp\/v2\/media?parent=840"}],"wp:term":[{"taxonomy":"product_cat","embeddable":true,"href":"https:\/\/careymoa.virtualservers.es\/index.php\/wp-json\/wp\/v2\/product_cat?post=840"},{"taxonomy":"product_tag","embeddable":true,"href":"https:\/\/careymoa.virtualservers.es\/index.php\/wp-json\/wp\/v2\/product_tag?post=840"}],"curies":[{"name":"wp","href":"https:\/\/api.w.org\/{rel}","templated":true}]}}