{"id":829,"date":"2024-06-28T09:59:25","date_gmt":"2024-06-28T09:59:25","guid":{"rendered":"https:\/\/careymoa.virtualservers.es\/?post_type=product&#038;p=829"},"modified":"2024-06-28T10:01:15","modified_gmt":"2024-06-28T10:01:15","slug":"bandeja-vibrante-ayerbe-ay-5021-pc-h","status":"publish","type":"product","link":"https:\/\/careymoa.virtualservers.es\/index.php\/producto\/bandeja-vibrante-ayerbe-ay-5021-pc-h\/","title":{"rendered":"Bandeja vibrante ayerbe AY-5021-PC H"},"content":{"rendered":"<div class=\"flex flex-grow flex-col max-w-full\">\n<div class=\"min-h-[20px] text-message flex flex-col items-start whitespace-pre-wrap break-words [.text-message+&amp;]:mt-5 juice:w-full juice:items-end overflow-x-auto gap-2\" dir=\"auto\" data-message-author-role=\"assistant\" data-message-id=\"f5d9177b-309d-4b09-ae48-fe7790e89b32\">\n<div class=\"flex w-full flex-col gap-1 juice:empty:hidden juice:first:pt-[3px]\">\n<div class=\"markdown prose w-full break-words dark:prose-invert dark\">\n<p>La bandeja vibrante AY 5021 PC H de Ayerbe es ideal para la compactaci\u00f3n eficiente de superficies de arcilla, arena y gravilla en trabajos de construcci\u00f3n. Su dise\u00f1o robusto y c\u00f3modo permite un trabajo continuo sin riesgo de enganches, gracias a sus cantos redondeados. Viene equipada con kit de ruedas, dep\u00f3sito de agua y almohadilla de pavimentaci\u00f3n, ofreciendo versatilidad y facilitando su uso en diversos entornos. Es la opci\u00f3n ideal para obtener resultados \u00f3ptimos con m\u00e1xima comodidad y simplicidad en proyectos de construcci\u00f3n.<\/p>\n<\/div>\n<\/div>\n<\/div>\n<\/div>\n<p>Especificaciones t\u00e9cnicas:<\/p>\n<ul>\n<li>MOTOR: HONDA GX160<\/li>\n<li>POTENCIA: 5,5 H.P.<\/li>\n<li>MEDIDAS PLANCHA: 570 x 500 mm.<\/li>\n<li>FUERZA CENTRIF.: 21 kN.<\/li>\n<li>FRECUENCIA: 90 Hz.<\/li>\n<li>VELOC.TRASLAC.: 22 M.\/MIN.<\/li>\n<li>PESO: 115 KG.<\/li>\n<li>DIMENSIONES: 1065 x 500 x 950 mm<\/li>\n<\/ul>\n","protected":false},"excerpt":{"rendered":"<div class=\"flex flex-grow flex-col max-w-full\">\n<div class=\"min-h-[20px] text-message flex flex-col items-start whitespace-pre-wrap break-words [.text-message+&amp;]:mt-5 juice:w-full juice:items-end overflow-x-auto gap-2\" dir=\"auto\" data-message-author-role=\"assistant\" data-message-id=\"75d4566a-5c4d-4794-bb11-d3c3a898cee0\">\n<div class=\"flex w-full flex-col gap-1 juice:empty:hidden juice:first:pt-[3px]\">\n<div class=\"markdown prose w-full break-words dark:prose-invert dark\">\n<p>La bandeja vibrante AY 5021 PC H de Ayerbe compacta arcilla, arena y gravilla en construcci\u00f3n con comodidad y eficiencia. Robusta y sin enganches, incluye kit de ruedas, dep\u00f3sito de agua y almohadilla de pavimentaci\u00f3n para versatilidad m\u00e1xima.<\/p>\n<\/div>\n<\/div>\n<\/div>\n<\/div>\n","protected":false},"featured_media":833,"comment_status":"open","ping_status":"closed","template":"","meta":[],"product_cat":[43],"product_tag":[],"class_list":{"0":"post-829","1":"product","2":"type-product","3":"status-publish","4":"has-post-thumbnail","6":"product_cat-alquiler-de-maquinaria-de-compactacion","8":"first","9":"instock","10":"shipping-taxable","11":"product-type-simple"},"yoast_head":"<!-- This site is optimized with the Yoast SEO plugin v22.6 - https:\/\/yoast.com\/wordpress\/plugins\/seo\/ -->\n<title>Bandeja vibrante ayerbe AY-5021-PC H - Careymoa<\/title>\n<meta name=\"description\" content=\"La bandeja vibrante AY 5021 PC H de Ayerbe compacta arcilla, arena y gravilla en construcci\u00f3n con comodidad y eficiencia. Robusta y sin enganches, incluye kit de ruedas, dep\u00f3sito de agua y almohadilla de pavimentaci\u00f3n para versatilidad m\u00e1xima.\" \/>\n<meta name=\"robots\" content=\"index, follow, max-snippet:-1, max-image-preview:large, max-video-preview:-1\" \/>\n<link rel=\"canonical\" href=\"https:\/\/careymoa.virtualservers.es\/index.php\/producto\/bandeja-vibrante-ayerbe-ay-5021-pc-h\/\" \/>\n<meta property=\"og:locale\" content=\"es_ES\" \/>\n<meta property=\"og:type\" content=\"article\" \/>\n<meta property=\"og:title\" content=\"Bandeja vibrante ayerbe AY-5021-PC H - Careymoa\" \/>\n<meta property=\"og:description\" content=\"La bandeja vibrante AY 5021 PC H de Ayerbe compacta arcilla, arena y gravilla en construcci\u00f3n con comodidad y eficiencia. Robusta y sin enganches, incluye kit de ruedas, dep\u00f3sito de agua y almohadilla de pavimentaci\u00f3n para versatilidad m\u00e1xima.\" \/>\n<meta property=\"og:url\" content=\"https:\/\/careymoa.virtualservers.es\/index.php\/producto\/bandeja-vibrante-ayerbe-ay-5021-pc-h\/\" \/>\n<meta property=\"og:site_name\" content=\"Careymoa\" \/>\n<meta property=\"article:modified_time\" content=\"2024-06-28T10:01:15+00:00\" \/>\n<meta property=\"og:image\" content=\"https:\/\/careymoa.virtualservers.es\/wp-content\/uploads\/2024\/06\/610185.jpg\" \/>\n\t<meta property=\"og:image:width\" content=\"1181\" \/>\n\t<meta property=\"og:image:height\" content=\"1268\" \/>\n\t<meta property=\"og:image:type\" content=\"image\/jpeg\" \/>\n<meta name=\"twitter:card\" content=\"summary_large_image\" \/>\n<meta name=\"twitter:label1\" content=\"Tiempo de lectura\" \/>\n\t<meta name=\"twitter:data1\" content=\"1 minuto\" \/>\n<script type=\"application\/ld+json\" class=\"yoast-schema-graph\">{\"@context\":\"https:\/\/schema.org\",\"@graph\":[{\"@type\":\"WebPage\",\"@id\":\"https:\/\/careymoa.virtualservers.es\/index.php\/producto\/bandeja-vibrante-ayerbe-ay-5021-pc-h\/\",\"url\":\"https:\/\/careymoa.virtualservers.es\/index.php\/producto\/bandeja-vibrante-ayerbe-ay-5021-pc-h\/\",\"name\":\"Bandeja vibrante ayerbe AY-5021-PC H - Careymoa\",\"isPartOf\":{\"@id\":\"https:\/\/careymoa.virtualservers.es\/#website\"},\"primaryImageOfPage\":{\"@id\":\"https:\/\/careymoa.virtualservers.es\/index.php\/producto\/bandeja-vibrante-ayerbe-ay-5021-pc-h\/#primaryimage\"},\"image\":{\"@id\":\"https:\/\/careymoa.virtualservers.es\/index.php\/producto\/bandeja-vibrante-ayerbe-ay-5021-pc-h\/#primaryimage\"},\"thumbnailUrl\":\"https:\/\/careymoa.virtualservers.es\/wp-content\/uploads\/2024\/06\/610185.jpg\",\"datePublished\":\"2024-06-28T09:59:25+00:00\",\"dateModified\":\"2024-06-28T10:01:15+00:00\",\"description\":\"La bandeja vibrante AY 5021 PC H de Ayerbe compacta arcilla, arena y gravilla en construcci\u00f3n con comodidad y eficiencia. Robusta y sin enganches, incluye kit de ruedas, dep\u00f3sito de agua y almohadilla de pavimentaci\u00f3n para versatilidad m\u00e1xima.\",\"breadcrumb\":{\"@id\":\"https:\/\/careymoa.virtualservers.es\/index.php\/producto\/bandeja-vibrante-ayerbe-ay-5021-pc-h\/#breadcrumb\"},\"inLanguage\":\"es\",\"potentialAction\":[{\"@type\":\"ReadAction\",\"target\":[\"https:\/\/careymoa.virtualservers.es\/index.php\/producto\/bandeja-vibrante-ayerbe-ay-5021-pc-h\/\"]}]},{\"@type\":\"ImageObject\",\"inLanguage\":\"es\",\"@id\":\"https:\/\/careymoa.virtualservers.es\/index.php\/producto\/bandeja-vibrante-ayerbe-ay-5021-pc-h\/#primaryimage\",\"url\":\"https:\/\/careymoa.virtualservers.es\/wp-content\/uploads\/2024\/06\/610185.jpg\",\"contentUrl\":\"https:\/\/careymoa.virtualservers.es\/wp-content\/uploads\/2024\/06\/610185.jpg\",\"width\":1181,\"height\":1268},{\"@type\":\"BreadcrumbList\",\"@id\":\"https:\/\/careymoa.virtualservers.es\/index.php\/producto\/bandeja-vibrante-ayerbe-ay-5021-pc-h\/#breadcrumb\",\"itemListElement\":[{\"@type\":\"ListItem\",\"position\":1,\"name\":\"Portada\",\"item\":\"https:\/\/careymoa.virtualservers.es\/\"},{\"@type\":\"ListItem\",\"position\":2,\"name\":\"Tienda\",\"item\":\"https:\/\/careymoa.virtualservers.es\/index.php\/tienda\/\"},{\"@type\":\"ListItem\",\"position\":3,\"name\":\"Bandeja vibrante ayerbe AY-5021-PC H\"}]},{\"@type\":\"WebSite\",\"@id\":\"https:\/\/careymoa.virtualservers.es\/#website\",\"url\":\"https:\/\/careymoa.virtualservers.es\/\",\"name\":\"Careymoa\",\"description\":\"Empresa de alquiler de maquinaria \",\"publisher\":{\"@id\":\"https:\/\/careymoa.virtualservers.es\/#organization\"},\"potentialAction\":[{\"@type\":\"SearchAction\",\"target\":{\"@type\":\"EntryPoint\",\"urlTemplate\":\"https:\/\/careymoa.virtualservers.es\/?s={search_term_string}\"},\"query-input\":\"required name=search_term_string\"}],\"inLanguage\":\"es\"},{\"@type\":\"Organization\",\"@id\":\"https:\/\/careymoa.virtualservers.es\/#organization\",\"name\":\"Careymoa\",\"url\":\"https:\/\/careymoa.virtualservers.es\/\",\"logo\":{\"@type\":\"ImageObject\",\"inLanguage\":\"es\",\"@id\":\"https:\/\/careymoa.virtualservers.es\/#\/schema\/logo\/image\/\",\"url\":\"https:\/\/careymoa.virtualservers.es\/wp-content\/uploads\/2024\/05\/cropped-image002.png\",\"contentUrl\":\"https:\/\/careymoa.virtualservers.es\/wp-content\/uploads\/2024\/05\/cropped-image002.png\",\"width\":374,\"height\":148,\"caption\":\"Careymoa\"},\"image\":{\"@id\":\"https:\/\/careymoa.virtualservers.es\/#\/schema\/logo\/image\/\"}}]}<\/script>\n<!-- \/ Yoast SEO plugin. -->","yoast_head_json":{"title":"Bandeja vibrante ayerbe AY-5021-PC H - Careymoa","description":"La bandeja vibrante AY 5021 PC H de Ayerbe compacta arcilla, arena y gravilla en construcci\u00f3n con comodidad y eficiencia. Robusta y sin enganches, incluye kit de ruedas, dep\u00f3sito de agua y almohadilla de pavimentaci\u00f3n para versatilidad m\u00e1xima.","robots":{"index":"index","follow":"follow","max-snippet":"max-snippet:-1","max-image-preview":"max-image-preview:large","max-video-preview":"max-video-preview:-1"},"canonical":"https:\/\/careymoa.virtualservers.es\/index.php\/producto\/bandeja-vibrante-ayerbe-ay-5021-pc-h\/","og_locale":"es_ES","og_type":"article","og_title":"Bandeja vibrante ayerbe AY-5021-PC H - Careymoa","og_description":"La bandeja vibrante AY 5021 PC H de Ayerbe compacta arcilla, arena y gravilla en construcci\u00f3n con comodidad y eficiencia. Robusta y sin enganches, incluye kit de ruedas, dep\u00f3sito de agua y almohadilla de pavimentaci\u00f3n para versatilidad m\u00e1xima.","og_url":"https:\/\/careymoa.virtualservers.es\/index.php\/producto\/bandeja-vibrante-ayerbe-ay-5021-pc-h\/","og_site_name":"Careymoa","article_modified_time":"2024-06-28T10:01:15+00:00","og_image":[{"width":1181,"height":1268,"url":"https:\/\/careymoa.virtualservers.es\/wp-content\/uploads\/2024\/06\/610185.jpg","type":"image\/jpeg"}],"twitter_card":"summary_large_image","twitter_misc":{"Tiempo de lectura":"1 minuto"},"schema":{"@context":"https:\/\/schema.org","@graph":[{"@type":"WebPage","@id":"https:\/\/careymoa.virtualservers.es\/index.php\/producto\/bandeja-vibrante-ayerbe-ay-5021-pc-h\/","url":"https:\/\/careymoa.virtualservers.es\/index.php\/producto\/bandeja-vibrante-ayerbe-ay-5021-pc-h\/","name":"Bandeja vibrante ayerbe AY-5021-PC H - Careymoa","isPartOf":{"@id":"https:\/\/careymoa.virtualservers.es\/#website"},"primaryImageOfPage":{"@id":"https:\/\/careymoa.virtualservers.es\/index.php\/producto\/bandeja-vibrante-ayerbe-ay-5021-pc-h\/#primaryimage"},"image":{"@id":"https:\/\/careymoa.virtualservers.es\/index.php\/producto\/bandeja-vibrante-ayerbe-ay-5021-pc-h\/#primaryimage"},"thumbnailUrl":"https:\/\/careymoa.virtualservers.es\/wp-content\/uploads\/2024\/06\/610185.jpg","datePublished":"2024-06-28T09:59:25+00:00","dateModified":"2024-06-28T10:01:15+00:00","description":"La bandeja vibrante AY 5021 PC H de Ayerbe compacta arcilla, arena y gravilla en construcci\u00f3n con comodidad y eficiencia. Robusta y sin enganches, incluye kit de ruedas, dep\u00f3sito de agua y almohadilla de pavimentaci\u00f3n para versatilidad m\u00e1xima.","breadcrumb":{"@id":"https:\/\/careymoa.virtualservers.es\/index.php\/producto\/bandeja-vibrante-ayerbe-ay-5021-pc-h\/#breadcrumb"},"inLanguage":"es","potentialAction":[{"@type":"ReadAction","target":["https:\/\/careymoa.virtualservers.es\/index.php\/producto\/bandeja-vibrante-ayerbe-ay-5021-pc-h\/"]}]},{"@type":"ImageObject","inLanguage":"es","@id":"https:\/\/careymoa.virtualservers.es\/index.php\/producto\/bandeja-vibrante-ayerbe-ay-5021-pc-h\/#primaryimage","url":"https:\/\/careymoa.virtualservers.es\/wp-content\/uploads\/2024\/06\/610185.jpg","contentUrl":"https:\/\/careymoa.virtualservers.es\/wp-content\/uploads\/2024\/06\/610185.jpg","width":1181,"height":1268},{"@type":"BreadcrumbList","@id":"https:\/\/careymoa.virtualservers.es\/index.php\/producto\/bandeja-vibrante-ayerbe-ay-5021-pc-h\/#breadcrumb","itemListElement":[{"@type":"ListItem","position":1,"name":"Portada","item":"https:\/\/careymoa.virtualservers.es\/"},{"@type":"ListItem","position":2,"name":"Tienda","item":"https:\/\/careymoa.virtualservers.es\/index.php\/tienda\/"},{"@type":"ListItem","position":3,"name":"Bandeja vibrante ayerbe AY-5021-PC H"}]},{"@type":"WebSite","@id":"https:\/\/careymoa.virtualservers.es\/#website","url":"https:\/\/careymoa.virtualservers.es\/","name":"Careymoa","description":"Empresa de alquiler de maquinaria ","publisher":{"@id":"https:\/\/careymoa.virtualservers.es\/#organization"},"potentialAction":[{"@type":"SearchAction","target":{"@type":"EntryPoint","urlTemplate":"https:\/\/careymoa.virtualservers.es\/?s={search_term_string}"},"query-input":"required name=search_term_string"}],"inLanguage":"es"},{"@type":"Organization","@id":"https:\/\/careymoa.virtualservers.es\/#organization","name":"Careymoa","url":"https:\/\/careymoa.virtualservers.es\/","logo":{"@type":"ImageObject","inLanguage":"es","@id":"https:\/\/careymoa.virtualservers.es\/#\/schema\/logo\/image\/","url":"https:\/\/careymoa.virtualservers.es\/wp-content\/uploads\/2024\/05\/cropped-image002.png","contentUrl":"https:\/\/careymoa.virtualservers.es\/wp-content\/uploads\/2024\/05\/cropped-image002.png","width":374,"height":148,"caption":"Careymoa"},"image":{"@id":"https:\/\/careymoa.virtualservers.es\/#\/schema\/logo\/image\/"}}]}},"_links":{"self":[{"href":"https:\/\/careymoa.virtualservers.es\/index.php\/wp-json\/wp\/v2\/product\/829","targetHints":{"allow":["GET"]}}],"collection":[{"href":"https:\/\/careymoa.virtualservers.es\/index.php\/wp-json\/wp\/v2\/product"}],"about":[{"href":"https:\/\/careymoa.virtualservers.es\/index.php\/wp-json\/wp\/v2\/types\/product"}],"replies":[{"embeddable":true,"href":"https:\/\/careymoa.virtualservers.es\/index.php\/wp-json\/wp\/v2\/comments?post=829"}],"wp:featuredmedia":[{"embeddable":true,"href":"https:\/\/careymoa.virtualservers.es\/index.php\/wp-json\/wp\/v2\/media\/833"}],"wp:attachment":[{"href":"https:\/\/careymoa.virtualservers.es\/index.php\/wp-json\/wp\/v2\/media?parent=829"}],"wp:term":[{"taxonomy":"product_cat","embeddable":true,"href":"https:\/\/careymoa.virtualservers.es\/index.php\/wp-json\/wp\/v2\/product_cat?post=829"},{"taxonomy":"product_tag","embeddable":true,"href":"https:\/\/careymoa.virtualservers.es\/index.php\/wp-json\/wp\/v2\/product_tag?post=829"}],"curies":[{"name":"wp","href":"https:\/\/api.w.org\/{rel}","templated":true}]}}