{"id":801,"date":"2024-06-28T08:15:16","date_gmt":"2024-06-28T08:15:16","guid":{"rendered":"https:\/\/careymoa.virtualservers.es\/?post_type=product&#038;p=801"},"modified":"2024-06-28T08:16:53","modified_gmt":"2024-06-28T08:16:53","slug":"limpiadora-de-alta-presion-karcher-hd-8-23-g-classic","status":"publish","type":"product","link":"https:\/\/careymoa.virtualservers.es\/index.php\/producto\/limpiadora-de-alta-presion-karcher-hd-8-23-g-classic\/","title":{"rendered":"Limpiadora de alta presi\u00f3n karcher hd 8\/23 g classic"},"content":{"rendered":"<div class=\"flex flex-grow flex-col max-w-full\">\n<div class=\"min-h-[20px] text-message flex flex-col items-start whitespace-pre-wrap break-words [.text-message+&amp;]:mt-5 juice:w-full juice:items-end overflow-x-auto gap-2\" dir=\"auto\" data-message-author-role=\"assistant\" data-message-id=\"509c823d-951e-46ed-9e64-365b40d0d481\">\n<div class=\"flex w-full flex-col gap-1 juice:empty:hidden juice:first:pt-[3px]\">\n<div class=\"markdown prose w-full break-words dark:prose-invert dark\">\n<p>La limpiadora de alta presi\u00f3n H 8\/23 G Classic es compacta, potente y m\u00f3vil, ideal para obras, estacionamientos y lugares sin corriente externa. Con una capacidad de 800 litros por hora y una presi\u00f3n de 230 bar, su robusta bomba de cig\u00fce\u00f1al maneja trabajos dif\u00edciles con eficacia. Su dise\u00f1o ergon\u00f3mico, almacenamiento pr\u00e1ctico de accesorios, dimensiones compactas y ruedas antipinchazos facilitan su uso y transporte. Adem\u00e1s, sus componentes son f\u00e1cilmente accesibles y est\u00e1n protegidos por un filtro de agua, una termov\u00e1lvula y una v\u00e1lvula de seguridad, todo dentro de un resistente bastidor de acero tubular.<\/p>\n<p>Especificaciones t\u00e9cnicas:<\/p>\n<ul>\n<li>Caudal (l\/h): 800<\/li>\n<li>Presi\u00f3n de trabajo (bar\/MPa): 230 \/ 23<\/li>\n<li>Presi\u00f3n m\u00e1x. (bar\/MPa):280 \/ 28<\/li>\n<li>Tipo de accionamiento: Gasolina<\/li>\n<li>Tipo de motor: G300FA<\/li>\n<li>Cantidad de usuarios simult\u00e1neos: 1<\/li>\n<li>Movilidad: Alta<\/li>\n<li>Peso (con accesorios) (kg) 50,9<\/li>\n<li>Peso con embalaje incluido (kg) 59<\/li>\n<li>Dimensiones (la. \u00d7 an. \u00d7 al.) (mm) 878 x 538 x 702<\/li>\n<\/ul>\n<\/div>\n<\/div>\n<\/div>\n<\/div>\n<div class=\"mt-1 flex gap-3 empty:hidden juice:-ml-3\">\n<div class=\"items-center justify-start rounded-xl p-1 flex\">\n<div class=\"flex items-center\">\n<div class=\"flex\"><\/div>\n<div class=\"flex items-center pb-0.5 juice:pb-0\">\n<div class=\"[&amp;_svg]:h-full [&amp;_svg]:w-full icon-md h-4 w-4\"><\/div>\n<\/div>\n<\/div>\n<\/div>\n<\/div>\n","protected":false},"excerpt":{"rendered":"<div class=\"flex flex-grow flex-col max-w-full\">\n<div class=\"min-h-[20px] text-message flex flex-col items-start whitespace-pre-wrap break-words [.text-message+&amp;]:mt-5 juice:w-full juice:items-end overflow-x-auto gap-2\" dir=\"auto\" data-message-author-role=\"assistant\" data-message-id=\"e3a5e229-11dc-45b9-865f-f9860e1ad342\">\n<div class=\"flex w-full flex-col gap-1 juice:empty:hidden juice:first:pt-[3px]\">\n<div class=\"markdown prose w-full break-words dark:prose-invert dark\">\n<p>La limpiadora H 8\/23 G Classic es compacta, potente y m\u00f3vil. Ideal para lugares sin corriente externa, tiene una capacidad de 800 litros por hora y 230 bar de presi\u00f3n. Su dise\u00f1o ergon\u00f3mico y ruedas antipinchazos facilitan su uso y transporte. Componentes protegidos por un filtro de agua, termov\u00e1lvula y v\u00e1lvula de seguridad en un bastidor de acero tubular.<\/p>\n<\/div>\n<\/div>\n<\/div>\n<\/div>\n","protected":false},"featured_media":803,"comment_status":"open","ping_status":"closed","template":"","meta":[],"product_cat":[46],"product_tag":[],"class_list":{"0":"post-801","1":"product","2":"type-product","3":"status-publish","4":"has-post-thumbnail","6":"product_cat-maquinaria-electrica","8":"first","9":"instock","10":"shipping-taxable","11":"product-type-simple"},"yoast_head":"<!-- This site is optimized with the Yoast SEO plugin v22.6 - https:\/\/yoast.com\/wordpress\/plugins\/seo\/ -->\n<title>Limpiadora de alta presi\u00f3n karcher hd 8\/23 g classic - Careymoa<\/title>\n<meta name=\"description\" content=\"La limpiadora H 8\/23 G Classic es compacta, potente y m\u00f3vil. Ideal para lugares sin corriente externa, tiene una capacidad de 800 litros por hora y 230 bar de presi\u00f3n. Su dise\u00f1o ergon\u00f3mico y ruedas antipinchazos facilitan su uso y transporte. Componentes protegidos por un filtro de agua, termo v\u00e1lvula y v\u00e1lvula de seguridad en un bastidor de acero tubular.\" \/>\n<meta name=\"robots\" content=\"index, follow, max-snippet:-1, max-image-preview:large, max-video-preview:-1\" \/>\n<link rel=\"canonical\" href=\"https:\/\/careymoa.virtualservers.es\/index.php\/producto\/limpiadora-de-alta-presion-karcher-hd-8-23-g-classic\/\" \/>\n<meta property=\"og:locale\" content=\"es_ES\" \/>\n<meta property=\"og:type\" content=\"article\" \/>\n<meta property=\"og:title\" content=\"Limpiadora de alta presi\u00f3n karcher hd 8\/23 g classic - Careymoa\" \/>\n<meta property=\"og:description\" content=\"La limpiadora H 8\/23 G Classic es compacta, potente y m\u00f3vil. Ideal para lugares sin corriente externa, tiene una capacidad de 800 litros por hora y 230 bar de presi\u00f3n. Su dise\u00f1o ergon\u00f3mico y ruedas antipinchazos facilitan su uso y transporte. Componentes protegidos por un filtro de agua, termo v\u00e1lvula y v\u00e1lvula de seguridad en un bastidor de acero tubular.\" \/>\n<meta property=\"og:url\" content=\"https:\/\/careymoa.virtualservers.es\/index.php\/producto\/limpiadora-de-alta-presion-karcher-hd-8-23-g-classic\/\" \/>\n<meta property=\"og:site_name\" content=\"Careymoa\" \/>\n<meta property=\"article:modified_time\" content=\"2024-06-28T08:16:53+00:00\" \/>\n<meta property=\"og:image\" content=\"https:\/\/careymoa.virtualservers.es\/wp-content\/uploads\/2024\/06\/d0.jpg\" \/>\n\t<meta property=\"og:image:width\" content=\"1600\" \/>\n\t<meta property=\"og:image:height\" content=\"1600\" \/>\n\t<meta property=\"og:image:type\" content=\"image\/jpeg\" \/>\n<meta name=\"twitter:card\" content=\"summary_large_image\" \/>\n<meta name=\"twitter:label1\" content=\"Tiempo de lectura\" \/>\n\t<meta name=\"twitter:data1\" content=\"1 minuto\" \/>\n<script type=\"application\/ld+json\" class=\"yoast-schema-graph\">{\"@context\":\"https:\/\/schema.org\",\"@graph\":[{\"@type\":\"WebPage\",\"@id\":\"https:\/\/careymoa.virtualservers.es\/index.php\/producto\/limpiadora-de-alta-presion-karcher-hd-8-23-g-classic\/\",\"url\":\"https:\/\/careymoa.virtualservers.es\/index.php\/producto\/limpiadora-de-alta-presion-karcher-hd-8-23-g-classic\/\",\"name\":\"Limpiadora de alta presi\u00f3n karcher hd 8\/23 g classic - Careymoa\",\"isPartOf\":{\"@id\":\"https:\/\/careymoa.virtualservers.es\/#website\"},\"primaryImageOfPage\":{\"@id\":\"https:\/\/careymoa.virtualservers.es\/index.php\/producto\/limpiadora-de-alta-presion-karcher-hd-8-23-g-classic\/#primaryimage\"},\"image\":{\"@id\":\"https:\/\/careymoa.virtualservers.es\/index.php\/producto\/limpiadora-de-alta-presion-karcher-hd-8-23-g-classic\/#primaryimage\"},\"thumbnailUrl\":\"https:\/\/careymoa.virtualservers.es\/wp-content\/uploads\/2024\/06\/d0.jpg\",\"datePublished\":\"2024-06-28T08:15:16+00:00\",\"dateModified\":\"2024-06-28T08:16:53+00:00\",\"description\":\"La limpiadora H 8\/23 G Classic es compacta, potente y m\u00f3vil. Ideal para lugares sin corriente externa, tiene una capacidad de 800 litros por hora y 230 bar de presi\u00f3n. Su dise\u00f1o ergon\u00f3mico y ruedas antipinchazos facilitan su uso y transporte. Componentes protegidos por un filtro de agua, termo v\u00e1lvula y v\u00e1lvula de seguridad en un bastidor de acero tubular.\",\"breadcrumb\":{\"@id\":\"https:\/\/careymoa.virtualservers.es\/index.php\/producto\/limpiadora-de-alta-presion-karcher-hd-8-23-g-classic\/#breadcrumb\"},\"inLanguage\":\"es\",\"potentialAction\":[{\"@type\":\"ReadAction\",\"target\":[\"https:\/\/careymoa.virtualservers.es\/index.php\/producto\/limpiadora-de-alta-presion-karcher-hd-8-23-g-classic\/\"]}]},{\"@type\":\"ImageObject\",\"inLanguage\":\"es\",\"@id\":\"https:\/\/careymoa.virtualservers.es\/index.php\/producto\/limpiadora-de-alta-presion-karcher-hd-8-23-g-classic\/#primaryimage\",\"url\":\"https:\/\/careymoa.virtualservers.es\/wp-content\/uploads\/2024\/06\/d0.jpg\",\"contentUrl\":\"https:\/\/careymoa.virtualservers.es\/wp-content\/uploads\/2024\/06\/d0.jpg\",\"width\":1600,\"height\":1600},{\"@type\":\"BreadcrumbList\",\"@id\":\"https:\/\/careymoa.virtualservers.es\/index.php\/producto\/limpiadora-de-alta-presion-karcher-hd-8-23-g-classic\/#breadcrumb\",\"itemListElement\":[{\"@type\":\"ListItem\",\"position\":1,\"name\":\"Portada\",\"item\":\"https:\/\/careymoa.virtualservers.es\/\"},{\"@type\":\"ListItem\",\"position\":2,\"name\":\"Tienda\",\"item\":\"https:\/\/careymoa.virtualservers.es\/index.php\/tienda\/\"},{\"@type\":\"ListItem\",\"position\":3,\"name\":\"Limpiadora de alta presi\u00f3n karcher hd 8\/23 g classic\"}]},{\"@type\":\"WebSite\",\"@id\":\"https:\/\/careymoa.virtualservers.es\/#website\",\"url\":\"https:\/\/careymoa.virtualservers.es\/\",\"name\":\"Careymoa\",\"description\":\"Empresa de alquiler de maquinaria \",\"publisher\":{\"@id\":\"https:\/\/careymoa.virtualservers.es\/#organization\"},\"potentialAction\":[{\"@type\":\"SearchAction\",\"target\":{\"@type\":\"EntryPoint\",\"urlTemplate\":\"https:\/\/careymoa.virtualservers.es\/?s={search_term_string}\"},\"query-input\":\"required name=search_term_string\"}],\"inLanguage\":\"es\"},{\"@type\":\"Organization\",\"@id\":\"https:\/\/careymoa.virtualservers.es\/#organization\",\"name\":\"Careymoa\",\"url\":\"https:\/\/careymoa.virtualservers.es\/\",\"logo\":{\"@type\":\"ImageObject\",\"inLanguage\":\"es\",\"@id\":\"https:\/\/careymoa.virtualservers.es\/#\/schema\/logo\/image\/\",\"url\":\"https:\/\/careymoa.virtualservers.es\/wp-content\/uploads\/2024\/05\/cropped-image002.png\",\"contentUrl\":\"https:\/\/careymoa.virtualservers.es\/wp-content\/uploads\/2024\/05\/cropped-image002.png\",\"width\":374,\"height\":148,\"caption\":\"Careymoa\"},\"image\":{\"@id\":\"https:\/\/careymoa.virtualservers.es\/#\/schema\/logo\/image\/\"}}]}<\/script>\n<!-- \/ Yoast SEO plugin. -->","yoast_head_json":{"title":"Limpiadora de alta presi\u00f3n karcher hd 8\/23 g classic - Careymoa","description":"La limpiadora H 8\/23 G Classic es compacta, potente y m\u00f3vil. Ideal para lugares sin corriente externa, tiene una capacidad de 800 litros por hora y 230 bar de presi\u00f3n. Su dise\u00f1o ergon\u00f3mico y ruedas antipinchazos facilitan su uso y transporte. Componentes protegidos por un filtro de agua, termo v\u00e1lvula y v\u00e1lvula de seguridad en un bastidor de acero tubular.","robots":{"index":"index","follow":"follow","max-snippet":"max-snippet:-1","max-image-preview":"max-image-preview:large","max-video-preview":"max-video-preview:-1"},"canonical":"https:\/\/careymoa.virtualservers.es\/index.php\/producto\/limpiadora-de-alta-presion-karcher-hd-8-23-g-classic\/","og_locale":"es_ES","og_type":"article","og_title":"Limpiadora de alta presi\u00f3n karcher hd 8\/23 g classic - Careymoa","og_description":"La limpiadora H 8\/23 G Classic es compacta, potente y m\u00f3vil. Ideal para lugares sin corriente externa, tiene una capacidad de 800 litros por hora y 230 bar de presi\u00f3n. Su dise\u00f1o ergon\u00f3mico y ruedas antipinchazos facilitan su uso y transporte. Componentes protegidos por un filtro de agua, termo v\u00e1lvula y v\u00e1lvula de seguridad en un bastidor de acero tubular.","og_url":"https:\/\/careymoa.virtualservers.es\/index.php\/producto\/limpiadora-de-alta-presion-karcher-hd-8-23-g-classic\/","og_site_name":"Careymoa","article_modified_time":"2024-06-28T08:16:53+00:00","og_image":[{"width":1600,"height":1600,"url":"https:\/\/careymoa.virtualservers.es\/wp-content\/uploads\/2024\/06\/d0.jpg","type":"image\/jpeg"}],"twitter_card":"summary_large_image","twitter_misc":{"Tiempo de lectura":"1 minuto"},"schema":{"@context":"https:\/\/schema.org","@graph":[{"@type":"WebPage","@id":"https:\/\/careymoa.virtualservers.es\/index.php\/producto\/limpiadora-de-alta-presion-karcher-hd-8-23-g-classic\/","url":"https:\/\/careymoa.virtualservers.es\/index.php\/producto\/limpiadora-de-alta-presion-karcher-hd-8-23-g-classic\/","name":"Limpiadora de alta presi\u00f3n karcher hd 8\/23 g classic - Careymoa","isPartOf":{"@id":"https:\/\/careymoa.virtualservers.es\/#website"},"primaryImageOfPage":{"@id":"https:\/\/careymoa.virtualservers.es\/index.php\/producto\/limpiadora-de-alta-presion-karcher-hd-8-23-g-classic\/#primaryimage"},"image":{"@id":"https:\/\/careymoa.virtualservers.es\/index.php\/producto\/limpiadora-de-alta-presion-karcher-hd-8-23-g-classic\/#primaryimage"},"thumbnailUrl":"https:\/\/careymoa.virtualservers.es\/wp-content\/uploads\/2024\/06\/d0.jpg","datePublished":"2024-06-28T08:15:16+00:00","dateModified":"2024-06-28T08:16:53+00:00","description":"La limpiadora H 8\/23 G Classic es compacta, potente y m\u00f3vil. Ideal para lugares sin corriente externa, tiene una capacidad de 800 litros por hora y 230 bar de presi\u00f3n. Su dise\u00f1o ergon\u00f3mico y ruedas antipinchazos facilitan su uso y transporte. Componentes protegidos por un filtro de agua, termo v\u00e1lvula y v\u00e1lvula de seguridad en un bastidor de acero tubular.","breadcrumb":{"@id":"https:\/\/careymoa.virtualservers.es\/index.php\/producto\/limpiadora-de-alta-presion-karcher-hd-8-23-g-classic\/#breadcrumb"},"inLanguage":"es","potentialAction":[{"@type":"ReadAction","target":["https:\/\/careymoa.virtualservers.es\/index.php\/producto\/limpiadora-de-alta-presion-karcher-hd-8-23-g-classic\/"]}]},{"@type":"ImageObject","inLanguage":"es","@id":"https:\/\/careymoa.virtualservers.es\/index.php\/producto\/limpiadora-de-alta-presion-karcher-hd-8-23-g-classic\/#primaryimage","url":"https:\/\/careymoa.virtualservers.es\/wp-content\/uploads\/2024\/06\/d0.jpg","contentUrl":"https:\/\/careymoa.virtualservers.es\/wp-content\/uploads\/2024\/06\/d0.jpg","width":1600,"height":1600},{"@type":"BreadcrumbList","@id":"https:\/\/careymoa.virtualservers.es\/index.php\/producto\/limpiadora-de-alta-presion-karcher-hd-8-23-g-classic\/#breadcrumb","itemListElement":[{"@type":"ListItem","position":1,"name":"Portada","item":"https:\/\/careymoa.virtualservers.es\/"},{"@type":"ListItem","position":2,"name":"Tienda","item":"https:\/\/careymoa.virtualservers.es\/index.php\/tienda\/"},{"@type":"ListItem","position":3,"name":"Limpiadora de alta presi\u00f3n karcher hd 8\/23 g classic"}]},{"@type":"WebSite","@id":"https:\/\/careymoa.virtualservers.es\/#website","url":"https:\/\/careymoa.virtualservers.es\/","name":"Careymoa","description":"Empresa de alquiler de maquinaria ","publisher":{"@id":"https:\/\/careymoa.virtualservers.es\/#organization"},"potentialAction":[{"@type":"SearchAction","target":{"@type":"EntryPoint","urlTemplate":"https:\/\/careymoa.virtualservers.es\/?s={search_term_string}"},"query-input":"required name=search_term_string"}],"inLanguage":"es"},{"@type":"Organization","@id":"https:\/\/careymoa.virtualservers.es\/#organization","name":"Careymoa","url":"https:\/\/careymoa.virtualservers.es\/","logo":{"@type":"ImageObject","inLanguage":"es","@id":"https:\/\/careymoa.virtualservers.es\/#\/schema\/logo\/image\/","url":"https:\/\/careymoa.virtualservers.es\/wp-content\/uploads\/2024\/05\/cropped-image002.png","contentUrl":"https:\/\/careymoa.virtualservers.es\/wp-content\/uploads\/2024\/05\/cropped-image002.png","width":374,"height":148,"caption":"Careymoa"},"image":{"@id":"https:\/\/careymoa.virtualservers.es\/#\/schema\/logo\/image\/"}}]}},"_links":{"self":[{"href":"https:\/\/careymoa.virtualservers.es\/index.php\/wp-json\/wp\/v2\/product\/801","targetHints":{"allow":["GET"]}}],"collection":[{"href":"https:\/\/careymoa.virtualservers.es\/index.php\/wp-json\/wp\/v2\/product"}],"about":[{"href":"https:\/\/careymoa.virtualservers.es\/index.php\/wp-json\/wp\/v2\/types\/product"}],"replies":[{"embeddable":true,"href":"https:\/\/careymoa.virtualservers.es\/index.php\/wp-json\/wp\/v2\/comments?post=801"}],"wp:featuredmedia":[{"embeddable":true,"href":"https:\/\/careymoa.virtualservers.es\/index.php\/wp-json\/wp\/v2\/media\/803"}],"wp:attachment":[{"href":"https:\/\/careymoa.virtualservers.es\/index.php\/wp-json\/wp\/v2\/media?parent=801"}],"wp:term":[{"taxonomy":"product_cat","embeddable":true,"href":"https:\/\/careymoa.virtualservers.es\/index.php\/wp-json\/wp\/v2\/product_cat?post=801"},{"taxonomy":"product_tag","embeddable":true,"href":"https:\/\/careymoa.virtualservers.es\/index.php\/wp-json\/wp\/v2\/product_tag?post=801"}],"curies":[{"name":"wp","href":"https:\/\/api.w.org\/{rel}","templated":true}]}}