{"id":798,"date":"2024-06-28T07:24:30","date_gmt":"2024-06-28T07:24:30","guid":{"rendered":"https:\/\/careymoa.virtualservers.es\/?post_type=product&#038;p=798"},"modified":"2024-06-28T07:25:30","modified_gmt":"2024-06-28T07:25:30","slug":"motosierra-sthil-ms-362","status":"publish","type":"product","link":"https:\/\/careymoa.virtualservers.es\/index.php\/producto\/motosierra-sthil-ms-362\/","title":{"rendered":"Motosierra sthil ms-362"},"content":{"rendered":"<div class=\"flex flex-grow flex-col max-w-full\">\n<div class=\"min-h-[20px] text-message flex flex-col items-start whitespace-pre-wrap break-words [.text-message+&amp;]:mt-5 juice:w-full juice:items-end overflow-x-auto gap-2\" dir=\"auto\" data-message-author-role=\"assistant\" data-message-id=\"744611e5-3bb2-4aea-83bc-d931f8222366\">\n<div class=\"flex w-full flex-col gap-1 juice:empty:hidden juice:first:pt-[3px]\">\n<div class=\"markdown prose w-full break-words dark:prose-invert dark\">\n<p>Moderna y poderosa motosierra de 3,5 kW equipada con motor 2-MIX y sistema M-Tronic. La dosificaci\u00f3n de combustible se ajusta electr\u00f3nicamente seg\u00fan las condiciones externas, garantizando un rendimiento \u00f3ptimo en todo momento. Esta innovadora motosierra incluye un filtro HD2, consume hasta un 20% menos de combustible y emite hasta un 50% menos de gases contaminantes en comparaci\u00f3n con los motores convencionales de dos tiempos sin tecnolog\u00eda 2-MIX. Ideal para trabajos eficientes en madera de dureza media.<\/p>\n<\/div>\n<p>Especificaciones t\u00e9cnicas:<\/p>\n<ul>\n<li>Cilindrada: 59 cm\u00b3<\/li>\n<li>Espada (estandar) Longitud de corte: 45 cm<\/li>\n<li>Capacidad dep\u00f3sito de gasolina: 0,60 l<\/li>\n<li>Revoluciones a Pmax (ISO): 10000 r.p.m<\/li>\n<li>Pi\u00f1\u00f3n de cadena: 7 Z<\/li>\n<li>Potencia: 3,5\/4,8 kW\/CV<\/li>\n<li>Freno de cadena: QuickStop<\/li>\n<li>Peso: 5,6 kg<\/li>\n<li>Tipo de manillar: Standardgriff<\/li>\n<li>Capacidad dep\u00f3sito aceite adhesivo: 325 cm\u00b3<\/li>\n<li>Nivel sonoro: 106 dB(A)<\/li>\n<li>Potencia sonora: 117 dB(A)<\/li>\n<li>Vibraciones izquierda\/derecha: 3,5\/3,5 m\/s\u00b2<\/li>\n<li>Espada (estandar) pulgadas: 3\/8\u201c<\/li>\n<li>CO2: 711 g\/kWh<\/li>\n<\/ul>\n<\/div>\n<\/div>\n<\/div>\n","protected":false},"excerpt":{"rendered":"<div class=\"flex flex-grow flex-col max-w-full\">\n<div class=\"min-h-[20px] text-message flex flex-col items-start whitespace-pre-wrap break-words [.text-message+&amp;]:mt-5 juice:w-full juice:items-end overflow-x-auto gap-2\" dir=\"auto\" data-message-author-role=\"assistant\" data-message-id=\"ae7f129a-217d-4484-8491-ed53b82dcf5c\">\n<div class=\"flex w-full flex-col gap-1 juice:empty:hidden juice:first:pt-[3px]\">\n<div class=\"markdown prose w-full break-words dark:prose-invert dark\">\n<p>Motosierra de 3,5 kW con motor 2-MIX y sistema M-Tronic. Ajuste electr\u00f3nico del combustible, rendimiento \u00f3ptimo, filtro HD2. Hasta 20% menos de consumo y 50% menos emisiones comparado con motores de dos tiempos sin 2-MIX. Ideal para madera de dureza media.<\/p>\n<\/div>\n<\/div>\n<\/div>\n<\/div>\n","protected":false},"featured_media":799,"comment_status":"open","ping_status":"closed","template":"","meta":[],"product_cat":[46],"product_tag":[],"class_list":{"0":"post-798","1":"product","2":"type-product","3":"status-publish","4":"has-post-thumbnail","6":"product_cat-maquinaria-electrica","8":"first","9":"instock","10":"shipping-taxable","11":"product-type-simple"},"yoast_head":"<!-- This site is optimized with the Yoast SEO plugin v22.6 - https:\/\/yoast.com\/wordpress\/plugins\/seo\/ -->\n<title>Motosierra sthil ms-362 - Careymoa<\/title>\n<meta name=\"description\" content=\"Motosierra de 3,5 kW con motor 2-MIX y sistema M-Tronic. Ajuste electr\u00f3nico del combustible, rendimiento \u00f3ptimo, filtro HD2. Hasta 20% menos de consumo y 50% menos emisiones comparado con motores de dos tiempos sin 2-MIX. Ideal para madera de dureza media.\" \/>\n<meta name=\"robots\" content=\"index, follow, max-snippet:-1, max-image-preview:large, max-video-preview:-1\" \/>\n<link rel=\"canonical\" href=\"https:\/\/careymoa.virtualservers.es\/index.php\/producto\/motosierra-sthil-ms-362\/\" \/>\n<meta property=\"og:locale\" content=\"es_ES\" \/>\n<meta property=\"og:type\" content=\"article\" \/>\n<meta property=\"og:title\" content=\"Motosierra sthil ms-362 - Careymoa\" \/>\n<meta property=\"og:description\" content=\"Motosierra de 3,5 kW con motor 2-MIX y sistema M-Tronic. Ajuste electr\u00f3nico del combustible, rendimiento \u00f3ptimo, filtro HD2. Hasta 20% menos de consumo y 50% menos emisiones comparado con motores de dos tiempos sin 2-MIX. Ideal para madera de dureza media.\" \/>\n<meta property=\"og:url\" content=\"https:\/\/careymoa.virtualservers.es\/index.php\/producto\/motosierra-sthil-ms-362\/\" \/>\n<meta property=\"og:site_name\" content=\"Careymoa\" \/>\n<meta property=\"article:modified_time\" content=\"2024-06-28T07:25:30+00:00\" \/>\n<meta property=\"og:image\" content=\"https:\/\/careymoa.virtualservers.es\/wp-content\/uploads\/2024\/06\/stihl-motosierra-ms-362-c-m.webp\" \/>\n\t<meta property=\"og:image:width\" content=\"800\" \/>\n\t<meta property=\"og:image:height\" content=\"800\" \/>\n\t<meta property=\"og:image:type\" content=\"image\/webp\" \/>\n<meta name=\"twitter:card\" content=\"summary_large_image\" \/>\n<meta name=\"twitter:label1\" content=\"Tiempo de lectura\" \/>\n\t<meta name=\"twitter:data1\" content=\"1 minuto\" \/>\n<script type=\"application\/ld+json\" class=\"yoast-schema-graph\">{\"@context\":\"https:\/\/schema.org\",\"@graph\":[{\"@type\":\"WebPage\",\"@id\":\"https:\/\/careymoa.virtualservers.es\/index.php\/producto\/motosierra-sthil-ms-362\/\",\"url\":\"https:\/\/careymoa.virtualservers.es\/index.php\/producto\/motosierra-sthil-ms-362\/\",\"name\":\"Motosierra sthil ms-362 - Careymoa\",\"isPartOf\":{\"@id\":\"https:\/\/careymoa.virtualservers.es\/#website\"},\"primaryImageOfPage\":{\"@id\":\"https:\/\/careymoa.virtualservers.es\/index.php\/producto\/motosierra-sthil-ms-362\/#primaryimage\"},\"image\":{\"@id\":\"https:\/\/careymoa.virtualservers.es\/index.php\/producto\/motosierra-sthil-ms-362\/#primaryimage\"},\"thumbnailUrl\":\"https:\/\/careymoa.virtualservers.es\/wp-content\/uploads\/2024\/06\/stihl-motosierra-ms-362-c-m.webp\",\"datePublished\":\"2024-06-28T07:24:30+00:00\",\"dateModified\":\"2024-06-28T07:25:30+00:00\",\"description\":\"Motosierra de 3,5 kW con motor 2-MIX y sistema M-Tronic. Ajuste electr\u00f3nico del combustible, rendimiento \u00f3ptimo, filtro HD2. Hasta 20% menos de consumo y 50% menos emisiones comparado con motores de dos tiempos sin 2-MIX. Ideal para madera de dureza media.\",\"breadcrumb\":{\"@id\":\"https:\/\/careymoa.virtualservers.es\/index.php\/producto\/motosierra-sthil-ms-362\/#breadcrumb\"},\"inLanguage\":\"es\",\"potentialAction\":[{\"@type\":\"ReadAction\",\"target\":[\"https:\/\/careymoa.virtualservers.es\/index.php\/producto\/motosierra-sthil-ms-362\/\"]}]},{\"@type\":\"ImageObject\",\"inLanguage\":\"es\",\"@id\":\"https:\/\/careymoa.virtualservers.es\/index.php\/producto\/motosierra-sthil-ms-362\/#primaryimage\",\"url\":\"https:\/\/careymoa.virtualservers.es\/wp-content\/uploads\/2024\/06\/stihl-motosierra-ms-362-c-m.webp\",\"contentUrl\":\"https:\/\/careymoa.virtualservers.es\/wp-content\/uploads\/2024\/06\/stihl-motosierra-ms-362-c-m.webp\",\"width\":800,\"height\":800},{\"@type\":\"BreadcrumbList\",\"@id\":\"https:\/\/careymoa.virtualservers.es\/index.php\/producto\/motosierra-sthil-ms-362\/#breadcrumb\",\"itemListElement\":[{\"@type\":\"ListItem\",\"position\":1,\"name\":\"Portada\",\"item\":\"https:\/\/careymoa.virtualservers.es\/\"},{\"@type\":\"ListItem\",\"position\":2,\"name\":\"Tienda\",\"item\":\"https:\/\/careymoa.virtualservers.es\/index.php\/tienda\/\"},{\"@type\":\"ListItem\",\"position\":3,\"name\":\"Motosierra sthil ms-362\"}]},{\"@type\":\"WebSite\",\"@id\":\"https:\/\/careymoa.virtualservers.es\/#website\",\"url\":\"https:\/\/careymoa.virtualservers.es\/\",\"name\":\"Careymoa\",\"description\":\"Empresa de alquiler de maquinaria \",\"publisher\":{\"@id\":\"https:\/\/careymoa.virtualservers.es\/#organization\"},\"potentialAction\":[{\"@type\":\"SearchAction\",\"target\":{\"@type\":\"EntryPoint\",\"urlTemplate\":\"https:\/\/careymoa.virtualservers.es\/?s={search_term_string}\"},\"query-input\":\"required name=search_term_string\"}],\"inLanguage\":\"es\"},{\"@type\":\"Organization\",\"@id\":\"https:\/\/careymoa.virtualservers.es\/#organization\",\"name\":\"Careymoa\",\"url\":\"https:\/\/careymoa.virtualservers.es\/\",\"logo\":{\"@type\":\"ImageObject\",\"inLanguage\":\"es\",\"@id\":\"https:\/\/careymoa.virtualservers.es\/#\/schema\/logo\/image\/\",\"url\":\"https:\/\/careymoa.virtualservers.es\/wp-content\/uploads\/2024\/05\/cropped-image002.png\",\"contentUrl\":\"https:\/\/careymoa.virtualservers.es\/wp-content\/uploads\/2024\/05\/cropped-image002.png\",\"width\":374,\"height\":148,\"caption\":\"Careymoa\"},\"image\":{\"@id\":\"https:\/\/careymoa.virtualservers.es\/#\/schema\/logo\/image\/\"}}]}<\/script>\n<!-- \/ Yoast SEO plugin. -->","yoast_head_json":{"title":"Motosierra sthil ms-362 - Careymoa","description":"Motosierra de 3,5 kW con motor 2-MIX y sistema M-Tronic. Ajuste electr\u00f3nico del combustible, rendimiento \u00f3ptimo, filtro HD2. Hasta 20% menos de consumo y 50% menos emisiones comparado con motores de dos tiempos sin 2-MIX. Ideal para madera de dureza media.","robots":{"index":"index","follow":"follow","max-snippet":"max-snippet:-1","max-image-preview":"max-image-preview:large","max-video-preview":"max-video-preview:-1"},"canonical":"https:\/\/careymoa.virtualservers.es\/index.php\/producto\/motosierra-sthil-ms-362\/","og_locale":"es_ES","og_type":"article","og_title":"Motosierra sthil ms-362 - Careymoa","og_description":"Motosierra de 3,5 kW con motor 2-MIX y sistema M-Tronic. Ajuste electr\u00f3nico del combustible, rendimiento \u00f3ptimo, filtro HD2. Hasta 20% menos de consumo y 50% menos emisiones comparado con motores de dos tiempos sin 2-MIX. Ideal para madera de dureza media.","og_url":"https:\/\/careymoa.virtualservers.es\/index.php\/producto\/motosierra-sthil-ms-362\/","og_site_name":"Careymoa","article_modified_time":"2024-06-28T07:25:30+00:00","og_image":[{"width":800,"height":800,"url":"https:\/\/careymoa.virtualservers.es\/wp-content\/uploads\/2024\/06\/stihl-motosierra-ms-362-c-m.webp","type":"image\/webp"}],"twitter_card":"summary_large_image","twitter_misc":{"Tiempo de lectura":"1 minuto"},"schema":{"@context":"https:\/\/schema.org","@graph":[{"@type":"WebPage","@id":"https:\/\/careymoa.virtualservers.es\/index.php\/producto\/motosierra-sthil-ms-362\/","url":"https:\/\/careymoa.virtualservers.es\/index.php\/producto\/motosierra-sthil-ms-362\/","name":"Motosierra sthil ms-362 - Careymoa","isPartOf":{"@id":"https:\/\/careymoa.virtualservers.es\/#website"},"primaryImageOfPage":{"@id":"https:\/\/careymoa.virtualservers.es\/index.php\/producto\/motosierra-sthil-ms-362\/#primaryimage"},"image":{"@id":"https:\/\/careymoa.virtualservers.es\/index.php\/producto\/motosierra-sthil-ms-362\/#primaryimage"},"thumbnailUrl":"https:\/\/careymoa.virtualservers.es\/wp-content\/uploads\/2024\/06\/stihl-motosierra-ms-362-c-m.webp","datePublished":"2024-06-28T07:24:30+00:00","dateModified":"2024-06-28T07:25:30+00:00","description":"Motosierra de 3,5 kW con motor 2-MIX y sistema M-Tronic. Ajuste electr\u00f3nico del combustible, rendimiento \u00f3ptimo, filtro HD2. Hasta 20% menos de consumo y 50% menos emisiones comparado con motores de dos tiempos sin 2-MIX. Ideal para madera de dureza media.","breadcrumb":{"@id":"https:\/\/careymoa.virtualservers.es\/index.php\/producto\/motosierra-sthil-ms-362\/#breadcrumb"},"inLanguage":"es","potentialAction":[{"@type":"ReadAction","target":["https:\/\/careymoa.virtualservers.es\/index.php\/producto\/motosierra-sthil-ms-362\/"]}]},{"@type":"ImageObject","inLanguage":"es","@id":"https:\/\/careymoa.virtualservers.es\/index.php\/producto\/motosierra-sthil-ms-362\/#primaryimage","url":"https:\/\/careymoa.virtualservers.es\/wp-content\/uploads\/2024\/06\/stihl-motosierra-ms-362-c-m.webp","contentUrl":"https:\/\/careymoa.virtualservers.es\/wp-content\/uploads\/2024\/06\/stihl-motosierra-ms-362-c-m.webp","width":800,"height":800},{"@type":"BreadcrumbList","@id":"https:\/\/careymoa.virtualservers.es\/index.php\/producto\/motosierra-sthil-ms-362\/#breadcrumb","itemListElement":[{"@type":"ListItem","position":1,"name":"Portada","item":"https:\/\/careymoa.virtualservers.es\/"},{"@type":"ListItem","position":2,"name":"Tienda","item":"https:\/\/careymoa.virtualservers.es\/index.php\/tienda\/"},{"@type":"ListItem","position":3,"name":"Motosierra sthil ms-362"}]},{"@type":"WebSite","@id":"https:\/\/careymoa.virtualservers.es\/#website","url":"https:\/\/careymoa.virtualservers.es\/","name":"Careymoa","description":"Empresa de alquiler de maquinaria ","publisher":{"@id":"https:\/\/careymoa.virtualservers.es\/#organization"},"potentialAction":[{"@type":"SearchAction","target":{"@type":"EntryPoint","urlTemplate":"https:\/\/careymoa.virtualservers.es\/?s={search_term_string}"},"query-input":"required name=search_term_string"}],"inLanguage":"es"},{"@type":"Organization","@id":"https:\/\/careymoa.virtualservers.es\/#organization","name":"Careymoa","url":"https:\/\/careymoa.virtualservers.es\/","logo":{"@type":"ImageObject","inLanguage":"es","@id":"https:\/\/careymoa.virtualservers.es\/#\/schema\/logo\/image\/","url":"https:\/\/careymoa.virtualservers.es\/wp-content\/uploads\/2024\/05\/cropped-image002.png","contentUrl":"https:\/\/careymoa.virtualservers.es\/wp-content\/uploads\/2024\/05\/cropped-image002.png","width":374,"height":148,"caption":"Careymoa"},"image":{"@id":"https:\/\/careymoa.virtualservers.es\/#\/schema\/logo\/image\/"}}]}},"_links":{"self":[{"href":"https:\/\/careymoa.virtualservers.es\/index.php\/wp-json\/wp\/v2\/product\/798","targetHints":{"allow":["GET"]}}],"collection":[{"href":"https:\/\/careymoa.virtualservers.es\/index.php\/wp-json\/wp\/v2\/product"}],"about":[{"href":"https:\/\/careymoa.virtualservers.es\/index.php\/wp-json\/wp\/v2\/types\/product"}],"replies":[{"embeddable":true,"href":"https:\/\/careymoa.virtualservers.es\/index.php\/wp-json\/wp\/v2\/comments?post=798"}],"wp:featuredmedia":[{"embeddable":true,"href":"https:\/\/careymoa.virtualservers.es\/index.php\/wp-json\/wp\/v2\/media\/799"}],"wp:attachment":[{"href":"https:\/\/careymoa.virtualservers.es\/index.php\/wp-json\/wp\/v2\/media?parent=798"}],"wp:term":[{"taxonomy":"product_cat","embeddable":true,"href":"https:\/\/careymoa.virtualservers.es\/index.php\/wp-json\/wp\/v2\/product_cat?post=798"},{"taxonomy":"product_tag","embeddable":true,"href":"https:\/\/careymoa.virtualservers.es\/index.php\/wp-json\/wp\/v2\/product_tag?post=798"}],"curies":[{"name":"wp","href":"https:\/\/api.w.org\/{rel}","templated":true}]}}