{"id":786,"date":"2024-06-27T11:23:01","date_gmt":"2024-06-27T11:23:01","guid":{"rendered":"https:\/\/careymoa.virtualservers.es\/?post_type=product&#038;p=786"},"modified":"2024-06-27T11:23:17","modified_gmt":"2024-06-27T11:23:17","slug":"dumper-ausa-d301ahg","status":"publish","type":"product","link":"https:\/\/careymoa.virtualservers.es\/index.php\/producto\/dumper-ausa-d301ahg\/","title":{"rendered":"Dumper ausa d301ahg"},"content":{"rendered":"<div class=\"flex flex-grow flex-col max-w-full\">\n<div class=\"min-h-[20px] text-message flex flex-col items-start whitespace-pre-wrap break-words [.text-message+&amp;]:mt-5 juice:w-full juice:items-end overflow-x-auto gap-2\" dir=\"auto\" data-message-author-role=\"assistant\" data-message-id=\"e4ca3b48-859f-440c-b676-7be27e31eb0b\">\n<div class=\"flex w-full flex-col gap-1 juice:empty:hidden juice:first:pt-[3px]\">\n<div class=\"markdown prose w-full break-words dark:prose-invert dark\">\n<p>El dumper D301AHG se distingue por su capacidad de carga de 3.000 kg, tolva de descarga lateral y transmisi\u00f3n hidrost\u00e1tica, asegurando alta productividad, rentabilidad y seguridad. Gracias a su eficiente relaci\u00f3n peso-potencia, mantiene bajos consumos de combustible y ofrece agilidad en el transporte de materiales. Para facilitar el mantenimiento, cuenta con una amplia tapa motor accesible desde el suelo y una rejilla central en el contrapeso que permite un acceso r\u00e1pido al radiador. El puesto de conducci\u00f3n est\u00e1 equipado con un asiento con detector de presencia y cintur\u00f3n con sensor de abrochado para prevenir arranques no deseados y garantizar la seguridad del operador, complementado con un freno negativo electr\u00f3nico que asegura la detenci\u00f3n total del dumper al apagar el motor.<\/p>\n<p>Especificaciones t\u00e9cnicas:<\/p>\n<ul>\n<li>Sistema de descarga: Giratoria<\/li>\n<li>Capacidad de carga: 3000 Kg<\/li>\n<li>Chasis: Articulado<\/li>\n<li>Capacidad tolva agua: 984 l<\/li>\n<li>Capacidad tolva rasa: 1320 l<\/li>\n<li>Capacidad tolva colmada: 1742 l<\/li>\n<li>Peso en vac\u00edo: 2300 Kg<\/li>\n<li>Transmisi\u00f3n: Hidrost\u00e1tica<\/li>\n<li>Reversibilidad: No reversible<\/li>\n<li>Potencia: 18.5 kW<\/li>\n<li>Nivel ac\u00fastico (LwA): 101 dB(A)<\/li>\n<li>Velocidad m\u00e1xima: 18 Km\/h<\/li>\n<li>Pendiente superable: 50 %<\/li>\n<li>Radio de giro exterior: 3955 mm<\/li>\n<li>Tracci\u00f3n: 4&#215;4<\/li>\n<li>Neum\u00e1ticos: 11,5\/80-15.3<\/li>\n<\/ul>\n<\/div>\n<\/div>\n<\/div>\n<\/div>\n","protected":false},"excerpt":{"rendered":"<div class=\"flex flex-grow flex-col max-w-full\">\n<div class=\"min-h-[20px] text-message flex flex-col items-start whitespace-pre-wrap break-words [.text-message+&amp;]:mt-5 juice:w-full juice:items-end overflow-x-auto gap-2\" dir=\"auto\" data-message-author-role=\"assistant\" data-message-id=\"15a9f19d-e398-4a39-8477-34cf0b7b2a12\">\n<div class=\"flex w-full flex-col gap-1 juice:empty:hidden juice:first:pt-[3px]\">\n<div class=\"markdown prose w-full break-words dark:prose-invert dark\">\n<p>El dumper D301AHG de 3.000 kg combina alta productividad y seguridad con su tolva de descarga lateral y transmisi\u00f3n hidrost\u00e1tica. Dise\u00f1ado para eficiencia en el consumo y f\u00e1cil mantenimiento, incluye medidas avanzadas de seguridad como detector de presencia en el asiento, cintur\u00f3n con sensor de abrochado y freno negativo electr\u00f3nico para operaciones seguras.<\/p>\n<\/div>\n<\/div>\n<\/div>\n<\/div>\n","protected":false},"featured_media":790,"comment_status":"open","ping_status":"closed","template":"","meta":[],"product_cat":[42],"product_tag":[],"class_list":{"0":"post-786","1":"product","2":"type-product","3":"status-publish","4":"has-post-thumbnail","6":"product_cat-movimientosdetierras","8":"first","9":"instock","10":"shipping-taxable","11":"product-type-simple"},"yoast_head":"<!-- This site is optimized with the Yoast SEO plugin v22.6 - https:\/\/yoast.com\/wordpress\/plugins\/seo\/ -->\n<title>Dumper ausa d301ahg - Careymoa<\/title>\n<meta name=\"description\" content=\"El dumper D301AHG de 3.000 kg combina alta productividad y seguridad con su tolva de descarga lateral y transmisi\u00f3n hidrost\u00e1tica. Dise\u00f1ado para eficiencia en el consumo y f\u00e1cil mantenimiento, incluye medidas avanzadas de seguridad como detector de presencia en el asiento, cintur\u00f3n con sensor de abrochado y freno negativo electr\u00f3nico para operaciones seguras.\" \/>\n<meta name=\"robots\" content=\"index, follow, max-snippet:-1, max-image-preview:large, max-video-preview:-1\" \/>\n<link rel=\"canonical\" href=\"https:\/\/careymoa.virtualservers.es\/index.php\/producto\/dumper-ausa-d301ahg\/\" \/>\n<meta property=\"og:locale\" content=\"es_ES\" \/>\n<meta property=\"og:type\" content=\"article\" \/>\n<meta property=\"og:title\" content=\"Dumper ausa d301ahg - Careymoa\" \/>\n<meta property=\"og:description\" content=\"El dumper D301AHG de 3.000 kg combina alta productividad y seguridad con su tolva de descarga lateral y transmisi\u00f3n hidrost\u00e1tica. Dise\u00f1ado para eficiencia en el consumo y f\u00e1cil mantenimiento, incluye medidas avanzadas de seguridad como detector de presencia en el asiento, cintur\u00f3n con sensor de abrochado y freno negativo electr\u00f3nico para operaciones seguras.\" \/>\n<meta property=\"og:url\" content=\"https:\/\/careymoa.virtualservers.es\/index.php\/producto\/dumper-ausa-d301ahg\/\" \/>\n<meta property=\"og:site_name\" content=\"Careymoa\" \/>\n<meta property=\"article:modified_time\" content=\"2024-06-27T11:23:17+00:00\" \/>\n<meta property=\"og:image\" content=\"https:\/\/careymoa.virtualservers.es\/wp-content\/uploads\/2024\/06\/nb-home-sliders-d301ahg_1236_desk_528_396-1.png\" \/>\n\t<meta property=\"og:image:width\" content=\"528\" \/>\n\t<meta property=\"og:image:height\" content=\"396\" \/>\n\t<meta property=\"og:image:type\" content=\"image\/png\" \/>\n<meta name=\"twitter:card\" content=\"summary_large_image\" \/>\n<meta name=\"twitter:label1\" content=\"Tiempo de lectura\" \/>\n\t<meta name=\"twitter:data1\" content=\"2 minutos\" \/>\n<script type=\"application\/ld+json\" class=\"yoast-schema-graph\">{\"@context\":\"https:\/\/schema.org\",\"@graph\":[{\"@type\":\"WebPage\",\"@id\":\"https:\/\/careymoa.virtualservers.es\/index.php\/producto\/dumper-ausa-d301ahg\/\",\"url\":\"https:\/\/careymoa.virtualservers.es\/index.php\/producto\/dumper-ausa-d301ahg\/\",\"name\":\"Dumper ausa d301ahg - Careymoa\",\"isPartOf\":{\"@id\":\"https:\/\/careymoa.virtualservers.es\/#website\"},\"primaryImageOfPage\":{\"@id\":\"https:\/\/careymoa.virtualservers.es\/index.php\/producto\/dumper-ausa-d301ahg\/#primaryimage\"},\"image\":{\"@id\":\"https:\/\/careymoa.virtualservers.es\/index.php\/producto\/dumper-ausa-d301ahg\/#primaryimage\"},\"thumbnailUrl\":\"https:\/\/careymoa.virtualservers.es\/wp-content\/uploads\/2024\/06\/nb-home-sliders-d301ahg_1236_desk_528_396-1.png\",\"datePublished\":\"2024-06-27T11:23:01+00:00\",\"dateModified\":\"2024-06-27T11:23:17+00:00\",\"description\":\"El dumper D301AHG de 3.000 kg combina alta productividad y seguridad con su tolva de descarga lateral y transmisi\u00f3n hidrost\u00e1tica. Dise\u00f1ado para eficiencia en el consumo y f\u00e1cil mantenimiento, incluye medidas avanzadas de seguridad como detector de presencia en el asiento, cintur\u00f3n con sensor de abrochado y freno negativo electr\u00f3nico para operaciones seguras.\",\"breadcrumb\":{\"@id\":\"https:\/\/careymoa.virtualservers.es\/index.php\/producto\/dumper-ausa-d301ahg\/#breadcrumb\"},\"inLanguage\":\"es\",\"potentialAction\":[{\"@type\":\"ReadAction\",\"target\":[\"https:\/\/careymoa.virtualservers.es\/index.php\/producto\/dumper-ausa-d301ahg\/\"]}]},{\"@type\":\"ImageObject\",\"inLanguage\":\"es\",\"@id\":\"https:\/\/careymoa.virtualservers.es\/index.php\/producto\/dumper-ausa-d301ahg\/#primaryimage\",\"url\":\"https:\/\/careymoa.virtualservers.es\/wp-content\/uploads\/2024\/06\/nb-home-sliders-d301ahg_1236_desk_528_396-1.png\",\"contentUrl\":\"https:\/\/careymoa.virtualservers.es\/wp-content\/uploads\/2024\/06\/nb-home-sliders-d301ahg_1236_desk_528_396-1.png\",\"width\":528,\"height\":396},{\"@type\":\"BreadcrumbList\",\"@id\":\"https:\/\/careymoa.virtualservers.es\/index.php\/producto\/dumper-ausa-d301ahg\/#breadcrumb\",\"itemListElement\":[{\"@type\":\"ListItem\",\"position\":1,\"name\":\"Portada\",\"item\":\"https:\/\/careymoa.virtualservers.es\/\"},{\"@type\":\"ListItem\",\"position\":2,\"name\":\"Tienda\",\"item\":\"https:\/\/careymoa.virtualservers.es\/index.php\/tienda\/\"},{\"@type\":\"ListItem\",\"position\":3,\"name\":\"Dumper ausa d301ahg\"}]},{\"@type\":\"WebSite\",\"@id\":\"https:\/\/careymoa.virtualservers.es\/#website\",\"url\":\"https:\/\/careymoa.virtualservers.es\/\",\"name\":\"Careymoa\",\"description\":\"Empresa de alquiler de maquinaria \",\"publisher\":{\"@id\":\"https:\/\/careymoa.virtualservers.es\/#organization\"},\"potentialAction\":[{\"@type\":\"SearchAction\",\"target\":{\"@type\":\"EntryPoint\",\"urlTemplate\":\"https:\/\/careymoa.virtualservers.es\/?s={search_term_string}\"},\"query-input\":\"required name=search_term_string\"}],\"inLanguage\":\"es\"},{\"@type\":\"Organization\",\"@id\":\"https:\/\/careymoa.virtualservers.es\/#organization\",\"name\":\"Careymoa\",\"url\":\"https:\/\/careymoa.virtualservers.es\/\",\"logo\":{\"@type\":\"ImageObject\",\"inLanguage\":\"es\",\"@id\":\"https:\/\/careymoa.virtualservers.es\/#\/schema\/logo\/image\/\",\"url\":\"https:\/\/careymoa.virtualservers.es\/wp-content\/uploads\/2024\/05\/cropped-image002.png\",\"contentUrl\":\"https:\/\/careymoa.virtualservers.es\/wp-content\/uploads\/2024\/05\/cropped-image002.png\",\"width\":374,\"height\":148,\"caption\":\"Careymoa\"},\"image\":{\"@id\":\"https:\/\/careymoa.virtualservers.es\/#\/schema\/logo\/image\/\"}}]}<\/script>\n<!-- \/ Yoast SEO plugin. -->","yoast_head_json":{"title":"Dumper ausa d301ahg - Careymoa","description":"El dumper D301AHG de 3.000 kg combina alta productividad y seguridad con su tolva de descarga lateral y transmisi\u00f3n hidrost\u00e1tica. Dise\u00f1ado para eficiencia en el consumo y f\u00e1cil mantenimiento, incluye medidas avanzadas de seguridad como detector de presencia en el asiento, cintur\u00f3n con sensor de abrochado y freno negativo electr\u00f3nico para operaciones seguras.","robots":{"index":"index","follow":"follow","max-snippet":"max-snippet:-1","max-image-preview":"max-image-preview:large","max-video-preview":"max-video-preview:-1"},"canonical":"https:\/\/careymoa.virtualservers.es\/index.php\/producto\/dumper-ausa-d301ahg\/","og_locale":"es_ES","og_type":"article","og_title":"Dumper ausa d301ahg - Careymoa","og_description":"El dumper D301AHG de 3.000 kg combina alta productividad y seguridad con su tolva de descarga lateral y transmisi\u00f3n hidrost\u00e1tica. Dise\u00f1ado para eficiencia en el consumo y f\u00e1cil mantenimiento, incluye medidas avanzadas de seguridad como detector de presencia en el asiento, cintur\u00f3n con sensor de abrochado y freno negativo electr\u00f3nico para operaciones seguras.","og_url":"https:\/\/careymoa.virtualservers.es\/index.php\/producto\/dumper-ausa-d301ahg\/","og_site_name":"Careymoa","article_modified_time":"2024-06-27T11:23:17+00:00","og_image":[{"width":528,"height":396,"url":"https:\/\/careymoa.virtualservers.es\/wp-content\/uploads\/2024\/06\/nb-home-sliders-d301ahg_1236_desk_528_396-1.png","type":"image\/png"}],"twitter_card":"summary_large_image","twitter_misc":{"Tiempo de lectura":"2 minutos"},"schema":{"@context":"https:\/\/schema.org","@graph":[{"@type":"WebPage","@id":"https:\/\/careymoa.virtualservers.es\/index.php\/producto\/dumper-ausa-d301ahg\/","url":"https:\/\/careymoa.virtualservers.es\/index.php\/producto\/dumper-ausa-d301ahg\/","name":"Dumper ausa d301ahg - Careymoa","isPartOf":{"@id":"https:\/\/careymoa.virtualservers.es\/#website"},"primaryImageOfPage":{"@id":"https:\/\/careymoa.virtualservers.es\/index.php\/producto\/dumper-ausa-d301ahg\/#primaryimage"},"image":{"@id":"https:\/\/careymoa.virtualservers.es\/index.php\/producto\/dumper-ausa-d301ahg\/#primaryimage"},"thumbnailUrl":"https:\/\/careymoa.virtualservers.es\/wp-content\/uploads\/2024\/06\/nb-home-sliders-d301ahg_1236_desk_528_396-1.png","datePublished":"2024-06-27T11:23:01+00:00","dateModified":"2024-06-27T11:23:17+00:00","description":"El dumper D301AHG de 3.000 kg combina alta productividad y seguridad con su tolva de descarga lateral y transmisi\u00f3n hidrost\u00e1tica. Dise\u00f1ado para eficiencia en el consumo y f\u00e1cil mantenimiento, incluye medidas avanzadas de seguridad como detector de presencia en el asiento, cintur\u00f3n con sensor de abrochado y freno negativo electr\u00f3nico para operaciones seguras.","breadcrumb":{"@id":"https:\/\/careymoa.virtualservers.es\/index.php\/producto\/dumper-ausa-d301ahg\/#breadcrumb"},"inLanguage":"es","potentialAction":[{"@type":"ReadAction","target":["https:\/\/careymoa.virtualservers.es\/index.php\/producto\/dumper-ausa-d301ahg\/"]}]},{"@type":"ImageObject","inLanguage":"es","@id":"https:\/\/careymoa.virtualservers.es\/index.php\/producto\/dumper-ausa-d301ahg\/#primaryimage","url":"https:\/\/careymoa.virtualservers.es\/wp-content\/uploads\/2024\/06\/nb-home-sliders-d301ahg_1236_desk_528_396-1.png","contentUrl":"https:\/\/careymoa.virtualservers.es\/wp-content\/uploads\/2024\/06\/nb-home-sliders-d301ahg_1236_desk_528_396-1.png","width":528,"height":396},{"@type":"BreadcrumbList","@id":"https:\/\/careymoa.virtualservers.es\/index.php\/producto\/dumper-ausa-d301ahg\/#breadcrumb","itemListElement":[{"@type":"ListItem","position":1,"name":"Portada","item":"https:\/\/careymoa.virtualservers.es\/"},{"@type":"ListItem","position":2,"name":"Tienda","item":"https:\/\/careymoa.virtualservers.es\/index.php\/tienda\/"},{"@type":"ListItem","position":3,"name":"Dumper ausa d301ahg"}]},{"@type":"WebSite","@id":"https:\/\/careymoa.virtualservers.es\/#website","url":"https:\/\/careymoa.virtualservers.es\/","name":"Careymoa","description":"Empresa de alquiler de maquinaria ","publisher":{"@id":"https:\/\/careymoa.virtualservers.es\/#organization"},"potentialAction":[{"@type":"SearchAction","target":{"@type":"EntryPoint","urlTemplate":"https:\/\/careymoa.virtualservers.es\/?s={search_term_string}"},"query-input":"required name=search_term_string"}],"inLanguage":"es"},{"@type":"Organization","@id":"https:\/\/careymoa.virtualservers.es\/#organization","name":"Careymoa","url":"https:\/\/careymoa.virtualservers.es\/","logo":{"@type":"ImageObject","inLanguage":"es","@id":"https:\/\/careymoa.virtualservers.es\/#\/schema\/logo\/image\/","url":"https:\/\/careymoa.virtualservers.es\/wp-content\/uploads\/2024\/05\/cropped-image002.png","contentUrl":"https:\/\/careymoa.virtualservers.es\/wp-content\/uploads\/2024\/05\/cropped-image002.png","width":374,"height":148,"caption":"Careymoa"},"image":{"@id":"https:\/\/careymoa.virtualservers.es\/#\/schema\/logo\/image\/"}}]}},"_links":{"self":[{"href":"https:\/\/careymoa.virtualservers.es\/index.php\/wp-json\/wp\/v2\/product\/786","targetHints":{"allow":["GET"]}}],"collection":[{"href":"https:\/\/careymoa.virtualservers.es\/index.php\/wp-json\/wp\/v2\/product"}],"about":[{"href":"https:\/\/careymoa.virtualservers.es\/index.php\/wp-json\/wp\/v2\/types\/product"}],"replies":[{"embeddable":true,"href":"https:\/\/careymoa.virtualservers.es\/index.php\/wp-json\/wp\/v2\/comments?post=786"}],"wp:featuredmedia":[{"embeddable":true,"href":"https:\/\/careymoa.virtualservers.es\/index.php\/wp-json\/wp\/v2\/media\/790"}],"wp:attachment":[{"href":"https:\/\/careymoa.virtualservers.es\/index.php\/wp-json\/wp\/v2\/media?parent=786"}],"wp:term":[{"taxonomy":"product_cat","embeddable":true,"href":"https:\/\/careymoa.virtualservers.es\/index.php\/wp-json\/wp\/v2\/product_cat?post=786"},{"taxonomy":"product_tag","embeddable":true,"href":"https:\/\/careymoa.virtualservers.es\/index.php\/wp-json\/wp\/v2\/product_tag?post=786"}],"curies":[{"name":"wp","href":"https:\/\/api.w.org\/{rel}","templated":true}]}}