{"id":782,"date":"2024-06-27T10:50:11","date_gmt":"2024-06-27T10:50:11","guid":{"rendered":"https:\/\/careymoa.virtualservers.es\/?post_type=product&#038;p=782"},"modified":"2024-08-05T10:09:27","modified_gmt":"2024-08-05T10:09:27","slug":"carretilla-ausa-c251h","status":"publish","type":"product","link":"https:\/\/careymoa.virtualservers.es\/index.php\/producto\/carretilla-ausa-c251h\/","title":{"rendered":"Carretilla ausa c251h"},"content":{"rendered":"<div class=\"flex flex-grow flex-col max-w-full\">\n<div class=\"min-h-[20px] text-message flex flex-col items-start whitespace-pre-wrap break-words [.text-message+&amp;]:mt-5 juice:w-full juice:items-end overflow-x-auto gap-2\" dir=\"auto\" data-message-author-role=\"assistant\" data-message-id=\"fb1f238a-78de-42c1-be26-03289b05aa77\">\n<div class=\"flex w-full flex-col gap-1 juice:empty:hidden juice:first:pt-[3px]\">\n<div class=\"markdown prose w-full break-words dark:prose-invert dark\">\n<p>Es una carretilla avanzada en tecnolog\u00eda y seguridad, f\u00e1cil de mantener y equipada con sistema hidrost\u00e1tico, capaz de cargar hasta 2,5 toneladas. Accede a informaci\u00f3n en tiempo real desde la pantalla digital junto al volante, como velocidad, temperatura, alarmas y sensores, utilizando el joystick de la cabina para interactuar y realizar autodiagn\u00f3sticos. Incorpora EcoMode para ajustar autom\u00e1ticamente las revoluciones del motor, optimizando la potencia con menor consumo y emisiones reducidas. Proporciona una visibilidad de 360\u00ba desde el puesto de conducci\u00f3n, mejorando un 30% la visi\u00f3n exterior en comparaci\u00f3n con el modelo anterior. Adem\u00e1s, el sistema Hill Holder asegura que la carretilla se mantenga detenida en pendientes al liberar el acelerador.<\/p>\n<p>Especificaciones t\u00e9cnicas:<\/p>\n<ul>\n<li>Capacidad de carga: 2500 Kg<\/li>\n<li>Capacidad de carga a 500 mm: 2500 Kg<\/li>\n<li>Peso en vac\u00edo: 4255 Kg<\/li>\n<li>Transmisi\u00f3n: Hidrost\u00e1tica<\/li>\n<li>Elevaci\u00f3n m\u00e1xima: 5450 mm<\/li>\n<li>Potencia: 31.2 kW<\/li>\n<li>Nivel ac\u00fastico (LwA): 104 dB(A)<\/li>\n<li>Velocidad m\u00e1xima: 20 Km\/h<\/li>\n<li>Pendiente superable: 38 %<\/li>\n<li>Radio de giro exterior: 3020 mm<\/li>\n<li>Tracci\u00f3n: 4&#215;2 \/ 4&#215;4 FullGrip<\/li>\n<li>Neum\u00e1ticos: 12.5\/80-18 10.0\/75-15.3 \/ 7.00<\/li>\n<li>Placa porta horquillas: FEM 2<\/li>\n<li>Ancho placa: 1260 mm<\/li>\n<\/ul>\n<\/div>\n<\/div>\n<\/div>\n<\/div>\n","protected":false},"excerpt":{"rendered":"<div class=\"flex flex-grow flex-col max-w-full\">\n<div class=\"min-h-[20px] text-message flex flex-col items-start whitespace-pre-wrap break-words [.text-message+&amp;]:mt-5 juice:w-full juice:items-end overflow-x-auto gap-2\" dir=\"auto\" data-message-author-role=\"assistant\" data-message-id=\"7a86de8c-8752-414e-8942-a6a388ad204e\">\n<div class=\"flex w-full flex-col gap-1 juice:empty:hidden juice:first:pt-[3px]\">\n<div class=\"markdown prose w-full break-words dark:prose-invert dark\">\n<p>Esta carretilla avanzada es hidrost\u00e1tica, con capacidad para 2,5 toneladas. Accede a informaci\u00f3n en tiempo real desde la pantalla digital y utiliza EcoMode para optimizar el consumo de combustible. Ofrece visibilidad panor\u00e1mica de 360\u00ba y cuenta con sistema Hill Holder para detenerse en pendientes autom\u00e1ticamente.<\/p>\n<\/div>\n<\/div>\n<\/div>\n<\/div>\n","protected":false},"featured_media":1031,"comment_status":"open","ping_status":"closed","template":"","meta":[],"product_cat":[40],"product_tag":[],"class_list":{"0":"post-782","1":"product","2":"type-product","3":"status-publish","4":"has-post-thumbnail","6":"product_cat-alquiler-de-maquinaria-de-elevacion","8":"first","9":"instock","10":"shipping-taxable","11":"product-type-simple"},"yoast_head":"<!-- This site is optimized with the Yoast SEO plugin v22.6 - https:\/\/yoast.com\/wordpress\/plugins\/seo\/ -->\n<title>Carretilla ausa c251h - Careymoa<\/title>\n<meta name=\"description\" content=\"Esta carretilla avanzada es hidrost\u00e1tica, con capacidad para 2,5 toneladas. Accede a informaci\u00f3n en tiempo real desde la pantalla digital y utiliza EcoMode para optimizar el consumo de combustible. Ofrece visibilidad panor\u00e1mica de 360\u00ba y cuenta con sistema Hill Holder para detenerse en pendientes autom\u00e1ticamente.\" \/>\n<meta name=\"robots\" content=\"index, follow, max-snippet:-1, max-image-preview:large, max-video-preview:-1\" \/>\n<link rel=\"canonical\" href=\"https:\/\/careymoa.virtualservers.es\/index.php\/producto\/carretilla-ausa-c251h\/\" \/>\n<meta property=\"og:locale\" content=\"es_ES\" \/>\n<meta property=\"og:type\" content=\"article\" \/>\n<meta property=\"og:title\" content=\"Carretilla ausa c251h - Careymoa\" \/>\n<meta property=\"og:description\" content=\"Esta carretilla avanzada es hidrost\u00e1tica, con capacidad para 2,5 toneladas. Accede a informaci\u00f3n en tiempo real desde la pantalla digital y utiliza EcoMode para optimizar el consumo de combustible. Ofrece visibilidad panor\u00e1mica de 360\u00ba y cuenta con sistema Hill Holder para detenerse en pendientes autom\u00e1ticamente.\" \/>\n<meta property=\"og:url\" content=\"https:\/\/careymoa.virtualservers.es\/index.php\/producto\/carretilla-ausa-c251h\/\" \/>\n<meta property=\"og:site_name\" content=\"Careymoa\" \/>\n<meta property=\"article:modified_time\" content=\"2024-08-05T10:09:27+00:00\" \/>\n<meta property=\"og:image\" content=\"https:\/\/careymoa.virtualservers.es\/wp-content\/uploads\/2024\/06\/carretillaausa3.jpg\" \/>\n\t<meta property=\"og:image:width\" content=\"1600\" \/>\n\t<meta property=\"og:image:height\" content=\"1200\" \/>\n\t<meta property=\"og:image:type\" content=\"image\/jpeg\" \/>\n<meta name=\"twitter:card\" content=\"summary_large_image\" \/>\n<meta name=\"twitter:label1\" content=\"Tiempo de lectura\" \/>\n\t<meta name=\"twitter:data1\" content=\"2 minutos\" \/>\n<script type=\"application\/ld+json\" class=\"yoast-schema-graph\">{\"@context\":\"https:\/\/schema.org\",\"@graph\":[{\"@type\":\"WebPage\",\"@id\":\"https:\/\/careymoa.virtualservers.es\/index.php\/producto\/carretilla-ausa-c251h\/\",\"url\":\"https:\/\/careymoa.virtualservers.es\/index.php\/producto\/carretilla-ausa-c251h\/\",\"name\":\"Carretilla ausa c251h - Careymoa\",\"isPartOf\":{\"@id\":\"https:\/\/careymoa.virtualservers.es\/#website\"},\"primaryImageOfPage\":{\"@id\":\"https:\/\/careymoa.virtualservers.es\/index.php\/producto\/carretilla-ausa-c251h\/#primaryimage\"},\"image\":{\"@id\":\"https:\/\/careymoa.virtualservers.es\/index.php\/producto\/carretilla-ausa-c251h\/#primaryimage\"},\"thumbnailUrl\":\"https:\/\/careymoa.virtualservers.es\/wp-content\/uploads\/2024\/06\/carretillaausa3.jpg\",\"datePublished\":\"2024-06-27T10:50:11+00:00\",\"dateModified\":\"2024-08-05T10:09:27+00:00\",\"description\":\"Esta carretilla avanzada es hidrost\u00e1tica, con capacidad para 2,5 toneladas. Accede a informaci\u00f3n en tiempo real desde la pantalla digital y utiliza EcoMode para optimizar el consumo de combustible. Ofrece visibilidad panor\u00e1mica de 360\u00ba y cuenta con sistema Hill Holder para detenerse en pendientes autom\u00e1ticamente.\",\"breadcrumb\":{\"@id\":\"https:\/\/careymoa.virtualservers.es\/index.php\/producto\/carretilla-ausa-c251h\/#breadcrumb\"},\"inLanguage\":\"es\",\"potentialAction\":[{\"@type\":\"ReadAction\",\"target\":[\"https:\/\/careymoa.virtualservers.es\/index.php\/producto\/carretilla-ausa-c251h\/\"]}]},{\"@type\":\"ImageObject\",\"inLanguage\":\"es\",\"@id\":\"https:\/\/careymoa.virtualservers.es\/index.php\/producto\/carretilla-ausa-c251h\/#primaryimage\",\"url\":\"https:\/\/careymoa.virtualservers.es\/wp-content\/uploads\/2024\/06\/carretillaausa3.jpg\",\"contentUrl\":\"https:\/\/careymoa.virtualservers.es\/wp-content\/uploads\/2024\/06\/carretillaausa3.jpg\",\"width\":1600,\"height\":1200},{\"@type\":\"BreadcrumbList\",\"@id\":\"https:\/\/careymoa.virtualservers.es\/index.php\/producto\/carretilla-ausa-c251h\/#breadcrumb\",\"itemListElement\":[{\"@type\":\"ListItem\",\"position\":1,\"name\":\"Portada\",\"item\":\"https:\/\/careymoa.virtualservers.es\/\"},{\"@type\":\"ListItem\",\"position\":2,\"name\":\"Tienda\",\"item\":\"https:\/\/careymoa.virtualservers.es\/index.php\/tienda\/\"},{\"@type\":\"ListItem\",\"position\":3,\"name\":\"Carretilla ausa c251h\"}]},{\"@type\":\"WebSite\",\"@id\":\"https:\/\/careymoa.virtualservers.es\/#website\",\"url\":\"https:\/\/careymoa.virtualservers.es\/\",\"name\":\"Careymoa\",\"description\":\"Empresa de alquiler de maquinaria \",\"publisher\":{\"@id\":\"https:\/\/careymoa.virtualservers.es\/#organization\"},\"potentialAction\":[{\"@type\":\"SearchAction\",\"target\":{\"@type\":\"EntryPoint\",\"urlTemplate\":\"https:\/\/careymoa.virtualservers.es\/?s={search_term_string}\"},\"query-input\":\"required name=search_term_string\"}],\"inLanguage\":\"es\"},{\"@type\":\"Organization\",\"@id\":\"https:\/\/careymoa.virtualservers.es\/#organization\",\"name\":\"Careymoa\",\"url\":\"https:\/\/careymoa.virtualservers.es\/\",\"logo\":{\"@type\":\"ImageObject\",\"inLanguage\":\"es\",\"@id\":\"https:\/\/careymoa.virtualservers.es\/#\/schema\/logo\/image\/\",\"url\":\"https:\/\/careymoa.virtualservers.es\/wp-content\/uploads\/2024\/05\/cropped-image002.png\",\"contentUrl\":\"https:\/\/careymoa.virtualservers.es\/wp-content\/uploads\/2024\/05\/cropped-image002.png\",\"width\":374,\"height\":148,\"caption\":\"Careymoa\"},\"image\":{\"@id\":\"https:\/\/careymoa.virtualservers.es\/#\/schema\/logo\/image\/\"}}]}<\/script>\n<!-- \/ Yoast SEO plugin. -->","yoast_head_json":{"title":"Carretilla ausa c251h - Careymoa","description":"Esta carretilla avanzada es hidrost\u00e1tica, con capacidad para 2,5 toneladas. Accede a informaci\u00f3n en tiempo real desde la pantalla digital y utiliza EcoMode para optimizar el consumo de combustible. Ofrece visibilidad panor\u00e1mica de 360\u00ba y cuenta con sistema Hill Holder para detenerse en pendientes autom\u00e1ticamente.","robots":{"index":"index","follow":"follow","max-snippet":"max-snippet:-1","max-image-preview":"max-image-preview:large","max-video-preview":"max-video-preview:-1"},"canonical":"https:\/\/careymoa.virtualservers.es\/index.php\/producto\/carretilla-ausa-c251h\/","og_locale":"es_ES","og_type":"article","og_title":"Carretilla ausa c251h - Careymoa","og_description":"Esta carretilla avanzada es hidrost\u00e1tica, con capacidad para 2,5 toneladas. Accede a informaci\u00f3n en tiempo real desde la pantalla digital y utiliza EcoMode para optimizar el consumo de combustible. Ofrece visibilidad panor\u00e1mica de 360\u00ba y cuenta con sistema Hill Holder para detenerse en pendientes autom\u00e1ticamente.","og_url":"https:\/\/careymoa.virtualservers.es\/index.php\/producto\/carretilla-ausa-c251h\/","og_site_name":"Careymoa","article_modified_time":"2024-08-05T10:09:27+00:00","og_image":[{"width":1600,"height":1200,"url":"https:\/\/careymoa.virtualservers.es\/wp-content\/uploads\/2024\/06\/carretillaausa3.jpg","type":"image\/jpeg"}],"twitter_card":"summary_large_image","twitter_misc":{"Tiempo de lectura":"2 minutos"},"schema":{"@context":"https:\/\/schema.org","@graph":[{"@type":"WebPage","@id":"https:\/\/careymoa.virtualservers.es\/index.php\/producto\/carretilla-ausa-c251h\/","url":"https:\/\/careymoa.virtualservers.es\/index.php\/producto\/carretilla-ausa-c251h\/","name":"Carretilla ausa c251h - Careymoa","isPartOf":{"@id":"https:\/\/careymoa.virtualservers.es\/#website"},"primaryImageOfPage":{"@id":"https:\/\/careymoa.virtualservers.es\/index.php\/producto\/carretilla-ausa-c251h\/#primaryimage"},"image":{"@id":"https:\/\/careymoa.virtualservers.es\/index.php\/producto\/carretilla-ausa-c251h\/#primaryimage"},"thumbnailUrl":"https:\/\/careymoa.virtualservers.es\/wp-content\/uploads\/2024\/06\/carretillaausa3.jpg","datePublished":"2024-06-27T10:50:11+00:00","dateModified":"2024-08-05T10:09:27+00:00","description":"Esta carretilla avanzada es hidrost\u00e1tica, con capacidad para 2,5 toneladas. Accede a informaci\u00f3n en tiempo real desde la pantalla digital y utiliza EcoMode para optimizar el consumo de combustible. Ofrece visibilidad panor\u00e1mica de 360\u00ba y cuenta con sistema Hill Holder para detenerse en pendientes autom\u00e1ticamente.","breadcrumb":{"@id":"https:\/\/careymoa.virtualservers.es\/index.php\/producto\/carretilla-ausa-c251h\/#breadcrumb"},"inLanguage":"es","potentialAction":[{"@type":"ReadAction","target":["https:\/\/careymoa.virtualservers.es\/index.php\/producto\/carretilla-ausa-c251h\/"]}]},{"@type":"ImageObject","inLanguage":"es","@id":"https:\/\/careymoa.virtualservers.es\/index.php\/producto\/carretilla-ausa-c251h\/#primaryimage","url":"https:\/\/careymoa.virtualservers.es\/wp-content\/uploads\/2024\/06\/carretillaausa3.jpg","contentUrl":"https:\/\/careymoa.virtualservers.es\/wp-content\/uploads\/2024\/06\/carretillaausa3.jpg","width":1600,"height":1200},{"@type":"BreadcrumbList","@id":"https:\/\/careymoa.virtualservers.es\/index.php\/producto\/carretilla-ausa-c251h\/#breadcrumb","itemListElement":[{"@type":"ListItem","position":1,"name":"Portada","item":"https:\/\/careymoa.virtualservers.es\/"},{"@type":"ListItem","position":2,"name":"Tienda","item":"https:\/\/careymoa.virtualservers.es\/index.php\/tienda\/"},{"@type":"ListItem","position":3,"name":"Carretilla ausa c251h"}]},{"@type":"WebSite","@id":"https:\/\/careymoa.virtualservers.es\/#website","url":"https:\/\/careymoa.virtualservers.es\/","name":"Careymoa","description":"Empresa de alquiler de maquinaria ","publisher":{"@id":"https:\/\/careymoa.virtualservers.es\/#organization"},"potentialAction":[{"@type":"SearchAction","target":{"@type":"EntryPoint","urlTemplate":"https:\/\/careymoa.virtualservers.es\/?s={search_term_string}"},"query-input":"required name=search_term_string"}],"inLanguage":"es"},{"@type":"Organization","@id":"https:\/\/careymoa.virtualservers.es\/#organization","name":"Careymoa","url":"https:\/\/careymoa.virtualservers.es\/","logo":{"@type":"ImageObject","inLanguage":"es","@id":"https:\/\/careymoa.virtualservers.es\/#\/schema\/logo\/image\/","url":"https:\/\/careymoa.virtualservers.es\/wp-content\/uploads\/2024\/05\/cropped-image002.png","contentUrl":"https:\/\/careymoa.virtualservers.es\/wp-content\/uploads\/2024\/05\/cropped-image002.png","width":374,"height":148,"caption":"Careymoa"},"image":{"@id":"https:\/\/careymoa.virtualservers.es\/#\/schema\/logo\/image\/"}}]}},"_links":{"self":[{"href":"https:\/\/careymoa.virtualservers.es\/index.php\/wp-json\/wp\/v2\/product\/782","targetHints":{"allow":["GET"]}}],"collection":[{"href":"https:\/\/careymoa.virtualservers.es\/index.php\/wp-json\/wp\/v2\/product"}],"about":[{"href":"https:\/\/careymoa.virtualservers.es\/index.php\/wp-json\/wp\/v2\/types\/product"}],"replies":[{"embeddable":true,"href":"https:\/\/careymoa.virtualservers.es\/index.php\/wp-json\/wp\/v2\/comments?post=782"}],"wp:featuredmedia":[{"embeddable":true,"href":"https:\/\/careymoa.virtualservers.es\/index.php\/wp-json\/wp\/v2\/media\/1031"}],"wp:attachment":[{"href":"https:\/\/careymoa.virtualservers.es\/index.php\/wp-json\/wp\/v2\/media?parent=782"}],"wp:term":[{"taxonomy":"product_cat","embeddable":true,"href":"https:\/\/careymoa.virtualservers.es\/index.php\/wp-json\/wp\/v2\/product_cat?post=782"},{"taxonomy":"product_tag","embeddable":true,"href":"https:\/\/careymoa.virtualservers.es\/index.php\/wp-json\/wp\/v2\/product_tag?post=782"}],"curies":[{"name":"wp","href":"https:\/\/api.w.org\/{rel}","templated":true}]}}