{"id":778,"date":"2024-06-27T10:20:32","date_gmt":"2024-06-27T10:20:32","guid":{"rendered":"https:\/\/careymoa.virtualservers.es\/?post_type=product&#038;p=778"},"modified":"2024-06-27T11:17:52","modified_gmt":"2024-06-27T11:17:52","slug":"generador-pramac-wx7000","status":"publish","type":"product","link":"https:\/\/careymoa.virtualservers.es\/index.php\/producto\/generador-pramac-wx7000\/","title":{"rendered":"Generador pramac wx7000"},"content":{"rendered":"<div class=\"flex flex-grow flex-col max-w-full\">\n<div class=\"min-h-[20px] text-message flex flex-col items-start whitespace-pre-wrap break-words [.text-message+&amp;]:mt-5 juice:w-full juice:items-end overflow-x-auto gap-2\" dir=\"auto\" data-message-author-role=\"assistant\" data-message-id=\"a5c243b4-5ce9-4a4f-bc13-2bc26d594481\">\n<div class=\"flex w-full flex-col gap-1 juice:empty:hidden juice:first:pt-[3px]\">\n<div class=\"markdown prose w-full break-words dark:prose-invert dark\">\n<p>El generador el\u00e9ctrico monof\u00e1sico a gasolina Pramac WX7000 combina dimensiones compactas con un rendimiento \u00f3ptimo, ideal para la portabilidad gracias a sus ruedas. Dise\u00f1ado para aplicaciones intensivas como obras, ventas ambulantes, espacios abiertos y equipos de trabajo, este modelo ofrece una potencia nominal de 5.8 kW y alcanza hasta 6.1 kW de potencia m\u00e1xima. Equipado con un robusto motor de 4 tiempos refrigerado por aire de 420 cc y un dep\u00f3sito de 26 litros, destaca por su alternador enrollado en cobre y tarjeta AVR para una regulaci\u00f3n autom\u00e1tica de la tensi\u00f3n de salida, manteni\u00e9ndola constante incluso bajo carga variable. Con arranque el\u00e9ctrico mediante bater\u00eda, garantiza un inicio f\u00e1cil y c\u00f3modo en cualquier situaci\u00f3n.<\/p>\n<p>Especificaciones t\u00e9cnicas:<\/p>\n<ul>\n<li>Frecuencia: 50 Hz<\/li>\n<li>Peso: 90kg<\/li>\n<li>Voltaje: 230 V<\/li>\n<li>Fases: 1<\/li>\n<li>Potencia M\u00e1xima: 6100 W<\/li>\n<li>Potencia nominal: 5800 W<\/li>\n<li>Emisi\u00f3n de escape optimizada para Stage V<\/li>\n<li>Combustible: Gasolina<\/li>\n<li>Sistema de arranque: El\u00e9ctrico (+Manual)<\/li>\n<li>Regulaci\u00f3n de Voltaje: AVR<\/li>\n<\/ul>\n<\/div>\n<\/div>\n<\/div>\n<\/div>\n","protected":false},"excerpt":{"rendered":"<div class=\"flex flex-grow flex-col max-w-full\">\n<div class=\"min-h-[20px] text-message flex flex-col items-start whitespace-pre-wrap break-words [.text-message+&amp;]:mt-5 juice:w-full juice:items-end overflow-x-auto gap-2\" dir=\"auto\" data-message-author-role=\"assistant\" data-message-id=\"bee1a12a-1819-477c-96d3-ac2ce6d2072e\">\n<div class=\"flex w-full flex-col gap-1 juice:empty:hidden juice:first:pt-[3px]\">\n<div class=\"markdown prose w-full break-words dark:prose-invert dark\">\n<p>El generador Pramac WX7000 es compacto y potente, ideal para obras y espacios abiertos. Con motor de gasolina de 4 tiempos de 420 cc, ofrece 5.8 kW de potencia nominal y hasta 6.1 kW m\u00e1ximos. Incluye ruedas para facilitar su transporte, alternador de cobre y AVR para regulaci\u00f3n autom\u00e1tica de la tensi\u00f3n, adem\u00e1s de arranque el\u00e9ctrico para mayor comodidad.<\/p>\n<\/div>\n<\/div>\n<\/div>\n<\/div>\n","protected":false},"featured_media":779,"comment_status":"open","ping_status":"closed","template":"","meta":[],"product_cat":[41],"product_tag":[],"class_list":{"0":"post-778","1":"product","2":"type-product","3":"status-publish","4":"has-post-thumbnail","6":"product_cat-grupos-electrogenos","8":"first","9":"instock","10":"shipping-taxable","11":"product-type-simple"},"yoast_head":"<!-- This site is optimized with the Yoast SEO plugin v22.6 - https:\/\/yoast.com\/wordpress\/plugins\/seo\/ -->\n<title>Generador pramac wx7000 - Careymoa<\/title>\n<meta name=\"description\" content=\"El generador Pramac WX7000 es compacto y potente, ideal para obras y espacios abiertos. Con motor de gasolina de 4 tiempos de 420 cc, ofrece 5.8 kW de potencia nominal y hasta 6.1 kW m\u00e1ximos. Incluye ruedas para facilitar su transporte, alternador de cobre y AVR para regulaci\u00f3n autom\u00e1tica de la tensi\u00f3n, adem\u00e1s de arranque el\u00e9ctrico para mayor comodidad.\" \/>\n<meta name=\"robots\" content=\"index, follow, max-snippet:-1, max-image-preview:large, max-video-preview:-1\" \/>\n<link rel=\"canonical\" href=\"https:\/\/careymoa.virtualservers.es\/index.php\/producto\/generador-pramac-wx7000\/\" \/>\n<meta property=\"og:locale\" content=\"es_ES\" \/>\n<meta property=\"og:type\" content=\"article\" \/>\n<meta property=\"og:title\" content=\"Generador pramac wx7000 - Careymoa\" \/>\n<meta property=\"og:description\" content=\"El generador Pramac WX7000 es compacto y potente, ideal para obras y espacios abiertos. Con motor de gasolina de 4 tiempos de 420 cc, ofrece 5.8 kW de potencia nominal y hasta 6.1 kW m\u00e1ximos. Incluye ruedas para facilitar su transporte, alternador de cobre y AVR para regulaci\u00f3n autom\u00e1tica de la tensi\u00f3n, adem\u00e1s de arranque el\u00e9ctrico para mayor comodidad.\" \/>\n<meta property=\"og:url\" content=\"https:\/\/careymoa.virtualservers.es\/index.php\/producto\/generador-pramac-wx7000\/\" \/>\n<meta property=\"og:site_name\" content=\"Careymoa\" \/>\n<meta property=\"article:modified_time\" content=\"2024-06-27T11:17:52+00:00\" \/>\n<meta property=\"og:image\" content=\"https:\/\/careymoa.virtualservers.es\/wp-content\/uploads\/2024\/06\/pramac-wx7000-generador-de-corriente-con-ruedas-y-avr-arranque-elctrico-6-1-kw-continua-5-8-kw-monofsica-generador-elctrico-wx7000-pramac-8961_0_1583155531_Dimensioni.jpg\" \/>\n\t<meta property=\"og:image:width\" content=\"1000\" \/>\n\t<meta property=\"og:image:height\" content=\"750\" \/>\n\t<meta property=\"og:image:type\" content=\"image\/jpeg\" \/>\n<meta name=\"twitter:card\" content=\"summary_large_image\" \/>\n<meta name=\"twitter:label1\" content=\"Tiempo de lectura\" \/>\n\t<meta name=\"twitter:data1\" content=\"1 minuto\" \/>\n<script type=\"application\/ld+json\" class=\"yoast-schema-graph\">{\"@context\":\"https:\/\/schema.org\",\"@graph\":[{\"@type\":\"WebPage\",\"@id\":\"https:\/\/careymoa.virtualservers.es\/index.php\/producto\/generador-pramac-wx7000\/\",\"url\":\"https:\/\/careymoa.virtualservers.es\/index.php\/producto\/generador-pramac-wx7000\/\",\"name\":\"Generador pramac wx7000 - Careymoa\",\"isPartOf\":{\"@id\":\"https:\/\/careymoa.virtualservers.es\/#website\"},\"primaryImageOfPage\":{\"@id\":\"https:\/\/careymoa.virtualservers.es\/index.php\/producto\/generador-pramac-wx7000\/#primaryimage\"},\"image\":{\"@id\":\"https:\/\/careymoa.virtualservers.es\/index.php\/producto\/generador-pramac-wx7000\/#primaryimage\"},\"thumbnailUrl\":\"https:\/\/careymoa.virtualservers.es\/wp-content\/uploads\/2024\/06\/pramac-wx7000-generador-de-corriente-con-ruedas-y-avr-arranque-elctrico-6-1-kw-continua-5-8-kw-monofsica-generador-elctrico-wx7000-pramac-8961_0_1583155531_Dimensioni.jpg\",\"datePublished\":\"2024-06-27T10:20:32+00:00\",\"dateModified\":\"2024-06-27T11:17:52+00:00\",\"description\":\"El generador Pramac WX7000 es compacto y potente, ideal para obras y espacios abiertos. Con motor de gasolina de 4 tiempos de 420 cc, ofrece 5.8 kW de potencia nominal y hasta 6.1 kW m\u00e1ximos. Incluye ruedas para facilitar su transporte, alternador de cobre y AVR para regulaci\u00f3n autom\u00e1tica de la tensi\u00f3n, adem\u00e1s de arranque el\u00e9ctrico para mayor comodidad.\",\"breadcrumb\":{\"@id\":\"https:\/\/careymoa.virtualservers.es\/index.php\/producto\/generador-pramac-wx7000\/#breadcrumb\"},\"inLanguage\":\"es\",\"potentialAction\":[{\"@type\":\"ReadAction\",\"target\":[\"https:\/\/careymoa.virtualservers.es\/index.php\/producto\/generador-pramac-wx7000\/\"]}]},{\"@type\":\"ImageObject\",\"inLanguage\":\"es\",\"@id\":\"https:\/\/careymoa.virtualservers.es\/index.php\/producto\/generador-pramac-wx7000\/#primaryimage\",\"url\":\"https:\/\/careymoa.virtualservers.es\/wp-content\/uploads\/2024\/06\/pramac-wx7000-generador-de-corriente-con-ruedas-y-avr-arranque-elctrico-6-1-kw-continua-5-8-kw-monofsica-generador-elctrico-wx7000-pramac-8961_0_1583155531_Dimensioni.jpg\",\"contentUrl\":\"https:\/\/careymoa.virtualservers.es\/wp-content\/uploads\/2024\/06\/pramac-wx7000-generador-de-corriente-con-ruedas-y-avr-arranque-elctrico-6-1-kw-continua-5-8-kw-monofsica-generador-elctrico-wx7000-pramac-8961_0_1583155531_Dimensioni.jpg\",\"width\":1000,\"height\":750},{\"@type\":\"BreadcrumbList\",\"@id\":\"https:\/\/careymoa.virtualservers.es\/index.php\/producto\/generador-pramac-wx7000\/#breadcrumb\",\"itemListElement\":[{\"@type\":\"ListItem\",\"position\":1,\"name\":\"Portada\",\"item\":\"https:\/\/careymoa.virtualservers.es\/\"},{\"@type\":\"ListItem\",\"position\":2,\"name\":\"Tienda\",\"item\":\"https:\/\/careymoa.virtualservers.es\/index.php\/tienda\/\"},{\"@type\":\"ListItem\",\"position\":3,\"name\":\"Generador pramac wx7000\"}]},{\"@type\":\"WebSite\",\"@id\":\"https:\/\/careymoa.virtualservers.es\/#website\",\"url\":\"https:\/\/careymoa.virtualservers.es\/\",\"name\":\"Careymoa\",\"description\":\"Empresa de alquiler de maquinaria \",\"publisher\":{\"@id\":\"https:\/\/careymoa.virtualservers.es\/#organization\"},\"potentialAction\":[{\"@type\":\"SearchAction\",\"target\":{\"@type\":\"EntryPoint\",\"urlTemplate\":\"https:\/\/careymoa.virtualservers.es\/?s={search_term_string}\"},\"query-input\":\"required name=search_term_string\"}],\"inLanguage\":\"es\"},{\"@type\":\"Organization\",\"@id\":\"https:\/\/careymoa.virtualservers.es\/#organization\",\"name\":\"Careymoa\",\"url\":\"https:\/\/careymoa.virtualservers.es\/\",\"logo\":{\"@type\":\"ImageObject\",\"inLanguage\":\"es\",\"@id\":\"https:\/\/careymoa.virtualservers.es\/#\/schema\/logo\/image\/\",\"url\":\"https:\/\/careymoa.virtualservers.es\/wp-content\/uploads\/2024\/05\/cropped-image002.png\",\"contentUrl\":\"https:\/\/careymoa.virtualservers.es\/wp-content\/uploads\/2024\/05\/cropped-image002.png\",\"width\":374,\"height\":148,\"caption\":\"Careymoa\"},\"image\":{\"@id\":\"https:\/\/careymoa.virtualservers.es\/#\/schema\/logo\/image\/\"}}]}<\/script>\n<!-- \/ Yoast SEO plugin. -->","yoast_head_json":{"title":"Generador pramac wx7000 - Careymoa","description":"El generador Pramac WX7000 es compacto y potente, ideal para obras y espacios abiertos. Con motor de gasolina de 4 tiempos de 420 cc, ofrece 5.8 kW de potencia nominal y hasta 6.1 kW m\u00e1ximos. Incluye ruedas para facilitar su transporte, alternador de cobre y AVR para regulaci\u00f3n autom\u00e1tica de la tensi\u00f3n, adem\u00e1s de arranque el\u00e9ctrico para mayor comodidad.","robots":{"index":"index","follow":"follow","max-snippet":"max-snippet:-1","max-image-preview":"max-image-preview:large","max-video-preview":"max-video-preview:-1"},"canonical":"https:\/\/careymoa.virtualservers.es\/index.php\/producto\/generador-pramac-wx7000\/","og_locale":"es_ES","og_type":"article","og_title":"Generador pramac wx7000 - Careymoa","og_description":"El generador Pramac WX7000 es compacto y potente, ideal para obras y espacios abiertos. Con motor de gasolina de 4 tiempos de 420 cc, ofrece 5.8 kW de potencia nominal y hasta 6.1 kW m\u00e1ximos. Incluye ruedas para facilitar su transporte, alternador de cobre y AVR para regulaci\u00f3n autom\u00e1tica de la tensi\u00f3n, adem\u00e1s de arranque el\u00e9ctrico para mayor comodidad.","og_url":"https:\/\/careymoa.virtualservers.es\/index.php\/producto\/generador-pramac-wx7000\/","og_site_name":"Careymoa","article_modified_time":"2024-06-27T11:17:52+00:00","og_image":[{"width":1000,"height":750,"url":"https:\/\/careymoa.virtualservers.es\/wp-content\/uploads\/2024\/06\/pramac-wx7000-generador-de-corriente-con-ruedas-y-avr-arranque-elctrico-6-1-kw-continua-5-8-kw-monofsica-generador-elctrico-wx7000-pramac-8961_0_1583155531_Dimensioni.jpg","type":"image\/jpeg"}],"twitter_card":"summary_large_image","twitter_misc":{"Tiempo de lectura":"1 minuto"},"schema":{"@context":"https:\/\/schema.org","@graph":[{"@type":"WebPage","@id":"https:\/\/careymoa.virtualservers.es\/index.php\/producto\/generador-pramac-wx7000\/","url":"https:\/\/careymoa.virtualservers.es\/index.php\/producto\/generador-pramac-wx7000\/","name":"Generador pramac wx7000 - Careymoa","isPartOf":{"@id":"https:\/\/careymoa.virtualservers.es\/#website"},"primaryImageOfPage":{"@id":"https:\/\/careymoa.virtualservers.es\/index.php\/producto\/generador-pramac-wx7000\/#primaryimage"},"image":{"@id":"https:\/\/careymoa.virtualservers.es\/index.php\/producto\/generador-pramac-wx7000\/#primaryimage"},"thumbnailUrl":"https:\/\/careymoa.virtualservers.es\/wp-content\/uploads\/2024\/06\/pramac-wx7000-generador-de-corriente-con-ruedas-y-avr-arranque-elctrico-6-1-kw-continua-5-8-kw-monofsica-generador-elctrico-wx7000-pramac-8961_0_1583155531_Dimensioni.jpg","datePublished":"2024-06-27T10:20:32+00:00","dateModified":"2024-06-27T11:17:52+00:00","description":"El generador Pramac WX7000 es compacto y potente, ideal para obras y espacios abiertos. Con motor de gasolina de 4 tiempos de 420 cc, ofrece 5.8 kW de potencia nominal y hasta 6.1 kW m\u00e1ximos. Incluye ruedas para facilitar su transporte, alternador de cobre y AVR para regulaci\u00f3n autom\u00e1tica de la tensi\u00f3n, adem\u00e1s de arranque el\u00e9ctrico para mayor comodidad.","breadcrumb":{"@id":"https:\/\/careymoa.virtualservers.es\/index.php\/producto\/generador-pramac-wx7000\/#breadcrumb"},"inLanguage":"es","potentialAction":[{"@type":"ReadAction","target":["https:\/\/careymoa.virtualservers.es\/index.php\/producto\/generador-pramac-wx7000\/"]}]},{"@type":"ImageObject","inLanguage":"es","@id":"https:\/\/careymoa.virtualservers.es\/index.php\/producto\/generador-pramac-wx7000\/#primaryimage","url":"https:\/\/careymoa.virtualservers.es\/wp-content\/uploads\/2024\/06\/pramac-wx7000-generador-de-corriente-con-ruedas-y-avr-arranque-elctrico-6-1-kw-continua-5-8-kw-monofsica-generador-elctrico-wx7000-pramac-8961_0_1583155531_Dimensioni.jpg","contentUrl":"https:\/\/careymoa.virtualservers.es\/wp-content\/uploads\/2024\/06\/pramac-wx7000-generador-de-corriente-con-ruedas-y-avr-arranque-elctrico-6-1-kw-continua-5-8-kw-monofsica-generador-elctrico-wx7000-pramac-8961_0_1583155531_Dimensioni.jpg","width":1000,"height":750},{"@type":"BreadcrumbList","@id":"https:\/\/careymoa.virtualservers.es\/index.php\/producto\/generador-pramac-wx7000\/#breadcrumb","itemListElement":[{"@type":"ListItem","position":1,"name":"Portada","item":"https:\/\/careymoa.virtualservers.es\/"},{"@type":"ListItem","position":2,"name":"Tienda","item":"https:\/\/careymoa.virtualservers.es\/index.php\/tienda\/"},{"@type":"ListItem","position":3,"name":"Generador pramac wx7000"}]},{"@type":"WebSite","@id":"https:\/\/careymoa.virtualservers.es\/#website","url":"https:\/\/careymoa.virtualservers.es\/","name":"Careymoa","description":"Empresa de alquiler de maquinaria ","publisher":{"@id":"https:\/\/careymoa.virtualservers.es\/#organization"},"potentialAction":[{"@type":"SearchAction","target":{"@type":"EntryPoint","urlTemplate":"https:\/\/careymoa.virtualservers.es\/?s={search_term_string}"},"query-input":"required name=search_term_string"}],"inLanguage":"es"},{"@type":"Organization","@id":"https:\/\/careymoa.virtualservers.es\/#organization","name":"Careymoa","url":"https:\/\/careymoa.virtualservers.es\/","logo":{"@type":"ImageObject","inLanguage":"es","@id":"https:\/\/careymoa.virtualservers.es\/#\/schema\/logo\/image\/","url":"https:\/\/careymoa.virtualservers.es\/wp-content\/uploads\/2024\/05\/cropped-image002.png","contentUrl":"https:\/\/careymoa.virtualservers.es\/wp-content\/uploads\/2024\/05\/cropped-image002.png","width":374,"height":148,"caption":"Careymoa"},"image":{"@id":"https:\/\/careymoa.virtualservers.es\/#\/schema\/logo\/image\/"}}]}},"_links":{"self":[{"href":"https:\/\/careymoa.virtualservers.es\/index.php\/wp-json\/wp\/v2\/product\/778","targetHints":{"allow":["GET"]}}],"collection":[{"href":"https:\/\/careymoa.virtualservers.es\/index.php\/wp-json\/wp\/v2\/product"}],"about":[{"href":"https:\/\/careymoa.virtualservers.es\/index.php\/wp-json\/wp\/v2\/types\/product"}],"replies":[{"embeddable":true,"href":"https:\/\/careymoa.virtualservers.es\/index.php\/wp-json\/wp\/v2\/comments?post=778"}],"wp:featuredmedia":[{"embeddable":true,"href":"https:\/\/careymoa.virtualservers.es\/index.php\/wp-json\/wp\/v2\/media\/779"}],"wp:attachment":[{"href":"https:\/\/careymoa.virtualservers.es\/index.php\/wp-json\/wp\/v2\/media?parent=778"}],"wp:term":[{"taxonomy":"product_cat","embeddable":true,"href":"https:\/\/careymoa.virtualservers.es\/index.php\/wp-json\/wp\/v2\/product_cat?post=778"},{"taxonomy":"product_tag","embeddable":true,"href":"https:\/\/careymoa.virtualservers.es\/index.php\/wp-json\/wp\/v2\/product_tag?post=778"}],"curies":[{"name":"wp","href":"https:\/\/api.w.org\/{rel}","templated":true}]}}