{"id":774,"date":"2024-06-27T10:01:43","date_gmt":"2024-06-27T10:01:43","guid":{"rendered":"https:\/\/careymoa.virtualservers.es\/?post_type=product&#038;p=774"},"modified":"2024-06-27T11:15:49","modified_gmt":"2024-06-27T11:15:49","slug":"amoladora-makita-ga9020","status":"publish","type":"product","link":"https:\/\/careymoa.virtualservers.es\/index.php\/producto\/amoladora-makita-ga9020\/","title":{"rendered":"Amoladora makita ga9020"},"content":{"rendered":"<div class=\"flex flex-grow flex-col max-w-full\">\n<div class=\"min-h-[20px] text-message flex flex-col items-start whitespace-pre-wrap break-words [.text-message+&amp;]:mt-5 juice:w-full juice:items-end overflow-x-auto gap-2\" dir=\"auto\" data-message-author-role=\"assistant\" data-message-id=\"6721938a-1c17-4eea-8ed6-2c3a97d957a0\">\n<div class=\"flex w-full flex-col gap-1 juice:empty:hidden juice:first:pt-[3px]\">\n<div class=\"markdown prose w-full break-words dark:prose-invert dark\">\n<p>La amoladora MAKITA de 2,200 W y 5.8 kg de peso cuenta con un disco de 230 mm de di\u00e1metro e incorpora el sistema SAR (anti-restart) para evitar el encendido tras un corte de corriente. Viene con un malet\u00edn de PVC y un disco de diamante de banda segmentada de 230 mm (D61145). Es ideal para trabajos generales de obra, cortes en cer\u00e1mica, hormig\u00f3n, cemento, piedra y otros materiales de construcci\u00f3n, as\u00ed como para cortar perfiles de acero o armaduras. Su nuevo motor, m\u00e1s resistente y potente, est\u00e1 protegido por un barniz en zig-zag y un estator reforzado para mayor durabilidad. El sistema de engranajes tiene protecci\u00f3n herm\u00e9tica, y el motor est\u00e1 protegido contra el polvo y la suciedad con un sistema de doble laberinto. Las juntas t\u00f3ricas del cabezal, eje e inducido previenen la p\u00e9rdida de grasa. La empu\u00f1adura antideslizante de elast\u00f3mero ofrece mayor seguridad y comodidad, mientras que el nuevo cabezal de aluminio, m\u00e1s resistente y ligero, facilita la disipaci\u00f3n de calor. Adem\u00e1s, est\u00e1 equipada con un gatillo m\u00e1s largo para una mayor comodidad del usuario.<\/p>\n<\/div>\n<\/div>\n<\/div>\n<\/div>\n<p>Especificaciones t\u00e9cnicas:<\/p>\n<div class=\"techspec_holder\">\n<div class=\"techspec_value\">\n<ul>\n<li>\n<div class=\"techspec_holder\">\n<div class=\"techspec_value\">Potencia\u00a02.200\u00a0W<\/div>\n<\/div>\n<\/li>\n<li>R.p.m\u00a06.600\u00a0Rpm<\/li>\n<li>Di\u00e1metro de disco (m\u00e1x.)\u00a0230\u00a0mm<\/li>\n<li>Inserci\u00f3n\u00a0M14<\/li>\n<li>Peso\u00a05,8\u00a0Kg<\/li>\n<li>Longitud del cable\u00a02,5\u00a0m<\/li>\n<li>Dimensiones. LxAnxAl\u00a0473 x 250 x 140\u00a0mm<\/li>\n<li>Arranque suave<\/li>\n<li>Bloqueo del eje<\/li>\n<li>Sistema anti &#8211; restart<\/li>\n<li>Emisi\u00f3n de vibraci\u00f3n\u00a06,00\u00a0m\/seg\u00b2<\/li>\n<li>Incertidumbre (K) de vibraci\u00f3n\u00a01,50\u00a0m\/seg\u00b2<\/li>\n<li>Presi\u00f3n sonora\u00a090,00\u00a0dB(A)<\/li>\n<li>Potencia sonora\u00a0101,00\u00a0dB(A)<\/li>\n<li>Incertidumbre (K) sonora\u00a03,00\u00a0dB(A)<\/li>\n<\/ul>\n<\/div>\n<\/div>\n","protected":false},"excerpt":{"rendered":"<div class=\"flex flex-grow flex-col max-w-full\">\n<div class=\"min-h-[20px] text-message flex flex-col items-start whitespace-pre-wrap break-words [.text-message+&amp;]:mt-5 juice:w-full juice:items-end overflow-x-auto gap-2\" dir=\"auto\" data-message-author-role=\"assistant\" data-message-id=\"05600f6f-e7a0-47a2-be29-322ea9b91123\">\n<div class=\"flex w-full flex-col gap-1 juice:empty:hidden juice:first:pt-[3px]\">\n<div class=\"markdown prose w-full break-words dark:prose-invert dark\">\n<p>La amoladora MAKITA de 2,200 W y 5.8 kg tiene un disco de 230 mm y el sistema SAR (anti-restart). Incluye malet\u00edn y disco de diamante. Ideal para cortes en cer\u00e1mica, hormig\u00f3n, piedra y acero. Su motor resistente cuenta con protecci\u00f3n contra polvo y suciedad. La empu\u00f1adura antideslizante y el cabezal de aluminio mejoran la comodidad y seguridad.<\/p>\n<\/div>\n<\/div>\n<\/div>\n<\/div>\n","protected":false},"featured_media":775,"comment_status":"open","ping_status":"closed","template":"","meta":[],"product_cat":[46],"product_tag":[],"class_list":{"0":"post-774","1":"product","2":"type-product","3":"status-publish","4":"has-post-thumbnail","6":"product_cat-maquinaria-electrica","8":"first","9":"instock","10":"shipping-taxable","11":"product-type-simple"},"yoast_head":"<!-- This site is optimized with the Yoast SEO plugin v22.6 - https:\/\/yoast.com\/wordpress\/plugins\/seo\/ -->\n<title>Amoladora makita ga9020 - Careymoa<\/title>\n<meta name=\"description\" content=\"La amoladora MAKITA de 2,200 W y 5.8 kg tiene un disco de 230 mm y el sistema SAR (anti-restart). Incluye malet\u00edn y disco de diamante. Ideal para cortes en cer\u00e1mica, hormig\u00f3n, piedra y acero. Su motor resistente cuenta con protecci\u00f3n contra polvo y suciedad. La empu\u00f1adura antideslizante y el cabezal de aluminio mejoran la comodidad y seguridad.\" \/>\n<meta name=\"robots\" content=\"index, follow, max-snippet:-1, max-image-preview:large, max-video-preview:-1\" \/>\n<link rel=\"canonical\" href=\"https:\/\/careymoa.virtualservers.es\/index.php\/producto\/amoladora-makita-ga9020\/\" \/>\n<meta property=\"og:locale\" content=\"es_ES\" \/>\n<meta property=\"og:type\" content=\"article\" \/>\n<meta property=\"og:title\" content=\"Amoladora makita ga9020 - Careymoa\" \/>\n<meta property=\"og:description\" content=\"La amoladora MAKITA de 2,200 W y 5.8 kg tiene un disco de 230 mm y el sistema SAR (anti-restart). Incluye malet\u00edn y disco de diamante. Ideal para cortes en cer\u00e1mica, hormig\u00f3n, piedra y acero. Su motor resistente cuenta con protecci\u00f3n contra polvo y suciedad. La empu\u00f1adura antideslizante y el cabezal de aluminio mejoran la comodidad y seguridad.\" \/>\n<meta property=\"og:url\" content=\"https:\/\/careymoa.virtualservers.es\/index.php\/producto\/amoladora-makita-ga9020\/\" \/>\n<meta property=\"og:site_name\" content=\"Careymoa\" \/>\n<meta property=\"article:modified_time\" content=\"2024-06-27T11:15:49+00:00\" \/>\n<meta property=\"og:image\" content=\"https:\/\/careymoa.virtualservers.es\/wp-content\/uploads\/2024\/06\/616JeX9mBML._AC_SL1200_.jpg\" \/>\n\t<meta property=\"og:image:width\" content=\"1185\" \/>\n\t<meta property=\"og:image:height\" content=\"1183\" \/>\n\t<meta property=\"og:image:type\" content=\"image\/jpeg\" \/>\n<meta name=\"twitter:card\" content=\"summary_large_image\" \/>\n<meta name=\"twitter:label1\" content=\"Tiempo de lectura\" \/>\n\t<meta name=\"twitter:data1\" content=\"2 minutos\" \/>\n<script type=\"application\/ld+json\" class=\"yoast-schema-graph\">{\"@context\":\"https:\/\/schema.org\",\"@graph\":[{\"@type\":\"WebPage\",\"@id\":\"https:\/\/careymoa.virtualservers.es\/index.php\/producto\/amoladora-makita-ga9020\/\",\"url\":\"https:\/\/careymoa.virtualservers.es\/index.php\/producto\/amoladora-makita-ga9020\/\",\"name\":\"Amoladora makita ga9020 - Careymoa\",\"isPartOf\":{\"@id\":\"https:\/\/careymoa.virtualservers.es\/#website\"},\"primaryImageOfPage\":{\"@id\":\"https:\/\/careymoa.virtualservers.es\/index.php\/producto\/amoladora-makita-ga9020\/#primaryimage\"},\"image\":{\"@id\":\"https:\/\/careymoa.virtualservers.es\/index.php\/producto\/amoladora-makita-ga9020\/#primaryimage\"},\"thumbnailUrl\":\"https:\/\/careymoa.virtualservers.es\/wp-content\/uploads\/2024\/06\/616JeX9mBML._AC_SL1200_.jpg\",\"datePublished\":\"2024-06-27T10:01:43+00:00\",\"dateModified\":\"2024-06-27T11:15:49+00:00\",\"description\":\"La amoladora MAKITA de 2,200 W y 5.8 kg tiene un disco de 230 mm y el sistema SAR (anti-restart). Incluye malet\u00edn y disco de diamante. Ideal para cortes en cer\u00e1mica, hormig\u00f3n, piedra y acero. Su motor resistente cuenta con protecci\u00f3n contra polvo y suciedad. La empu\u00f1adura antideslizante y el cabezal de aluminio mejoran la comodidad y seguridad.\",\"breadcrumb\":{\"@id\":\"https:\/\/careymoa.virtualservers.es\/index.php\/producto\/amoladora-makita-ga9020\/#breadcrumb\"},\"inLanguage\":\"es\",\"potentialAction\":[{\"@type\":\"ReadAction\",\"target\":[\"https:\/\/careymoa.virtualservers.es\/index.php\/producto\/amoladora-makita-ga9020\/\"]}]},{\"@type\":\"ImageObject\",\"inLanguage\":\"es\",\"@id\":\"https:\/\/careymoa.virtualservers.es\/index.php\/producto\/amoladora-makita-ga9020\/#primaryimage\",\"url\":\"https:\/\/careymoa.virtualservers.es\/wp-content\/uploads\/2024\/06\/616JeX9mBML._AC_SL1200_.jpg\",\"contentUrl\":\"https:\/\/careymoa.virtualservers.es\/wp-content\/uploads\/2024\/06\/616JeX9mBML._AC_SL1200_.jpg\",\"width\":1185,\"height\":1183},{\"@type\":\"BreadcrumbList\",\"@id\":\"https:\/\/careymoa.virtualservers.es\/index.php\/producto\/amoladora-makita-ga9020\/#breadcrumb\",\"itemListElement\":[{\"@type\":\"ListItem\",\"position\":1,\"name\":\"Portada\",\"item\":\"https:\/\/careymoa.virtualservers.es\/\"},{\"@type\":\"ListItem\",\"position\":2,\"name\":\"Tienda\",\"item\":\"https:\/\/careymoa.virtualservers.es\/index.php\/tienda\/\"},{\"@type\":\"ListItem\",\"position\":3,\"name\":\"Amoladora makita ga9020\"}]},{\"@type\":\"WebSite\",\"@id\":\"https:\/\/careymoa.virtualservers.es\/#website\",\"url\":\"https:\/\/careymoa.virtualservers.es\/\",\"name\":\"Careymoa\",\"description\":\"Empresa de alquiler de maquinaria \",\"publisher\":{\"@id\":\"https:\/\/careymoa.virtualservers.es\/#organization\"},\"potentialAction\":[{\"@type\":\"SearchAction\",\"target\":{\"@type\":\"EntryPoint\",\"urlTemplate\":\"https:\/\/careymoa.virtualservers.es\/?s={search_term_string}\"},\"query-input\":\"required name=search_term_string\"}],\"inLanguage\":\"es\"},{\"@type\":\"Organization\",\"@id\":\"https:\/\/careymoa.virtualservers.es\/#organization\",\"name\":\"Careymoa\",\"url\":\"https:\/\/careymoa.virtualservers.es\/\",\"logo\":{\"@type\":\"ImageObject\",\"inLanguage\":\"es\",\"@id\":\"https:\/\/careymoa.virtualservers.es\/#\/schema\/logo\/image\/\",\"url\":\"https:\/\/careymoa.virtualservers.es\/wp-content\/uploads\/2024\/05\/cropped-image002.png\",\"contentUrl\":\"https:\/\/careymoa.virtualservers.es\/wp-content\/uploads\/2024\/05\/cropped-image002.png\",\"width\":374,\"height\":148,\"caption\":\"Careymoa\"},\"image\":{\"@id\":\"https:\/\/careymoa.virtualservers.es\/#\/schema\/logo\/image\/\"}}]}<\/script>\n<!-- \/ Yoast SEO plugin. -->","yoast_head_json":{"title":"Amoladora makita ga9020 - Careymoa","description":"La amoladora MAKITA de 2,200 W y 5.8 kg tiene un disco de 230 mm y el sistema SAR (anti-restart). Incluye malet\u00edn y disco de diamante. Ideal para cortes en cer\u00e1mica, hormig\u00f3n, piedra y acero. Su motor resistente cuenta con protecci\u00f3n contra polvo y suciedad. La empu\u00f1adura antideslizante y el cabezal de aluminio mejoran la comodidad y seguridad.","robots":{"index":"index","follow":"follow","max-snippet":"max-snippet:-1","max-image-preview":"max-image-preview:large","max-video-preview":"max-video-preview:-1"},"canonical":"https:\/\/careymoa.virtualservers.es\/index.php\/producto\/amoladora-makita-ga9020\/","og_locale":"es_ES","og_type":"article","og_title":"Amoladora makita ga9020 - Careymoa","og_description":"La amoladora MAKITA de 2,200 W y 5.8 kg tiene un disco de 230 mm y el sistema SAR (anti-restart). Incluye malet\u00edn y disco de diamante. Ideal para cortes en cer\u00e1mica, hormig\u00f3n, piedra y acero. Su motor resistente cuenta con protecci\u00f3n contra polvo y suciedad. La empu\u00f1adura antideslizante y el cabezal de aluminio mejoran la comodidad y seguridad.","og_url":"https:\/\/careymoa.virtualservers.es\/index.php\/producto\/amoladora-makita-ga9020\/","og_site_name":"Careymoa","article_modified_time":"2024-06-27T11:15:49+00:00","og_image":[{"width":1185,"height":1183,"url":"https:\/\/careymoa.virtualservers.es\/wp-content\/uploads\/2024\/06\/616JeX9mBML._AC_SL1200_.jpg","type":"image\/jpeg"}],"twitter_card":"summary_large_image","twitter_misc":{"Tiempo de lectura":"2 minutos"},"schema":{"@context":"https:\/\/schema.org","@graph":[{"@type":"WebPage","@id":"https:\/\/careymoa.virtualservers.es\/index.php\/producto\/amoladora-makita-ga9020\/","url":"https:\/\/careymoa.virtualservers.es\/index.php\/producto\/amoladora-makita-ga9020\/","name":"Amoladora makita ga9020 - Careymoa","isPartOf":{"@id":"https:\/\/careymoa.virtualservers.es\/#website"},"primaryImageOfPage":{"@id":"https:\/\/careymoa.virtualservers.es\/index.php\/producto\/amoladora-makita-ga9020\/#primaryimage"},"image":{"@id":"https:\/\/careymoa.virtualservers.es\/index.php\/producto\/amoladora-makita-ga9020\/#primaryimage"},"thumbnailUrl":"https:\/\/careymoa.virtualservers.es\/wp-content\/uploads\/2024\/06\/616JeX9mBML._AC_SL1200_.jpg","datePublished":"2024-06-27T10:01:43+00:00","dateModified":"2024-06-27T11:15:49+00:00","description":"La amoladora MAKITA de 2,200 W y 5.8 kg tiene un disco de 230 mm y el sistema SAR (anti-restart). Incluye malet\u00edn y disco de diamante. Ideal para cortes en cer\u00e1mica, hormig\u00f3n, piedra y acero. Su motor resistente cuenta con protecci\u00f3n contra polvo y suciedad. La empu\u00f1adura antideslizante y el cabezal de aluminio mejoran la comodidad y seguridad.","breadcrumb":{"@id":"https:\/\/careymoa.virtualservers.es\/index.php\/producto\/amoladora-makita-ga9020\/#breadcrumb"},"inLanguage":"es","potentialAction":[{"@type":"ReadAction","target":["https:\/\/careymoa.virtualservers.es\/index.php\/producto\/amoladora-makita-ga9020\/"]}]},{"@type":"ImageObject","inLanguage":"es","@id":"https:\/\/careymoa.virtualservers.es\/index.php\/producto\/amoladora-makita-ga9020\/#primaryimage","url":"https:\/\/careymoa.virtualservers.es\/wp-content\/uploads\/2024\/06\/616JeX9mBML._AC_SL1200_.jpg","contentUrl":"https:\/\/careymoa.virtualservers.es\/wp-content\/uploads\/2024\/06\/616JeX9mBML._AC_SL1200_.jpg","width":1185,"height":1183},{"@type":"BreadcrumbList","@id":"https:\/\/careymoa.virtualservers.es\/index.php\/producto\/amoladora-makita-ga9020\/#breadcrumb","itemListElement":[{"@type":"ListItem","position":1,"name":"Portada","item":"https:\/\/careymoa.virtualservers.es\/"},{"@type":"ListItem","position":2,"name":"Tienda","item":"https:\/\/careymoa.virtualservers.es\/index.php\/tienda\/"},{"@type":"ListItem","position":3,"name":"Amoladora makita ga9020"}]},{"@type":"WebSite","@id":"https:\/\/careymoa.virtualservers.es\/#website","url":"https:\/\/careymoa.virtualservers.es\/","name":"Careymoa","description":"Empresa de alquiler de maquinaria ","publisher":{"@id":"https:\/\/careymoa.virtualservers.es\/#organization"},"potentialAction":[{"@type":"SearchAction","target":{"@type":"EntryPoint","urlTemplate":"https:\/\/careymoa.virtualservers.es\/?s={search_term_string}"},"query-input":"required name=search_term_string"}],"inLanguage":"es"},{"@type":"Organization","@id":"https:\/\/careymoa.virtualservers.es\/#organization","name":"Careymoa","url":"https:\/\/careymoa.virtualservers.es\/","logo":{"@type":"ImageObject","inLanguage":"es","@id":"https:\/\/careymoa.virtualservers.es\/#\/schema\/logo\/image\/","url":"https:\/\/careymoa.virtualservers.es\/wp-content\/uploads\/2024\/05\/cropped-image002.png","contentUrl":"https:\/\/careymoa.virtualservers.es\/wp-content\/uploads\/2024\/05\/cropped-image002.png","width":374,"height":148,"caption":"Careymoa"},"image":{"@id":"https:\/\/careymoa.virtualservers.es\/#\/schema\/logo\/image\/"}}]}},"_links":{"self":[{"href":"https:\/\/careymoa.virtualservers.es\/index.php\/wp-json\/wp\/v2\/product\/774","targetHints":{"allow":["GET"]}}],"collection":[{"href":"https:\/\/careymoa.virtualservers.es\/index.php\/wp-json\/wp\/v2\/product"}],"about":[{"href":"https:\/\/careymoa.virtualservers.es\/index.php\/wp-json\/wp\/v2\/types\/product"}],"replies":[{"embeddable":true,"href":"https:\/\/careymoa.virtualservers.es\/index.php\/wp-json\/wp\/v2\/comments?post=774"}],"wp:featuredmedia":[{"embeddable":true,"href":"https:\/\/careymoa.virtualservers.es\/index.php\/wp-json\/wp\/v2\/media\/775"}],"wp:attachment":[{"href":"https:\/\/careymoa.virtualservers.es\/index.php\/wp-json\/wp\/v2\/media?parent=774"}],"wp:term":[{"taxonomy":"product_cat","embeddable":true,"href":"https:\/\/careymoa.virtualservers.es\/index.php\/wp-json\/wp\/v2\/product_cat?post=774"},{"taxonomy":"product_tag","embeddable":true,"href":"https:\/\/careymoa.virtualservers.es\/index.php\/wp-json\/wp\/v2\/product_tag?post=774"}],"curies":[{"name":"wp","href":"https:\/\/api.w.org\/{rel}","templated":true}]}}