{"id":768,"date":"2024-06-27T09:47:52","date_gmt":"2024-06-27T09:47:52","guid":{"rendered":"https:\/\/careymoa.virtualservers.es\/?post_type=product&#038;p=768"},"modified":"2024-06-27T11:42:46","modified_gmt":"2024-06-27T11:42:46","slug":"martillo-demoledor-bosch-gsh-16-30","status":"publish","type":"product","link":"https:\/\/careymoa.virtualservers.es\/index.php\/producto\/martillo-demoledor-bosch-gsh-16-30\/","title":{"rendered":"Martillo demoledor bosch gsh 16-30"},"content":{"rendered":"<p>El GSH 16-30 Professional con Vibration Control y soporte para llaves hexagonales de 30 mm es el martillo demoledor el\u00e9ctrico universal de Bosch. Su potente motor alcanza una excelente energ\u00eda de impacto de 41 J y un incre\u00edble rendimiento de arranque de material. Este martillo demoledor es muy duradero gracias a sus robustos componentes met\u00e1licos. Adem\u00e1s, es f\u00e1cil de usar y produce pocas vibraciones para un manejo perfecto. Est\u00e1 concebido para demoler hormig\u00f3n y piedra. Es compatible con el aspirador de polvo GDE hex Professional. El GSH 16-30 Professional incluye un asa de transporte. Empu\u00f1adura adicional (n\u00famero de pieza de recambio 1 617 000 A55); Empu\u00f1adura adicional; Tubo de grasa (n\u00famero de pieza de recambio 1 615 430 010); Pa\u00f1o para la m\u00e1quina; 1 cincel puntiagudo, v\u00e1stago hex de 30 mm, 400 mm (2 608 690 111); Trolley (2 605 438 628).<\/p>\n<p>Especificaciones t\u00e9cnicas:<\/p>\n<p>\u00b7 Potencia absorbida: 1.750 W<br \/>\n\u00b7 Energ\u00eda de impacto: 41 J<br \/>\n\u00b7 N\u00famero m\u00e1x. de impactos con velocidad de giro nominal: 1,300 i. p. m.<br \/>\n\u00b7 Peso: 16,5 kg<br \/>\n\u00b7 Longitud: 760 mm<br \/>\n\u00b7 Anchura: 255 mm<br \/>\n\u00b7 Portaherramientas: Hex\u00e1gono interior de 30 mm<br \/>\n\u00b7 Cincel puntero hexagonal de 30x400mm.<\/p>\n","protected":false},"excerpt":{"rendered":"<div class=\"flex flex-grow flex-col max-w-full\">\n<div class=\"min-h-[20px] text-message flex flex-col items-start whitespace-pre-wrap break-words [.text-message+&amp;]:mt-5 juice:w-full juice:items-end overflow-x-auto gap-2\" dir=\"auto\" data-message-author-role=\"assistant\" data-message-id=\"9bfd0405-9412-4bf3-8935-5d00197f7802\">\n<div class=\"flex w-full flex-col gap-1 juice:empty:hidden juice:first:pt-[3px]\">\n<div class=\"markdown prose w-full break-words dark:prose-invert dark\">\n<p>El GSH 16-30 Professional con Vibration Control y soporte para llaves hexagonales de 30 mm es el martillo demoledor el\u00e9ctrico vers\u00e1til de Bosch. Su potente motor proporciona una impresionante energ\u00eda de impacto de 41 J y un rendimiento excepcional en la remoci\u00f3n de material. Este martillo demoledor destaca por su durabilidad, gracias a sus robustos componentes met\u00e1licos, y su facilidad de uso, con bajas vibraciones para un manejo \u00f3ptimo.<\/p>\n<\/div>\n<\/div>\n<\/div>\n<\/div>\n","protected":false},"featured_media":794,"comment_status":"open","ping_status":"closed","template":"","meta":[],"product_cat":[46],"product_tag":[],"class_list":{"0":"post-768","1":"product","2":"type-product","3":"status-publish","4":"has-post-thumbnail","6":"product_cat-maquinaria-electrica","8":"first","9":"instock","10":"shipping-taxable","11":"product-type-simple"},"yoast_head":"<!-- This site is optimized with the Yoast SEO plugin v22.6 - https:\/\/yoast.com\/wordpress\/plugins\/seo\/ -->\n<title>Martillo demoledor bosch gsh 16-30 - Careymoa<\/title>\n<meta name=\"description\" content=\"El GSH 16-30 Professional con Vibration Control y soporte para llaves hexagonales de 30 mm es el martillo demoledor el\u00e9ctrico vers\u00e1til de Bosch. Su potente motor proporciona una impresionante energ\u00eda de impacto de 41 J y un rendimiento excepcional en la remoci\u00f3n de material. Este martillo demoledor destaca por su durabilidad, gracias a sus robustos componentes met\u00e1licos, y su facilidad de uso, con bajas vibraciones para un manejo \u00f3ptimo.\" \/>\n<meta name=\"robots\" content=\"index, follow, max-snippet:-1, max-image-preview:large, max-video-preview:-1\" \/>\n<link rel=\"canonical\" href=\"https:\/\/careymoa.virtualservers.es\/index.php\/producto\/martillo-demoledor-bosch-gsh-16-30\/\" \/>\n<meta property=\"og:locale\" content=\"es_ES\" \/>\n<meta property=\"og:type\" content=\"article\" \/>\n<meta property=\"og:title\" content=\"Martillo demoledor bosch gsh 16-30 - Careymoa\" \/>\n<meta property=\"og:description\" content=\"El GSH 16-30 Professional con Vibration Control y soporte para llaves hexagonales de 30 mm es el martillo demoledor el\u00e9ctrico vers\u00e1til de Bosch. Su potente motor proporciona una impresionante energ\u00eda de impacto de 41 J y un rendimiento excepcional en la remoci\u00f3n de material. Este martillo demoledor destaca por su durabilidad, gracias a sus robustos componentes met\u00e1licos, y su facilidad de uso, con bajas vibraciones para un manejo \u00f3ptimo.\" \/>\n<meta property=\"og:url\" content=\"https:\/\/careymoa.virtualservers.es\/index.php\/producto\/martillo-demoledor-bosch-gsh-16-30\/\" \/>\n<meta property=\"og:site_name\" content=\"Careymoa\" \/>\n<meta property=\"article:modified_time\" content=\"2024-06-27T11:42:46+00:00\" \/>\n<meta property=\"og:image\" content=\"https:\/\/careymoa.virtualservers.es\/wp-content\/uploads\/2024\/06\/o375916v54_GSH_16-30_sos_F4_0611335100_40_B0_P0.webp\" \/>\n\t<meta property=\"og:image:width\" content=\"800\" \/>\n\t<meta property=\"og:image:height\" content=\"540\" \/>\n\t<meta property=\"og:image:type\" content=\"image\/webp\" \/>\n<meta name=\"twitter:card\" content=\"summary_large_image\" \/>\n<meta name=\"twitter:label1\" content=\"Tiempo de lectura\" \/>\n\t<meta name=\"twitter:data1\" content=\"2 minutos\" \/>\n<script type=\"application\/ld+json\" class=\"yoast-schema-graph\">{\"@context\":\"https:\/\/schema.org\",\"@graph\":[{\"@type\":\"WebPage\",\"@id\":\"https:\/\/careymoa.virtualservers.es\/index.php\/producto\/martillo-demoledor-bosch-gsh-16-30\/\",\"url\":\"https:\/\/careymoa.virtualservers.es\/index.php\/producto\/martillo-demoledor-bosch-gsh-16-30\/\",\"name\":\"Martillo demoledor bosch gsh 16-30 - Careymoa\",\"isPartOf\":{\"@id\":\"https:\/\/careymoa.virtualservers.es\/#website\"},\"primaryImageOfPage\":{\"@id\":\"https:\/\/careymoa.virtualservers.es\/index.php\/producto\/martillo-demoledor-bosch-gsh-16-30\/#primaryimage\"},\"image\":{\"@id\":\"https:\/\/careymoa.virtualservers.es\/index.php\/producto\/martillo-demoledor-bosch-gsh-16-30\/#primaryimage\"},\"thumbnailUrl\":\"https:\/\/careymoa.virtualservers.es\/wp-content\/uploads\/2024\/06\/o375916v54_GSH_16-30_sos_F4_0611335100_40_B0_P0.webp\",\"datePublished\":\"2024-06-27T09:47:52+00:00\",\"dateModified\":\"2024-06-27T11:42:46+00:00\",\"description\":\"El GSH 16-30 Professional con Vibration Control y soporte para llaves hexagonales de 30 mm es el martillo demoledor el\u00e9ctrico vers\u00e1til de Bosch. Su potente motor proporciona una impresionante energ\u00eda de impacto de 41 J y un rendimiento excepcional en la remoci\u00f3n de material. Este martillo demoledor destaca por su durabilidad, gracias a sus robustos componentes met\u00e1licos, y su facilidad de uso, con bajas vibraciones para un manejo \u00f3ptimo.\",\"breadcrumb\":{\"@id\":\"https:\/\/careymoa.virtualservers.es\/index.php\/producto\/martillo-demoledor-bosch-gsh-16-30\/#breadcrumb\"},\"inLanguage\":\"es\",\"potentialAction\":[{\"@type\":\"ReadAction\",\"target\":[\"https:\/\/careymoa.virtualservers.es\/index.php\/producto\/martillo-demoledor-bosch-gsh-16-30\/\"]}]},{\"@type\":\"ImageObject\",\"inLanguage\":\"es\",\"@id\":\"https:\/\/careymoa.virtualservers.es\/index.php\/producto\/martillo-demoledor-bosch-gsh-16-30\/#primaryimage\",\"url\":\"https:\/\/careymoa.virtualservers.es\/wp-content\/uploads\/2024\/06\/o375916v54_GSH_16-30_sos_F4_0611335100_40_B0_P0.webp\",\"contentUrl\":\"https:\/\/careymoa.virtualservers.es\/wp-content\/uploads\/2024\/06\/o375916v54_GSH_16-30_sos_F4_0611335100_40_B0_P0.webp\",\"width\":800,\"height\":540},{\"@type\":\"BreadcrumbList\",\"@id\":\"https:\/\/careymoa.virtualservers.es\/index.php\/producto\/martillo-demoledor-bosch-gsh-16-30\/#breadcrumb\",\"itemListElement\":[{\"@type\":\"ListItem\",\"position\":1,\"name\":\"Portada\",\"item\":\"https:\/\/careymoa.virtualservers.es\/\"},{\"@type\":\"ListItem\",\"position\":2,\"name\":\"Tienda\",\"item\":\"https:\/\/careymoa.virtualservers.es\/index.php\/tienda\/\"},{\"@type\":\"ListItem\",\"position\":3,\"name\":\"Martillo demoledor bosch gsh 16-30\"}]},{\"@type\":\"WebSite\",\"@id\":\"https:\/\/careymoa.virtualservers.es\/#website\",\"url\":\"https:\/\/careymoa.virtualservers.es\/\",\"name\":\"Careymoa\",\"description\":\"Empresa de alquiler de maquinaria \",\"publisher\":{\"@id\":\"https:\/\/careymoa.virtualservers.es\/#organization\"},\"potentialAction\":[{\"@type\":\"SearchAction\",\"target\":{\"@type\":\"EntryPoint\",\"urlTemplate\":\"https:\/\/careymoa.virtualservers.es\/?s={search_term_string}\"},\"query-input\":\"required name=search_term_string\"}],\"inLanguage\":\"es\"},{\"@type\":\"Organization\",\"@id\":\"https:\/\/careymoa.virtualservers.es\/#organization\",\"name\":\"Careymoa\",\"url\":\"https:\/\/careymoa.virtualservers.es\/\",\"logo\":{\"@type\":\"ImageObject\",\"inLanguage\":\"es\",\"@id\":\"https:\/\/careymoa.virtualservers.es\/#\/schema\/logo\/image\/\",\"url\":\"https:\/\/careymoa.virtualservers.es\/wp-content\/uploads\/2024\/05\/cropped-image002.png\",\"contentUrl\":\"https:\/\/careymoa.virtualservers.es\/wp-content\/uploads\/2024\/05\/cropped-image002.png\",\"width\":374,\"height\":148,\"caption\":\"Careymoa\"},\"image\":{\"@id\":\"https:\/\/careymoa.virtualservers.es\/#\/schema\/logo\/image\/\"}}]}<\/script>\n<!-- \/ Yoast SEO plugin. -->","yoast_head_json":{"title":"Martillo demoledor bosch gsh 16-30 - Careymoa","description":"El GSH 16-30 Professional con Vibration Control y soporte para llaves hexagonales de 30 mm es el martillo demoledor el\u00e9ctrico vers\u00e1til de Bosch. Su potente motor proporciona una impresionante energ\u00eda de impacto de 41 J y un rendimiento excepcional en la remoci\u00f3n de material. Este martillo demoledor destaca por su durabilidad, gracias a sus robustos componentes met\u00e1licos, y su facilidad de uso, con bajas vibraciones para un manejo \u00f3ptimo.","robots":{"index":"index","follow":"follow","max-snippet":"max-snippet:-1","max-image-preview":"max-image-preview:large","max-video-preview":"max-video-preview:-1"},"canonical":"https:\/\/careymoa.virtualservers.es\/index.php\/producto\/martillo-demoledor-bosch-gsh-16-30\/","og_locale":"es_ES","og_type":"article","og_title":"Martillo demoledor bosch gsh 16-30 - Careymoa","og_description":"El GSH 16-30 Professional con Vibration Control y soporte para llaves hexagonales de 30 mm es el martillo demoledor el\u00e9ctrico vers\u00e1til de Bosch. Su potente motor proporciona una impresionante energ\u00eda de impacto de 41 J y un rendimiento excepcional en la remoci\u00f3n de material. Este martillo demoledor destaca por su durabilidad, gracias a sus robustos componentes met\u00e1licos, y su facilidad de uso, con bajas vibraciones para un manejo \u00f3ptimo.","og_url":"https:\/\/careymoa.virtualservers.es\/index.php\/producto\/martillo-demoledor-bosch-gsh-16-30\/","og_site_name":"Careymoa","article_modified_time":"2024-06-27T11:42:46+00:00","og_image":[{"width":800,"height":540,"url":"https:\/\/careymoa.virtualservers.es\/wp-content\/uploads\/2024\/06\/o375916v54_GSH_16-30_sos_F4_0611335100_40_B0_P0.webp","type":"image\/webp"}],"twitter_card":"summary_large_image","twitter_misc":{"Tiempo de lectura":"2 minutos"},"schema":{"@context":"https:\/\/schema.org","@graph":[{"@type":"WebPage","@id":"https:\/\/careymoa.virtualservers.es\/index.php\/producto\/martillo-demoledor-bosch-gsh-16-30\/","url":"https:\/\/careymoa.virtualservers.es\/index.php\/producto\/martillo-demoledor-bosch-gsh-16-30\/","name":"Martillo demoledor bosch gsh 16-30 - Careymoa","isPartOf":{"@id":"https:\/\/careymoa.virtualservers.es\/#website"},"primaryImageOfPage":{"@id":"https:\/\/careymoa.virtualservers.es\/index.php\/producto\/martillo-demoledor-bosch-gsh-16-30\/#primaryimage"},"image":{"@id":"https:\/\/careymoa.virtualservers.es\/index.php\/producto\/martillo-demoledor-bosch-gsh-16-30\/#primaryimage"},"thumbnailUrl":"https:\/\/careymoa.virtualservers.es\/wp-content\/uploads\/2024\/06\/o375916v54_GSH_16-30_sos_F4_0611335100_40_B0_P0.webp","datePublished":"2024-06-27T09:47:52+00:00","dateModified":"2024-06-27T11:42:46+00:00","description":"El GSH 16-30 Professional con Vibration Control y soporte para llaves hexagonales de 30 mm es el martillo demoledor el\u00e9ctrico vers\u00e1til de Bosch. Su potente motor proporciona una impresionante energ\u00eda de impacto de 41 J y un rendimiento excepcional en la remoci\u00f3n de material. Este martillo demoledor destaca por su durabilidad, gracias a sus robustos componentes met\u00e1licos, y su facilidad de uso, con bajas vibraciones para un manejo \u00f3ptimo.","breadcrumb":{"@id":"https:\/\/careymoa.virtualservers.es\/index.php\/producto\/martillo-demoledor-bosch-gsh-16-30\/#breadcrumb"},"inLanguage":"es","potentialAction":[{"@type":"ReadAction","target":["https:\/\/careymoa.virtualservers.es\/index.php\/producto\/martillo-demoledor-bosch-gsh-16-30\/"]}]},{"@type":"ImageObject","inLanguage":"es","@id":"https:\/\/careymoa.virtualservers.es\/index.php\/producto\/martillo-demoledor-bosch-gsh-16-30\/#primaryimage","url":"https:\/\/careymoa.virtualservers.es\/wp-content\/uploads\/2024\/06\/o375916v54_GSH_16-30_sos_F4_0611335100_40_B0_P0.webp","contentUrl":"https:\/\/careymoa.virtualservers.es\/wp-content\/uploads\/2024\/06\/o375916v54_GSH_16-30_sos_F4_0611335100_40_B0_P0.webp","width":800,"height":540},{"@type":"BreadcrumbList","@id":"https:\/\/careymoa.virtualservers.es\/index.php\/producto\/martillo-demoledor-bosch-gsh-16-30\/#breadcrumb","itemListElement":[{"@type":"ListItem","position":1,"name":"Portada","item":"https:\/\/careymoa.virtualservers.es\/"},{"@type":"ListItem","position":2,"name":"Tienda","item":"https:\/\/careymoa.virtualservers.es\/index.php\/tienda\/"},{"@type":"ListItem","position":3,"name":"Martillo demoledor bosch gsh 16-30"}]},{"@type":"WebSite","@id":"https:\/\/careymoa.virtualservers.es\/#website","url":"https:\/\/careymoa.virtualservers.es\/","name":"Careymoa","description":"Empresa de alquiler de maquinaria ","publisher":{"@id":"https:\/\/careymoa.virtualservers.es\/#organization"},"potentialAction":[{"@type":"SearchAction","target":{"@type":"EntryPoint","urlTemplate":"https:\/\/careymoa.virtualservers.es\/?s={search_term_string}"},"query-input":"required name=search_term_string"}],"inLanguage":"es"},{"@type":"Organization","@id":"https:\/\/careymoa.virtualservers.es\/#organization","name":"Careymoa","url":"https:\/\/careymoa.virtualservers.es\/","logo":{"@type":"ImageObject","inLanguage":"es","@id":"https:\/\/careymoa.virtualservers.es\/#\/schema\/logo\/image\/","url":"https:\/\/careymoa.virtualservers.es\/wp-content\/uploads\/2024\/05\/cropped-image002.png","contentUrl":"https:\/\/careymoa.virtualservers.es\/wp-content\/uploads\/2024\/05\/cropped-image002.png","width":374,"height":148,"caption":"Careymoa"},"image":{"@id":"https:\/\/careymoa.virtualservers.es\/#\/schema\/logo\/image\/"}}]}},"_links":{"self":[{"href":"https:\/\/careymoa.virtualservers.es\/index.php\/wp-json\/wp\/v2\/product\/768","targetHints":{"allow":["GET"]}}],"collection":[{"href":"https:\/\/careymoa.virtualservers.es\/index.php\/wp-json\/wp\/v2\/product"}],"about":[{"href":"https:\/\/careymoa.virtualservers.es\/index.php\/wp-json\/wp\/v2\/types\/product"}],"replies":[{"embeddable":true,"href":"https:\/\/careymoa.virtualservers.es\/index.php\/wp-json\/wp\/v2\/comments?post=768"}],"wp:featuredmedia":[{"embeddable":true,"href":"https:\/\/careymoa.virtualservers.es\/index.php\/wp-json\/wp\/v2\/media\/794"}],"wp:attachment":[{"href":"https:\/\/careymoa.virtualservers.es\/index.php\/wp-json\/wp\/v2\/media?parent=768"}],"wp:term":[{"taxonomy":"product_cat","embeddable":true,"href":"https:\/\/careymoa.virtualservers.es\/index.php\/wp-json\/wp\/v2\/product_cat?post=768"},{"taxonomy":"product_tag","embeddable":true,"href":"https:\/\/careymoa.virtualservers.es\/index.php\/wp-json\/wp\/v2\/product_tag?post=768"}],"curies":[{"name":"wp","href":"https:\/\/api.w.org\/{rel}","templated":true}]}}