{"id":762,"date":"2024-06-27T08:43:45","date_gmt":"2024-06-27T08:43:45","guid":{"rendered":"https:\/\/careymoa.virtualservers.es\/?post_type=product&#038;p=762"},"modified":"2024-06-27T11:16:58","modified_gmt":"2024-06-27T11:16:58","slug":"martillo-demoledor-makita-hm1213c","status":"publish","type":"product","link":"https:\/\/careymoa.virtualservers.es\/index.php\/producto\/martillo-demoledor-makita-hm1213c\/","title":{"rendered":"Martillo demoledor makita hm1213c"},"content":{"rendered":"<p>Un eficiente martillo demoledor para aplicaciones extremadamente pesadas. Compatible con brocas para SDS-MAX. La capacidad del motor de 1 510 W y la energ\u00eda de impacto de 18,6 J proporcionan una eficiente eliminaci\u00f3n de material. Velocidad de impacto ajustable: 950 &#8211; 1 900 min-1. Tecnolog\u00eda AVT para baja vibraci\u00f3n.<\/p>\n<div class=\"flex flex-grow flex-col max-w-full\">\n<div class=\"min-h-[20px] text-message flex flex-col items-start whitespace-pre-wrap break-words [.text-message+&amp;]:mt-5 juice:w-full juice:items-end overflow-x-auto gap-2\" dir=\"auto\" data-message-author-role=\"assistant\" data-message-id=\"fe0401f5-f132-4f81-9def-fc0a26ee9f99\">\n<div class=\"flex w-full flex-col gap-1 juice:empty:hidden juice:first:pt-[3px]\">\n<div class=\"markdown prose w-full break-words dark:prose-invert dark\">\n<p>El martillo cuenta con un sistema inteligente de percusi\u00f3n que reduce las revoluciones en vac\u00edo, disminuyendo la vibraci\u00f3n y evitando el desgaste prematuro y las aver\u00edas. Incorpora nuevas escobillas m\u00e1s grandes con mayor superficie de contacto. Su dise\u00f1o ergon\u00f3mico incluye una empu\u00f1adura antideslizante con elast\u00f3mero para un mejor control. Dispone de un regulador electr\u00f3nico de velocidad con 6 posiciones controladas bajo carga, arranque suave, velocidad variable y electr\u00f3nica constante.<\/p>\n<\/div>\n<\/div>\n<\/div>\n<\/div>\n<div class=\"mt-1 flex gap-3 empty:hidden juice:-ml-3\">\n<div class=\"items-center justify-start rounded-xl p-1 flex\">\n<div class=\"flex items-center\">\n<div class=\"flex items-center pb-0.5 juice:pb-0\">\n<div class=\"[&amp;_svg]:h-full [&amp;_svg]:w-full icon-md h-4 w-4\"><\/div>\n<\/div>\n<\/div>\n<\/div>\n<\/div>\n<p>Especificaciones t\u00e9cnicas:<\/p>\n<ul>\n<li>Potencia:\u00a01.510\u00a0W<\/li>\n<li>Golpes por minuto:\u00a0950 &#8211; 1.900\u00a0gpm<\/li>\n<li>Inserci\u00f3n SDS-MAX<\/li>\n<li>Peso:\u00a010,8\u00a0Kg<\/li>\n<li>Longitud del cable:\u00a04,0\u00a0m<\/li>\n<li>Dimensiones. LxAnxAl:\u00a0576 x 149 x 265\u00a0mm<\/li>\n<li>Arranque suave<\/li>\n<li>Electr\u00f3nica constante<\/li>\n<li>Velocidad variable (dial)<\/li>\n<li>Posiciones prefijadas de cincelado:\u00a012\u00a0posiciones<\/li>\n<li>Emisi\u00f3n de vibraci\u00f3n:\u00a07,00\u00a0m\/seg\u00b2<\/li>\n<li>Incertidumbre (K) de vibraci\u00f3n:\u00a01,50\u00a0m\/seg\u00b2<\/li>\n<li>Presi\u00f3n sonora:\u00a075,00\u00a0dB(A)<\/li>\n<li>Potencia sonora:\u00a095,00\u00a0dB(A)<\/li>\n<li>Incertidumbre (K) sonora:\u00a02,53\u00a0dB(A)<\/li>\n<\/ul>\n","protected":false},"excerpt":{"rendered":"<p>Un martillo demoledor potente para trabajos pesados. Compatible con brocas SDS-MAX, motor de 1,510 W y energ\u00eda de impacto de 18,6 J. Velocidad ajustable de 950 a 1,900 min-1. Tecnolog\u00eda AVT para baja vibraci\u00f3n.<\/p>\n","protected":false},"featured_media":765,"comment_status":"open","ping_status":"closed","template":"","meta":[],"product_cat":[46],"product_tag":[],"class_list":{"0":"post-762","1":"product","2":"type-product","3":"status-publish","4":"has-post-thumbnail","6":"product_cat-maquinaria-electrica","8":"first","9":"instock","10":"shipping-taxable","11":"product-type-simple"},"yoast_head":"<!-- This site is optimized with the Yoast SEO plugin v22.6 - https:\/\/yoast.com\/wordpress\/plugins\/seo\/ -->\n<title>Martillo demoledor makita hm1213c - Careymoa<\/title>\n<meta name=\"description\" content=\"Un martillo demoledor potente para trabajos pesados. Compatible con brocas SDS-MAX, motor de 1,510 W y energ\u00eda de impacto de 18,6 J. Velocidad ajustable de 950 a 1,900 min-1. Tecnolog\u00eda AVT para baja vibraci\u00f3n.\" \/>\n<meta name=\"robots\" content=\"index, follow, max-snippet:-1, max-image-preview:large, max-video-preview:-1\" \/>\n<link rel=\"canonical\" href=\"https:\/\/careymoa.virtualservers.es\/index.php\/producto\/martillo-demoledor-makita-hm1213c\/\" \/>\n<meta property=\"og:locale\" content=\"es_ES\" \/>\n<meta property=\"og:type\" content=\"article\" \/>\n<meta property=\"og:title\" content=\"Martillo demoledor makita hm1213c - Careymoa\" \/>\n<meta property=\"og:description\" content=\"Un martillo demoledor potente para trabajos pesados. Compatible con brocas SDS-MAX, motor de 1,510 W y energ\u00eda de impacto de 18,6 J. Velocidad ajustable de 950 a 1,900 min-1. Tecnolog\u00eda AVT para baja vibraci\u00f3n.\" \/>\n<meta property=\"og:url\" content=\"https:\/\/careymoa.virtualservers.es\/index.php\/producto\/martillo-demoledor-makita-hm1213c\/\" \/>\n<meta property=\"og:site_name\" content=\"Careymoa\" \/>\n<meta property=\"article:modified_time\" content=\"2024-06-27T11:16:58+00:00\" \/>\n<meta property=\"og:image\" content=\"https:\/\/careymoa.virtualservers.es\/wp-content\/uploads\/2024\/06\/71c2aDiPKOL._AC_SL1500_.jpg\" \/>\n\t<meta property=\"og:image:width\" content=\"1500\" \/>\n\t<meta property=\"og:image:height\" content=\"1325\" \/>\n\t<meta property=\"og:image:type\" content=\"image\/jpeg\" \/>\n<meta name=\"twitter:card\" content=\"summary_large_image\" \/>\n<meta name=\"twitter:label1\" content=\"Tiempo de lectura\" \/>\n\t<meta name=\"twitter:data1\" content=\"2 minutos\" \/>\n<script type=\"application\/ld+json\" class=\"yoast-schema-graph\">{\"@context\":\"https:\/\/schema.org\",\"@graph\":[{\"@type\":\"WebPage\",\"@id\":\"https:\/\/careymoa.virtualservers.es\/index.php\/producto\/martillo-demoledor-makita-hm1213c\/\",\"url\":\"https:\/\/careymoa.virtualservers.es\/index.php\/producto\/martillo-demoledor-makita-hm1213c\/\",\"name\":\"Martillo demoledor makita hm1213c - Careymoa\",\"isPartOf\":{\"@id\":\"https:\/\/careymoa.virtualservers.es\/#website\"},\"primaryImageOfPage\":{\"@id\":\"https:\/\/careymoa.virtualservers.es\/index.php\/producto\/martillo-demoledor-makita-hm1213c\/#primaryimage\"},\"image\":{\"@id\":\"https:\/\/careymoa.virtualservers.es\/index.php\/producto\/martillo-demoledor-makita-hm1213c\/#primaryimage\"},\"thumbnailUrl\":\"https:\/\/careymoa.virtualservers.es\/wp-content\/uploads\/2024\/06\/71c2aDiPKOL._AC_SL1500_.jpg\",\"datePublished\":\"2024-06-27T08:43:45+00:00\",\"dateModified\":\"2024-06-27T11:16:58+00:00\",\"description\":\"Un martillo demoledor potente para trabajos pesados. Compatible con brocas SDS-MAX, motor de 1,510 W y energ\u00eda de impacto de 18,6 J. Velocidad ajustable de 950 a 1,900 min-1. Tecnolog\u00eda AVT para baja vibraci\u00f3n.\",\"breadcrumb\":{\"@id\":\"https:\/\/careymoa.virtualservers.es\/index.php\/producto\/martillo-demoledor-makita-hm1213c\/#breadcrumb\"},\"inLanguage\":\"es\",\"potentialAction\":[{\"@type\":\"ReadAction\",\"target\":[\"https:\/\/careymoa.virtualservers.es\/index.php\/producto\/martillo-demoledor-makita-hm1213c\/\"]}]},{\"@type\":\"ImageObject\",\"inLanguage\":\"es\",\"@id\":\"https:\/\/careymoa.virtualservers.es\/index.php\/producto\/martillo-demoledor-makita-hm1213c\/#primaryimage\",\"url\":\"https:\/\/careymoa.virtualservers.es\/wp-content\/uploads\/2024\/06\/71c2aDiPKOL._AC_SL1500_.jpg\",\"contentUrl\":\"https:\/\/careymoa.virtualservers.es\/wp-content\/uploads\/2024\/06\/71c2aDiPKOL._AC_SL1500_.jpg\",\"width\":1500,\"height\":1325},{\"@type\":\"BreadcrumbList\",\"@id\":\"https:\/\/careymoa.virtualservers.es\/index.php\/producto\/martillo-demoledor-makita-hm1213c\/#breadcrumb\",\"itemListElement\":[{\"@type\":\"ListItem\",\"position\":1,\"name\":\"Portada\",\"item\":\"https:\/\/careymoa.virtualservers.es\/\"},{\"@type\":\"ListItem\",\"position\":2,\"name\":\"Tienda\",\"item\":\"https:\/\/careymoa.virtualservers.es\/index.php\/tienda\/\"},{\"@type\":\"ListItem\",\"position\":3,\"name\":\"Martillo demoledor makita hm1213c\"}]},{\"@type\":\"WebSite\",\"@id\":\"https:\/\/careymoa.virtualservers.es\/#website\",\"url\":\"https:\/\/careymoa.virtualservers.es\/\",\"name\":\"Careymoa\",\"description\":\"Empresa de alquiler de maquinaria \",\"publisher\":{\"@id\":\"https:\/\/careymoa.virtualservers.es\/#organization\"},\"potentialAction\":[{\"@type\":\"SearchAction\",\"target\":{\"@type\":\"EntryPoint\",\"urlTemplate\":\"https:\/\/careymoa.virtualservers.es\/?s={search_term_string}\"},\"query-input\":\"required name=search_term_string\"}],\"inLanguage\":\"es\"},{\"@type\":\"Organization\",\"@id\":\"https:\/\/careymoa.virtualservers.es\/#organization\",\"name\":\"Careymoa\",\"url\":\"https:\/\/careymoa.virtualservers.es\/\",\"logo\":{\"@type\":\"ImageObject\",\"inLanguage\":\"es\",\"@id\":\"https:\/\/careymoa.virtualservers.es\/#\/schema\/logo\/image\/\",\"url\":\"https:\/\/careymoa.virtualservers.es\/wp-content\/uploads\/2024\/05\/cropped-image002.png\",\"contentUrl\":\"https:\/\/careymoa.virtualservers.es\/wp-content\/uploads\/2024\/05\/cropped-image002.png\",\"width\":374,\"height\":148,\"caption\":\"Careymoa\"},\"image\":{\"@id\":\"https:\/\/careymoa.virtualservers.es\/#\/schema\/logo\/image\/\"}}]}<\/script>\n<!-- \/ Yoast SEO plugin. -->","yoast_head_json":{"title":"Martillo demoledor makita hm1213c - Careymoa","description":"Un martillo demoledor potente para trabajos pesados. Compatible con brocas SDS-MAX, motor de 1,510 W y energ\u00eda de impacto de 18,6 J. Velocidad ajustable de 950 a 1,900 min-1. Tecnolog\u00eda AVT para baja vibraci\u00f3n.","robots":{"index":"index","follow":"follow","max-snippet":"max-snippet:-1","max-image-preview":"max-image-preview:large","max-video-preview":"max-video-preview:-1"},"canonical":"https:\/\/careymoa.virtualservers.es\/index.php\/producto\/martillo-demoledor-makita-hm1213c\/","og_locale":"es_ES","og_type":"article","og_title":"Martillo demoledor makita hm1213c - Careymoa","og_description":"Un martillo demoledor potente para trabajos pesados. Compatible con brocas SDS-MAX, motor de 1,510 W y energ\u00eda de impacto de 18,6 J. Velocidad ajustable de 950 a 1,900 min-1. Tecnolog\u00eda AVT para baja vibraci\u00f3n.","og_url":"https:\/\/careymoa.virtualservers.es\/index.php\/producto\/martillo-demoledor-makita-hm1213c\/","og_site_name":"Careymoa","article_modified_time":"2024-06-27T11:16:58+00:00","og_image":[{"width":1500,"height":1325,"url":"https:\/\/careymoa.virtualservers.es\/wp-content\/uploads\/2024\/06\/71c2aDiPKOL._AC_SL1500_.jpg","type":"image\/jpeg"}],"twitter_card":"summary_large_image","twitter_misc":{"Tiempo de lectura":"2 minutos"},"schema":{"@context":"https:\/\/schema.org","@graph":[{"@type":"WebPage","@id":"https:\/\/careymoa.virtualservers.es\/index.php\/producto\/martillo-demoledor-makita-hm1213c\/","url":"https:\/\/careymoa.virtualservers.es\/index.php\/producto\/martillo-demoledor-makita-hm1213c\/","name":"Martillo demoledor makita hm1213c - Careymoa","isPartOf":{"@id":"https:\/\/careymoa.virtualservers.es\/#website"},"primaryImageOfPage":{"@id":"https:\/\/careymoa.virtualservers.es\/index.php\/producto\/martillo-demoledor-makita-hm1213c\/#primaryimage"},"image":{"@id":"https:\/\/careymoa.virtualservers.es\/index.php\/producto\/martillo-demoledor-makita-hm1213c\/#primaryimage"},"thumbnailUrl":"https:\/\/careymoa.virtualservers.es\/wp-content\/uploads\/2024\/06\/71c2aDiPKOL._AC_SL1500_.jpg","datePublished":"2024-06-27T08:43:45+00:00","dateModified":"2024-06-27T11:16:58+00:00","description":"Un martillo demoledor potente para trabajos pesados. Compatible con brocas SDS-MAX, motor de 1,510 W y energ\u00eda de impacto de 18,6 J. Velocidad ajustable de 950 a 1,900 min-1. Tecnolog\u00eda AVT para baja vibraci\u00f3n.","breadcrumb":{"@id":"https:\/\/careymoa.virtualservers.es\/index.php\/producto\/martillo-demoledor-makita-hm1213c\/#breadcrumb"},"inLanguage":"es","potentialAction":[{"@type":"ReadAction","target":["https:\/\/careymoa.virtualservers.es\/index.php\/producto\/martillo-demoledor-makita-hm1213c\/"]}]},{"@type":"ImageObject","inLanguage":"es","@id":"https:\/\/careymoa.virtualservers.es\/index.php\/producto\/martillo-demoledor-makita-hm1213c\/#primaryimage","url":"https:\/\/careymoa.virtualservers.es\/wp-content\/uploads\/2024\/06\/71c2aDiPKOL._AC_SL1500_.jpg","contentUrl":"https:\/\/careymoa.virtualservers.es\/wp-content\/uploads\/2024\/06\/71c2aDiPKOL._AC_SL1500_.jpg","width":1500,"height":1325},{"@type":"BreadcrumbList","@id":"https:\/\/careymoa.virtualservers.es\/index.php\/producto\/martillo-demoledor-makita-hm1213c\/#breadcrumb","itemListElement":[{"@type":"ListItem","position":1,"name":"Portada","item":"https:\/\/careymoa.virtualservers.es\/"},{"@type":"ListItem","position":2,"name":"Tienda","item":"https:\/\/careymoa.virtualservers.es\/index.php\/tienda\/"},{"@type":"ListItem","position":3,"name":"Martillo demoledor makita hm1213c"}]},{"@type":"WebSite","@id":"https:\/\/careymoa.virtualservers.es\/#website","url":"https:\/\/careymoa.virtualservers.es\/","name":"Careymoa","description":"Empresa de alquiler de maquinaria ","publisher":{"@id":"https:\/\/careymoa.virtualservers.es\/#organization"},"potentialAction":[{"@type":"SearchAction","target":{"@type":"EntryPoint","urlTemplate":"https:\/\/careymoa.virtualservers.es\/?s={search_term_string}"},"query-input":"required name=search_term_string"}],"inLanguage":"es"},{"@type":"Organization","@id":"https:\/\/careymoa.virtualservers.es\/#organization","name":"Careymoa","url":"https:\/\/careymoa.virtualservers.es\/","logo":{"@type":"ImageObject","inLanguage":"es","@id":"https:\/\/careymoa.virtualservers.es\/#\/schema\/logo\/image\/","url":"https:\/\/careymoa.virtualservers.es\/wp-content\/uploads\/2024\/05\/cropped-image002.png","contentUrl":"https:\/\/careymoa.virtualservers.es\/wp-content\/uploads\/2024\/05\/cropped-image002.png","width":374,"height":148,"caption":"Careymoa"},"image":{"@id":"https:\/\/careymoa.virtualservers.es\/#\/schema\/logo\/image\/"}}]}},"_links":{"self":[{"href":"https:\/\/careymoa.virtualservers.es\/index.php\/wp-json\/wp\/v2\/product\/762","targetHints":{"allow":["GET"]}}],"collection":[{"href":"https:\/\/careymoa.virtualservers.es\/index.php\/wp-json\/wp\/v2\/product"}],"about":[{"href":"https:\/\/careymoa.virtualservers.es\/index.php\/wp-json\/wp\/v2\/types\/product"}],"replies":[{"embeddable":true,"href":"https:\/\/careymoa.virtualservers.es\/index.php\/wp-json\/wp\/v2\/comments?post=762"}],"wp:featuredmedia":[{"embeddable":true,"href":"https:\/\/careymoa.virtualservers.es\/index.php\/wp-json\/wp\/v2\/media\/765"}],"wp:attachment":[{"href":"https:\/\/careymoa.virtualservers.es\/index.php\/wp-json\/wp\/v2\/media?parent=762"}],"wp:term":[{"taxonomy":"product_cat","embeddable":true,"href":"https:\/\/careymoa.virtualservers.es\/index.php\/wp-json\/wp\/v2\/product_cat?post=762"},{"taxonomy":"product_tag","embeddable":true,"href":"https:\/\/careymoa.virtualservers.es\/index.php\/wp-json\/wp\/v2\/product_tag?post=762"}],"curies":[{"name":"wp","href":"https:\/\/api.w.org\/{rel}","templated":true}]}}