{"id":759,"date":"2024-06-27T07:43:21","date_gmt":"2024-06-27T07:43:21","guid":{"rendered":"https:\/\/careymoa.virtualservers.es\/?post_type=product&#038;p=759"},"modified":"2024-07-01T09:46:59","modified_gmt":"2024-07-01T09:46:59","slug":"martillo-perforador-1100w-sds-plus-kress-kux15p","status":"publish","type":"product","link":"https:\/\/careymoa.virtualservers.es\/index.php\/producto\/martillo-perforador-1100w-sds-plus-kress-kux15p\/","title":{"rendered":"Martillo perforador kress 1100W sds-plus kux15P"},"content":{"rendered":"<p>-2 Funciones: taladro con percusi\u00f3n neum\u00e1tica y cincelado (parada de giro)<\/p>\n<p>-Empu\u00f1adura auxiliar para mejorar el control sobre la m\u00e1quina y la comodidad de uso<\/p>\n<p>-Control de velocidad variable, gran control en gran variedad de materiales<\/p>\n<p>-Portabrocas SDS-Plus para cambio r\u00e1pido de brocas<\/p>\n<p>-Potente motor para ofrecer un mayor di\u00e1metro de perforaci\u00f3n en hormig\u00f3n de hasta 28 mm.<\/p>\n","protected":false},"excerpt":{"rendered":"<p>El martillo perforador KUX15P de Kress es un martillo de alto rendimiento perfecto para taladrar y cincelar. Su potente motor ofrece una perforaci\u00f3n en hormig\u00f3n de hasta 28mm<\/p>\n","protected":false},"featured_media":761,"comment_status":"open","ping_status":"closed","template":"","meta":[],"product_cat":[46],"product_tag":[],"class_list":{"0":"post-759","1":"product","2":"type-product","3":"status-publish","4":"has-post-thumbnail","6":"product_cat-maquinaria-electrica","8":"first","9":"instock","10":"shipping-taxable","11":"product-type-simple"},"yoast_head":"<!-- This site is optimized with the Yoast SEO plugin v22.6 - https:\/\/yoast.com\/wordpress\/plugins\/seo\/ -->\n<title>Martillo perforador kress 1100W sds-plus kux15P - Careymoa<\/title>\n<meta name=\"description\" content=\"El martillo perforador KUX15P de Kress es un martillo de alto rendimiento perfecto para taladrar y cincelar. Motor Ideal para trabajos en Hormigon.\" \/>\n<meta name=\"robots\" content=\"index, follow, max-snippet:-1, max-image-preview:large, max-video-preview:-1\" \/>\n<link rel=\"canonical\" href=\"https:\/\/careymoa.virtualservers.es\/index.php\/producto\/martillo-perforador-1100w-sds-plus-kress-kux15p\/\" \/>\n<meta property=\"og:locale\" content=\"es_ES\" \/>\n<meta property=\"og:type\" content=\"article\" \/>\n<meta property=\"og:title\" content=\"Martillo perforador kress 1100W sds-plus kux15P - Careymoa\" \/>\n<meta property=\"og:description\" content=\"El martillo perforador KUX15P de Kress es un martillo de alto rendimiento perfecto para taladrar y cincelar. Motor Ideal para trabajos en Hormigon.\" \/>\n<meta property=\"og:url\" content=\"https:\/\/careymoa.virtualservers.es\/index.php\/producto\/martillo-perforador-1100w-sds-plus-kress-kux15p\/\" \/>\n<meta property=\"og:site_name\" content=\"Careymoa\" \/>\n<meta property=\"article:modified_time\" content=\"2024-07-01T09:46:59+00:00\" \/>\n<meta property=\"og:image\" content=\"https:\/\/careymoa.virtualservers.es\/wp-content\/uploads\/2024\/06\/kress-martillo-perforador-sds-plus-1100w-incluye-maletin-kux15p.jpg\" \/>\n\t<meta property=\"og:image:width\" content=\"700\" \/>\n\t<meta property=\"og:image:height\" content=\"700\" \/>\n\t<meta property=\"og:image:type\" content=\"image\/jpeg\" \/>\n<meta name=\"twitter:card\" content=\"summary_large_image\" \/>\n<meta name=\"twitter:label1\" content=\"Tiempo de lectura\" \/>\n\t<meta name=\"twitter:data1\" content=\"1 minuto\" \/>\n<script type=\"application\/ld+json\" class=\"yoast-schema-graph\">{\"@context\":\"https:\/\/schema.org\",\"@graph\":[{\"@type\":\"WebPage\",\"@id\":\"https:\/\/careymoa.virtualservers.es\/index.php\/producto\/martillo-perforador-1100w-sds-plus-kress-kux15p\/\",\"url\":\"https:\/\/careymoa.virtualservers.es\/index.php\/producto\/martillo-perforador-1100w-sds-plus-kress-kux15p\/\",\"name\":\"Martillo perforador kress 1100W sds-plus kux15P - Careymoa\",\"isPartOf\":{\"@id\":\"https:\/\/careymoa.virtualservers.es\/#website\"},\"primaryImageOfPage\":{\"@id\":\"https:\/\/careymoa.virtualservers.es\/index.php\/producto\/martillo-perforador-1100w-sds-plus-kress-kux15p\/#primaryimage\"},\"image\":{\"@id\":\"https:\/\/careymoa.virtualservers.es\/index.php\/producto\/martillo-perforador-1100w-sds-plus-kress-kux15p\/#primaryimage\"},\"thumbnailUrl\":\"https:\/\/careymoa.virtualservers.es\/wp-content\/uploads\/2024\/06\/kress-martillo-perforador-sds-plus-1100w-incluye-maletin-kux15p.jpg\",\"datePublished\":\"2024-06-27T07:43:21+00:00\",\"dateModified\":\"2024-07-01T09:46:59+00:00\",\"description\":\"El martillo perforador KUX15P de Kress es un martillo de alto rendimiento perfecto para taladrar y cincelar. Motor Ideal para trabajos en Hormigon.\",\"breadcrumb\":{\"@id\":\"https:\/\/careymoa.virtualservers.es\/index.php\/producto\/martillo-perforador-1100w-sds-plus-kress-kux15p\/#breadcrumb\"},\"inLanguage\":\"es\",\"potentialAction\":[{\"@type\":\"ReadAction\",\"target\":[\"https:\/\/careymoa.virtualservers.es\/index.php\/producto\/martillo-perforador-1100w-sds-plus-kress-kux15p\/\"]}]},{\"@type\":\"ImageObject\",\"inLanguage\":\"es\",\"@id\":\"https:\/\/careymoa.virtualservers.es\/index.php\/producto\/martillo-perforador-1100w-sds-plus-kress-kux15p\/#primaryimage\",\"url\":\"https:\/\/careymoa.virtualservers.es\/wp-content\/uploads\/2024\/06\/kress-martillo-perforador-sds-plus-1100w-incluye-maletin-kux15p.jpg\",\"contentUrl\":\"https:\/\/careymoa.virtualservers.es\/wp-content\/uploads\/2024\/06\/kress-martillo-perforador-sds-plus-1100w-incluye-maletin-kux15p.jpg\",\"width\":700,\"height\":700},{\"@type\":\"BreadcrumbList\",\"@id\":\"https:\/\/careymoa.virtualservers.es\/index.php\/producto\/martillo-perforador-1100w-sds-plus-kress-kux15p\/#breadcrumb\",\"itemListElement\":[{\"@type\":\"ListItem\",\"position\":1,\"name\":\"Portada\",\"item\":\"https:\/\/careymoa.virtualservers.es\/\"},{\"@type\":\"ListItem\",\"position\":2,\"name\":\"Tienda\",\"item\":\"https:\/\/careymoa.virtualservers.es\/index.php\/tienda\/\"},{\"@type\":\"ListItem\",\"position\":3,\"name\":\"Martillo perforador kress 1100W sds-plus kux15P\"}]},{\"@type\":\"WebSite\",\"@id\":\"https:\/\/careymoa.virtualservers.es\/#website\",\"url\":\"https:\/\/careymoa.virtualservers.es\/\",\"name\":\"Careymoa\",\"description\":\"Empresa de alquiler de maquinaria \",\"publisher\":{\"@id\":\"https:\/\/careymoa.virtualservers.es\/#organization\"},\"potentialAction\":[{\"@type\":\"SearchAction\",\"target\":{\"@type\":\"EntryPoint\",\"urlTemplate\":\"https:\/\/careymoa.virtualservers.es\/?s={search_term_string}\"},\"query-input\":\"required name=search_term_string\"}],\"inLanguage\":\"es\"},{\"@type\":\"Organization\",\"@id\":\"https:\/\/careymoa.virtualservers.es\/#organization\",\"name\":\"Careymoa\",\"url\":\"https:\/\/careymoa.virtualservers.es\/\",\"logo\":{\"@type\":\"ImageObject\",\"inLanguage\":\"es\",\"@id\":\"https:\/\/careymoa.virtualservers.es\/#\/schema\/logo\/image\/\",\"url\":\"https:\/\/careymoa.virtualservers.es\/wp-content\/uploads\/2024\/05\/cropped-image002.png\",\"contentUrl\":\"https:\/\/careymoa.virtualservers.es\/wp-content\/uploads\/2024\/05\/cropped-image002.png\",\"width\":374,\"height\":148,\"caption\":\"Careymoa\"},\"image\":{\"@id\":\"https:\/\/careymoa.virtualservers.es\/#\/schema\/logo\/image\/\"}}]}<\/script>\n<!-- \/ Yoast SEO plugin. -->","yoast_head_json":{"title":"Martillo perforador kress 1100W sds-plus kux15P - Careymoa","description":"El martillo perforador KUX15P de Kress es un martillo de alto rendimiento perfecto para taladrar y cincelar. Motor Ideal para trabajos en Hormigon.","robots":{"index":"index","follow":"follow","max-snippet":"max-snippet:-1","max-image-preview":"max-image-preview:large","max-video-preview":"max-video-preview:-1"},"canonical":"https:\/\/careymoa.virtualservers.es\/index.php\/producto\/martillo-perforador-1100w-sds-plus-kress-kux15p\/","og_locale":"es_ES","og_type":"article","og_title":"Martillo perforador kress 1100W sds-plus kux15P - Careymoa","og_description":"El martillo perforador KUX15P de Kress es un martillo de alto rendimiento perfecto para taladrar y cincelar. Motor Ideal para trabajos en Hormigon.","og_url":"https:\/\/careymoa.virtualservers.es\/index.php\/producto\/martillo-perforador-1100w-sds-plus-kress-kux15p\/","og_site_name":"Careymoa","article_modified_time":"2024-07-01T09:46:59+00:00","og_image":[{"width":700,"height":700,"url":"https:\/\/careymoa.virtualservers.es\/wp-content\/uploads\/2024\/06\/kress-martillo-perforador-sds-plus-1100w-incluye-maletin-kux15p.jpg","type":"image\/jpeg"}],"twitter_card":"summary_large_image","twitter_misc":{"Tiempo de lectura":"1 minuto"},"schema":{"@context":"https:\/\/schema.org","@graph":[{"@type":"WebPage","@id":"https:\/\/careymoa.virtualservers.es\/index.php\/producto\/martillo-perforador-1100w-sds-plus-kress-kux15p\/","url":"https:\/\/careymoa.virtualservers.es\/index.php\/producto\/martillo-perforador-1100w-sds-plus-kress-kux15p\/","name":"Martillo perforador kress 1100W sds-plus kux15P - Careymoa","isPartOf":{"@id":"https:\/\/careymoa.virtualservers.es\/#website"},"primaryImageOfPage":{"@id":"https:\/\/careymoa.virtualservers.es\/index.php\/producto\/martillo-perforador-1100w-sds-plus-kress-kux15p\/#primaryimage"},"image":{"@id":"https:\/\/careymoa.virtualservers.es\/index.php\/producto\/martillo-perforador-1100w-sds-plus-kress-kux15p\/#primaryimage"},"thumbnailUrl":"https:\/\/careymoa.virtualservers.es\/wp-content\/uploads\/2024\/06\/kress-martillo-perforador-sds-plus-1100w-incluye-maletin-kux15p.jpg","datePublished":"2024-06-27T07:43:21+00:00","dateModified":"2024-07-01T09:46:59+00:00","description":"El martillo perforador KUX15P de Kress es un martillo de alto rendimiento perfecto para taladrar y cincelar. Motor Ideal para trabajos en Hormigon.","breadcrumb":{"@id":"https:\/\/careymoa.virtualservers.es\/index.php\/producto\/martillo-perforador-1100w-sds-plus-kress-kux15p\/#breadcrumb"},"inLanguage":"es","potentialAction":[{"@type":"ReadAction","target":["https:\/\/careymoa.virtualservers.es\/index.php\/producto\/martillo-perforador-1100w-sds-plus-kress-kux15p\/"]}]},{"@type":"ImageObject","inLanguage":"es","@id":"https:\/\/careymoa.virtualservers.es\/index.php\/producto\/martillo-perforador-1100w-sds-plus-kress-kux15p\/#primaryimage","url":"https:\/\/careymoa.virtualservers.es\/wp-content\/uploads\/2024\/06\/kress-martillo-perforador-sds-plus-1100w-incluye-maletin-kux15p.jpg","contentUrl":"https:\/\/careymoa.virtualservers.es\/wp-content\/uploads\/2024\/06\/kress-martillo-perforador-sds-plus-1100w-incluye-maletin-kux15p.jpg","width":700,"height":700},{"@type":"BreadcrumbList","@id":"https:\/\/careymoa.virtualservers.es\/index.php\/producto\/martillo-perforador-1100w-sds-plus-kress-kux15p\/#breadcrumb","itemListElement":[{"@type":"ListItem","position":1,"name":"Portada","item":"https:\/\/careymoa.virtualservers.es\/"},{"@type":"ListItem","position":2,"name":"Tienda","item":"https:\/\/careymoa.virtualservers.es\/index.php\/tienda\/"},{"@type":"ListItem","position":3,"name":"Martillo perforador kress 1100W sds-plus kux15P"}]},{"@type":"WebSite","@id":"https:\/\/careymoa.virtualservers.es\/#website","url":"https:\/\/careymoa.virtualservers.es\/","name":"Careymoa","description":"Empresa de alquiler de maquinaria ","publisher":{"@id":"https:\/\/careymoa.virtualservers.es\/#organization"},"potentialAction":[{"@type":"SearchAction","target":{"@type":"EntryPoint","urlTemplate":"https:\/\/careymoa.virtualservers.es\/?s={search_term_string}"},"query-input":"required name=search_term_string"}],"inLanguage":"es"},{"@type":"Organization","@id":"https:\/\/careymoa.virtualservers.es\/#organization","name":"Careymoa","url":"https:\/\/careymoa.virtualservers.es\/","logo":{"@type":"ImageObject","inLanguage":"es","@id":"https:\/\/careymoa.virtualservers.es\/#\/schema\/logo\/image\/","url":"https:\/\/careymoa.virtualservers.es\/wp-content\/uploads\/2024\/05\/cropped-image002.png","contentUrl":"https:\/\/careymoa.virtualservers.es\/wp-content\/uploads\/2024\/05\/cropped-image002.png","width":374,"height":148,"caption":"Careymoa"},"image":{"@id":"https:\/\/careymoa.virtualservers.es\/#\/schema\/logo\/image\/"}}]}},"_links":{"self":[{"href":"https:\/\/careymoa.virtualservers.es\/index.php\/wp-json\/wp\/v2\/product\/759","targetHints":{"allow":["GET"]}}],"collection":[{"href":"https:\/\/careymoa.virtualservers.es\/index.php\/wp-json\/wp\/v2\/product"}],"about":[{"href":"https:\/\/careymoa.virtualservers.es\/index.php\/wp-json\/wp\/v2\/types\/product"}],"replies":[{"embeddable":true,"href":"https:\/\/careymoa.virtualservers.es\/index.php\/wp-json\/wp\/v2\/comments?post=759"}],"wp:featuredmedia":[{"embeddable":true,"href":"https:\/\/careymoa.virtualservers.es\/index.php\/wp-json\/wp\/v2\/media\/761"}],"wp:attachment":[{"href":"https:\/\/careymoa.virtualservers.es\/index.php\/wp-json\/wp\/v2\/media?parent=759"}],"wp:term":[{"taxonomy":"product_cat","embeddable":true,"href":"https:\/\/careymoa.virtualservers.es\/index.php\/wp-json\/wp\/v2\/product_cat?post=759"},{"taxonomy":"product_tag","embeddable":true,"href":"https:\/\/careymoa.virtualservers.es\/index.php\/wp-json\/wp\/v2\/product_tag?post=759"}],"curies":[{"name":"wp","href":"https:\/\/api.w.org\/{rel}","templated":true}]}}